{"id":7481,"date":"2017-03-16T16:04:47","date_gmt":"2017-03-16T14:04:47","guid":{"rendered":"https:\/\/vspa.ee\/hoidot\/tai-loogastav-jalamassaaz\/"},"modified":"2023-12-07T15:10:26","modified_gmt":"2023-12-07T13:10:26","slug":"tai-loogastav-jalamassaaz","status":"publish","type":"page","link":"https:\/\/vana.vspa.ee\/fi\/hoidot\/tai-loogastav-jalamassaaz\/","title":{"rendered":"Thaimaalainen rentouttava jalkahieronta"},"content":{"rendered":"<p>Jokaisella ihmiskehon elimell\u00e4 on jalkater\u00e4ll\u00e4 oma alueensa voi pisteens\u00e4, jota stimuloimalla on mahdollista vaikuttaa my\u00f6s elimiin. Jalkapohjien pistehieronnan eri vaihtoehtojen k\u00e4ytt\u00e4minen stabilisoi energian ja fysiikan tasapainoa kehossa, parantaa syd\u00e4men, verisuonten ja lymfakierron toimintaa, poistaa toksiineja ja kuona-aineita. Jalkapohjien pistehieronnan tavoite on vahvistaa vastustuskyky\u00e4, lievitt\u00e4\u00e4 stressi\u00e4, kireytt\u00e4 ja v\u00e4symyst\u00e4. Ennen hierontaa jalkoja h\u00f6yrytet\u00e4\u00e4n erityisess\u00e4 kuumavesialtaassa terveytt\u00e4vien suolojen kera. T\u00e4m\u00e4 hieronta auttaa organismin viemisess\u00e4 tasapainoon ja harmoniaan. T\u00e4m\u00e4 hieronta tarjoaa nautintoa kaikille ja auttaa my\u00f6nteisen energian lis\u00e4\u00e4ntymisess\u00e4!<\/p>\n","protected":false},"excerpt":{"rendered":"<p>Jokaisella ihmiskehon elimell\u00e4 on jalkater\u00e4ll\u00e4 oma alueensa voi pisteens\u00e4, jota stimuloimalla on mahdollista vaikuttaa my\u00f6s elimiin. Jalkapohjien pistehieronnan eri vaihtoehtojen&#8230;<\/p>\n","protected":false},"author":1,"featured_media":0,"parent":1969,"menu_order":98,"comment_status":"closed","ping_status":"closed","template":"page-templates\/tpl-offer1.php","meta":{"_acf_changed":false,"_monsterinsights_skip_tracking":false,"_monsterinsights_sitenote_active":false,"_monsterinsights_sitenote_note":"","_monsterinsights_sitenote_category":0,"footnotes":"","_links_to":"","_links_to_target":""},"class_list":["post-7481","page","type-page","status-publish","hentry"],"acf":[],"yoast_head":"<!-- This site is optimized with the Yoast SEO plugin v24.7 - https:\/\/yoast.com\/wordpress\/plugins\/seo\/ -->\n<title>Thaimaalainen rentouttava jalkahieronta - V Spa<\/title>\n<meta name=\"robots\" content=\"noindex, follow, max-snippet:-1, max-image-preview:large, max-video-preview:-1\" \/>\n<meta property=\"og:locale\" content=\"fi_FI\" \/>\n<meta property=\"og:type\" content=\"article\" \/>\n<meta property=\"og:title\" content=\"Thaimaalainen rentouttava jalkahieronta - V Spa\" \/>\n<meta property=\"og:description\" content=\"Jokaisella ihmiskehon elimell\u00e4 on jalkater\u00e4ll\u00e4 oma alueensa voi pisteens\u00e4, jota stimuloimalla on mahdollista vaikuttaa my\u00f6s elimiin. Jalkapohjien pistehieronnan eri vaihtoehtojen...\" \/>\n<meta property=\"og:url\" content=\"https:\/\/vana.vspa.ee\/hoolitsused\/tai-loogastav-jalamassaaz\/\" \/>\n<meta property=\"og:site_name\" content=\"V Spa\" \/>\n<meta property=\"article:modified_time\" content=\"2023-12-07T13:10:26+00:00\" \/>\n<meta name=\"twitter:card\" content=\"summary_large_image\" \/>\n<meta name=\"twitter:label1\" content=\"Arvioitu lukuaika\" \/>\n\t<meta name=\"twitter:data1\" content=\"1 minuutti\" \/>\n<script type=\"application\/ld+json\" class=\"yoast-schema-graph\">{\"@context\":\"https:\/\/schema.org\",\"@graph\":[{\"@type\":\"WebPage\",\"@id\":\"https:\/\/vana.vspa.ee\/hoolitsused\/tai-loogastav-jalamassaaz\/\",\"url\":\"https:\/\/vana.vspa.ee\/hoolitsused\/tai-loogastav-jalamassaaz\/\",\"name\":\"Thaimaalainen rentouttava jalkahieronta - V Spa\",\"isPartOf\":{\"@id\":\"https:\/\/vana.vspa.ee\/#website\"},\"datePublished\":\"2017-03-16T14:04:47+00:00\",\"dateModified\":\"2023-12-07T13:10:26+00:00\",\"breadcrumb\":{\"@id\":\"https:\/\/vana.vspa.ee\/hoolitsused\/tai-loogastav-jalamassaaz\/#breadcrumb\"},\"inLanguage\":\"fi\",\"potentialAction\":[{\"@type\":\"ReadAction\",\"target\":[\"https:\/\/vana.vspa.ee\/hoolitsused\/tai-loogastav-jalamassaaz\/\"]}]},{\"@type\":\"BreadcrumbList\",\"@id\":\"https:\/\/vana.vspa.ee\/hoolitsused\/tai-loogastav-jalamassaaz\/#breadcrumb\",\"itemListElement\":[{\"@type\":\"ListItem\",\"position\":1,\"name\":\"Home\",\"item\":\"https:\/\/vana.vspa.ee\/fi\/\"},{\"@type\":\"ListItem\",\"position\":2,\"name\":\"Hoidot\",\"item\":\"https:\/\/vana.vspa.ee\/hoolitsused\/\"},{\"@type\":\"ListItem\",\"position\":3,\"name\":\"Thaimaalainen rentouttava jalkahieronta\"}]},{\"@type\":\"WebSite\",\"@id\":\"https:\/\/vana.vspa.ee\/#website\",\"url\":\"https:\/\/vana.vspa.ee\/\",\"name\":\"V Spa\",\"description\":\"V\u00f5ta veest viimast!\",\"potentialAction\":[{\"@type\":\"SearchAction\",\"target\":{\"@type\":\"EntryPoint\",\"urlTemplate\":\"https:\/\/vana.vspa.ee\/?s={search_term_string}\"},\"query-input\":{\"@type\":\"PropertyValueSpecification\",\"valueRequired\":true,\"valueName\":\"search_term_string\"}}],\"inLanguage\":\"fi\"}]}<\/script>\n<!-- \/ Yoast SEO plugin. -->","yoast_head_json":{"title":"Thaimaalainen rentouttava jalkahieronta - V Spa","robots":{"index":"noindex","follow":"follow","max-snippet":"max-snippet:-1","max-image-preview":"max-image-preview:large","max-video-preview":"max-video-preview:-1"},"og_locale":"fi_FI","og_type":"article","og_title":"Thaimaalainen rentouttava jalkahieronta - V Spa","og_description":"Jokaisella ihmiskehon elimell\u00e4 on jalkater\u00e4ll\u00e4 oma alueensa voi pisteens\u00e4, jota stimuloimalla on mahdollista vaikuttaa my\u00f6s elimiin. Jalkapohjien pistehieronnan eri vaihtoehtojen...","og_url":"https:\/\/vana.vspa.ee\/hoolitsused\/tai-loogastav-jalamassaaz\/","og_site_name":"V Spa","article_modified_time":"2023-12-07T13:10:26+00:00","twitter_card":"summary_large_image","twitter_misc":{"Arvioitu lukuaika":"1 minuutti"},"schema":{"@context":"https:\/\/schema.org","@graph":[{"@type":"WebPage","@id":"https:\/\/vana.vspa.ee\/hoolitsused\/tai-loogastav-jalamassaaz\/","url":"https:\/\/vana.vspa.ee\/hoolitsused\/tai-loogastav-jalamassaaz\/","name":"Thaimaalainen rentouttava jalkahieronta - V Spa","isPartOf":{"@id":"https:\/\/vana.vspa.ee\/#website"},"datePublished":"2017-03-16T14:04:47+00:00","dateModified":"2023-12-07T13:10:26+00:00","breadcrumb":{"@id":"https:\/\/vana.vspa.ee\/hoolitsused\/tai-loogastav-jalamassaaz\/#breadcrumb"},"inLanguage":"fi","potentialAction":[{"@type":"ReadAction","target":["https:\/\/vana.vspa.ee\/hoolitsused\/tai-loogastav-jalamassaaz\/"]}]},{"@type":"BreadcrumbList","@id":"https:\/\/vana.vspa.ee\/hoolitsused\/tai-loogastav-jalamassaaz\/#breadcrumb","itemListElement":[{"@type":"ListItem","position":1,"name":"Home","item":"https:\/\/vana.vspa.ee\/fi\/"},{"@type":"ListItem","position":2,"name":"Hoidot","item":"https:\/\/vana.vspa.ee\/hoolitsused\/"},{"@type":"ListItem","position":3,"name":"Thaimaalainen rentouttava jalkahieronta"}]},{"@type":"WebSite","@id":"https:\/\/vana.vspa.ee\/#website","url":"https:\/\/vana.vspa.ee\/","name":"V Spa","description":"V\u00f5ta veest viimast!","potentialAction":[{"@type":"SearchAction","target":{"@type":"EntryPoint","urlTemplate":"https:\/\/vana.vspa.ee\/?s={search_term_string}"},"query-input":{"@type":"PropertyValueSpecification","valueRequired":true,"valueName":"search_term_string"}}],"inLanguage":"fi"}]}},"_links":{"self":[{"href":"https:\/\/vana.vspa.ee\/fi\/wp-json\/wp\/v2\/pages\/7481","targetHints":{"allow":["GET"]}}],"collection":[{"href":"https:\/\/vana.vspa.ee\/fi\/wp-json\/wp\/v2\/pages"}],"about":[{"href":"https:\/\/vana.vspa.ee\/fi\/wp-json\/wp\/v2\/types\/page"}],"author":[{"embeddable":true,"href":"https:\/\/vana.vspa.ee\/fi\/wp-json\/wp\/v2\/users\/1"}],"replies":[{"embeddable":true,"href":"https:\/\/vana.vspa.ee\/fi\/wp-json\/wp\/v2\/comments?post=7481"}],"version-history":[{"count":3,"href":"https:\/\/vana.vspa.ee\/fi\/wp-json\/wp\/v2\/pages\/7481\/revisions"}],"predecessor-version":[{"id":42215,"href":"https:\/\/vana.vspa.ee\/fi\/wp-json\/wp\/v2\/pages\/7481\/revisions\/42215"}],"up":[{"embeddable":true,"href":"https:\/\/vana.vspa.ee\/fi\/wp-json\/wp\/v2\/pages\/1969"}],"wp:attachment":[{"href":"https:\/\/vana.vspa.ee\/fi\/wp-json\/wp\/v2\/media?parent=7481"}],"curies":[{"name":"wp","href":"https:\/\/api.w.org\/{rel}","templated":true}]}}