{"id":7493,"date":"2017-09-05T12:47:01","date_gmt":"2017-09-05T09:47:01","guid":{"rendered":"https:\/\/vspa.ee\/hoidot\/hydradermie\/"},"modified":"2024-11-28T14:52:03","modified_gmt":"2024-11-28T12:52:03","slug":"hydradermie","status":"publish","type":"page","link":"https:\/\/vana.vspa.ee\/fi\/hoidot\/hydradermie\/","title":{"rendered":"Hydradermie"},"content":{"rendered":"<p><strong>Guinot\u2019n<\/strong> huippuhoidolla on nyt uusi nimi \u2013 Hydraderm, Cellular Energy. Dynaaminen ionisaatio antaa ihon soluille uutta energiaa ja rikastaa niit\u00e4 kosteudella ja arvokkailla ravintoaineilla. Ionisaation vaikutuksesta solujen aineenvaihdunta aktivoituu ja solutasolla tapahtuu prosesseja, jotka uudentavat ihoa. Sen j\u00e4lkeen termoelektrodi miellytt\u00e4v\u00e4n l\u00e4mp\u00f6ns\u00e4 avulla rikastaa kudoksia hapella ja poistaa kuona-aineita. Tuloksena on ihon silminn\u00e4ht\u00e4v\u00e4 uudistuminen jo ensimm\u00e4isen hoidon j\u00e4lkeen. Iho on hyvin kosteutettu ja sen koostumus muuttuu sile\u00e4mm\u00e4ksi ja kiinte\u00e4mm\u00e4ksi. Hoito sopii kaiken ik\u00e4isille ja kaikille ihotyypeille. Huolellisen ihoanalyysin j\u00e4lkeen kosmeetikko valitsee seerumit ja tuotteet ihon kunnolle ja tarpeille vastaten. Hoito on todella miellytt\u00e4v\u00e4 ja rentouttava, ja kauniin ihon lis\u00e4ksi sinulla on hoidon lopussa lev\u00e4nnyt tunne.<\/p>\n","protected":false},"excerpt":{"rendered":"<p>Guinot\u2019n huippuhoidolla on nyt uusi nimi \u2013 Hydraderm, Cellular Energy. Dynaaminen ionisaatio antaa ihon soluille uutta energiaa ja rikastaa niit\u00e4&#8230;<\/p>\n","protected":false},"author":1,"featured_media":0,"parent":1969,"menu_order":30,"comment_status":"closed","ping_status":"closed","template":"page-templates\/tpl-offer1.php","meta":{"_acf_changed":false,"_monsterinsights_skip_tracking":false,"_monsterinsights_sitenote_active":false,"_monsterinsights_sitenote_note":"","_monsterinsights_sitenote_category":0,"footnotes":"","_links_to":"","_links_to_target":""},"class_list":["post-7493","page","type-page","status-publish","hentry"],"acf":[],"yoast_head":"<!-- This site is optimized with the Yoast SEO plugin v24.7 - https:\/\/yoast.com\/wordpress\/plugins\/seo\/ -->\n<title>Hydradermie - V Spa<\/title>\n<meta name=\"robots\" content=\"noindex, follow, max-snippet:-1, max-image-preview:large, max-video-preview:-1\" \/>\n<meta property=\"og:locale\" content=\"fi_FI\" \/>\n<meta property=\"og:type\" content=\"article\" \/>\n<meta property=\"og:title\" content=\"Hydradermie - V Spa\" \/>\n<meta property=\"og:description\" content=\"Guinot\u2019n huippuhoidolla on nyt uusi nimi \u2013 Hydraderm, Cellular Energy. Dynaaminen ionisaatio antaa ihon soluille uutta energiaa ja rikastaa niit\u00e4...\" \/>\n<meta property=\"og:url\" content=\"https:\/\/vana.vspa.ee\/hoolitsused\/hydradermie\/\" \/>\n<meta property=\"og:site_name\" content=\"V Spa\" \/>\n<meta property=\"article:modified_time\" content=\"2024-11-28T12:52:03+00:00\" \/>\n<meta name=\"twitter:card\" content=\"summary_large_image\" \/>\n<meta name=\"twitter:label1\" content=\"Arvioitu lukuaika\" \/>\n\t<meta name=\"twitter:data1\" content=\"1 minuutti\" \/>\n<script type=\"application\/ld+json\" class=\"yoast-schema-graph\">{\"@context\":\"https:\/\/schema.org\",\"@graph\":[{\"@type\":\"WebPage\",\"@id\":\"https:\/\/vana.vspa.ee\/hoolitsused\/hydradermie\/\",\"url\":\"https:\/\/vana.vspa.ee\/hoolitsused\/hydradermie\/\",\"name\":\"Hydradermie - V Spa\",\"isPartOf\":{\"@id\":\"https:\/\/vana.vspa.ee\/#website\"},\"datePublished\":\"2017-09-05T09:47:01+00:00\",\"dateModified\":\"2024-11-28T12:52:03+00:00\",\"breadcrumb\":{\"@id\":\"https:\/\/vana.vspa.ee\/hoolitsused\/hydradermie\/#breadcrumb\"},\"inLanguage\":\"fi\",\"potentialAction\":[{\"@type\":\"ReadAction\",\"target\":[\"https:\/\/vana.vspa.ee\/hoolitsused\/hydradermie\/\"]}]},{\"@type\":\"BreadcrumbList\",\"@id\":\"https:\/\/vana.vspa.ee\/hoolitsused\/hydradermie\/#breadcrumb\",\"itemListElement\":[{\"@type\":\"ListItem\",\"position\":1,\"name\":\"Home\",\"item\":\"https:\/\/vana.vspa.ee\/fi\/\"},{\"@type\":\"ListItem\",\"position\":2,\"name\":\"Hoidot\",\"item\":\"https:\/\/vana.vspa.ee\/hoolitsused\/\"},{\"@type\":\"ListItem\",\"position\":3,\"name\":\"Hydradermie\"}]},{\"@type\":\"WebSite\",\"@id\":\"https:\/\/vana.vspa.ee\/#website\",\"url\":\"https:\/\/vana.vspa.ee\/\",\"name\":\"V Spa\",\"description\":\"V\u00f5ta veest viimast!\",\"potentialAction\":[{\"@type\":\"SearchAction\",\"target\":{\"@type\":\"EntryPoint\",\"urlTemplate\":\"https:\/\/vana.vspa.ee\/?s={search_term_string}\"},\"query-input\":{\"@type\":\"PropertyValueSpecification\",\"valueRequired\":true,\"valueName\":\"search_term_string\"}}],\"inLanguage\":\"fi\"}]}<\/script>\n<!-- \/ Yoast SEO plugin. -->","yoast_head_json":{"title":"Hydradermie - V Spa","robots":{"index":"noindex","follow":"follow","max-snippet":"max-snippet:-1","max-image-preview":"max-image-preview:large","max-video-preview":"max-video-preview:-1"},"og_locale":"fi_FI","og_type":"article","og_title":"Hydradermie - V Spa","og_description":"Guinot\u2019n huippuhoidolla on nyt uusi nimi \u2013 Hydraderm, Cellular Energy. Dynaaminen ionisaatio antaa ihon soluille uutta energiaa ja rikastaa niit\u00e4...","og_url":"https:\/\/vana.vspa.ee\/hoolitsused\/hydradermie\/","og_site_name":"V Spa","article_modified_time":"2024-11-28T12:52:03+00:00","twitter_card":"summary_large_image","twitter_misc":{"Arvioitu lukuaika":"1 minuutti"},"schema":{"@context":"https:\/\/schema.org","@graph":[{"@type":"WebPage","@id":"https:\/\/vana.vspa.ee\/hoolitsused\/hydradermie\/","url":"https:\/\/vana.vspa.ee\/hoolitsused\/hydradermie\/","name":"Hydradermie - V Spa","isPartOf":{"@id":"https:\/\/vana.vspa.ee\/#website"},"datePublished":"2017-09-05T09:47:01+00:00","dateModified":"2024-11-28T12:52:03+00:00","breadcrumb":{"@id":"https:\/\/vana.vspa.ee\/hoolitsused\/hydradermie\/#breadcrumb"},"inLanguage":"fi","potentialAction":[{"@type":"ReadAction","target":["https:\/\/vana.vspa.ee\/hoolitsused\/hydradermie\/"]}]},{"@type":"BreadcrumbList","@id":"https:\/\/vana.vspa.ee\/hoolitsused\/hydradermie\/#breadcrumb","itemListElement":[{"@type":"ListItem","position":1,"name":"Home","item":"https:\/\/vana.vspa.ee\/fi\/"},{"@type":"ListItem","position":2,"name":"Hoidot","item":"https:\/\/vana.vspa.ee\/hoolitsused\/"},{"@type":"ListItem","position":3,"name":"Hydradermie"}]},{"@type":"WebSite","@id":"https:\/\/vana.vspa.ee\/#website","url":"https:\/\/vana.vspa.ee\/","name":"V Spa","description":"V\u00f5ta veest viimast!","potentialAction":[{"@type":"SearchAction","target":{"@type":"EntryPoint","urlTemplate":"https:\/\/vana.vspa.ee\/?s={search_term_string}"},"query-input":{"@type":"PropertyValueSpecification","valueRequired":true,"valueName":"search_term_string"}}],"inLanguage":"fi"}]}},"_links":{"self":[{"href":"https:\/\/vana.vspa.ee\/fi\/wp-json\/wp\/v2\/pages\/7493","targetHints":{"allow":["GET"]}}],"collection":[{"href":"https:\/\/vana.vspa.ee\/fi\/wp-json\/wp\/v2\/pages"}],"about":[{"href":"https:\/\/vana.vspa.ee\/fi\/wp-json\/wp\/v2\/types\/page"}],"author":[{"embeddable":true,"href":"https:\/\/vana.vspa.ee\/fi\/wp-json\/wp\/v2\/users\/1"}],"replies":[{"embeddable":true,"href":"https:\/\/vana.vspa.ee\/fi\/wp-json\/wp\/v2\/comments?post=7493"}],"version-history":[{"count":3,"href":"https:\/\/vana.vspa.ee\/fi\/wp-json\/wp\/v2\/pages\/7493\/revisions"}],"predecessor-version":[{"id":47162,"href":"https:\/\/vana.vspa.ee\/fi\/wp-json\/wp\/v2\/pages\/7493\/revisions\/47162"}],"up":[{"embeddable":true,"href":"https:\/\/vana.vspa.ee\/fi\/wp-json\/wp\/v2\/pages\/1969"}],"wp:attachment":[{"href":"https:\/\/vana.vspa.ee\/fi\/wp-json\/wp\/v2\/media?parent=7493"}],"curies":[{"name":"wp","href":"https:\/\/api.w.org\/{rel}","templated":true}]}}