{"id":7557,"date":"2017-10-26T14:32:26","date_gmt":"2017-10-26T11:32:26","guid":{"rendered":"https:\/\/vspa.ee\/hoidot\/hydradermie-hydralift\/"},"modified":"2024-11-28T14:45:14","modified_gmt":"2024-11-28T12:45:14","slug":"hydradermie-hydralift","status":"publish","type":"page","link":"https:\/\/vana.vspa.ee\/fi\/hoidot\/hydradermie-hydralift\/","title":{"rendered":"Hydradermie + Hydralift"},"content":{"rendered":"<p><strong>GUINOT<\/strong> kasvojen iholle ja lihaksille suunnattu rituaali, joka k\u00e4sitt\u00e4\u00e4 kaksi kosteuttavaa, toksiineja poistavaa sek\u00e4 lihastoonusta parantavaa hoitoa. 90-minuuttinen rituaali sopii kaiken ik\u00e4isille vieraille ja takaa hoidon lopuksi kauniin ja sile\u00e4n ihon.<\/p>\n<p>Rituaalissa k\u00e4ytett\u00e4v\u00e4t hoidot<br \/>\n<a href=\"https:\/\/vspa.ee\/fi\/hoidot\/hydradermie\/\">Hydradermie<br \/>\n<\/a><a href=\"https:\/\/vspa.ee\/fi\/hoidot\/hydradermie-lift\/\" class=\"broken_link\">Hydrlift<\/a><\/p>\n","protected":false},"excerpt":{"rendered":"<p>GUINOT kasvojen iholle ja lihaksille suunnattu rituaali, joka k\u00e4sitt\u00e4\u00e4 kaksi kosteuttavaa, toksiineja poistavaa sek\u00e4 lihastoonusta parantavaa hoitoa. 90-minuuttinen rituaali sopii&#8230;<\/p>\n","protected":false},"author":1,"featured_media":0,"parent":1969,"menu_order":25,"comment_status":"closed","ping_status":"closed","template":"page-templates\/tpl-offer1.php","meta":{"_acf_changed":false,"_monsterinsights_skip_tracking":false,"_monsterinsights_sitenote_active":false,"_monsterinsights_sitenote_note":"","_monsterinsights_sitenote_category":0,"footnotes":"","_links_to":"","_links_to_target":""},"class_list":["post-7557","page","type-page","status-publish","hentry"],"acf":[],"yoast_head":"<!-- This site is optimized with the Yoast SEO plugin v24.7 - https:\/\/yoast.com\/wordpress\/plugins\/seo\/ -->\n<title>Hydradermie + Hydralift - V Spa<\/title>\n<meta name=\"robots\" content=\"noindex, follow, max-snippet:-1, max-image-preview:large, max-video-preview:-1\" \/>\n<meta property=\"og:locale\" content=\"fi_FI\" \/>\n<meta property=\"og:type\" content=\"article\" \/>\n<meta property=\"og:title\" content=\"Hydradermie + Hydralift - V Spa\" \/>\n<meta property=\"og:description\" content=\"GUINOT kasvojen iholle ja lihaksille suunnattu rituaali, joka k\u00e4sitt\u00e4\u00e4 kaksi kosteuttavaa, toksiineja poistavaa sek\u00e4 lihastoonusta parantavaa hoitoa. 90-minuuttinen rituaali sopii...\" \/>\n<meta property=\"og:url\" content=\"https:\/\/vana.vspa.ee\/hoolitsused\/hydradermie-hydralift\/\" \/>\n<meta property=\"og:site_name\" content=\"V Spa\" \/>\n<meta property=\"article:modified_time\" content=\"2024-11-28T12:45:14+00:00\" \/>\n<meta name=\"twitter:card\" content=\"summary_large_image\" \/>\n<meta name=\"twitter:label1\" content=\"Arvioitu lukuaika\" \/>\n\t<meta name=\"twitter:data1\" content=\"1 minuutti\" \/>\n<script type=\"application\/ld+json\" class=\"yoast-schema-graph\">{\"@context\":\"https:\/\/schema.org\",\"@graph\":[{\"@type\":\"WebPage\",\"@id\":\"https:\/\/vana.vspa.ee\/hoolitsused\/hydradermie-hydralift\/\",\"url\":\"https:\/\/vana.vspa.ee\/hoolitsused\/hydradermie-hydralift\/\",\"name\":\"Hydradermie + Hydralift - V Spa\",\"isPartOf\":{\"@id\":\"https:\/\/vana.vspa.ee\/#website\"},\"datePublished\":\"2017-10-26T11:32:26+00:00\",\"dateModified\":\"2024-11-28T12:45:14+00:00\",\"breadcrumb\":{\"@id\":\"https:\/\/vana.vspa.ee\/hoolitsused\/hydradermie-hydralift\/#breadcrumb\"},\"inLanguage\":\"fi\",\"potentialAction\":[{\"@type\":\"ReadAction\",\"target\":[\"https:\/\/vana.vspa.ee\/hoolitsused\/hydradermie-hydralift\/\"]}]},{\"@type\":\"BreadcrumbList\",\"@id\":\"https:\/\/vana.vspa.ee\/hoolitsused\/hydradermie-hydralift\/#breadcrumb\",\"itemListElement\":[{\"@type\":\"ListItem\",\"position\":1,\"name\":\"Home\",\"item\":\"https:\/\/vana.vspa.ee\/fi\/\"},{\"@type\":\"ListItem\",\"position\":2,\"name\":\"Hoidot\",\"item\":\"https:\/\/vana.vspa.ee\/hoolitsused\/\"},{\"@type\":\"ListItem\",\"position\":3,\"name\":\"Hydradermie + Hydralift\"}]},{\"@type\":\"WebSite\",\"@id\":\"https:\/\/vana.vspa.ee\/#website\",\"url\":\"https:\/\/vana.vspa.ee\/\",\"name\":\"V Spa\",\"description\":\"V\u00f5ta veest viimast!\",\"potentialAction\":[{\"@type\":\"SearchAction\",\"target\":{\"@type\":\"EntryPoint\",\"urlTemplate\":\"https:\/\/vana.vspa.ee\/?s={search_term_string}\"},\"query-input\":{\"@type\":\"PropertyValueSpecification\",\"valueRequired\":true,\"valueName\":\"search_term_string\"}}],\"inLanguage\":\"fi\"}]}<\/script>\n<!-- \/ Yoast SEO plugin. -->","yoast_head_json":{"title":"Hydradermie + Hydralift - V Spa","robots":{"index":"noindex","follow":"follow","max-snippet":"max-snippet:-1","max-image-preview":"max-image-preview:large","max-video-preview":"max-video-preview:-1"},"og_locale":"fi_FI","og_type":"article","og_title":"Hydradermie + Hydralift - V Spa","og_description":"GUINOT kasvojen iholle ja lihaksille suunnattu rituaali, joka k\u00e4sitt\u00e4\u00e4 kaksi kosteuttavaa, toksiineja poistavaa sek\u00e4 lihastoonusta parantavaa hoitoa. 90-minuuttinen rituaali sopii...","og_url":"https:\/\/vana.vspa.ee\/hoolitsused\/hydradermie-hydralift\/","og_site_name":"V Spa","article_modified_time":"2024-11-28T12:45:14+00:00","twitter_card":"summary_large_image","twitter_misc":{"Arvioitu lukuaika":"1 minuutti"},"schema":{"@context":"https:\/\/schema.org","@graph":[{"@type":"WebPage","@id":"https:\/\/vana.vspa.ee\/hoolitsused\/hydradermie-hydralift\/","url":"https:\/\/vana.vspa.ee\/hoolitsused\/hydradermie-hydralift\/","name":"Hydradermie + Hydralift - V Spa","isPartOf":{"@id":"https:\/\/vana.vspa.ee\/#website"},"datePublished":"2017-10-26T11:32:26+00:00","dateModified":"2024-11-28T12:45:14+00:00","breadcrumb":{"@id":"https:\/\/vana.vspa.ee\/hoolitsused\/hydradermie-hydralift\/#breadcrumb"},"inLanguage":"fi","potentialAction":[{"@type":"ReadAction","target":["https:\/\/vana.vspa.ee\/hoolitsused\/hydradermie-hydralift\/"]}]},{"@type":"BreadcrumbList","@id":"https:\/\/vana.vspa.ee\/hoolitsused\/hydradermie-hydralift\/#breadcrumb","itemListElement":[{"@type":"ListItem","position":1,"name":"Home","item":"https:\/\/vana.vspa.ee\/fi\/"},{"@type":"ListItem","position":2,"name":"Hoidot","item":"https:\/\/vana.vspa.ee\/hoolitsused\/"},{"@type":"ListItem","position":3,"name":"Hydradermie + Hydralift"}]},{"@type":"WebSite","@id":"https:\/\/vana.vspa.ee\/#website","url":"https:\/\/vana.vspa.ee\/","name":"V Spa","description":"V\u00f5ta veest viimast!","potentialAction":[{"@type":"SearchAction","target":{"@type":"EntryPoint","urlTemplate":"https:\/\/vana.vspa.ee\/?s={search_term_string}"},"query-input":{"@type":"PropertyValueSpecification","valueRequired":true,"valueName":"search_term_string"}}],"inLanguage":"fi"}]}},"_links":{"self":[{"href":"https:\/\/vana.vspa.ee\/fi\/wp-json\/wp\/v2\/pages\/7557","targetHints":{"allow":["GET"]}}],"collection":[{"href":"https:\/\/vana.vspa.ee\/fi\/wp-json\/wp\/v2\/pages"}],"about":[{"href":"https:\/\/vana.vspa.ee\/fi\/wp-json\/wp\/v2\/types\/page"}],"author":[{"embeddable":true,"href":"https:\/\/vana.vspa.ee\/fi\/wp-json\/wp\/v2\/users\/1"}],"replies":[{"embeddable":true,"href":"https:\/\/vana.vspa.ee\/fi\/wp-json\/wp\/v2\/comments?post=7557"}],"version-history":[{"count":3,"href":"https:\/\/vana.vspa.ee\/fi\/wp-json\/wp\/v2\/pages\/7557\/revisions"}],"predecessor-version":[{"id":47151,"href":"https:\/\/vana.vspa.ee\/fi\/wp-json\/wp\/v2\/pages\/7557\/revisions\/47151"}],"up":[{"embeddable":true,"href":"https:\/\/vana.vspa.ee\/fi\/wp-json\/wp\/v2\/pages\/1969"}],"wp:attachment":[{"href":"https:\/\/vana.vspa.ee\/fi\/wp-json\/wp\/v2\/media?parent=7557"}],"curies":[{"name":"wp","href":"https:\/\/api.w.org\/{rel}","templated":true}]}}