{"id":7588,"date":"2017-10-27T13:27:40","date_gmt":"2017-10-27T10:27:40","guid":{"rendered":"https:\/\/vspa.ee\/paketit\/varskendav-vahepala\/"},"modified":"2024-01-09T11:22:50","modified_gmt":"2024-01-09T09:22:50","slug":"varskendav-vahepala","status":"publish","type":"page","link":"https:\/\/vana.vspa.ee\/fi\/paketit\/varskendav-vahepala\/","title":{"rendered":"Virkist\u00e4v\u00e4 v\u00e4lipala vanhemmalle ja lapselle"},"content":{"rendered":"<p><a href=\"https:\/\/vspa.ee\/fi\/vesi-ja-saunamaailma\/vesi-ja-saunamaailma\/\" class=\"broken_link\">Lippu spa kylpyl\u00e4\u00e4n,\u00a0<\/a><a href=\"https:\/\/vspa.ee\/fi\/vesi-ja-saunamaailma\/suolamaailma\/\" class=\"broken_link\">suolamaailmaan<\/a>\u00a0ja\u00a0<a href=\"https:\/\/vspa.ee\/fi\/vesi-ja-saunamaailma\/saunamaailma\/\" class=\"broken_link\">saunamaailmaan<\/a>\u00a04 h<\/p>\n<p><a href=\"https:\/\/vspa.ee\/fi\/hoidot\/klassikaline-naomassaaz\/\">Klassinen kasvohieronta<\/a> 30 min &amp; <a href=\"https:\/\/vspa.ee\/fi\/hoidot\/kasvohoito-tytolle\/\" class=\"broken_link\">Kasvohoito lapsille<\/a> 30 min<\/p>\n<p><a href=\"https:\/\/vspa.ee\/fi\/hoidot\/seljan-ja-olkapaan-hieronta\/\" class=\"broken_link\">Selk\u00e4-hartiahieronta<\/a> 30 min &amp; <a href=\"https:\/\/vspa.ee\/fi\/hoidot\/hieronta-lapsille\/\" class=\"broken_link\">Hieronta lapsille <\/a>30 min<\/p>\n<p>&nbsp;<\/p>\n<p>&nbsp;<\/p>\n","protected":false},"excerpt":{"rendered":"<p>Lippu spa kylpyl\u00e4\u00e4n,\u00a0suolamaailmaan\u00a0ja\u00a0saunamaailmaan\u00a04 h Klassinen kasvohieronta 30 min &amp; Kasvohoito lapsille 30 min Selk\u00e4-hartiahieronta 30 min &amp; Hieronta lapsille 30&#8230;<\/p>\n","protected":false},"author":1,"featured_media":0,"parent":1971,"menu_order":3,"comment_status":"closed","ping_status":"closed","template":"page-templates\/tpl-offer2.php","meta":{"_acf_changed":false,"_monsterinsights_skip_tracking":false,"_monsterinsights_sitenote_active":false,"_monsterinsights_sitenote_note":"","_monsterinsights_sitenote_category":0,"footnotes":"","_links_to":"","_links_to_target":""},"class_list":["post-7588","page","type-page","status-publish","hentry"],"acf":[],"yoast_head":"<!-- This site is optimized with the Yoast SEO plugin v24.7 - https:\/\/yoast.com\/wordpress\/plugins\/seo\/ -->\n<title>Virkist\u00e4v\u00e4 v\u00e4lipala vanhemmalle ja lapselle - V Spa<\/title>\n<meta name=\"robots\" content=\"noindex, follow, max-snippet:-1, max-image-preview:large, max-video-preview:-1\" \/>\n<meta property=\"og:locale\" content=\"fi_FI\" \/>\n<meta property=\"og:type\" content=\"article\" \/>\n<meta property=\"og:title\" content=\"Virkist\u00e4v\u00e4 v\u00e4lipala vanhemmalle ja lapselle - V Spa\" \/>\n<meta property=\"og:description\" content=\"Lippu spa kylpyl\u00e4\u00e4n,\u00a0suolamaailmaan\u00a0ja\u00a0saunamaailmaan\u00a04 h Klassinen kasvohieronta 30 min &amp; Kasvohoito lapsille 30 min Selk\u00e4-hartiahieronta 30 min &amp; Hieronta lapsille 30...\" \/>\n<meta property=\"og:url\" content=\"https:\/\/vana.vspa.ee\/paketid\/varskendav-vahepala\/\" \/>\n<meta property=\"og:site_name\" content=\"V Spa\" \/>\n<meta property=\"article:modified_time\" content=\"2024-01-09T09:22:50+00:00\" \/>\n<meta name=\"twitter:card\" content=\"summary_large_image\" \/>\n<meta name=\"twitter:label1\" content=\"Arvioitu lukuaika\" \/>\n\t<meta name=\"twitter:data1\" content=\"1 minuutti\" \/>\n<script type=\"application\/ld+json\" class=\"yoast-schema-graph\">{\"@context\":\"https:\/\/schema.org\",\"@graph\":[{\"@type\":\"WebPage\",\"@id\":\"https:\/\/vana.vspa.ee\/paketid\/varskendav-vahepala\/\",\"url\":\"https:\/\/vana.vspa.ee\/paketid\/varskendav-vahepala\/\",\"name\":\"Virkist\u00e4v\u00e4 v\u00e4lipala vanhemmalle ja lapselle - V Spa\",\"isPartOf\":{\"@id\":\"https:\/\/vana.vspa.ee\/#website\"},\"datePublished\":\"2017-10-27T10:27:40+00:00\",\"dateModified\":\"2024-01-09T09:22:50+00:00\",\"breadcrumb\":{\"@id\":\"https:\/\/vana.vspa.ee\/paketid\/varskendav-vahepala\/#breadcrumb\"},\"inLanguage\":\"fi\",\"potentialAction\":[{\"@type\":\"ReadAction\",\"target\":[\"https:\/\/vana.vspa.ee\/paketid\/varskendav-vahepala\/\"]}]},{\"@type\":\"BreadcrumbList\",\"@id\":\"https:\/\/vana.vspa.ee\/paketid\/varskendav-vahepala\/#breadcrumb\",\"itemListElement\":[{\"@type\":\"ListItem\",\"position\":1,\"name\":\"Home\",\"item\":\"https:\/\/vana.vspa.ee\/fi\/\"},{\"@type\":\"ListItem\",\"position\":2,\"name\":\"Paketit\",\"item\":\"https:\/\/vana.vspa.ee\/paketid\/\"},{\"@type\":\"ListItem\",\"position\":3,\"name\":\"Virkist\u00e4v\u00e4 v\u00e4lipala vanhemmalle ja lapselle\"}]},{\"@type\":\"WebSite\",\"@id\":\"https:\/\/vana.vspa.ee\/#website\",\"url\":\"https:\/\/vana.vspa.ee\/\",\"name\":\"V Spa\",\"description\":\"V\u00f5ta veest viimast!\",\"potentialAction\":[{\"@type\":\"SearchAction\",\"target\":{\"@type\":\"EntryPoint\",\"urlTemplate\":\"https:\/\/vana.vspa.ee\/?s={search_term_string}\"},\"query-input\":{\"@type\":\"PropertyValueSpecification\",\"valueRequired\":true,\"valueName\":\"search_term_string\"}}],\"inLanguage\":\"fi\"}]}<\/script>\n<!-- \/ Yoast SEO plugin. -->","yoast_head_json":{"title":"Virkist\u00e4v\u00e4 v\u00e4lipala vanhemmalle ja lapselle - V Spa","robots":{"index":"noindex","follow":"follow","max-snippet":"max-snippet:-1","max-image-preview":"max-image-preview:large","max-video-preview":"max-video-preview:-1"},"og_locale":"fi_FI","og_type":"article","og_title":"Virkist\u00e4v\u00e4 v\u00e4lipala vanhemmalle ja lapselle - V Spa","og_description":"Lippu spa kylpyl\u00e4\u00e4n,\u00a0suolamaailmaan\u00a0ja\u00a0saunamaailmaan\u00a04 h Klassinen kasvohieronta 30 min &amp; Kasvohoito lapsille 30 min Selk\u00e4-hartiahieronta 30 min &amp; Hieronta lapsille 30...","og_url":"https:\/\/vana.vspa.ee\/paketid\/varskendav-vahepala\/","og_site_name":"V Spa","article_modified_time":"2024-01-09T09:22:50+00:00","twitter_card":"summary_large_image","twitter_misc":{"Arvioitu lukuaika":"1 minuutti"},"schema":{"@context":"https:\/\/schema.org","@graph":[{"@type":"WebPage","@id":"https:\/\/vana.vspa.ee\/paketid\/varskendav-vahepala\/","url":"https:\/\/vana.vspa.ee\/paketid\/varskendav-vahepala\/","name":"Virkist\u00e4v\u00e4 v\u00e4lipala vanhemmalle ja lapselle - V Spa","isPartOf":{"@id":"https:\/\/vana.vspa.ee\/#website"},"datePublished":"2017-10-27T10:27:40+00:00","dateModified":"2024-01-09T09:22:50+00:00","breadcrumb":{"@id":"https:\/\/vana.vspa.ee\/paketid\/varskendav-vahepala\/#breadcrumb"},"inLanguage":"fi","potentialAction":[{"@type":"ReadAction","target":["https:\/\/vana.vspa.ee\/paketid\/varskendav-vahepala\/"]}]},{"@type":"BreadcrumbList","@id":"https:\/\/vana.vspa.ee\/paketid\/varskendav-vahepala\/#breadcrumb","itemListElement":[{"@type":"ListItem","position":1,"name":"Home","item":"https:\/\/vana.vspa.ee\/fi\/"},{"@type":"ListItem","position":2,"name":"Paketit","item":"https:\/\/vana.vspa.ee\/paketid\/"},{"@type":"ListItem","position":3,"name":"Virkist\u00e4v\u00e4 v\u00e4lipala vanhemmalle ja lapselle"}]},{"@type":"WebSite","@id":"https:\/\/vana.vspa.ee\/#website","url":"https:\/\/vana.vspa.ee\/","name":"V Spa","description":"V\u00f5ta veest viimast!","potentialAction":[{"@type":"SearchAction","target":{"@type":"EntryPoint","urlTemplate":"https:\/\/vana.vspa.ee\/?s={search_term_string}"},"query-input":{"@type":"PropertyValueSpecification","valueRequired":true,"valueName":"search_term_string"}}],"inLanguage":"fi"}]}},"_links":{"self":[{"href":"https:\/\/vana.vspa.ee\/fi\/wp-json\/wp\/v2\/pages\/7588","targetHints":{"allow":["GET"]}}],"collection":[{"href":"https:\/\/vana.vspa.ee\/fi\/wp-json\/wp\/v2\/pages"}],"about":[{"href":"https:\/\/vana.vspa.ee\/fi\/wp-json\/wp\/v2\/types\/page"}],"author":[{"embeddable":true,"href":"https:\/\/vana.vspa.ee\/fi\/wp-json\/wp\/v2\/users\/1"}],"replies":[{"embeddable":true,"href":"https:\/\/vana.vspa.ee\/fi\/wp-json\/wp\/v2\/comments?post=7588"}],"version-history":[{"count":3,"href":"https:\/\/vana.vspa.ee\/fi\/wp-json\/wp\/v2\/pages\/7588\/revisions"}],"predecessor-version":[{"id":43496,"href":"https:\/\/vana.vspa.ee\/fi\/wp-json\/wp\/v2\/pages\/7588\/revisions\/43496"}],"up":[{"embeddable":true,"href":"https:\/\/vana.vspa.ee\/fi\/wp-json\/wp\/v2\/pages\/1971"}],"wp:attachment":[{"href":"https:\/\/vana.vspa.ee\/fi\/wp-json\/wp\/v2\/media?parent=7588"}],"curies":[{"name":"wp","href":"https:\/\/api.w.org\/{rel}","templated":true}]}}