{"id":7701,"date":"2017-11-01T10:25:57","date_gmt":"2017-11-01T08:25:57","guid":{"rendered":"https:\/\/vspa.ee\/hoidot\/klassikaline-naomassaaz\/"},"modified":"2025-02-20T14:55:11","modified_gmt":"2025-02-20T12:55:11","slug":"klassikaline-naomassaaz","status":"publish","type":"page","link":"https:\/\/vana.vspa.ee\/fi\/hoidot\/klassikaline-naomassaaz\/","title":{"rendered":"Klassinen kasvohieronta"},"content":{"rendered":"<p>Ihana rentouttava hieronta, joka parantaa kasvojen ihon verenkiertoa, kiinteytt\u00e4\u00e4 ihoa ja muuttaa sen joustavammaksi. Hoito auttaa poistamaan turvotusta, luo kasvoihin hohtoa ja vaikuttaa kudoksiin vahvistavasti, mik\u00e4 s\u00e4ilytt\u00e4\u00e4 ihon nuorena pidemp\u00e4\u00e4n.<\/p>\n<p><a href=\"https:\/\/vspa.ee\/fi\/avaleht\/lisateenused-naohoolitsustele\/\">Lis\u00e4palvelut:<\/a><\/p>\n","protected":false},"excerpt":{"rendered":"<p>Ihana rentouttava hieronta, joka parantaa kasvojen ihon verenkiertoa, kiinteytt\u00e4\u00e4 ihoa ja muuttaa sen joustavammaksi. Hoito auttaa poistamaan turvotusta, luo kasvoihin&#8230;<\/p>\n","protected":false},"author":1,"featured_media":0,"parent":1969,"menu_order":16,"comment_status":"closed","ping_status":"closed","template":"page-templates\/tpl-offer1.php","meta":{"_acf_changed":false,"_monsterinsights_skip_tracking":false,"_monsterinsights_sitenote_active":false,"_monsterinsights_sitenote_note":"","_monsterinsights_sitenote_category":0,"footnotes":"","_links_to":"","_links_to_target":""},"class_list":["post-7701","page","type-page","status-publish","hentry"],"acf":[],"yoast_head":"<!-- This site is optimized with the Yoast SEO plugin v24.7 - https:\/\/yoast.com\/wordpress\/plugins\/seo\/ -->\n<title>Klassinen kasvohieronta - V Spa<\/title>\n<meta name=\"robots\" content=\"noindex, follow, max-snippet:-1, max-image-preview:large, max-video-preview:-1\" \/>\n<meta property=\"og:locale\" content=\"fi_FI\" \/>\n<meta property=\"og:type\" content=\"article\" \/>\n<meta property=\"og:title\" content=\"Klassinen kasvohieronta - V Spa\" \/>\n<meta property=\"og:description\" content=\"Ihana rentouttava hieronta, joka parantaa kasvojen ihon verenkiertoa, kiinteytt\u00e4\u00e4 ihoa ja muuttaa sen joustavammaksi. Hoito auttaa poistamaan turvotusta, luo kasvoihin...\" \/>\n<meta property=\"og:url\" content=\"https:\/\/vana.vspa.ee\/hoolitsused\/klassikaline-naomassaaz\/\" \/>\n<meta property=\"og:site_name\" content=\"V Spa\" \/>\n<meta property=\"article:modified_time\" content=\"2025-02-20T12:55:11+00:00\" \/>\n<meta name=\"twitter:card\" content=\"summary_large_image\" \/>\n<meta name=\"twitter:label1\" content=\"Arvioitu lukuaika\" \/>\n\t<meta name=\"twitter:data1\" content=\"1 minuutti\" \/>\n<script type=\"application\/ld+json\" class=\"yoast-schema-graph\">{\"@context\":\"https:\/\/schema.org\",\"@graph\":[{\"@type\":\"WebPage\",\"@id\":\"https:\/\/vana.vspa.ee\/hoolitsused\/klassikaline-naomassaaz\/\",\"url\":\"https:\/\/vana.vspa.ee\/hoolitsused\/klassikaline-naomassaaz\/\",\"name\":\"Klassinen kasvohieronta - V Spa\",\"isPartOf\":{\"@id\":\"https:\/\/vana.vspa.ee\/#website\"},\"datePublished\":\"2017-11-01T08:25:57+00:00\",\"dateModified\":\"2025-02-20T12:55:11+00:00\",\"breadcrumb\":{\"@id\":\"https:\/\/vana.vspa.ee\/hoolitsused\/klassikaline-naomassaaz\/#breadcrumb\"},\"inLanguage\":\"fi\",\"potentialAction\":[{\"@type\":\"ReadAction\",\"target\":[\"https:\/\/vana.vspa.ee\/hoolitsused\/klassikaline-naomassaaz\/\"]}]},{\"@type\":\"BreadcrumbList\",\"@id\":\"https:\/\/vana.vspa.ee\/hoolitsused\/klassikaline-naomassaaz\/#breadcrumb\",\"itemListElement\":[{\"@type\":\"ListItem\",\"position\":1,\"name\":\"Home\",\"item\":\"https:\/\/vana.vspa.ee\/fi\/\"},{\"@type\":\"ListItem\",\"position\":2,\"name\":\"Hoidot\",\"item\":\"https:\/\/vana.vspa.ee\/hoolitsused\/\"},{\"@type\":\"ListItem\",\"position\":3,\"name\":\"Klassinen kasvohieronta\"}]},{\"@type\":\"WebSite\",\"@id\":\"https:\/\/vana.vspa.ee\/#website\",\"url\":\"https:\/\/vana.vspa.ee\/\",\"name\":\"V Spa\",\"description\":\"V\u00f5ta veest viimast!\",\"potentialAction\":[{\"@type\":\"SearchAction\",\"target\":{\"@type\":\"EntryPoint\",\"urlTemplate\":\"https:\/\/vana.vspa.ee\/?s={search_term_string}\"},\"query-input\":{\"@type\":\"PropertyValueSpecification\",\"valueRequired\":true,\"valueName\":\"search_term_string\"}}],\"inLanguage\":\"fi\"}]}<\/script>\n<!-- \/ Yoast SEO plugin. -->","yoast_head_json":{"title":"Klassinen kasvohieronta - V Spa","robots":{"index":"noindex","follow":"follow","max-snippet":"max-snippet:-1","max-image-preview":"max-image-preview:large","max-video-preview":"max-video-preview:-1"},"og_locale":"fi_FI","og_type":"article","og_title":"Klassinen kasvohieronta - V Spa","og_description":"Ihana rentouttava hieronta, joka parantaa kasvojen ihon verenkiertoa, kiinteytt\u00e4\u00e4 ihoa ja muuttaa sen joustavammaksi. Hoito auttaa poistamaan turvotusta, luo kasvoihin...","og_url":"https:\/\/vana.vspa.ee\/hoolitsused\/klassikaline-naomassaaz\/","og_site_name":"V Spa","article_modified_time":"2025-02-20T12:55:11+00:00","twitter_card":"summary_large_image","twitter_misc":{"Arvioitu lukuaika":"1 minuutti"},"schema":{"@context":"https:\/\/schema.org","@graph":[{"@type":"WebPage","@id":"https:\/\/vana.vspa.ee\/hoolitsused\/klassikaline-naomassaaz\/","url":"https:\/\/vana.vspa.ee\/hoolitsused\/klassikaline-naomassaaz\/","name":"Klassinen kasvohieronta - V Spa","isPartOf":{"@id":"https:\/\/vana.vspa.ee\/#website"},"datePublished":"2017-11-01T08:25:57+00:00","dateModified":"2025-02-20T12:55:11+00:00","breadcrumb":{"@id":"https:\/\/vana.vspa.ee\/hoolitsused\/klassikaline-naomassaaz\/#breadcrumb"},"inLanguage":"fi","potentialAction":[{"@type":"ReadAction","target":["https:\/\/vana.vspa.ee\/hoolitsused\/klassikaline-naomassaaz\/"]}]},{"@type":"BreadcrumbList","@id":"https:\/\/vana.vspa.ee\/hoolitsused\/klassikaline-naomassaaz\/#breadcrumb","itemListElement":[{"@type":"ListItem","position":1,"name":"Home","item":"https:\/\/vana.vspa.ee\/fi\/"},{"@type":"ListItem","position":2,"name":"Hoidot","item":"https:\/\/vana.vspa.ee\/hoolitsused\/"},{"@type":"ListItem","position":3,"name":"Klassinen kasvohieronta"}]},{"@type":"WebSite","@id":"https:\/\/vana.vspa.ee\/#website","url":"https:\/\/vana.vspa.ee\/","name":"V Spa","description":"V\u00f5ta veest viimast!","potentialAction":[{"@type":"SearchAction","target":{"@type":"EntryPoint","urlTemplate":"https:\/\/vana.vspa.ee\/?s={search_term_string}"},"query-input":{"@type":"PropertyValueSpecification","valueRequired":true,"valueName":"search_term_string"}}],"inLanguage":"fi"}]}},"_links":{"self":[{"href":"https:\/\/vana.vspa.ee\/fi\/wp-json\/wp\/v2\/pages\/7701","targetHints":{"allow":["GET"]}}],"collection":[{"href":"https:\/\/vana.vspa.ee\/fi\/wp-json\/wp\/v2\/pages"}],"about":[{"href":"https:\/\/vana.vspa.ee\/fi\/wp-json\/wp\/v2\/types\/page"}],"author":[{"embeddable":true,"href":"https:\/\/vana.vspa.ee\/fi\/wp-json\/wp\/v2\/users\/1"}],"replies":[{"embeddable":true,"href":"https:\/\/vana.vspa.ee\/fi\/wp-json\/wp\/v2\/comments?post=7701"}],"version-history":[{"count":4,"href":"https:\/\/vana.vspa.ee\/fi\/wp-json\/wp\/v2\/pages\/7701\/revisions"}],"predecessor-version":[{"id":49154,"href":"https:\/\/vana.vspa.ee\/fi\/wp-json\/wp\/v2\/pages\/7701\/revisions\/49154"}],"up":[{"embeddable":true,"href":"https:\/\/vana.vspa.ee\/fi\/wp-json\/wp\/v2\/pages\/1969"}],"wp:attachment":[{"href":"https:\/\/vana.vspa.ee\/fi\/wp-json\/wp\/v2\/media?parent=7701"}],"curies":[{"name":"wp","href":"https:\/\/api.w.org\/{rel}","templated":true}]}}