{"id":8270,"date":"2017-11-01T10:48:42","date_gmt":"2017-11-01T08:48:42","guid":{"rendered":"https:\/\/vspa.ee\/hoidot\/klassikaline-manikuur\/"},"modified":"2025-03-17T09:44:32","modified_gmt":"2025-03-17T07:44:32","slug":"klassikaline-manikuur","status":"publish","type":"page","link":"https:\/\/vana.vspa.ee\/fi\/hoidot\/klassikaline-manikuur\/","title":{"rendered":"Klassinen manikyyri"},"content":{"rendered":"<p>Hoidon aikana kynnet viilataan ja kynsinauhat ty\u00f6nnell\u00e4\u00e4n takaisin. K\u00e4det kosteutetaan hyv\u00e4lt\u00e4 tuoksuvalla ja ravitsevalla voiteella ja kynsinauhoille levitet\u00e4\u00e4n aromaattinen kynsi\u00f6ljy. Halutessanne kynnet lakataan mieluisellanne Orly Breathable lakalla.<\/p>\n<p><a href=\"https:\/\/vspa.ee\/fi\/avaleht\/lisateenused-kuuntehoolitsustele\/\">Lis\u00e4palvelut:<\/a><\/p>\n","protected":false},"excerpt":{"rendered":"<p>Hoidon aikana kynnet viilataan ja kynsinauhat ty\u00f6nnell\u00e4\u00e4n takaisin. K\u00e4det kosteutetaan hyv\u00e4lt\u00e4 tuoksuvalla ja ravitsevalla voiteella ja kynsinauhoille levitet\u00e4\u00e4n aromaattinen kynsi\u00f6ljy&#8230;.<\/p>\n","protected":false},"author":1,"featured_media":0,"parent":1969,"menu_order":14,"comment_status":"closed","ping_status":"closed","template":"page-templates\/tpl-offer1.php","meta":{"_acf_changed":false,"_monsterinsights_skip_tracking":false,"_monsterinsights_sitenote_active":false,"_monsterinsights_sitenote_note":"","_monsterinsights_sitenote_category":0,"footnotes":"","_links_to":"","_links_to_target":""},"class_list":["post-8270","page","type-page","status-publish","hentry"],"acf":[],"yoast_head":"<!-- This site is optimized with the Yoast SEO plugin v24.7 - https:\/\/yoast.com\/wordpress\/plugins\/seo\/ -->\n<title>Klassinen manikyyri - V Spa<\/title>\n<meta name=\"robots\" content=\"noindex, follow, max-snippet:-1, max-image-preview:large, max-video-preview:-1\" \/>\n<meta property=\"og:locale\" content=\"fi_FI\" \/>\n<meta property=\"og:type\" content=\"article\" \/>\n<meta property=\"og:title\" content=\"Klassinen manikyyri - V Spa\" \/>\n<meta property=\"og:description\" content=\"Hoidon aikana kynnet viilataan ja kynsinauhat ty\u00f6nnell\u00e4\u00e4n takaisin. K\u00e4det kosteutetaan hyv\u00e4lt\u00e4 tuoksuvalla ja ravitsevalla voiteella ja kynsinauhoille levitet\u00e4\u00e4n aromaattinen kynsi\u00f6ljy....\" \/>\n<meta property=\"og:url\" content=\"https:\/\/vana.vspa.ee\/hoolitsused\/klassikaline-manikuur\/\" \/>\n<meta property=\"og:site_name\" content=\"V Spa\" \/>\n<meta property=\"article:modified_time\" content=\"2025-03-17T07:44:32+00:00\" \/>\n<meta name=\"twitter:card\" content=\"summary_large_image\" \/>\n<meta name=\"twitter:label1\" content=\"Arvioitu lukuaika\" \/>\n\t<meta name=\"twitter:data1\" content=\"1 minuutti\" \/>\n<script type=\"application\/ld+json\" class=\"yoast-schema-graph\">{\"@context\":\"https:\/\/schema.org\",\"@graph\":[{\"@type\":\"WebPage\",\"@id\":\"https:\/\/vana.vspa.ee\/hoolitsused\/klassikaline-manikuur\/\",\"url\":\"https:\/\/vana.vspa.ee\/hoolitsused\/klassikaline-manikuur\/\",\"name\":\"Klassinen manikyyri - V Spa\",\"isPartOf\":{\"@id\":\"https:\/\/vana.vspa.ee\/#website\"},\"datePublished\":\"2017-11-01T08:48:42+00:00\",\"dateModified\":\"2025-03-17T07:44:32+00:00\",\"breadcrumb\":{\"@id\":\"https:\/\/vana.vspa.ee\/hoolitsused\/klassikaline-manikuur\/#breadcrumb\"},\"inLanguage\":\"fi\",\"potentialAction\":[{\"@type\":\"ReadAction\",\"target\":[\"https:\/\/vana.vspa.ee\/hoolitsused\/klassikaline-manikuur\/\"]}]},{\"@type\":\"BreadcrumbList\",\"@id\":\"https:\/\/vana.vspa.ee\/hoolitsused\/klassikaline-manikuur\/#breadcrumb\",\"itemListElement\":[{\"@type\":\"ListItem\",\"position\":1,\"name\":\"Home\",\"item\":\"https:\/\/vana.vspa.ee\/fi\/\"},{\"@type\":\"ListItem\",\"position\":2,\"name\":\"Hoidot\",\"item\":\"https:\/\/vana.vspa.ee\/hoolitsused\/\"},{\"@type\":\"ListItem\",\"position\":3,\"name\":\"Klassinen manikyyri\"}]},{\"@type\":\"WebSite\",\"@id\":\"https:\/\/vana.vspa.ee\/#website\",\"url\":\"https:\/\/vana.vspa.ee\/\",\"name\":\"V Spa\",\"description\":\"V\u00f5ta veest viimast!\",\"potentialAction\":[{\"@type\":\"SearchAction\",\"target\":{\"@type\":\"EntryPoint\",\"urlTemplate\":\"https:\/\/vana.vspa.ee\/?s={search_term_string}\"},\"query-input\":{\"@type\":\"PropertyValueSpecification\",\"valueRequired\":true,\"valueName\":\"search_term_string\"}}],\"inLanguage\":\"fi\"}]}<\/script>\n<!-- \/ Yoast SEO plugin. -->","yoast_head_json":{"title":"Klassinen manikyyri - V Spa","robots":{"index":"noindex","follow":"follow","max-snippet":"max-snippet:-1","max-image-preview":"max-image-preview:large","max-video-preview":"max-video-preview:-1"},"og_locale":"fi_FI","og_type":"article","og_title":"Klassinen manikyyri - V Spa","og_description":"Hoidon aikana kynnet viilataan ja kynsinauhat ty\u00f6nnell\u00e4\u00e4n takaisin. K\u00e4det kosteutetaan hyv\u00e4lt\u00e4 tuoksuvalla ja ravitsevalla voiteella ja kynsinauhoille levitet\u00e4\u00e4n aromaattinen kynsi\u00f6ljy....","og_url":"https:\/\/vana.vspa.ee\/hoolitsused\/klassikaline-manikuur\/","og_site_name":"V Spa","article_modified_time":"2025-03-17T07:44:32+00:00","twitter_card":"summary_large_image","twitter_misc":{"Arvioitu lukuaika":"1 minuutti"},"schema":{"@context":"https:\/\/schema.org","@graph":[{"@type":"WebPage","@id":"https:\/\/vana.vspa.ee\/hoolitsused\/klassikaline-manikuur\/","url":"https:\/\/vana.vspa.ee\/hoolitsused\/klassikaline-manikuur\/","name":"Klassinen manikyyri - V Spa","isPartOf":{"@id":"https:\/\/vana.vspa.ee\/#website"},"datePublished":"2017-11-01T08:48:42+00:00","dateModified":"2025-03-17T07:44:32+00:00","breadcrumb":{"@id":"https:\/\/vana.vspa.ee\/hoolitsused\/klassikaline-manikuur\/#breadcrumb"},"inLanguage":"fi","potentialAction":[{"@type":"ReadAction","target":["https:\/\/vana.vspa.ee\/hoolitsused\/klassikaline-manikuur\/"]}]},{"@type":"BreadcrumbList","@id":"https:\/\/vana.vspa.ee\/hoolitsused\/klassikaline-manikuur\/#breadcrumb","itemListElement":[{"@type":"ListItem","position":1,"name":"Home","item":"https:\/\/vana.vspa.ee\/fi\/"},{"@type":"ListItem","position":2,"name":"Hoidot","item":"https:\/\/vana.vspa.ee\/hoolitsused\/"},{"@type":"ListItem","position":3,"name":"Klassinen manikyyri"}]},{"@type":"WebSite","@id":"https:\/\/vana.vspa.ee\/#website","url":"https:\/\/vana.vspa.ee\/","name":"V Spa","description":"V\u00f5ta veest viimast!","potentialAction":[{"@type":"SearchAction","target":{"@type":"EntryPoint","urlTemplate":"https:\/\/vana.vspa.ee\/?s={search_term_string}"},"query-input":{"@type":"PropertyValueSpecification","valueRequired":true,"valueName":"search_term_string"}}],"inLanguage":"fi"}]}},"_links":{"self":[{"href":"https:\/\/vana.vspa.ee\/fi\/wp-json\/wp\/v2\/pages\/8270","targetHints":{"allow":["GET"]}}],"collection":[{"href":"https:\/\/vana.vspa.ee\/fi\/wp-json\/wp\/v2\/pages"}],"about":[{"href":"https:\/\/vana.vspa.ee\/fi\/wp-json\/wp\/v2\/types\/page"}],"author":[{"embeddable":true,"href":"https:\/\/vana.vspa.ee\/fi\/wp-json\/wp\/v2\/users\/1"}],"replies":[{"embeddable":true,"href":"https:\/\/vana.vspa.ee\/fi\/wp-json\/wp\/v2\/comments?post=8270"}],"version-history":[{"count":4,"href":"https:\/\/vana.vspa.ee\/fi\/wp-json\/wp\/v2\/pages\/8270\/revisions"}],"predecessor-version":[{"id":49495,"href":"https:\/\/vana.vspa.ee\/fi\/wp-json\/wp\/v2\/pages\/8270\/revisions\/49495"}],"up":[{"embeddable":true,"href":"https:\/\/vana.vspa.ee\/fi\/wp-json\/wp\/v2\/pages\/1969"}],"wp:attachment":[{"href":"https:\/\/vana.vspa.ee\/fi\/wp-json\/wp\/v2\/media?parent=8270"}],"curies":[{"name":"wp","href":"https:\/\/api.w.org\/{rel}","templated":true}]}}