{"id":8395,"date":"2017-11-01T10:52:23","date_gmt":"2017-11-01T08:52:23","guid":{"rendered":"https:\/\/vspa.ee\/hoidot\/wellness-kate-ja-kuuntehoolitsus\/"},"modified":"2023-12-04T15:14:21","modified_gmt":"2023-12-04T13:14:21","slug":"wellness-kate-ja-kuuntehoolitsus","status":"publish","type":"page","link":"https:\/\/vana.vspa.ee\/fi\/hoidot\/wellness-kate-ja-kuuntehoolitsus\/","title":{"rendered":"Wellness k\u00e4si- ja kynsihoito"},"content":{"rendered":"<p>Hoidon aikana kynnet viilataan sek\u00e4 kynsinahat korjataan. K\u00e4det kuoritaan aromaattisella kuorijalla ja p\u00e4\u00e4lle levitet\u00e4\u00e4n haude, joka j\u00e4tt\u00e4\u00e4 k\u00e4det pehmeiksi ja silkkisiksi. Hoidon lopuksi tehd\u00e4\u00e4n rentouttava k\u00e4sihieronta ja levitet\u00e4\u00e4n k\u00e4sille ihanalta tuoksuva voide sek\u00e4 aromaattinen kynsi\u00f6ljy. Halutessanne kynnet my\u00f6s lakataan mieluisella Orly Breathable kynsilakalla.<\/p>\n<p><a href=\"https:\/\/vspa.ee\/fi\/avaleht\/lisateenused-kuuntehoolitsustele\/\">Lis\u00e4palvelut:<\/a><\/p>\n","protected":false},"excerpt":{"rendered":"<p>Hoidon aikana kynnet viilataan sek\u00e4 kynsinahat korjataan. K\u00e4det kuoritaan aromaattisella kuorijalla ja p\u00e4\u00e4lle levitet\u00e4\u00e4n haude, joka j\u00e4tt\u00e4\u00e4 k\u00e4det pehmeiksi ja&#8230;<\/p>\n","protected":false},"author":1,"featured_media":0,"parent":1969,"menu_order":21,"comment_status":"closed","ping_status":"closed","template":"page-templates\/tpl-offer1.php","meta":{"_acf_changed":false,"_monsterinsights_skip_tracking":false,"_monsterinsights_sitenote_active":false,"_monsterinsights_sitenote_note":"","_monsterinsights_sitenote_category":0,"footnotes":"","_links_to":"","_links_to_target":""},"class_list":["post-8395","page","type-page","status-publish","hentry"],"acf":[],"yoast_head":"<!-- This site is optimized with the Yoast SEO plugin v24.7 - https:\/\/yoast.com\/wordpress\/plugins\/seo\/ -->\n<title>Wellness k\u00e4si- ja kynsihoito - V Spa<\/title>\n<meta name=\"robots\" content=\"noindex, follow, max-snippet:-1, max-image-preview:large, max-video-preview:-1\" \/>\n<meta property=\"og:locale\" content=\"fi_FI\" \/>\n<meta property=\"og:type\" content=\"article\" \/>\n<meta property=\"og:title\" content=\"Wellness k\u00e4si- ja kynsihoito - V Spa\" \/>\n<meta property=\"og:description\" content=\"Hoidon aikana kynnet viilataan sek\u00e4 kynsinahat korjataan. K\u00e4det kuoritaan aromaattisella kuorijalla ja p\u00e4\u00e4lle levitet\u00e4\u00e4n haude, joka j\u00e4tt\u00e4\u00e4 k\u00e4det pehmeiksi ja...\" \/>\n<meta property=\"og:url\" content=\"https:\/\/vana.vspa.ee\/hoolitsused\/wellness-kate-ja-kuuntehoolitsus\/\" \/>\n<meta property=\"og:site_name\" content=\"V Spa\" \/>\n<meta property=\"article:modified_time\" content=\"2023-12-04T13:14:21+00:00\" \/>\n<meta name=\"twitter:card\" content=\"summary_large_image\" \/>\n<meta name=\"twitter:label1\" content=\"Arvioitu lukuaika\" \/>\n\t<meta name=\"twitter:data1\" content=\"1 minuutti\" \/>\n<script type=\"application\/ld+json\" class=\"yoast-schema-graph\">{\"@context\":\"https:\/\/schema.org\",\"@graph\":[{\"@type\":\"WebPage\",\"@id\":\"https:\/\/vana.vspa.ee\/hoolitsused\/wellness-kate-ja-kuuntehoolitsus\/\",\"url\":\"https:\/\/vana.vspa.ee\/hoolitsused\/wellness-kate-ja-kuuntehoolitsus\/\",\"name\":\"Wellness k\u00e4si- ja kynsihoito - V Spa\",\"isPartOf\":{\"@id\":\"https:\/\/vana.vspa.ee\/#website\"},\"datePublished\":\"2017-11-01T08:52:23+00:00\",\"dateModified\":\"2023-12-04T13:14:21+00:00\",\"breadcrumb\":{\"@id\":\"https:\/\/vana.vspa.ee\/hoolitsused\/wellness-kate-ja-kuuntehoolitsus\/#breadcrumb\"},\"inLanguage\":\"fi\",\"potentialAction\":[{\"@type\":\"ReadAction\",\"target\":[\"https:\/\/vana.vspa.ee\/hoolitsused\/wellness-kate-ja-kuuntehoolitsus\/\"]}]},{\"@type\":\"BreadcrumbList\",\"@id\":\"https:\/\/vana.vspa.ee\/hoolitsused\/wellness-kate-ja-kuuntehoolitsus\/#breadcrumb\",\"itemListElement\":[{\"@type\":\"ListItem\",\"position\":1,\"name\":\"Home\",\"item\":\"https:\/\/vana.vspa.ee\/fi\/\"},{\"@type\":\"ListItem\",\"position\":2,\"name\":\"Hoidot\",\"item\":\"https:\/\/vana.vspa.ee\/hoolitsused\/\"},{\"@type\":\"ListItem\",\"position\":3,\"name\":\"Wellness k\u00e4si- ja kynsihoito\"}]},{\"@type\":\"WebSite\",\"@id\":\"https:\/\/vana.vspa.ee\/#website\",\"url\":\"https:\/\/vana.vspa.ee\/\",\"name\":\"V Spa\",\"description\":\"V\u00f5ta veest viimast!\",\"potentialAction\":[{\"@type\":\"SearchAction\",\"target\":{\"@type\":\"EntryPoint\",\"urlTemplate\":\"https:\/\/vana.vspa.ee\/?s={search_term_string}\"},\"query-input\":{\"@type\":\"PropertyValueSpecification\",\"valueRequired\":true,\"valueName\":\"search_term_string\"}}],\"inLanguage\":\"fi\"}]}<\/script>\n<!-- \/ Yoast SEO plugin. -->","yoast_head_json":{"title":"Wellness k\u00e4si- ja kynsihoito - V Spa","robots":{"index":"noindex","follow":"follow","max-snippet":"max-snippet:-1","max-image-preview":"max-image-preview:large","max-video-preview":"max-video-preview:-1"},"og_locale":"fi_FI","og_type":"article","og_title":"Wellness k\u00e4si- ja kynsihoito - V Spa","og_description":"Hoidon aikana kynnet viilataan sek\u00e4 kynsinahat korjataan. K\u00e4det kuoritaan aromaattisella kuorijalla ja p\u00e4\u00e4lle levitet\u00e4\u00e4n haude, joka j\u00e4tt\u00e4\u00e4 k\u00e4det pehmeiksi ja...","og_url":"https:\/\/vana.vspa.ee\/hoolitsused\/wellness-kate-ja-kuuntehoolitsus\/","og_site_name":"V Spa","article_modified_time":"2023-12-04T13:14:21+00:00","twitter_card":"summary_large_image","twitter_misc":{"Arvioitu lukuaika":"1 minuutti"},"schema":{"@context":"https:\/\/schema.org","@graph":[{"@type":"WebPage","@id":"https:\/\/vana.vspa.ee\/hoolitsused\/wellness-kate-ja-kuuntehoolitsus\/","url":"https:\/\/vana.vspa.ee\/hoolitsused\/wellness-kate-ja-kuuntehoolitsus\/","name":"Wellness k\u00e4si- ja kynsihoito - V Spa","isPartOf":{"@id":"https:\/\/vana.vspa.ee\/#website"},"datePublished":"2017-11-01T08:52:23+00:00","dateModified":"2023-12-04T13:14:21+00:00","breadcrumb":{"@id":"https:\/\/vana.vspa.ee\/hoolitsused\/wellness-kate-ja-kuuntehoolitsus\/#breadcrumb"},"inLanguage":"fi","potentialAction":[{"@type":"ReadAction","target":["https:\/\/vana.vspa.ee\/hoolitsused\/wellness-kate-ja-kuuntehoolitsus\/"]}]},{"@type":"BreadcrumbList","@id":"https:\/\/vana.vspa.ee\/hoolitsused\/wellness-kate-ja-kuuntehoolitsus\/#breadcrumb","itemListElement":[{"@type":"ListItem","position":1,"name":"Home","item":"https:\/\/vana.vspa.ee\/fi\/"},{"@type":"ListItem","position":2,"name":"Hoidot","item":"https:\/\/vana.vspa.ee\/hoolitsused\/"},{"@type":"ListItem","position":3,"name":"Wellness k\u00e4si- ja kynsihoito"}]},{"@type":"WebSite","@id":"https:\/\/vana.vspa.ee\/#website","url":"https:\/\/vana.vspa.ee\/","name":"V Spa","description":"V\u00f5ta veest viimast!","potentialAction":[{"@type":"SearchAction","target":{"@type":"EntryPoint","urlTemplate":"https:\/\/vana.vspa.ee\/?s={search_term_string}"},"query-input":{"@type":"PropertyValueSpecification","valueRequired":true,"valueName":"search_term_string"}}],"inLanguage":"fi"}]}},"_links":{"self":[{"href":"https:\/\/vana.vspa.ee\/fi\/wp-json\/wp\/v2\/pages\/8395","targetHints":{"allow":["GET"]}}],"collection":[{"href":"https:\/\/vana.vspa.ee\/fi\/wp-json\/wp\/v2\/pages"}],"about":[{"href":"https:\/\/vana.vspa.ee\/fi\/wp-json\/wp\/v2\/types\/page"}],"author":[{"embeddable":true,"href":"https:\/\/vana.vspa.ee\/fi\/wp-json\/wp\/v2\/users\/1"}],"replies":[{"embeddable":true,"href":"https:\/\/vana.vspa.ee\/fi\/wp-json\/wp\/v2\/comments?post=8395"}],"version-history":[{"count":7,"href":"https:\/\/vana.vspa.ee\/fi\/wp-json\/wp\/v2\/pages\/8395\/revisions"}],"predecessor-version":[{"id":42029,"href":"https:\/\/vana.vspa.ee\/fi\/wp-json\/wp\/v2\/pages\/8395\/revisions\/42029"}],"up":[{"embeddable":true,"href":"https:\/\/vana.vspa.ee\/fi\/wp-json\/wp\/v2\/pages\/1969"}],"wp:attachment":[{"href":"https:\/\/vana.vspa.ee\/fi\/wp-json\/wp\/v2\/media?parent=8395"}],"curies":[{"name":"wp","href":"https:\/\/api.w.org\/{rel}","templated":true}]}}