{"id":1018,"date":"2017-01-24T09:35:13","date_gmt":"2017-01-24T07:35:13","guid":{"rendered":"http:\/\/vspa.ee\/?page_id=1018\/"},"modified":"2019-10-21T13:36:55","modified_gmt":"2019-10-21T10:36:55","slug":"iekseji-noteikumi","status":"publish","type":"page","link":"https:\/\/vana.vspa.ee\/lv\/spa-ieksejas-kartibas-noteikumi\/iekseji-noteikumi\/","title":{"rendered":"Iek\u0161\u0113ji noteikumi"},"content":{"rendered":"<h5><span style=\"color: #494949;\">Esam p\u0101rliecin\u0101ti, ka j\u016bs, protams, nedz\u012bvojat p\u0113c principa, ka noteikumi ir, lai tos p\u0101rk\u0101ptu. Zin\u0101m, ka baud\u0101t pat\u012bkamu un dro\u0161u kvalitat\u012bvo laiku un v\u0113lat to ar\u012b citiem. T\u0101d\u0113j\u0101di l\u016bdzam iev\u0113rot sekojo\u0161o:<\/span><\/h5>\n<h5>APMEKL\u0112JUMA LAIKS<\/h5>\n<ul>\n<li>V spa gaida j\u016bs sav\u0101 darba laik\u0101 P-S 9-22, Sv 9-20.<\/li>\n<li>Vien\u0101 apmekl\u0113juma reiz\u0113 \u016bdens un pirts centr\u0101 varat uztur\u0113ties l\u012bdz 4 stund\u0101m.<\/li>\n<li>Ja n\u0101kas, ka baudot atp\u016btas mirk\u013cus, esat zaud\u0113ju\u0161i laika izj\u016btu, jums par to j\u0101veic samaksa saska\u0146\u0101 ar cenr\u0101di.<\/li>\n<li>Papildu maksa par p\u0101rsniegto apmekl\u0113juma laiku tiek apr\u0113\u0137in\u0101ta, balstoties uz sp\u0113k\u0101 eso\u0161o cenr\u0101di.<\/li>\n<li>Ja nak\u0161\u0146ojat viesn\u012bc\u0101, tad \u016bdens un pirts centru varat apmekl\u0113t neierobe\u017eoti t\u0101 darba laik\u0101.<\/li>\n<\/ul>\n<p>&nbsp;<\/p>\n<h5>IEEJAS BI\u013bETES IEG\u0100DE<\/h5>\n<ul>\n<li>Ieg\u0101d\u0101joties spa centra ieejas bi\u013ceti, vienlaikus dodat mums sol\u012bjumu, ka esat pietiekami vesels, sapr\u0101t\u012bgs un iztur\u012bgs, lai izmantotu m\u016bsu pakalpojumus. Ja uz spa centru dodaties kop\u0101 ar savu mazuli, j\u016bs uz\u0146ematies atbild\u012bbu par vi\u0146u.<\/li>\n<li>B\u0113rni, kas jaun\u0101ki par 5 gadiem (ieskaitot), spa centru var apmekl\u0113t bez ieejas maksas kop\u0101 ar pieaugu\u0161o, kur\u0161 ieg\u0101d\u0101jies bi\u013ceti un kop\u012bgi izmanto vienu dr\u0113bju skap\u012bti.<\/li>\n<li>Bi\u013cetes ar atlaid\u0113m ir sp\u0113k\u0101 b\u0113rniem vecum\u0101 no 6 l\u012bdz 18 gadiem, cilv\u0113kiem ar \u012bpa\u0161\u0101m vajadz\u012bb\u0101m un pension\u0101riem, uzr\u0101dot attiec\u012bgu dokumentu.<\/li>\n<li>\u0122imenes ieejas bi\u013cete uz \u016bdens un pirts centru attiecin\u0101ma uz \u0123imeni, kur\u0101 ir l\u012bdz diviem pieaugu\u0161ajiem un l\u012bdz tr\u012bs b\u0113rniem vecum\u0101 no 6 l\u012bdz 18 gadiem.<\/li>\n<li>Ne\u0146emiet \u013caun\u0101, ja re\u0123istr\u0101cijas administrators l\u016bdz uzr\u0101d\u012bt j\u016bsu vecumu apliecino\u0161u dokumentu.<\/li>\n<li>Neatst\u0101jiet \u016bdens prieku baud\u012b\u0161anu uz p\u0113d\u0113jo min\u016bti. Spa centra bi\u013ce\u0161u p\u0101rdo\u0161ana tiek p\u0101rtraukta 30 min\u016btes pirms spa centra sl\u0113g\u0161anas.<\/li>\n<\/ul>\n<p>&nbsp;<\/p>\n<h5>APROCE UN \u0122\u0112RBTUVE<\/h5>\n<ul>\n<li>Spa re\u0123istr\u0101cij\u0101 izsniegsim jums aproci ar iestr\u0101d\u0101tu \u010dipu, ar kuru \u0123\u0113rbtuv\u0113s var\u0113siet atsl\u0113gt savu skap\u012bti. Ja esat ieg\u0101d\u0101jies pirts vai\/ un s\u0101ls pasaules ieejas bi\u013cetes, varat tajos iek\u013c\u016bt ar vienu un to pa\u0161u \u010dipu.<\/li>\n<li>Ja j\u016btat izsalkumu vai sl\u0101pes, tad aproci varat izmantot, lai spa b\u0101ra ieg\u0101d\u0101tos sev \u0113dienus un dz\u0113rienus. Dodoties prom no spa centra, neaizmirstiet pie administratora nor\u0113\u0137in\u0101ties par malt\u012bti. Ja nak\u0161\u0146ojat viesn\u012bc\u0101, tad b\u0101ra r\u0113\u0137inu varat pievienot savam r\u0113\u0137inam par istabu.<\/li>\n<li>Nemainieties sav\u0101 starp\u0101 ar aproc\u0113m, neiznesiet t\u0101s no spa centra.<\/li>\n<li>Ja n\u0101kas, ka esat nozaud\u0113jis savu aproci, tad jums par to j\u0101nor\u0113\u0137in\u0101s, balstoties uz sp\u0113k\u0101 eso\u0161o cenr\u0101di.<\/li>\n<li>Nenob\u012bstieties, ja \u0123\u0113rbtuv\u0113 redzat gan v\u012brie\u0161us, gan sievietes. Izmantojam modernu unisekss tipa \u0123\u0113rbtuvi, tom\u0113r mazg\u0101\u0161an\u0101s telpa dai\u013c\u0101 un stipr\u0101 dzimuma p\u0101rst\u0101vjiem ir atsevi\u0161\u0137i.<\/li>\n<li>Ja esat piemirsu\u0161i savu dvieli, tad pie spa centra administratora varat nom\u0101t dvieli vai peldm\u0113teli atbilsto\u0161i sp\u0113k\u0101 eso\u0161ajam cenr\u0101dim.<\/li>\n<li>\u0122\u0113rbtuv\u0113 izraugieties sev t\u012bkamu skap\u012bti, kuru var\u0113siet atk\u0101rtoti atv\u0113rt un aizv\u0113rt.<\/li>\n<li>Par\u016bp\u0113jieties par sav\u0101m mant\u0101m, jo spa centrs neuz\u0146emas atbild\u012bbu par skap\u012b atst\u0101taj\u0101m mant\u0101m.<\/li>\n<li>T\u0101 k\u0101 t\u012brs \u0137ermenis nav par pamatu sirdsapzi\u0146as p\u0101rmetumiem, l\u016bdzu, pirms do\u0161an\u0101s \u016bdens un pirts centr\u0101, nomazg\u0101jieties. Ja j\u016bsu seju rot\u0101 kosm\u0113tika, l\u016bdzu, no\u0146emiet to, k\u0101 ar\u012b v\u0113lams sa\u0146emiet savus skaistos garos matus.<\/li>\n<li>P\u0113c \u016bdens un pirts centra apmekl\u0113juma un du\u0161as izmanto\u0161anas, l\u016bdzu, noslaukiet \u0137ermeni dviel\u012b. Tikai p\u0113c tam dodieties uz \u0123\u0113rbtuvi.<\/li>\n<li>Matu kr\u0101so\u0161anu, \u0137erme\u0146a kop\u0161anas l\u012bdzek\u013cu izmanto\u0161anu un sk\u016b\u0161anos paturiet starp savas m\u0101jas sien\u0101m.<\/li>\n<li>T\u0101 k\u0101 j\u016bsu vesel\u012bba mums ir svar\u012bga, l\u016bdzu, esiet piesardz\u012bgs du\u0161as telp\u0101s un garderob\u0113s. Gr\u012bdas var b\u016bt slapjas un slidenas.<\/li>\n<li>Ja nom\u0101j\u0101t dvieli vai peldm\u0113teli, l\u016bdzam to atgriezt spa centra administratoram. Ja nom\u0101t\u0101 lieta ir nozaud\u0113ta, tad jums t\u0101 j\u0101kompens\u0113, balstoties uz sp\u0113k\u0101 eso\u0161o cenr\u0101di.<\/li>\n<\/ul>\n<p>&nbsp;<\/p>\n<h5>\u016aDENS UN PIRTS CENTRA ATG\u0100DNE<\/h5>\n<ul>\n<li>J\u016bs izskat\u0101ties labi bikini t\u0113rp\u0101. Neskatoties uz to, \u016bdens un pirts prieku baud\u012b\u0161anai vispiem\u0113rot\u0101k\u0101s ir tradicion\u0101lais peld\u0113\u0161anai paredz\u0113tais ap\u0123\u0113rbs \u2013 peldkost\u012bms un peldbikses.<\/li>\n<li>Ja \u0123imenes mazulis v\u0113l neprot izmantot podi\u0146u, l\u016bdzu, izmantojiet speci\u0101l\u0101s peld\u0113\u0161anai paredz\u0113t\u0101s auti\u0146biks\u012btes.<\/li>\n<li>Raugieties, lai peldvieta un atrakciju izv\u0113le atbilstu j\u016bsu prasm\u0113m, bet pirts j\u016bsu vesel\u012bbas st\u0101voklim.<\/li>\n<li>Neleciet \u016bdens baseinos.<\/li>\n<li>Spa centr\u0101 p\u0101rvietojieties mier\u012bgi \u2013 steiga un skrie\u0161ana uz slapj\u0101s gr\u012bdas var apdraud\u0113t k\u0101 j\u016bs, t\u0101 citus.<\/li>\n<li>V spa neuz\u0146emas atbild\u012bbu par traum\u0101m vai citiem vesel\u012bbas trauc\u0113jumiem.<\/li>\n<li><\/li>\n<li>L\u016bdzu, iev\u0113rojiet spa centr\u0101 izvietot\u0101s z\u012bmes un izk\u0101rtnes.<\/li>\n<li>Jaut\u0101jumu vai probl\u0113mu gad\u012bjum\u0101 l\u016bdzam v\u0113rsties pie gl\u0101b\u0113ja vai spa centra darbinieka.<\/li>\n<li>Neienesiet \u016bdens un pirts centr\u0101 l\u012bdzpa\u0146emto p\u0101rtiku un dz\u0113rienus. Iestiprinieties spa centra b\u0101r\u0101, izmantojot \u0161im nol\u016bkam aproci.<\/li>\n<li>Ja gad\u012bjies iedzert par daudz, tad dro\u0161\u012bbas nol\u016bkos b\u016bsim spiesti j\u016bs izraid\u012bt no spa centra.<\/li>\n<li>Ja j\u016bsu uzved\u012bba ir nedro\u0161a vai nepiem\u0113rota, spa darbinieks dr\u012bkst izteikt jums aizr\u0101d\u012bjumu.<\/li>\n<li>R\u0113\u0137inieties ar citu apmekl\u0113t\u0101ju interes\u0113m un esiet \u012bpa\u0161i piesardz\u012bgi pret b\u0113rniem.<\/li>\n<li>Mazu\u013ciem pieejami da\u017e\u0101di peld\u0113\u0161anas piederumi.<\/li>\n<li>T\u012br\u012bbas un labsaj\u016btas nol\u016bkos pirt\u012bs ar koka l\u0101v\u0101m s\u0113d\u0113\u0161anai l\u016bdzam izmantot pie pirt\u012bm plauktos eso\u0161os dviel\u012b\u0161us. Kad pirts apmekl\u0113jums nosl\u0113gts, dviel\u012bti ievietojiet attiec\u012bgaj\u0101 sav\u0101k\u0161anas kast\u0113.<\/li>\n<li>Ja jums ir lieti\u0161\u0137as piez\u012bmes vai nov\u0113rojumi par spa centra izmanto\u0161anu, l\u016bdzu, dro\u0161i dalieties tajos ar mums.<br \/>\n<span style=\"color: #ffffff;\">Sm\u0113\u0137\u0113t at\u013cauts vien\u012bgi speci\u0101li tam paredz\u0113taj\u0101 telp\u0101.<\/span><\/li>\n<\/ul>\n<p>&nbsp;<\/p>\n<h6>Pateicamies un v\u0113lam jums lieliskus piedz\u012bvojumus spa centr\u0101!<\/h6>\n","protected":false},"excerpt":{"rendered":"<p>Esam p\u0101rliecin\u0101ti, ka j\u016bs, protams, nedz\u012bvojat p\u0113c principa, ka noteikumi ir, lai tos p\u0101rk\u0101ptu. Zin\u0101m, ka baud\u0101t pat\u012bkamu un dro\u0161u&#8230;<\/p>\n","protected":false},"author":1,"featured_media":0,"parent":1015,"menu_order":10,"comment_status":"closed","ping_status":"closed","template":"","meta":{"_acf_changed":false,"_monsterinsights_skip_tracking":false,"_monsterinsights_sitenote_active":false,"_monsterinsights_sitenote_note":"","_monsterinsights_sitenote_category":0,"footnotes":"","_links_to":"","_links_to_target":""},"class_list":["post-1018","page","type-page","status-publish","hentry"],"acf":[],"yoast_head":"<!-- This site is optimized with the Yoast SEO plugin v24.7 - https:\/\/yoast.com\/wordpress\/plugins\/seo\/ -->\n<title>Iek\u0161\u0113ji noteikumi - V Spa<\/title>\n<meta name=\"robots\" content=\"noindex, follow, max-snippet:-1, max-image-preview:large, max-video-preview:-1\" \/>\n<meta property=\"og:locale\" content=\"lv_LV\" \/>\n<meta property=\"og:type\" content=\"article\" \/>\n<meta property=\"og:title\" content=\"Iek\u0161\u0113ji noteikumi - V Spa\" \/>\n<meta property=\"og:description\" content=\"Esam p\u0101rliecin\u0101ti, ka j\u016bs, protams, nedz\u012bvojat p\u0113c principa, ka noteikumi ir, lai tos p\u0101rk\u0101ptu. Zin\u0101m, ka baud\u0101t pat\u012bkamu un dro\u0161u...\" \/>\n<meta property=\"og:url\" content=\"https:\/\/vana.vspa.ee\/spa-hea-tava\/majareeglid\/\" \/>\n<meta property=\"og:site_name\" content=\"V Spa\" \/>\n<meta property=\"article:modified_time\" content=\"2019-10-21T10:36:55+00:00\" \/>\n<meta name=\"twitter:card\" content=\"summary_large_image\" \/>\n<meta name=\"twitter:label1\" content=\"Est. reading time\" \/>\n\t<meta name=\"twitter:data1\" content=\"5 min\u016btes\" \/>\n<script type=\"application\/ld+json\" class=\"yoast-schema-graph\">{\"@context\":\"https:\/\/schema.org\",\"@graph\":[{\"@type\":\"WebPage\",\"@id\":\"https:\/\/vana.vspa.ee\/spa-hea-tava\/majareeglid\/\",\"url\":\"https:\/\/vana.vspa.ee\/spa-hea-tava\/majareeglid\/\",\"name\":\"Iek\u0161\u0113ji noteikumi - V Spa\",\"isPartOf\":{\"@id\":\"https:\/\/vana.vspa.ee\/#website\"},\"datePublished\":\"2017-01-24T07:35:13+00:00\",\"dateModified\":\"2019-10-21T10:36:55+00:00\",\"breadcrumb\":{\"@id\":\"https:\/\/vana.vspa.ee\/spa-hea-tava\/majareeglid\/#breadcrumb\"},\"inLanguage\":\"lv-LV\",\"potentialAction\":[{\"@type\":\"ReadAction\",\"target\":[\"https:\/\/vana.vspa.ee\/spa-hea-tava\/majareeglid\/\"]}]},{\"@type\":\"BreadcrumbList\",\"@id\":\"https:\/\/vana.vspa.ee\/spa-hea-tava\/majareeglid\/#breadcrumb\",\"itemListElement\":[{\"@type\":\"ListItem\",\"position\":1,\"name\":\"Home\",\"item\":\"https:\/\/vana.vspa.ee\/lv\/\"},{\"@type\":\"ListItem\",\"position\":2,\"name\":\"Spa iek\u0161\u0113j\u0101s k\u0101rt\u012bbas noteikumi\",\"item\":\"https:\/\/vana.vspa.ee\/spa-hea-tava\/\"},{\"@type\":\"ListItem\",\"position\":3,\"name\":\"Iek\u0161\u0113ji noteikumi\"}]},{\"@type\":\"WebSite\",\"@id\":\"https:\/\/vana.vspa.ee\/#website\",\"url\":\"https:\/\/vana.vspa.ee\/\",\"name\":\"V Spa\",\"description\":\"V\u00f5ta veest viimast!\",\"potentialAction\":[{\"@type\":\"SearchAction\",\"target\":{\"@type\":\"EntryPoint\",\"urlTemplate\":\"https:\/\/vana.vspa.ee\/?s={search_term_string}\"},\"query-input\":{\"@type\":\"PropertyValueSpecification\",\"valueRequired\":true,\"valueName\":\"search_term_string\"}}],\"inLanguage\":\"lv-LV\"}]}<\/script>\n<!-- \/ Yoast SEO plugin. -->","yoast_head_json":{"title":"Iek\u0161\u0113ji noteikumi - V Spa","robots":{"index":"noindex","follow":"follow","max-snippet":"max-snippet:-1","max-image-preview":"max-image-preview:large","max-video-preview":"max-video-preview:-1"},"og_locale":"lv_LV","og_type":"article","og_title":"Iek\u0161\u0113ji noteikumi - V Spa","og_description":"Esam p\u0101rliecin\u0101ti, ka j\u016bs, protams, nedz\u012bvojat p\u0113c principa, ka noteikumi ir, lai tos p\u0101rk\u0101ptu. Zin\u0101m, ka baud\u0101t pat\u012bkamu un dro\u0161u...","og_url":"https:\/\/vana.vspa.ee\/spa-hea-tava\/majareeglid\/","og_site_name":"V Spa","article_modified_time":"2019-10-21T10:36:55+00:00","twitter_card":"summary_large_image","twitter_misc":{"Est. reading time":"5 min\u016btes"},"schema":{"@context":"https:\/\/schema.org","@graph":[{"@type":"WebPage","@id":"https:\/\/vana.vspa.ee\/spa-hea-tava\/majareeglid\/","url":"https:\/\/vana.vspa.ee\/spa-hea-tava\/majareeglid\/","name":"Iek\u0161\u0113ji noteikumi - V Spa","isPartOf":{"@id":"https:\/\/vana.vspa.ee\/#website"},"datePublished":"2017-01-24T07:35:13+00:00","dateModified":"2019-10-21T10:36:55+00:00","breadcrumb":{"@id":"https:\/\/vana.vspa.ee\/spa-hea-tava\/majareeglid\/#breadcrumb"},"inLanguage":"lv-LV","potentialAction":[{"@type":"ReadAction","target":["https:\/\/vana.vspa.ee\/spa-hea-tava\/majareeglid\/"]}]},{"@type":"BreadcrumbList","@id":"https:\/\/vana.vspa.ee\/spa-hea-tava\/majareeglid\/#breadcrumb","itemListElement":[{"@type":"ListItem","position":1,"name":"Home","item":"https:\/\/vana.vspa.ee\/lv\/"},{"@type":"ListItem","position":2,"name":"Spa iek\u0161\u0113j\u0101s k\u0101rt\u012bbas noteikumi","item":"https:\/\/vana.vspa.ee\/spa-hea-tava\/"},{"@type":"ListItem","position":3,"name":"Iek\u0161\u0113ji noteikumi"}]},{"@type":"WebSite","@id":"https:\/\/vana.vspa.ee\/#website","url":"https:\/\/vana.vspa.ee\/","name":"V Spa","description":"V\u00f5ta veest viimast!","potentialAction":[{"@type":"SearchAction","target":{"@type":"EntryPoint","urlTemplate":"https:\/\/vana.vspa.ee\/?s={search_term_string}"},"query-input":{"@type":"PropertyValueSpecification","valueRequired":true,"valueName":"search_term_string"}}],"inLanguage":"lv-LV"}]}},"_links":{"self":[{"href":"https:\/\/vana.vspa.ee\/lv\/wp-json\/wp\/v2\/pages\/1018","targetHints":{"allow":["GET"]}}],"collection":[{"href":"https:\/\/vana.vspa.ee\/lv\/wp-json\/wp\/v2\/pages"}],"about":[{"href":"https:\/\/vana.vspa.ee\/lv\/wp-json\/wp\/v2\/types\/page"}],"author":[{"embeddable":true,"href":"https:\/\/vana.vspa.ee\/lv\/wp-json\/wp\/v2\/users\/1"}],"replies":[{"embeddable":true,"href":"https:\/\/vana.vspa.ee\/lv\/wp-json\/wp\/v2\/comments?post=1018"}],"version-history":[{"count":0,"href":"https:\/\/vana.vspa.ee\/lv\/wp-json\/wp\/v2\/pages\/1018\/revisions"}],"up":[{"embeddable":true,"href":"https:\/\/vana.vspa.ee\/lv\/wp-json\/wp\/v2\/pages\/1015"}],"wp:attachment":[{"href":"https:\/\/vana.vspa.ee\/lv\/wp-json\/wp\/v2\/media?parent=1018"}],"curies":[{"name":"wp","href":"https:\/\/api.w.org\/{rel}","templated":true}]}}