{"id":1020,"date":"2017-01-24T09:35:40","date_gmt":"2017-01-24T07:35:40","guid":{"rendered":"http:\/\/vspa.ee\/?page_id=1020\/"},"modified":"2017-08-15T10:30:35","modified_gmt":"2017-08-15T07:30:35","slug":"spa-ieksejas-kartibas-noteikumi","status":"publish","type":"page","link":"https:\/\/vana.vspa.ee\/lv\/spa-ieksejas-kartibas-noteikumi\/spa-ieksejas-kartibas-noteikumi\/","title":{"rendered":"Spa iek\u0161\u0113j\u0101s k\u0101rt\u012bbas noteikumi"},"content":{"rendered":"<h4><img decoding=\"async\" class=\"alignright size-large wp-image-851\" src=\"https:\/\/vspa.ee\/wp-content\/uploads\/2016\/11\/image001-682x1024.jpg\" alt=\"image001\" width=\"682\" height=\"1024\" srcset=\"https:\/\/vana.vspa.ee\/wp-content\/uploads\/2016\/11\/image001-682x1024.jpg 682w, https:\/\/vana.vspa.ee\/wp-content\/uploads\/2016\/11\/image001-800x1201.jpg 800w, https:\/\/vana.vspa.ee\/wp-content\/uploads\/2016\/11\/image001-200x300.jpg 200w, https:\/\/vana.vspa.ee\/wp-content\/uploads\/2016\/11\/image001-768x1153.jpg 768w, https:\/\/vana.vspa.ee\/wp-content\/uploads\/2016\/11\/image001-78x117.jpg 78w, https:\/\/vana.vspa.ee\/wp-content\/uploads\/2016\/11\/image001-120x180.jpg 120w, https:\/\/vana.vspa.ee\/wp-content\/uploads\/2016\/11\/image001.jpg 864w\" sizes=\"(max-width: 682px) 100vw, 682px\" \/>D\u0101rgie V spa apmekl\u0113t\u0101ji!<\/h4>\n<h5><span style=\"color: #494949;\">J\u016bs, protams, v\u0113laties pie mums justies labi un \u0113rti. M\u0113s savuk\u0101rt v\u0113lamies, lai vienm\u0113r ar prieku atgrie\u017eaties. Lai j\u016bsu apmekl\u0113jumu spa centr\u0101 padar\u012btu iesp\u0113jami pat\u012bkam\u0101ku, l\u016bdzu, iev\u0113rojiet V spa ieviestos iek\u0161\u0113j\u0101s k\u0101rt\u012bbas noteikumus.<\/span><\/h5>\n<h5>PROCED\u016aRU REZERV\u0112\u0160ANA<\/h5>\n<ul>\n<li>Izraudz\u012bt\u0101s proced\u016bras rezerv\u0101ciju veiciet laikus m\u0101jaslap\u0101 <a href=\"http:\/\/vspahotel.ee\">vspahotel.ee<\/a> spa izv\u0113ln\u0113, nos\u016btot e-v\u0113stuli uz <a href=\"mailto:info@vspa.ee\">info@vspa.ee<\/a> vai zvanot pa spa centra \u201cWellness\u201d re\u0123istr\u0101cijas t\u0101lruni +372\u00a0740 4070.<\/li>\n<li>Pirms rezerv\u0113\u0161anas p\u0101rliecinieties, lai j\u016bsu vesel\u012bba b\u016btu atbilsto\u0161a attiec\u012bg\u0101s proced\u016bras veik\u0161anai.<\/li>\n<li>Ja v\u0113laties, ka proced\u016bras veik\u0161anu uz\u0146emas k\u0101ds konkr\u0113ts vai j\u016bsu iem\u012b\u013cots speci\u0101lists, tad, veicot rezerv\u0101ciju, inform\u0113jiet m\u016bs par to.<\/li>\n<li>Dro\u0161i vaic\u0101jiet \u2013 spa centra administratori cent\u012bsies laipni atbild\u0113t uz visiem j\u016bsu jaut\u0101jumiem.<\/li>\n<\/ul>\n<p>&nbsp;<\/p>\n<h5>REZERV\u0112T\u0100S PROCED\u016aRAS MAI\u0145A UN ANUL\u0112\u0160ANA<\/h5>\n<ul>\n<li>Saprotam, ka da\u017ek\u0101rt var rasties negaid\u012btas izmai\u0146as. Ja kav\u0113jat 15 min\u016btes, tad attiec\u012bgi par ceturtda\u013cstundu samazin\u0101s ar\u012b j\u016bsu proced\u016brai atvelt\u012btais laiks. Ja ierodaties v\u0113l v\u0113l\u0101k, nevaram jums garant\u0113t proced\u016bras norisi. Ir v\u0113rts atcer\u0113ties, ka, neskatoties uz kav\u0113jumu, par proced\u016bru j\u0101veic pilna apmaksa. Ja nepiecie\u0161ams, varat rezerv\u0101cijas laiku groz\u012bt atbilsto\u0161i pieejamajiem laikiem.<\/li>\n<li>Gad\u012bjum\u0101, ja jums nav iesp\u0113jams ierasties uz rezerv\u0113to relaks\u0101cijas seansu, l\u016bdzam to dar\u012bt zin\u0101mu vismaz 24 stundas pirms proced\u016bras pa e-pastu <a href=\"mailto:info@vspa.ee\">info@vspa.ee<\/a> vai t\u0101lruni +372\u00a0740 4070. Proced\u016bru var anul\u0113t ar\u012b m\u0101jaslap\u0101 <a href=\"http:\/\/vspahotel.ee\">vspahotel.ee<\/a> spa izv\u0113ln\u0113.<\/li>\n<li>Par proced\u016bru veikt\u0101 priek\u0161apmaksa netiek atgriezta.<\/li>\n<\/ul>\n<p>&nbsp;<\/p>\n<h5>PROCED\u016aRAS<\/h5>\n<ul>\n<li>Saprotam, ka da\u017ek\u0101rt laiks t\u0101 paskrien un katra min\u016bte ir no svara. Tom\u0113r cen\u0161aties uz proced\u016bru ierasties 5-10 min\u016btes agr\u0101k, lai var\u0113tu inform\u0113t spa centra administratoru par savu iera\u0161anos, atst\u0101t virsdr\u0113bes garderob\u0113 un noska\u0146oties uz gaid\u0101mo relaks\u0101cijas seansu..<\/li>\n<li>Lai gan esam p\u0101rliecin\u0101ti, ka j\u016bsu t\u0101lru\u0146a zvana sign\u0101lam piem\u012bt pat\u012bkama ska\u0146a, l\u016bdzam to p\u0101rsl\u0113gt uz klusuma re\u017e\u012bmu, un spa koplieto\u0161anas telp\u0101s run\u0101jiet klus\u0101 bals\u012b.<\/li>\n<li>B\u0113rni ir m\u016bsu dz\u012bves ziedi, t\u0101d\u0113\u013c ar\u012b neatst\u0101jiet tos bez uzraudz\u012bbas un izskaidrojiet tiem spa centra eti\u0137eti.<\/li>\n<li>Ja jums paredz\u0113ta relaks\u0113jo\u0161a mas\u0101\u017ea vai vannas un roku kop\u0161anas proced\u016bra, l\u016bdzam iepriek\u0161 no\u0146emt visas zelta rotas.<\/li>\n<li>Ar pilnu atbild\u012bbu jums apsol\u0101m, ka spa proced\u016bras veic profesion\u0101li spa centra apkalpot\u0101ji, kas izmanto vien\u012bgi kvalitat\u012bvus skaistumkop\u0161anas produktus.<\/li>\n<li>Pirms \u013caujat mums par sevi par\u016bp\u0113ties, izst\u0101stiet atkl\u0101ti speci\u0101listam par sav\u0101m vesel\u012bbas probl\u0113m\u0101m un \u012bpa\u0161o situ\u0101ciju (hroniskas saslim\u0161anas, aler\u0123ijas, b\u0113rna gaid\u012bbas u.tml.).<\/li>\n<li>Proced\u016bras laik\u0101 inform\u0113sim j\u016bs par to, k\u0101di produkti tiek izmantoti, k\u0101d\u0101 posm\u0101 atrodamies un k\u0101da ir paredzam\u0101 iedarb\u012bba.<\/li>\n<li>Mums ir svar\u012bgi, lai j\u016bs sasniegtu 100% apmierin\u0101t\u012bbu. Dro\u0161i inform\u0113jiet spa centra apkalpot\u0101ju, vai jums ir \u0113rti un labi.<\/li>\n<li>B\u016bsim \u013coti pateic\u012bgi, ja p\u0113c proced\u016bras sniegsiet konstrukt\u012bvas atsauksmes par pieredz\u0113to. \u0160\u012b v\u0113rt\u012bg\u0101 inform\u0101cija pal\u012bdz\u0113s mums lab\u0101k izprast j\u016bsu gaidas, cer\u012bbas un vajadz\u012bbas, k\u0101 ar\u012b, pateicoties t\u0101m, n\u0101kamaj\u0101s reizes v\u0113l vair\u0101k var\u0113sim j\u016bs iepriecin\u0101t.<\/li>\n<\/ul>\n","protected":false},"excerpt":{"rendered":"<p>D\u0101rgie V spa apmekl\u0113t\u0101ji! J\u016bs, protams, v\u0113laties pie mums justies labi un \u0113rti. M\u0113s savuk\u0101rt v\u0113lamies, lai vienm\u0113r ar prieku&#8230;<\/p>\n","protected":false},"author":1,"featured_media":0,"parent":1015,"menu_order":0,"comment_status":"closed","ping_status":"closed","template":"","meta":{"_acf_changed":false,"_monsterinsights_skip_tracking":false,"_monsterinsights_sitenote_active":false,"_monsterinsights_sitenote_note":"","_monsterinsights_sitenote_category":0,"footnotes":"","_links_to":"","_links_to_target":""},"class_list":["post-1020","page","type-page","status-publish","hentry"],"acf":[],"yoast_head":"<!-- This site is optimized with the Yoast SEO plugin v24.7 - https:\/\/yoast.com\/wordpress\/plugins\/seo\/ -->\n<title>Spa iek\u0161\u0113j\u0101s k\u0101rt\u012bbas noteikumi - V Spa<\/title>\n<meta name=\"robots\" content=\"noindex, follow, max-snippet:-1, max-image-preview:large, max-video-preview:-1\" \/>\n<meta property=\"og:locale\" content=\"lv_LV\" \/>\n<meta property=\"og:type\" content=\"article\" \/>\n<meta property=\"og:title\" content=\"Spa iek\u0161\u0113j\u0101s k\u0101rt\u012bbas noteikumi - V Spa\" \/>\n<meta property=\"og:description\" content=\"D\u0101rgie V spa apmekl\u0113t\u0101ji! J\u016bs, protams, v\u0113laties pie mums justies labi un \u0113rti. M\u0113s savuk\u0101rt v\u0113lamies, lai vienm\u0113r ar prieku...\" \/>\n<meta property=\"og:url\" content=\"https:\/\/vana.vspa.ee\/lv\/spa-ieksejas-kartibas-noteikumi\/spa-ieksejas-kartibas-noteikumi\/\" \/>\n<meta property=\"og:site_name\" content=\"V Spa\" \/>\n<meta property=\"article:modified_time\" content=\"2017-08-15T07:30:35+00:00\" \/>\n<meta property=\"og:image\" content=\"https:\/\/vspa.ee\/wp-content\/uploads\/2016\/11\/image001-682x1024.jpg\" \/>\n<meta name=\"twitter:card\" content=\"summary_large_image\" \/>\n<meta name=\"twitter:label1\" content=\"Est. reading time\" \/>\n\t<meta name=\"twitter:data1\" content=\"3 min\u016btes\" \/>\n<script type=\"application\/ld+json\" class=\"yoast-schema-graph\">{\"@context\":\"https:\/\/schema.org\",\"@graph\":[{\"@type\":\"WebPage\",\"@id\":\"https:\/\/vana.vspa.ee\/lv\/spa-ieksejas-kartibas-noteikumi\/spa-ieksejas-kartibas-noteikumi\/\",\"url\":\"https:\/\/vana.vspa.ee\/lv\/spa-ieksejas-kartibas-noteikumi\/spa-ieksejas-kartibas-noteikumi\/\",\"name\":\"Spa iek\u0161\u0113j\u0101s k\u0101rt\u012bbas noteikumi - V Spa\",\"isPartOf\":{\"@id\":\"https:\/\/vana.vspa.ee\/#website\"},\"primaryImageOfPage\":{\"@id\":\"https:\/\/vana.vspa.ee\/lv\/spa-ieksejas-kartibas-noteikumi\/spa-ieksejas-kartibas-noteikumi\/#primaryimage\"},\"image\":{\"@id\":\"https:\/\/vana.vspa.ee\/lv\/spa-ieksejas-kartibas-noteikumi\/spa-ieksejas-kartibas-noteikumi\/#primaryimage\"},\"thumbnailUrl\":\"https:\/\/vspa.ee\/wp-content\/uploads\/2016\/11\/image001-682x1024.jpg\",\"datePublished\":\"2017-01-24T07:35:40+00:00\",\"dateModified\":\"2017-08-15T07:30:35+00:00\",\"breadcrumb\":{\"@id\":\"https:\/\/vana.vspa.ee\/lv\/spa-ieksejas-kartibas-noteikumi\/spa-ieksejas-kartibas-noteikumi\/#breadcrumb\"},\"inLanguage\":\"lv-LV\",\"potentialAction\":[{\"@type\":\"ReadAction\",\"target\":[\"https:\/\/vana.vspa.ee\/lv\/spa-ieksejas-kartibas-noteikumi\/spa-ieksejas-kartibas-noteikumi\/\"]}]},{\"@type\":\"ImageObject\",\"inLanguage\":\"lv-LV\",\"@id\":\"https:\/\/vana.vspa.ee\/lv\/spa-ieksejas-kartibas-noteikumi\/spa-ieksejas-kartibas-noteikumi\/#primaryimage\",\"url\":\"https:\/\/vspa.ee\/wp-content\/uploads\/2016\/11\/image001-682x1024.jpg\",\"contentUrl\":\"https:\/\/vspa.ee\/wp-content\/uploads\/2016\/11\/image001-682x1024.jpg\"},{\"@type\":\"BreadcrumbList\",\"@id\":\"https:\/\/vana.vspa.ee\/lv\/spa-ieksejas-kartibas-noteikumi\/spa-ieksejas-kartibas-noteikumi\/#breadcrumb\",\"itemListElement\":[{\"@type\":\"ListItem\",\"position\":1,\"name\":\"Home\",\"item\":\"https:\/\/vana.vspa.ee\/lv\/\"},{\"@type\":\"ListItem\",\"position\":2,\"name\":\"Spa iek\u0161\u0113j\u0101s k\u0101rt\u012bbas noteikumi\",\"item\":\"https:\/\/vana.vspa.ee\/spa-hea-tava\/\"},{\"@type\":\"ListItem\",\"position\":3,\"name\":\"Spa iek\u0161\u0113j\u0101s k\u0101rt\u012bbas noteikumi\"}]},{\"@type\":\"WebSite\",\"@id\":\"https:\/\/vana.vspa.ee\/#website\",\"url\":\"https:\/\/vana.vspa.ee\/\",\"name\":\"V Spa\",\"description\":\"V\u00f5ta veest viimast!\",\"potentialAction\":[{\"@type\":\"SearchAction\",\"target\":{\"@type\":\"EntryPoint\",\"urlTemplate\":\"https:\/\/vana.vspa.ee\/?s={search_term_string}\"},\"query-input\":{\"@type\":\"PropertyValueSpecification\",\"valueRequired\":true,\"valueName\":\"search_term_string\"}}],\"inLanguage\":\"lv-LV\"}]}<\/script>\n<!-- \/ Yoast SEO plugin. -->","yoast_head_json":{"title":"Spa iek\u0161\u0113j\u0101s k\u0101rt\u012bbas noteikumi - V Spa","robots":{"index":"noindex","follow":"follow","max-snippet":"max-snippet:-1","max-image-preview":"max-image-preview:large","max-video-preview":"max-video-preview:-1"},"og_locale":"lv_LV","og_type":"article","og_title":"Spa iek\u0161\u0113j\u0101s k\u0101rt\u012bbas noteikumi - V Spa","og_description":"D\u0101rgie V spa apmekl\u0113t\u0101ji! J\u016bs, protams, v\u0113laties pie mums justies labi un \u0113rti. M\u0113s savuk\u0101rt v\u0113lamies, lai vienm\u0113r ar prieku...","og_url":"https:\/\/vana.vspa.ee\/lv\/spa-ieksejas-kartibas-noteikumi\/spa-ieksejas-kartibas-noteikumi\/","og_site_name":"V Spa","article_modified_time":"2017-08-15T07:30:35+00:00","og_image":[{"url":"https:\/\/vspa.ee\/wp-content\/uploads\/2016\/11\/image001-682x1024.jpg","type":"","width":"","height":""}],"twitter_card":"summary_large_image","twitter_misc":{"Est. reading time":"3 min\u016btes"},"schema":{"@context":"https:\/\/schema.org","@graph":[{"@type":"WebPage","@id":"https:\/\/vana.vspa.ee\/lv\/spa-ieksejas-kartibas-noteikumi\/spa-ieksejas-kartibas-noteikumi\/","url":"https:\/\/vana.vspa.ee\/lv\/spa-ieksejas-kartibas-noteikumi\/spa-ieksejas-kartibas-noteikumi\/","name":"Spa iek\u0161\u0113j\u0101s k\u0101rt\u012bbas noteikumi - V Spa","isPartOf":{"@id":"https:\/\/vana.vspa.ee\/#website"},"primaryImageOfPage":{"@id":"https:\/\/vana.vspa.ee\/lv\/spa-ieksejas-kartibas-noteikumi\/spa-ieksejas-kartibas-noteikumi\/#primaryimage"},"image":{"@id":"https:\/\/vana.vspa.ee\/lv\/spa-ieksejas-kartibas-noteikumi\/spa-ieksejas-kartibas-noteikumi\/#primaryimage"},"thumbnailUrl":"https:\/\/vspa.ee\/wp-content\/uploads\/2016\/11\/image001-682x1024.jpg","datePublished":"2017-01-24T07:35:40+00:00","dateModified":"2017-08-15T07:30:35+00:00","breadcrumb":{"@id":"https:\/\/vana.vspa.ee\/lv\/spa-ieksejas-kartibas-noteikumi\/spa-ieksejas-kartibas-noteikumi\/#breadcrumb"},"inLanguage":"lv-LV","potentialAction":[{"@type":"ReadAction","target":["https:\/\/vana.vspa.ee\/lv\/spa-ieksejas-kartibas-noteikumi\/spa-ieksejas-kartibas-noteikumi\/"]}]},{"@type":"ImageObject","inLanguage":"lv-LV","@id":"https:\/\/vana.vspa.ee\/lv\/spa-ieksejas-kartibas-noteikumi\/spa-ieksejas-kartibas-noteikumi\/#primaryimage","url":"https:\/\/vspa.ee\/wp-content\/uploads\/2016\/11\/image001-682x1024.jpg","contentUrl":"https:\/\/vspa.ee\/wp-content\/uploads\/2016\/11\/image001-682x1024.jpg"},{"@type":"BreadcrumbList","@id":"https:\/\/vana.vspa.ee\/lv\/spa-ieksejas-kartibas-noteikumi\/spa-ieksejas-kartibas-noteikumi\/#breadcrumb","itemListElement":[{"@type":"ListItem","position":1,"name":"Home","item":"https:\/\/vana.vspa.ee\/lv\/"},{"@type":"ListItem","position":2,"name":"Spa iek\u0161\u0113j\u0101s k\u0101rt\u012bbas noteikumi","item":"https:\/\/vana.vspa.ee\/spa-hea-tava\/"},{"@type":"ListItem","position":3,"name":"Spa iek\u0161\u0113j\u0101s k\u0101rt\u012bbas noteikumi"}]},{"@type":"WebSite","@id":"https:\/\/vana.vspa.ee\/#website","url":"https:\/\/vana.vspa.ee\/","name":"V Spa","description":"V\u00f5ta veest viimast!","potentialAction":[{"@type":"SearchAction","target":{"@type":"EntryPoint","urlTemplate":"https:\/\/vana.vspa.ee\/?s={search_term_string}"},"query-input":{"@type":"PropertyValueSpecification","valueRequired":true,"valueName":"search_term_string"}}],"inLanguage":"lv-LV"}]}},"_links":{"self":[{"href":"https:\/\/vana.vspa.ee\/lv\/wp-json\/wp\/v2\/pages\/1020","targetHints":{"allow":["GET"]}}],"collection":[{"href":"https:\/\/vana.vspa.ee\/lv\/wp-json\/wp\/v2\/pages"}],"about":[{"href":"https:\/\/vana.vspa.ee\/lv\/wp-json\/wp\/v2\/types\/page"}],"author":[{"embeddable":true,"href":"https:\/\/vana.vspa.ee\/lv\/wp-json\/wp\/v2\/users\/1"}],"replies":[{"embeddable":true,"href":"https:\/\/vana.vspa.ee\/lv\/wp-json\/wp\/v2\/comments?post=1020"}],"version-history":[{"count":0,"href":"https:\/\/vana.vspa.ee\/lv\/wp-json\/wp\/v2\/pages\/1020\/revisions"}],"up":[{"embeddable":true,"href":"https:\/\/vana.vspa.ee\/lv\/wp-json\/wp\/v2\/pages\/1015"}],"wp:attachment":[{"href":"https:\/\/vana.vspa.ee\/lv\/wp-json\/wp\/v2\/media?parent=1020"}],"curies":[{"name":"wp","href":"https:\/\/api.w.org\/{rel}","templated":true}]}}