{"id":1036,"date":"2017-01-24T09:50:13","date_gmt":"2017-01-24T07:50:13","guid":{"rendered":"http:\/\/vspa.ee\/?page_id=1036\/"},"modified":"2022-07-29T10:17:25","modified_gmt":"2022-07-29T07:17:25","slug":"kontakt","status":"publish","type":"page","link":"https:\/\/vana.vspa.ee\/lv\/kontakt\/","title":{"rendered":"Kontakti"},"content":{"rendered":"<p><strong>V Spa<\/strong><br \/>\nRiia 2, Tartu<br \/>\n(Kvartal tirdzniec\u012bbas centrs 4. st\u0101vs)<\/p>\n<p><strong>Spa klientu apkalpo\u0161ana:<\/strong><br \/>\nE-pasts: <a href=\"mailto:info@vspa.ee\">info@vspa.ee<\/a><\/p>\n<p>\u016adens un pirts centrs: +372 740 4090<br \/>\nWellness proced\u016bras: +372\u00a0740 4070<\/p>\n<p><strong>R2 Spa O\u00dc<\/strong><br \/>\nUjula 2, Tartu<br \/>\nRe\u0123. Nr. 12961526<\/p>\n<p>&nbsp;<\/p>\n","protected":false},"excerpt":{"rendered":"<p>V Spa Riia 2, Tartu (Kvartal tirdzniec\u012bbas centrs 4. st\u0101vs) Spa klientu apkalpo\u0161ana: E-pasts: info@vspa.ee \u016adens un pirts centrs: +372&#8230;<\/p>\n","protected":false},"author":1,"featured_media":0,"parent":0,"menu_order":70,"comment_status":"closed","ping_status":"closed","template":"templates\/tpl-contact.php","meta":{"_acf_changed":false,"_monsterinsights_skip_tracking":false,"_monsterinsights_sitenote_active":false,"_monsterinsights_sitenote_note":"","_monsterinsights_sitenote_category":0,"footnotes":"","_links_to":"","_links_to_target":""},"class_list":["post-1036","page","type-page","status-publish","hentry"],"acf":[],"yoast_head":"<!-- This site is optimized with the Yoast SEO plugin v24.7 - https:\/\/yoast.com\/wordpress\/plugins\/seo\/ -->\n<title>Kontakti - V Spa<\/title>\n<meta name=\"robots\" content=\"noindex, follow, max-snippet:-1, max-image-preview:large, max-video-preview:-1\" \/>\n<meta property=\"og:locale\" content=\"lv_LV\" \/>\n<meta property=\"og:type\" content=\"article\" \/>\n<meta property=\"og:title\" content=\"Kontakti - V Spa\" \/>\n<meta property=\"og:description\" content=\"V Spa Riia 2, Tartu (Kvartal tirdzniec\u012bbas centrs 4. st\u0101vs) Spa klientu apkalpo\u0161ana: E-pasts: info@vspa.ee \u016adens un pirts centrs: +372...\" \/>\n<meta property=\"og:url\" content=\"https:\/\/vana.vspa.ee\/kontakt\/\" \/>\n<meta property=\"og:site_name\" content=\"V Spa\" \/>\n<meta property=\"article:modified_time\" content=\"2022-07-29T07:17:25+00:00\" \/>\n<meta name=\"twitter:card\" content=\"summary_large_image\" \/>\n<meta name=\"twitter:label1\" content=\"Est. reading time\" \/>\n\t<meta name=\"twitter:data1\" content=\"1 min\u016b\u0161u\" \/>\n<script type=\"application\/ld+json\" class=\"yoast-schema-graph\">{\"@context\":\"https:\/\/schema.org\",\"@graph\":[{\"@type\":\"WebPage\",\"@id\":\"https:\/\/vana.vspa.ee\/kontakt\/\",\"url\":\"https:\/\/vana.vspa.ee\/kontakt\/\",\"name\":\"Kontakti - V Spa\",\"isPartOf\":{\"@id\":\"https:\/\/vana.vspa.ee\/#website\"},\"datePublished\":\"2017-01-24T07:50:13+00:00\",\"dateModified\":\"2022-07-29T07:17:25+00:00\",\"breadcrumb\":{\"@id\":\"https:\/\/vana.vspa.ee\/kontakt\/#breadcrumb\"},\"inLanguage\":\"lv-LV\",\"potentialAction\":[{\"@type\":\"ReadAction\",\"target\":[\"https:\/\/vana.vspa.ee\/kontakt\/\"]}]},{\"@type\":\"BreadcrumbList\",\"@id\":\"https:\/\/vana.vspa.ee\/kontakt\/#breadcrumb\",\"itemListElement\":[{\"@type\":\"ListItem\",\"position\":1,\"name\":\"Home\",\"item\":\"https:\/\/vana.vspa.ee\/lv\/\"},{\"@type\":\"ListItem\",\"position\":2,\"name\":\"Kontakti\"}]},{\"@type\":\"WebSite\",\"@id\":\"https:\/\/vana.vspa.ee\/#website\",\"url\":\"https:\/\/vana.vspa.ee\/\",\"name\":\"V Spa\",\"description\":\"V\u00f5ta veest viimast!\",\"potentialAction\":[{\"@type\":\"SearchAction\",\"target\":{\"@type\":\"EntryPoint\",\"urlTemplate\":\"https:\/\/vana.vspa.ee\/?s={search_term_string}\"},\"query-input\":{\"@type\":\"PropertyValueSpecification\",\"valueRequired\":true,\"valueName\":\"search_term_string\"}}],\"inLanguage\":\"lv-LV\"}]}<\/script>\n<!-- \/ Yoast SEO plugin. -->","yoast_head_json":{"title":"Kontakti - V Spa","robots":{"index":"noindex","follow":"follow","max-snippet":"max-snippet:-1","max-image-preview":"max-image-preview:large","max-video-preview":"max-video-preview:-1"},"og_locale":"lv_LV","og_type":"article","og_title":"Kontakti - V Spa","og_description":"V Spa Riia 2, Tartu (Kvartal tirdzniec\u012bbas centrs 4. st\u0101vs) Spa klientu apkalpo\u0161ana: E-pasts: info@vspa.ee \u016adens un pirts centrs: +372...","og_url":"https:\/\/vana.vspa.ee\/kontakt\/","og_site_name":"V Spa","article_modified_time":"2022-07-29T07:17:25+00:00","twitter_card":"summary_large_image","twitter_misc":{"Est. reading time":"1 min\u016b\u0161u"},"schema":{"@context":"https:\/\/schema.org","@graph":[{"@type":"WebPage","@id":"https:\/\/vana.vspa.ee\/kontakt\/","url":"https:\/\/vana.vspa.ee\/kontakt\/","name":"Kontakti - V Spa","isPartOf":{"@id":"https:\/\/vana.vspa.ee\/#website"},"datePublished":"2017-01-24T07:50:13+00:00","dateModified":"2022-07-29T07:17:25+00:00","breadcrumb":{"@id":"https:\/\/vana.vspa.ee\/kontakt\/#breadcrumb"},"inLanguage":"lv-LV","potentialAction":[{"@type":"ReadAction","target":["https:\/\/vana.vspa.ee\/kontakt\/"]}]},{"@type":"BreadcrumbList","@id":"https:\/\/vana.vspa.ee\/kontakt\/#breadcrumb","itemListElement":[{"@type":"ListItem","position":1,"name":"Home","item":"https:\/\/vana.vspa.ee\/lv\/"},{"@type":"ListItem","position":2,"name":"Kontakti"}]},{"@type":"WebSite","@id":"https:\/\/vana.vspa.ee\/#website","url":"https:\/\/vana.vspa.ee\/","name":"V Spa","description":"V\u00f5ta veest viimast!","potentialAction":[{"@type":"SearchAction","target":{"@type":"EntryPoint","urlTemplate":"https:\/\/vana.vspa.ee\/?s={search_term_string}"},"query-input":{"@type":"PropertyValueSpecification","valueRequired":true,"valueName":"search_term_string"}}],"inLanguage":"lv-LV"}]}},"_links":{"self":[{"href":"https:\/\/vana.vspa.ee\/lv\/wp-json\/wp\/v2\/pages\/1036","targetHints":{"allow":["GET"]}}],"collection":[{"href":"https:\/\/vana.vspa.ee\/lv\/wp-json\/wp\/v2\/pages"}],"about":[{"href":"https:\/\/vana.vspa.ee\/lv\/wp-json\/wp\/v2\/types\/page"}],"author":[{"embeddable":true,"href":"https:\/\/vana.vspa.ee\/lv\/wp-json\/wp\/v2\/users\/1"}],"replies":[{"embeddable":true,"href":"https:\/\/vana.vspa.ee\/lv\/wp-json\/wp\/v2\/comments?post=1036"}],"version-history":[{"count":1,"href":"https:\/\/vana.vspa.ee\/lv\/wp-json\/wp\/v2\/pages\/1036\/revisions"}],"predecessor-version":[{"id":35058,"href":"https:\/\/vana.vspa.ee\/lv\/wp-json\/wp\/v2\/pages\/1036\/revisions\/35058"}],"wp:attachment":[{"href":"https:\/\/vana.vspa.ee\/lv\/wp-json\/wp\/v2\/media?parent=1036"}],"curies":[{"name":"wp","href":"https:\/\/api.w.org\/{rel}","templated":true}]}}