{"id":1061,"date":"2017-01-24T10:04:44","date_gmt":"2017-01-24T08:04:44","guid":{"rendered":"http:\/\/vspa.ee\/?page_id=1061\/"},"modified":"2020-04-23T10:46:46","modified_gmt":"2020-04-23T07:46:46","slug":"sals-pasaule","status":"publish","type":"page","link":"https:\/\/vana.vspa.ee\/lv\/udens-un-pirts-centrs\/sals-pasaule\/","title":{"rendered":"S\u0101ls pasaule"},"content":{"rendered":"<div id=\"pl-1061\"  class=\"panel-layout\" ><div id=\"pg-1061-0\"  class=\"panel-grid panel-no-style\" ><div id=\"pgc-1061-0-0\"  class=\"panel-grid-cell\" ><div id=\"panel-1061-0-0-0\" class=\"so-panel widget widget_sow-editor panel-first-child panel-last-child\" data-index=\"0\" ><div\n\t\t\t\n\t\t\tclass=\"so-widget-sow-editor so-widget-sow-editor-base\"\n\t\t\t\n\t\t>\n<div class=\"siteorigin-widget-tinymce textwidget\">\n\t<h4><span style=\"color: #000000;\">S\u0101ls var dar\u012bt br\u012bnumus ne vien ar <span style=\"color: #494949;\">bezgar\u0161\u012bgu<\/span> \u0113dienu, bet ar\u012b ar j\u016bsu \u0137ermeni un garu. V spa s\u0101ls pasaul\u0113 varat relaks\u0113ties un uzlabot vesel\u012bbu div\u0101s da\u017e\u0101da tipa pirt\u012bs.<\/span><\/h4>\n<\/div>\n<\/div><\/div><\/div><div id=\"pgc-1061-0-1\"  class=\"panel-grid-cell\" ><\/div><\/div><div id=\"pg-1061-1\"  class=\"panel-grid panel-has-style\" ><div class=\"panel-row-style panel-row-style-for-1061-1\" ><div id=\"pgc-1061-1-0\"  class=\"panel-grid-cell\" ><div id=\"panel-1061-1-0-0\" class=\"so-panel widget widget_sow-editor panel-first-child panel-last-child\" data-index=\"2\" ><div\n\t\t\t\n\t\t\tclass=\"so-widget-sow-editor so-widget-sow-editor-base\"\n\t\t\t\n\t\t>\n<div class=\"siteorigin-widget-tinymce textwidget\">\n\t<h5>S\u0101ls akmens pirts (temperat\u016bra 60\u2070\u0421)<\/h5>\n<p>\u0160\u012b pirts \u012bpa\u0161i noder\u012bga tiem, kuriem v\u0113rojamas elpo\u0161anas probl\u0113mas, aler\u0123iskas saslim\u0161anas vai astma. Pirt\u012b, kur\u0101 ir zema temperat\u016bra un gaisa mitrums, uz sien\u0101m izmantoti dab\u012bg\u0101 s\u0101ls pane\u013ci. J\u016bsu \u0137ermenis att\u012br\u012bsies, un \u0101da sp\u0113s lab\u0101k elpot. Atsl\u0101bin\u0101\u0161an\u0101s un spriedzes mazin\u0101\u0161ana nekad v\u0113l nav bijusi tik baud\u0101ma.<\/p>\n<\/div>\n<\/div><\/div><\/div><div id=\"pgc-1061-1-1\"  class=\"panel-grid-cell\" ><div id=\"panel-1061-1-1-0\" class=\"so-panel widget widget_sow-editor panel-first-child panel-last-child\" data-index=\"3\" ><div\n\t\t\t\n\t\t\tclass=\"so-widget-sow-editor so-widget-sow-editor-base\"\n\t\t\t\n\t\t>\n<div class=\"siteorigin-widget-tinymce textwidget\">\n\t<h5>S\u0101ls un tvaika pirts (temperat\u016bra 40-44\u2070\u0421)<\/h5>\n<p>Ja, j\u016bsupr\u0101t, siltums, s\u0101ls un tvaiks ir lieliska trijotne, tad \u0161\u012b pirts ar 100% mitruma l\u012bmeni jums b\u016bs pati piem\u0113rot\u0101k\u0101. Ier\u012bv\u0113jiet \u0101du ar dab\u012bgo j\u016bras s\u0101li un \u013caujiet tai iedarboties 5-10 min\u016btes. P\u0113c du\u0161as jut\u012bsiet, ka \u0101da k\u013cuvusi m\u012bkst\u0101ka, glud\u0101ka, dz\u012bvotsp\u0113j\u012bg\u0101ka un mirdzo\u0161\u0101ka. Vienlaikus s\u0101\u013c\u0101 gaisa ieelpo\u0161ana atvese\u013cojo\u0161i iedarbojas ar\u012b uz elpce\u013ciem.<\/p>\n<\/div>\n<\/div><\/div><\/div><\/div><\/div><div id=\"pg-1061-2\"  class=\"panel-grid panel-has-style\" ><div class=\"panel-row-style panel-row-style-for-1061-2\" ><div id=\"pgc-1061-2-0\"  class=\"panel-grid-cell panel-grid-cell-mobile-last\" ><div id=\"panel-1061-2-0-0\" class=\"so-panel widget widget_sow-editor panel-first-child panel-last-child\" data-index=\"4\" ><div\n\t\t\t\n\t\t\tclass=\"so-widget-sow-editor so-widget-sow-editor-base\"\n\t\t\t\n\t\t>\n<div class=\"siteorigin-widget-tinymce textwidget\">\n\t<h5>Vanna p\u0113d\u0101m ar n\u0101ves j\u016bras s\u0101li<\/h5>\n<p>Pirms saunas apmekl\u0113juma ir labi patur\u0113t p\u0113das silt\u0101 \u016bden\u012b, t\u0101d\u0113j\u0101di sagatavojot \u0137ermeni saunai. V Spa s\u0101ls pasaul\u0113 vari atp\u016bsties uz siltajiem soliem, klaus\u012bties j\u016bras \u0161alko\u0146\u0101 un sasild\u012bt p\u0113das n\u0101ves j\u016bras s\u0101ls\u016bdens vann\u0101.<\/p>\n<\/div>\n<\/div><\/div><\/div><div id=\"pgc-1061-2-1\"  class=\"panel-grid-cell panel-grid-cell-empty\" ><\/div><\/div><\/div><div id=\"pg-1061-3\"  class=\"panel-grid panel-no-style\" ><div id=\"pgc-1061-3-0\"  class=\"panel-grid-cell\" ><div id=\"panel-1061-3-0-0\" class=\"so-panel widget widget_sow-editor panel-first-child panel-last-child\" data-index=\"5\" ><div\n\t\t\t\n\t\t\tclass=\"so-widget-sow-editor so-widget-sow-editor-base\"\n\t\t\t\n\t\t>\n<div class=\"siteorigin-widget-tinymce textwidget\">\n\t<p>J\u0101, aizmirstiet ce\u013caz\u012bmes uz N\u0101ves j\u016bru. Izkars\u0113\u0161an\u0101s starplaikos izbaudiet unik\u0101lu iesp\u0113ju \u0161\u016bpoties uz \u016bdens virsmas pirts pasaules s\u0101ls basein\u0101. S\u0101\u013cais baseins ir viens no lab\u0101kajiem veidiem, lai uzlabotu vielmai\u0146u, atjaunotu \u0101du, mazin\u0101tu loc\u012btavu un musku\u013cu iekaisumus, veicin\u0101tu asinsriti, k\u0101 ar\u012b tas labi iedarbojas c\u012b\u0146\u0101 pret stresu, bezmiegu un trauksmes saj\u016btu.<\/p>\n<p>Ja p\u0113c piedz\u012bvot\u0101 pirt\u012bs un baseinos j\u016bs p\u0101r\u0146\u0113mis pat\u012bkams nogurums, \u013caujieties atsl\u0101bin\u0101jumam atgu\u013coties atp\u016btas kr\u0113slos.<\/p>\n<\/div>\n<\/div><\/div><\/div><\/div><\/div>","protected":false},"excerpt":{"rendered":"<p>S\u0101ls var dar\u012bt br\u012bnumus ne vien ar bezgar\u0161\u012bgu \u0113dienu, bet ar\u012b ar j\u016bsu \u0137ermeni un garu. V spa s\u0101ls pasaul\u0113&#8230;<\/p>\n","protected":false},"author":1,"featured_media":0,"parent":1050,"menu_order":20,"comment_status":"closed","ping_status":"closed","template":"","meta":{"_acf_changed":false,"_monsterinsights_skip_tracking":false,"_monsterinsights_sitenote_active":false,"_monsterinsights_sitenote_note":"","_monsterinsights_sitenote_category":0,"footnotes":"","_links_to":"","_links_to_target":""},"class_list":["post-1061","page","type-page","status-publish","hentry"],"acf":[],"yoast_head":"<!-- This site is optimized with the Yoast SEO plugin v24.7 - https:\/\/yoast.com\/wordpress\/plugins\/seo\/ -->\n<title>S\u0101ls pasaule - V Spa<\/title>\n<meta name=\"robots\" content=\"noindex, follow, max-snippet:-1, max-image-preview:large, max-video-preview:-1\" \/>\n<meta property=\"og:locale\" content=\"lv_LV\" \/>\n<meta property=\"og:type\" content=\"article\" \/>\n<meta property=\"og:title\" content=\"S\u0101ls pasaule - V Spa\" \/>\n<meta property=\"og:description\" content=\"S\u0101ls var dar\u012bt br\u012bnumus ne vien ar bezgar\u0161\u012bgu \u0113dienu, bet ar\u012b ar j\u016bsu \u0137ermeni un garu. V spa s\u0101ls pasaul\u0113...\" \/>\n<meta property=\"og:url\" content=\"https:\/\/vana.vspa.ee\/vee-ja-saunamaailm\/soolamaailm\/\" \/>\n<meta property=\"og:site_name\" content=\"V Spa\" \/>\n<meta property=\"article:modified_time\" content=\"2020-04-23T07:46:46+00:00\" \/>\n<meta name=\"twitter:card\" content=\"summary_large_image\" \/>\n<meta name=\"twitter:label1\" content=\"Est. reading time\" \/>\n\t<meta name=\"twitter:data1\" content=\"2 min\u016btes\" \/>\n<script type=\"application\/ld+json\" class=\"yoast-schema-graph\">{\"@context\":\"https:\/\/schema.org\",\"@graph\":[{\"@type\":\"WebPage\",\"@id\":\"https:\/\/vana.vspa.ee\/vee-ja-saunamaailm\/soolamaailm\/\",\"url\":\"https:\/\/vana.vspa.ee\/vee-ja-saunamaailm\/soolamaailm\/\",\"name\":\"S\u0101ls pasaule - V Spa\",\"isPartOf\":{\"@id\":\"https:\/\/vana.vspa.ee\/#website\"},\"datePublished\":\"2017-01-24T08:04:44+00:00\",\"dateModified\":\"2020-04-23T07:46:46+00:00\",\"breadcrumb\":{\"@id\":\"https:\/\/vana.vspa.ee\/vee-ja-saunamaailm\/soolamaailm\/#breadcrumb\"},\"inLanguage\":\"lv-LV\",\"potentialAction\":[{\"@type\":\"ReadAction\",\"target\":[\"https:\/\/vana.vspa.ee\/vee-ja-saunamaailm\/soolamaailm\/\"]}]},{\"@type\":\"BreadcrumbList\",\"@id\":\"https:\/\/vana.vspa.ee\/vee-ja-saunamaailm\/soolamaailm\/#breadcrumb\",\"itemListElement\":[{\"@type\":\"ListItem\",\"position\":1,\"name\":\"Home\",\"item\":\"https:\/\/vana.vspa.ee\/lv\/\"},{\"@type\":\"ListItem\",\"position\":2,\"name\":\"\u016adens un pirts centrs\",\"item\":\"https:\/\/vana.vspa.ee\/vee-ja-saunamaailm\/\"},{\"@type\":\"ListItem\",\"position\":3,\"name\":\"S\u0101ls pasaule\"}]},{\"@type\":\"WebSite\",\"@id\":\"https:\/\/vana.vspa.ee\/#website\",\"url\":\"https:\/\/vana.vspa.ee\/\",\"name\":\"V Spa\",\"description\":\"V\u00f5ta veest viimast!\",\"potentialAction\":[{\"@type\":\"SearchAction\",\"target\":{\"@type\":\"EntryPoint\",\"urlTemplate\":\"https:\/\/vana.vspa.ee\/?s={search_term_string}\"},\"query-input\":{\"@type\":\"PropertyValueSpecification\",\"valueRequired\":true,\"valueName\":\"search_term_string\"}}],\"inLanguage\":\"lv-LV\"}]}<\/script>\n<!-- \/ Yoast SEO plugin. -->","yoast_head_json":{"title":"S\u0101ls pasaule - V Spa","robots":{"index":"noindex","follow":"follow","max-snippet":"max-snippet:-1","max-image-preview":"max-image-preview:large","max-video-preview":"max-video-preview:-1"},"og_locale":"lv_LV","og_type":"article","og_title":"S\u0101ls pasaule - V Spa","og_description":"S\u0101ls var dar\u012bt br\u012bnumus ne vien ar bezgar\u0161\u012bgu \u0113dienu, bet ar\u012b ar j\u016bsu \u0137ermeni un garu. V spa s\u0101ls pasaul\u0113...","og_url":"https:\/\/vana.vspa.ee\/vee-ja-saunamaailm\/soolamaailm\/","og_site_name":"V Spa","article_modified_time":"2020-04-23T07:46:46+00:00","twitter_card":"summary_large_image","twitter_misc":{"Est. reading time":"2 min\u016btes"},"schema":{"@context":"https:\/\/schema.org","@graph":[{"@type":"WebPage","@id":"https:\/\/vana.vspa.ee\/vee-ja-saunamaailm\/soolamaailm\/","url":"https:\/\/vana.vspa.ee\/vee-ja-saunamaailm\/soolamaailm\/","name":"S\u0101ls pasaule - V Spa","isPartOf":{"@id":"https:\/\/vana.vspa.ee\/#website"},"datePublished":"2017-01-24T08:04:44+00:00","dateModified":"2020-04-23T07:46:46+00:00","breadcrumb":{"@id":"https:\/\/vana.vspa.ee\/vee-ja-saunamaailm\/soolamaailm\/#breadcrumb"},"inLanguage":"lv-LV","potentialAction":[{"@type":"ReadAction","target":["https:\/\/vana.vspa.ee\/vee-ja-saunamaailm\/soolamaailm\/"]}]},{"@type":"BreadcrumbList","@id":"https:\/\/vana.vspa.ee\/vee-ja-saunamaailm\/soolamaailm\/#breadcrumb","itemListElement":[{"@type":"ListItem","position":1,"name":"Home","item":"https:\/\/vana.vspa.ee\/lv\/"},{"@type":"ListItem","position":2,"name":"\u016adens un pirts centrs","item":"https:\/\/vana.vspa.ee\/vee-ja-saunamaailm\/"},{"@type":"ListItem","position":3,"name":"S\u0101ls pasaule"}]},{"@type":"WebSite","@id":"https:\/\/vana.vspa.ee\/#website","url":"https:\/\/vana.vspa.ee\/","name":"V Spa","description":"V\u00f5ta veest viimast!","potentialAction":[{"@type":"SearchAction","target":{"@type":"EntryPoint","urlTemplate":"https:\/\/vana.vspa.ee\/?s={search_term_string}"},"query-input":{"@type":"PropertyValueSpecification","valueRequired":true,"valueName":"search_term_string"}}],"inLanguage":"lv-LV"}]}},"_links":{"self":[{"href":"https:\/\/vana.vspa.ee\/lv\/wp-json\/wp\/v2\/pages\/1061","targetHints":{"allow":["GET"]}}],"collection":[{"href":"https:\/\/vana.vspa.ee\/lv\/wp-json\/wp\/v2\/pages"}],"about":[{"href":"https:\/\/vana.vspa.ee\/lv\/wp-json\/wp\/v2\/types\/page"}],"author":[{"embeddable":true,"href":"https:\/\/vana.vspa.ee\/lv\/wp-json\/wp\/v2\/users\/1"}],"replies":[{"embeddable":true,"href":"https:\/\/vana.vspa.ee\/lv\/wp-json\/wp\/v2\/comments?post=1061"}],"version-history":[{"count":2,"href":"https:\/\/vana.vspa.ee\/lv\/wp-json\/wp\/v2\/pages\/1061\/revisions"}],"predecessor-version":[{"id":24195,"href":"https:\/\/vana.vspa.ee\/lv\/wp-json\/wp\/v2\/pages\/1061\/revisions\/24195"}],"up":[{"embeddable":true,"href":"https:\/\/vana.vspa.ee\/lv\/wp-json\/wp\/v2\/pages\/1050"}],"wp:attachment":[{"href":"https:\/\/vana.vspa.ee\/lv\/wp-json\/wp\/v2\/media?parent=1061"}],"curies":[{"name":"wp","href":"https:\/\/api.w.org\/{rel}","templated":true}]}}