{"id":1067,"date":"2017-01-24T10:11:09","date_gmt":"2017-01-24T08:11:09","guid":{"rendered":"http:\/\/vspa.ee\/?page_id=1067\/"},"modified":"2021-08-11T13:09:21","modified_gmt":"2021-08-11T10:09:21","slug":"pirts-pasaule","status":"publish","type":"page","link":"https:\/\/vana.vspa.ee\/lv\/udens-un-pirts-centrs\/pirts-pasaule\/","title":{"rendered":"Pirts pasaule"},"content":{"rendered":"<div id=\"pl-1067\"  class=\"panel-layout\" ><div id=\"pg-1067-0\"  class=\"panel-grid panel-no-style\" ><div id=\"pgc-1067-0-0\"  class=\"panel-grid-cell\" ><div id=\"panel-1067-0-0-0\" class=\"so-panel widget widget_sow-editor panel-first-child panel-last-child\" data-index=\"0\" ><div class=\"panel-widget-style panel-widget-style-for-1067-0-0-0\" ><div\n\t\t\t\n\t\t\tclass=\"so-widget-sow-editor so-widget-sow-editor-base\"\n\t\t\t\n\t\t>\n<div class=\"siteorigin-widget-tinymce textwidget\">\n\t<h4><span style=\"color: #494949;\">Pirts var ide\u0101li iedarboties, lai atbr\u012bvotos no ikdien\u0101 uzkr\u0101t\u0101s spriedzes. T\u0101d\u0113\u013c ar\u012b V spa centr\u0101 j\u016bs gaida \u010detras da\u017e\u0101das relaks\u0113jo\u0161as un vesel\u012bgas pirtis, un katra no t\u0101m ar kaut ko at\u0161\u0137iras.<\/span><\/h4>\n<\/div>\n<\/div><\/div><\/div><\/div><div id=\"pgc-1067-0-1\"  class=\"panel-grid-cell\" ><\/div><\/div><div id=\"pg-1067-1\"  class=\"panel-grid panel-has-style\" ><div class=\"panel-row-style panel-row-style-for-1067-1\" ><div id=\"pgc-1067-1-0\"  class=\"panel-grid-cell\" ><div id=\"panel-1067-1-0-0\" class=\"so-panel widget widget_sow-editor panel-first-child panel-last-child\" data-index=\"2\" ><div\n\t\t\t\n\t\t\tclass=\"so-widget-sow-editor so-widget-sow-editor-base\"\n\t\t\t\n\t\t>\n<div class=\"siteorigin-widget-tinymce textwidget\">\n\t<h5><strong>Pirts ar malkas apkuri (temperat\u016bra 90-110\u2070\u0421)<\/strong><\/h5>\n<p>Vai jums pat\u012bk karsta suto\u0146a un t\u0101d\u0101 veid\u0101 aizmirsties ar\u012b no ikdienas r\u016bp\u0113m? Pirts sienas ir kl\u0101tas ar dab\u012bg\u0101m b\u0113rza koka pagal\u0113m, kas iepriecin\u0101s ar\u012b j\u016bsu acis. \u0160eit ir karsts un sauss gaiss, bet pak\u0101pienveidu l\u0101va sniedz iesp\u0113ju baud\u012bt da\u017e\u0101das karstuma stadijas. Par siltumu r\u016bp\u0113jas karsti pirts akme\u0146i, kur ik pa laikam j\u0101uzmet gars. Pirts pal\u012bdz\u0113s mazin\u0101t musku\u013cu un loc\u012btavu st\u012bvumu, atbr\u012bvoties no spriedzes, p\u0101rliekas jut\u012bbas un s\u0101p\u0113m, k\u0101 ar\u012b ilglaic\u012bgu kakla, skausta un muguras s\u0101pju gad\u012bjum\u0101. Turkl\u0101t tiek uzlabota \u0101das asinsapg\u0101de.a verevarustust.<\/p>\n<\/div>\n<\/div><\/div><\/div><div id=\"pgc-1067-1-1\"  class=\"panel-grid-cell\" ><div id=\"panel-1067-1-1-0\" class=\"so-panel widget widget_sow-editor panel-first-child panel-last-child\" data-index=\"3\" ><div\n\t\t\t\n\t\t\tclass=\"so-widget-sow-editor so-widget-sow-editor-base\"\n\t\t\t\n\t\t>\n<div class=\"siteorigin-widget-tinymce textwidget\">\n\t<h5><strong>Kadi\u0137u pirts (temperat\u016bra 70\u2070\u0421)<\/strong><\/h5>\n<p>Saprotams, ka papildus siltumam v\u0113laties piedz\u012bvot ar\u012b pat\u012bkamu smar\u017eu. \u0160aj\u0101 pirt\u012b ir vid\u0113ja temperat\u016bra un zems gaisa mitrums(15-25%). Kadi\u0137u koka \u012bstais arom\u0101ts labv\u0113l\u012bgi iedarbojas pret iekaisumiem un v\u012brusiem. Pastiprin\u0101s organisma preto\u0161an\u0101s sp\u0113ja, un mazin\u0101s elpce\u013cu slim\u012bbu simptomi. T\u0101pat pirts pozit\u012bvi iedarbojas uz j\u016bs noska\u0146ojumu, atsl\u0101bina, atbr\u012bvo no spriedzes, pa\u0101trina vielmai\u0146u un uzlabo im\u016bnsist\u0113mu.<\/p>\n<\/div>\n<\/div><\/div><\/div><\/div><\/div><div id=\"pg-1067-2\"  class=\"panel-grid panel-has-style\" ><div class=\"panel-row-style panel-row-style-for-1067-2\" ><div id=\"pgc-1067-2-0\"  class=\"panel-grid-cell\" ><div id=\"panel-1067-2-0-0\" class=\"so-panel widget widget_sow-editor panel-first-child panel-last-child\" data-index=\"4\" ><div\n\t\t\t\n\t\t\tclass=\"so-widget-sow-editor so-widget-sow-editor-base\"\n\t\t\t\n\t\t>\n<div class=\"siteorigin-widget-tinymce textwidget\">\n\t<h5><strong>Krievu pirts (temperat\u016bra 50-60\u2070\u0421)<\/strong><\/h5>\n<p>Esat ta\u010du dzird\u0113ju\u0161i, ka krievu pirts savdab\u012bba ir liela pirts kr\u0101sns, un t\u0101s akme\u0146i regul\u0101ri j\u0101aplej ar \u016bdeni, lai rastos biezi tvaiku m\u0101ko\u0146i. Pateicoties tam palielin\u0101s un att\u012br\u0101s \u0101das poras un \u0101da atbr\u012bvojas no atmiru\u0161\u0101m \u0161\u016bn\u0101m. Liel\u0101s sv\u012b\u0161anas rezult\u0101t\u0101 organisms viegl\u0101k uz\u0146em olbaltumvielas, taukvielas, og\u013chidr\u0101tus un mikroelementus. Tas savuk\u0101rt veicina vielmai\u0146u un atbr\u012bvo\u0161anos no liek\u0101 svara.<\/p>\n<\/div>\n<\/div><\/div><\/div><div id=\"pgc-1067-2-1\"  class=\"panel-grid-cell\" ><div id=\"panel-1067-2-1-0\" class=\"so-panel widget widget_sow-editor panel-first-child panel-last-child\" data-index=\"5\" ><div\n\t\t\t\n\t\t\tclass=\"so-widget-sow-editor so-widget-sow-editor-base\"\n\t\t\t\n\t\t>\n<div class=\"siteorigin-widget-tinymce textwidget\">\n\t<h5><strong> Tvaika pirts (temperat\u016bra\u00a043-46\u2070\u0421)<\/strong><\/h5>\n<p>Ja priek\u0161roku dodat maz\u0101kam karstumam, tad tvaika pirts jums b\u016bs pati piem\u0113rot\u0101k\u0101. Pirts telpu rot\u0101 sienas moza\u012bkas pl\u0101ksnes. Gaisa mitrums \u0161eit ir l\u012bdz 100%. Pateicoties tvaika pirtij, j\u016bsu organisms maz\u0101k rea\u0123\u0113s uz klimata izmai\u0146\u0101m un b\u016bs iztur\u012bg\u0101ks pret slim\u012bb\u0101m. Uzlabosies asinsapg\u0101de, izdal\u012bsies poras aizsprostojo\u0161ie tauki un sviedri, k\u0101 rezult\u0101t\u0101 tiks veicin\u0101ta \u0101das elpo\u0161ana un t\u0101 izskat\u012bsies elast\u012bg\u0101ka un mirdzo\u0161\u0101ka. T\u0101 sol\u0101s b\u016bt patie\u0161\u0101m absol\u016bta atsl\u0101bin\u0101\u0161an\u0101s, kas no vienas puses atjaunos sp\u0113ka rezerves, bet no otras puses pal\u012bdz\u0113s uztur\u0113t vesel\u012bbu un skaistumu.<\/p>\n<\/div>\n<\/div><\/div><\/div><\/div><\/div><div id=\"pg-1067-3\"  class=\"panel-grid panel-has-style\" ><div class=\"panel-row-style panel-row-style-for-1067-3\" ><div id=\"pgc-1067-3-0\"  class=\"panel-grid-cell\" ><div id=\"panel-1067-3-0-0\" class=\"so-panel widget widget_sow-editor panel-first-child panel-last-child\" data-index=\"6\" ><div\n\t\t\t\n\t\t\tclass=\"so-widget-sow-editor so-widget-sow-editor-base\"\n\t\t\t\n\t\t>\n<div class=\"siteorigin-widget-tinymce textwidget\">\n\t<h5>Ledussauna (temperat\u016bra 4-8\u2070\u0421)<\/h5>\n<p>Ja vien doma par karstu saunu liek tev zaud\u0113t sp\u0113kus, tad ledussauna ir \u012bst\u0101 atv\u0113sin\u0101\u0161an\u0101s vieta tev! Atspirgsti un atveldz\u0113jies v\u0113sum\u0101, m\u016bsu, ziemas iedvesmotaj\u0101, ledusistab\u0101, kur netr\u016bkst ne dab\u012bga ledus siena, ne sasmalcin\u0101tais ledus. Ledussaunas v\u0113sums pal\u012bdz miesai atdzist un atsl\u0101binaties, lai atg\u016btu harmoniju un turpin\u0101tu izbaud\u012bt spa priekus.<\/p>\n<\/div>\n<\/div><\/div><\/div><div id=\"pgc-1067-3-1\"  class=\"panel-grid-cell\" ><div id=\"panel-1067-3-1-0\" class=\"so-panel widget widget_sow-editor panel-first-child panel-last-child\" data-index=\"7\" ><div\n\t\t\t\n\t\t\tclass=\"so-widget-sow-editor so-widget-sow-editor-base\"\n\t\t\t\n\t\t>\n<div class=\"siteorigin-widget-tinymce textwidget\">\n\t<h5>Medussauna (tempetat\u016bra 60-70\u2070\u0421)<\/h5>\n<p>Protams, medus iedarbojas pozit\u012bvi uz visu tavu \u0137ermeni, t\u0101p\u0113c piln\u012bb\u0101 izbaud\u012bsi m\u016bsu medussaunu. Bi\u0161u iedvesmotas kr\u0101sas, sienas, kas b\u016bv\u0113tas no apses koka un veido bi\u0161u stropa \u0161\u016bnu rakstu, gais\u0101 virmojo\u0161\u0101s dabas ska\u0146as: tas viss tev\u012b rad\u012bs saj\u016btu, ka esi ien\u0101cis draudz\u012bgu bi\u0161u m\u0101j\u0101. Medussaunai piem\u012bt relaks\u0113jo\u0161s un saspringumu mazino\u0161s efekts, t\u0101 uzlabo metabolismu un imunsist\u0113mu. Sauna atrodas relaks\u0101cijas zon\u0101 un caur t\u0101s stikla sienu iesp\u0113jams sekot l\u012bdzi mazo \u0123imenes locek\u013cu sp\u0113l\u0113m smil\u0161kast\u0113.<\/p>\n<\/div>\n<\/div><\/div><\/div><\/div><\/div><div id=\"pg-1067-4\"  class=\"panel-grid panel-has-style\" ><div class=\"panel-row-style panel-row-style-for-1067-4\" ><div id=\"pgc-1067-4-0\"  class=\"panel-grid-cell panel-grid-cell-mobile-last\" ><div id=\"panel-1067-4-0-0\" class=\"so-panel widget widget_sow-editor panel-first-child panel-last-child\" data-index=\"8\" ><div\n\t\t\t\n\t\t\tclass=\"so-widget-sow-editor so-widget-sow-editor-base\"\n\t\t\t\n\t\t>\n<div class=\"siteorigin-widget-tinymce textwidget\">\n\t<h5>Du\u0161u labirints<\/h5>\n<p>Ledusauksts atv\u0113sin\u0101jums p\u0113c pirts, tropisk\u0101s v\u0113trai ar eksotiekiem arom\u0101tiem un agr\u0101 r\u012bta v\u0113s\u0101 migla. V Spa du\u0161u labirint\u0101 katrs solis b\u016bs jauns piedz\u012bvojums.<\/p>\n<\/div>\n<\/div><\/div><\/div><div id=\"pgc-1067-4-1\"  class=\"panel-grid-cell panel-grid-cell-empty\" ><\/div><\/div><\/div><\/div>","protected":false},"excerpt":{"rendered":"<p>Pirts var ide\u0101li iedarboties, lai atbr\u012bvotos no ikdien\u0101 uzkr\u0101t\u0101s spriedzes. T\u0101d\u0113\u013c ar\u012b V spa centr\u0101 j\u016bs gaida \u010detras da\u017e\u0101das relaks\u0113jo\u0161as&#8230;<\/p>\n","protected":false},"author":1,"featured_media":0,"parent":1050,"menu_order":30,"comment_status":"closed","ping_status":"closed","template":"","meta":{"_acf_changed":false,"_monsterinsights_skip_tracking":false,"_monsterinsights_sitenote_active":false,"_monsterinsights_sitenote_note":"","_monsterinsights_sitenote_category":0,"footnotes":"","_links_to":"","_links_to_target":""},"class_list":["post-1067","page","type-page","status-publish","hentry"],"acf":[],"yoast_head":"<!-- This site is optimized with the Yoast SEO plugin v24.7 - https:\/\/yoast.com\/wordpress\/plugins\/seo\/ -->\n<title>Pirts pasaule - V Spa<\/title>\n<meta name=\"robots\" content=\"noindex, follow, max-snippet:-1, max-image-preview:large, max-video-preview:-1\" \/>\n<meta property=\"og:locale\" content=\"lv_LV\" \/>\n<meta property=\"og:type\" content=\"article\" \/>\n<meta property=\"og:title\" content=\"Pirts pasaule - V Spa\" \/>\n<meta property=\"og:description\" content=\"Pirts var ide\u0101li iedarboties, lai atbr\u012bvotos no ikdien\u0101 uzkr\u0101t\u0101s spriedzes. T\u0101d\u0113\u013c ar\u012b V spa centr\u0101 j\u016bs gaida \u010detras da\u017e\u0101das relaks\u0113jo\u0161as...\" \/>\n<meta property=\"og:url\" content=\"https:\/\/vana.vspa.ee\/vee-ja-saunamaailm\/saunamaailm\/\" \/>\n<meta property=\"og:site_name\" content=\"V Spa\" \/>\n<meta property=\"article:modified_time\" content=\"2021-08-11T10:09:21+00:00\" \/>\n<meta name=\"twitter:card\" content=\"summary_large_image\" \/>\n<meta name=\"twitter:label1\" content=\"Est. reading time\" \/>\n\t<meta name=\"twitter:data1\" content=\"3 min\u016btes\" \/>\n<script type=\"application\/ld+json\" class=\"yoast-schema-graph\">{\"@context\":\"https:\/\/schema.org\",\"@graph\":[{\"@type\":\"WebPage\",\"@id\":\"https:\/\/vana.vspa.ee\/vee-ja-saunamaailm\/saunamaailm\/\",\"url\":\"https:\/\/vana.vspa.ee\/vee-ja-saunamaailm\/saunamaailm\/\",\"name\":\"Pirts pasaule - V Spa\",\"isPartOf\":{\"@id\":\"https:\/\/vana.vspa.ee\/#website\"},\"datePublished\":\"2017-01-24T08:11:09+00:00\",\"dateModified\":\"2021-08-11T10:09:21+00:00\",\"breadcrumb\":{\"@id\":\"https:\/\/vana.vspa.ee\/vee-ja-saunamaailm\/saunamaailm\/#breadcrumb\"},\"inLanguage\":\"lv-LV\",\"potentialAction\":[{\"@type\":\"ReadAction\",\"target\":[\"https:\/\/vana.vspa.ee\/vee-ja-saunamaailm\/saunamaailm\/\"]}]},{\"@type\":\"BreadcrumbList\",\"@id\":\"https:\/\/vana.vspa.ee\/vee-ja-saunamaailm\/saunamaailm\/#breadcrumb\",\"itemListElement\":[{\"@type\":\"ListItem\",\"position\":1,\"name\":\"Home\",\"item\":\"https:\/\/vana.vspa.ee\/lv\/\"},{\"@type\":\"ListItem\",\"position\":2,\"name\":\"\u016adens un pirts centrs\",\"item\":\"https:\/\/vana.vspa.ee\/vee-ja-saunamaailm\/\"},{\"@type\":\"ListItem\",\"position\":3,\"name\":\"Pirts pasaule\"}]},{\"@type\":\"WebSite\",\"@id\":\"https:\/\/vana.vspa.ee\/#website\",\"url\":\"https:\/\/vana.vspa.ee\/\",\"name\":\"V Spa\",\"description\":\"V\u00f5ta veest viimast!\",\"potentialAction\":[{\"@type\":\"SearchAction\",\"target\":{\"@type\":\"EntryPoint\",\"urlTemplate\":\"https:\/\/vana.vspa.ee\/?s={search_term_string}\"},\"query-input\":{\"@type\":\"PropertyValueSpecification\",\"valueRequired\":true,\"valueName\":\"search_term_string\"}}],\"inLanguage\":\"lv-LV\"}]}<\/script>\n<!-- \/ Yoast SEO plugin. -->","yoast_head_json":{"title":"Pirts pasaule - V Spa","robots":{"index":"noindex","follow":"follow","max-snippet":"max-snippet:-1","max-image-preview":"max-image-preview:large","max-video-preview":"max-video-preview:-1"},"og_locale":"lv_LV","og_type":"article","og_title":"Pirts pasaule - V Spa","og_description":"Pirts var ide\u0101li iedarboties, lai atbr\u012bvotos no ikdien\u0101 uzkr\u0101t\u0101s spriedzes. T\u0101d\u0113\u013c ar\u012b V spa centr\u0101 j\u016bs gaida \u010detras da\u017e\u0101das relaks\u0113jo\u0161as...","og_url":"https:\/\/vana.vspa.ee\/vee-ja-saunamaailm\/saunamaailm\/","og_site_name":"V Spa","article_modified_time":"2021-08-11T10:09:21+00:00","twitter_card":"summary_large_image","twitter_misc":{"Est. reading time":"3 min\u016btes"},"schema":{"@context":"https:\/\/schema.org","@graph":[{"@type":"WebPage","@id":"https:\/\/vana.vspa.ee\/vee-ja-saunamaailm\/saunamaailm\/","url":"https:\/\/vana.vspa.ee\/vee-ja-saunamaailm\/saunamaailm\/","name":"Pirts pasaule - V Spa","isPartOf":{"@id":"https:\/\/vana.vspa.ee\/#website"},"datePublished":"2017-01-24T08:11:09+00:00","dateModified":"2021-08-11T10:09:21+00:00","breadcrumb":{"@id":"https:\/\/vana.vspa.ee\/vee-ja-saunamaailm\/saunamaailm\/#breadcrumb"},"inLanguage":"lv-LV","potentialAction":[{"@type":"ReadAction","target":["https:\/\/vana.vspa.ee\/vee-ja-saunamaailm\/saunamaailm\/"]}]},{"@type":"BreadcrumbList","@id":"https:\/\/vana.vspa.ee\/vee-ja-saunamaailm\/saunamaailm\/#breadcrumb","itemListElement":[{"@type":"ListItem","position":1,"name":"Home","item":"https:\/\/vana.vspa.ee\/lv\/"},{"@type":"ListItem","position":2,"name":"\u016adens un pirts centrs","item":"https:\/\/vana.vspa.ee\/vee-ja-saunamaailm\/"},{"@type":"ListItem","position":3,"name":"Pirts pasaule"}]},{"@type":"WebSite","@id":"https:\/\/vana.vspa.ee\/#website","url":"https:\/\/vana.vspa.ee\/","name":"V Spa","description":"V\u00f5ta veest viimast!","potentialAction":[{"@type":"SearchAction","target":{"@type":"EntryPoint","urlTemplate":"https:\/\/vana.vspa.ee\/?s={search_term_string}"},"query-input":{"@type":"PropertyValueSpecification","valueRequired":true,"valueName":"search_term_string"}}],"inLanguage":"lv-LV"}]}},"_links":{"self":[{"href":"https:\/\/vana.vspa.ee\/lv\/wp-json\/wp\/v2\/pages\/1067","targetHints":{"allow":["GET"]}}],"collection":[{"href":"https:\/\/vana.vspa.ee\/lv\/wp-json\/wp\/v2\/pages"}],"about":[{"href":"https:\/\/vana.vspa.ee\/lv\/wp-json\/wp\/v2\/types\/page"}],"author":[{"embeddable":true,"href":"https:\/\/vana.vspa.ee\/lv\/wp-json\/wp\/v2\/users\/1"}],"replies":[{"embeddable":true,"href":"https:\/\/vana.vspa.ee\/lv\/wp-json\/wp\/v2\/comments?post=1067"}],"version-history":[{"count":5,"href":"https:\/\/vana.vspa.ee\/lv\/wp-json\/wp\/v2\/pages\/1067\/revisions"}],"predecessor-version":[{"id":29060,"href":"https:\/\/vana.vspa.ee\/lv\/wp-json\/wp\/v2\/pages\/1067\/revisions\/29060"}],"up":[{"embeddable":true,"href":"https:\/\/vana.vspa.ee\/lv\/wp-json\/wp\/v2\/pages\/1050"}],"wp:attachment":[{"href":"https:\/\/vana.vspa.ee\/lv\/wp-json\/wp\/v2\/media?parent=1067"}],"curies":[{"name":"wp","href":"https:\/\/api.w.org\/{rel}","templated":true}]}}