{"id":1096,"date":"2017-01-24T10:44:17","date_gmt":"2017-01-24T08:44:17","guid":{"rendered":"http:\/\/vspa.ee\/?page_id=1096\/"},"modified":"2017-11-22T16:20:25","modified_gmt":"2017-11-22T14:20:25","slug":"paketes","status":"publish","type":"page","link":"https:\/\/vana.vspa.ee\/lv\/paketes\/","title":{"rendered":"Paketes"},"content":{"rendered":"<p>Jah, just sina v\u00e4\u00e4rid t\u00e4iuslikku l\u00f5\u00f5gastust ja argimurede varna riputamist. Tule Day Spasse ja n\u00e4itame sulle, millest t\u00f5elised naudingud tehtud on.<\/p>\n<p>Dienas spa pied\u0101v\u0101jumu paketes (ar\u012b d\u0101van\u0101)<\/p>\n","protected":false},"excerpt":{"rendered":"<p>Jah, just sina v\u00e4\u00e4rid t\u00e4iuslikku l\u00f5\u00f5gastust ja argimurede varna riputamist. Tule Day Spasse ja n\u00e4itame sulle, millest t\u00f5elised naudingud tehtud&#8230;<\/p>\n","protected":false},"author":1,"featured_media":0,"parent":0,"menu_order":51,"comment_status":"closed","ping_status":"closed","template":"page-templates\/tpl-offers2.php","meta":{"_acf_changed":false,"_monsterinsights_skip_tracking":false,"_monsterinsights_sitenote_active":false,"_monsterinsights_sitenote_note":"","_monsterinsights_sitenote_category":0,"footnotes":"","_links_to":"","_links_to_target":""},"class_list":["post-1096","page","type-page","status-publish","hentry"],"acf":[],"yoast_head":"<!-- This site is optimized with the Yoast SEO plugin v24.7 - https:\/\/yoast.com\/wordpress\/plugins\/seo\/ -->\n<title>Paketes - V Spa<\/title>\n<meta name=\"robots\" content=\"noindex, follow, max-snippet:-1, max-image-preview:large, max-video-preview:-1\" \/>\n<meta property=\"og:locale\" content=\"lv_LV\" \/>\n<meta property=\"og:type\" content=\"article\" \/>\n<meta property=\"og:title\" content=\"Paketes - V Spa\" \/>\n<meta property=\"og:description\" content=\"Jah, just sina v\u00e4\u00e4rid t\u00e4iuslikku l\u00f5\u00f5gastust ja argimurede varna riputamist. Tule Day Spasse ja n\u00e4itame sulle, millest t\u00f5elised naudingud tehtud...\" \/>\n<meta property=\"og:url\" content=\"https:\/\/vana.vspa.ee\/paketid\/\" \/>\n<meta property=\"og:site_name\" content=\"V Spa\" \/>\n<meta property=\"article:modified_time\" content=\"2017-11-22T14:20:25+00:00\" \/>\n<meta name=\"twitter:card\" content=\"summary_large_image\" \/>\n<script type=\"application\/ld+json\" class=\"yoast-schema-graph\">{\"@context\":\"https:\/\/schema.org\",\"@graph\":[{\"@type\":\"WebPage\",\"@id\":\"https:\/\/vana.vspa.ee\/paketid\/\",\"url\":\"https:\/\/vana.vspa.ee\/paketid\/\",\"name\":\"Paketes - V Spa\",\"isPartOf\":{\"@id\":\"https:\/\/vana.vspa.ee\/#website\"},\"datePublished\":\"2017-01-24T08:44:17+00:00\",\"dateModified\":\"2017-11-22T14:20:25+00:00\",\"breadcrumb\":{\"@id\":\"https:\/\/vana.vspa.ee\/paketid\/#breadcrumb\"},\"inLanguage\":\"lv-LV\",\"potentialAction\":[{\"@type\":\"ReadAction\",\"target\":[\"https:\/\/vana.vspa.ee\/paketid\/\"]}]},{\"@type\":\"BreadcrumbList\",\"@id\":\"https:\/\/vana.vspa.ee\/paketid\/#breadcrumb\",\"itemListElement\":[{\"@type\":\"ListItem\",\"position\":1,\"name\":\"Home\",\"item\":\"https:\/\/vana.vspa.ee\/lv\/\"},{\"@type\":\"ListItem\",\"position\":2,\"name\":\"Paketes\"}]},{\"@type\":\"WebSite\",\"@id\":\"https:\/\/vana.vspa.ee\/#website\",\"url\":\"https:\/\/vana.vspa.ee\/\",\"name\":\"V Spa\",\"description\":\"V\u00f5ta veest viimast!\",\"potentialAction\":[{\"@type\":\"SearchAction\",\"target\":{\"@type\":\"EntryPoint\",\"urlTemplate\":\"https:\/\/vana.vspa.ee\/?s={search_term_string}\"},\"query-input\":{\"@type\":\"PropertyValueSpecification\",\"valueRequired\":true,\"valueName\":\"search_term_string\"}}],\"inLanguage\":\"lv-LV\"}]}<\/script>\n<!-- \/ Yoast SEO plugin. -->","yoast_head_json":{"title":"Paketes - V Spa","robots":{"index":"noindex","follow":"follow","max-snippet":"max-snippet:-1","max-image-preview":"max-image-preview:large","max-video-preview":"max-video-preview:-1"},"og_locale":"lv_LV","og_type":"article","og_title":"Paketes - V Spa","og_description":"Jah, just sina v\u00e4\u00e4rid t\u00e4iuslikku l\u00f5\u00f5gastust ja argimurede varna riputamist. Tule Day Spasse ja n\u00e4itame sulle, millest t\u00f5elised naudingud tehtud...","og_url":"https:\/\/vana.vspa.ee\/paketid\/","og_site_name":"V Spa","article_modified_time":"2017-11-22T14:20:25+00:00","twitter_card":"summary_large_image","schema":{"@context":"https:\/\/schema.org","@graph":[{"@type":"WebPage","@id":"https:\/\/vana.vspa.ee\/paketid\/","url":"https:\/\/vana.vspa.ee\/paketid\/","name":"Paketes - V Spa","isPartOf":{"@id":"https:\/\/vana.vspa.ee\/#website"},"datePublished":"2017-01-24T08:44:17+00:00","dateModified":"2017-11-22T14:20:25+00:00","breadcrumb":{"@id":"https:\/\/vana.vspa.ee\/paketid\/#breadcrumb"},"inLanguage":"lv-LV","potentialAction":[{"@type":"ReadAction","target":["https:\/\/vana.vspa.ee\/paketid\/"]}]},{"@type":"BreadcrumbList","@id":"https:\/\/vana.vspa.ee\/paketid\/#breadcrumb","itemListElement":[{"@type":"ListItem","position":1,"name":"Home","item":"https:\/\/vana.vspa.ee\/lv\/"},{"@type":"ListItem","position":2,"name":"Paketes"}]},{"@type":"WebSite","@id":"https:\/\/vana.vspa.ee\/#website","url":"https:\/\/vana.vspa.ee\/","name":"V Spa","description":"V\u00f5ta veest viimast!","potentialAction":[{"@type":"SearchAction","target":{"@type":"EntryPoint","urlTemplate":"https:\/\/vana.vspa.ee\/?s={search_term_string}"},"query-input":{"@type":"PropertyValueSpecification","valueRequired":true,"valueName":"search_term_string"}}],"inLanguage":"lv-LV"}]}},"_links":{"self":[{"href":"https:\/\/vana.vspa.ee\/lv\/wp-json\/wp\/v2\/pages\/1096","targetHints":{"allow":["GET"]}}],"collection":[{"href":"https:\/\/vana.vspa.ee\/lv\/wp-json\/wp\/v2\/pages"}],"about":[{"href":"https:\/\/vana.vspa.ee\/lv\/wp-json\/wp\/v2\/types\/page"}],"author":[{"embeddable":true,"href":"https:\/\/vana.vspa.ee\/lv\/wp-json\/wp\/v2\/users\/1"}],"replies":[{"embeddable":true,"href":"https:\/\/vana.vspa.ee\/lv\/wp-json\/wp\/v2\/comments?post=1096"}],"version-history":[{"count":0,"href":"https:\/\/vana.vspa.ee\/lv\/wp-json\/wp\/v2\/pages\/1096\/revisions"}],"wp:attachment":[{"href":"https:\/\/vana.vspa.ee\/lv\/wp-json\/wp\/v2\/media?parent=1096"}],"curies":[{"name":"wp","href":"https:\/\/api.w.org\/{rel}","templated":true}]}}