{"id":1160,"date":"2017-01-26T12:28:21","date_gmt":"2017-01-26T10:28:21","guid":{"rendered":"http:\/\/vspa.ee\/?page_id=1160\/"},"modified":"2025-04-07T20:21:41","modified_gmt":"2025-04-07T17:21:41","slug":"avaleht","status":"publish","type":"page","link":"https:\/\/vana.vspa.ee\/lv\/","title":{"rendered":"S\u0101kums"},"content":{"rendered":"<p><strong>Tartu tagad ir jauna k\u016brortpils\u0113ta Igaunij\u0101, par to nav \u0161aubu. Gan \u0123imen\u0113m, gan p\u0101riem. Gan Tartu iedz\u012bvot\u0101jiem, gan t\u016bristiem. Tev nekas cits vairs nav j\u0101dara, k\u0101 vien j\u0101dodas uz tirdzniec\u012bbas centra \u201eKvartal\u201d 4. st\u0101vu, ar peldkost\u012bmiem rok\u0101s. Un t\u0101 tas ar\u012b s\u0101kas. V spa zina, p\u0113c k\u0101 tu sen jau k\u0101ro.<\/strong><\/p>\n","protected":false},"excerpt":{"rendered":"<p>Tartu tagad ir jauna k\u016brortpils\u0113ta Igaunij\u0101, par to nav \u0161aubu. Gan \u0123imen\u0113m, gan p\u0101riem. Gan Tartu iedz\u012bvot\u0101jiem, gan t\u016bristiem. Tev&#8230;<\/p>\n","protected":false},"author":1,"featured_media":0,"parent":0,"menu_order":1,"comment_status":"closed","ping_status":"closed","template":"","meta":{"_acf_changed":false,"_monsterinsights_skip_tracking":false,"_monsterinsights_sitenote_active":false,"_monsterinsights_sitenote_note":"","_monsterinsights_sitenote_category":0,"footnotes":"","_links_to":"","_links_to_target":""},"class_list":["post-1160","page","type-page","status-publish","hentry"],"acf":[],"yoast_head":"<!-- This site is optimized with the Yoast SEO plugin v24.7 - https:\/\/yoast.com\/wordpress\/plugins\/seo\/ -->\n<title>V Spa - V\u00f5ta veest viimast!<\/title>\n<meta name=\"robots\" content=\"noindex, follow, max-snippet:-1, max-image-preview:large, max-video-preview:-1\" \/>\n<meta property=\"og:locale\" content=\"lv_LV\" \/>\n<meta property=\"og:type\" content=\"article\" \/>\n<meta property=\"og:title\" content=\"V Spa - V\u00f5ta veest viimast!\" \/>\n<meta property=\"og:description\" content=\"Tartu tagad ir jauna k\u016brortpils\u0113ta Igaunij\u0101, par to nav \u0161aubu. Gan \u0123imen\u0113m, gan p\u0101riem. Gan Tartu iedz\u012bvot\u0101jiem, gan t\u016bristiem. Tev...\" \/>\n<meta property=\"og:url\" content=\"https:\/\/vana.vspa.ee\/lv\/\" \/>\n<meta property=\"og:site_name\" content=\"V Spa\" \/>\n<meta property=\"article:modified_time\" content=\"2025-04-07T17:21:41+00:00\" \/>\n<meta name=\"twitter:card\" content=\"summary_large_image\" \/>\n<meta name=\"twitter:label1\" content=\"Est. reading time\" \/>\n\t<meta name=\"twitter:data1\" content=\"1 min\u016b\u0161u\" \/>\n<script type=\"application\/ld+json\" class=\"yoast-schema-graph\">{\"@context\":\"https:\/\/schema.org\",\"@graph\":[{\"@type\":\"WebPage\",\"@id\":\"https:\/\/vana.vspa.ee\/lv\/\",\"url\":\"https:\/\/vana.vspa.ee\/lv\/\",\"name\":\"V Spa - V\u00f5ta veest viimast!\",\"isPartOf\":{\"@id\":\"https:\/\/vana.vspa.ee\/#website\"},\"datePublished\":\"2017-01-26T10:28:21+00:00\",\"dateModified\":\"2025-04-07T17:21:41+00:00\",\"breadcrumb\":{\"@id\":\"https:\/\/vana.vspa.ee\/lv\/#breadcrumb\"},\"inLanguage\":\"lv-LV\",\"potentialAction\":[{\"@type\":\"ReadAction\",\"target\":[\"https:\/\/vana.vspa.ee\/lv\/\"]}]},{\"@type\":\"BreadcrumbList\",\"@id\":\"https:\/\/vana.vspa.ee\/lv\/#breadcrumb\",\"itemListElement\":[{\"@type\":\"ListItem\",\"position\":1,\"name\":\"Home\",\"item\":\"https:\/\/vana.vspa.ee\/lv\/\"},{\"@type\":\"ListItem\",\"position\":2,\"name\":\"S\u0101kums\"}]},{\"@type\":\"WebSite\",\"@id\":\"https:\/\/vana.vspa.ee\/#website\",\"url\":\"https:\/\/vana.vspa.ee\/\",\"name\":\"V Spa\",\"description\":\"V\u00f5ta veest viimast!\",\"potentialAction\":[{\"@type\":\"SearchAction\",\"target\":{\"@type\":\"EntryPoint\",\"urlTemplate\":\"https:\/\/vana.vspa.ee\/?s={search_term_string}\"},\"query-input\":{\"@type\":\"PropertyValueSpecification\",\"valueRequired\":true,\"valueName\":\"search_term_string\"}}],\"inLanguage\":\"lv-LV\"}]}<\/script>\n<!-- \/ Yoast SEO plugin. -->","yoast_head_json":{"title":"V Spa - V\u00f5ta veest viimast!","robots":{"index":"noindex","follow":"follow","max-snippet":"max-snippet:-1","max-image-preview":"max-image-preview:large","max-video-preview":"max-video-preview:-1"},"og_locale":"lv_LV","og_type":"article","og_title":"V Spa - V\u00f5ta veest viimast!","og_description":"Tartu tagad ir jauna k\u016brortpils\u0113ta Igaunij\u0101, par to nav \u0161aubu. Gan \u0123imen\u0113m, gan p\u0101riem. Gan Tartu iedz\u012bvot\u0101jiem, gan t\u016bristiem. Tev...","og_url":"https:\/\/vana.vspa.ee\/lv\/","og_site_name":"V Spa","article_modified_time":"2025-04-07T17:21:41+00:00","twitter_card":"summary_large_image","twitter_misc":{"Est. reading time":"1 min\u016b\u0161u"},"schema":{"@context":"https:\/\/schema.org","@graph":[{"@type":"WebPage","@id":"https:\/\/vana.vspa.ee\/lv\/","url":"https:\/\/vana.vspa.ee\/lv\/","name":"V Spa - V\u00f5ta veest viimast!","isPartOf":{"@id":"https:\/\/vana.vspa.ee\/#website"},"datePublished":"2017-01-26T10:28:21+00:00","dateModified":"2025-04-07T17:21:41+00:00","breadcrumb":{"@id":"https:\/\/vana.vspa.ee\/lv\/#breadcrumb"},"inLanguage":"lv-LV","potentialAction":[{"@type":"ReadAction","target":["https:\/\/vana.vspa.ee\/lv\/"]}]},{"@type":"BreadcrumbList","@id":"https:\/\/vana.vspa.ee\/lv\/#breadcrumb","itemListElement":[{"@type":"ListItem","position":1,"name":"Home","item":"https:\/\/vana.vspa.ee\/lv\/"},{"@type":"ListItem","position":2,"name":"S\u0101kums"}]},{"@type":"WebSite","@id":"https:\/\/vana.vspa.ee\/#website","url":"https:\/\/vana.vspa.ee\/","name":"V Spa","description":"V\u00f5ta veest viimast!","potentialAction":[{"@type":"SearchAction","target":{"@type":"EntryPoint","urlTemplate":"https:\/\/vana.vspa.ee\/?s={search_term_string}"},"query-input":{"@type":"PropertyValueSpecification","valueRequired":true,"valueName":"search_term_string"}}],"inLanguage":"lv-LV"}]}},"_links":{"self":[{"href":"https:\/\/vana.vspa.ee\/lv\/wp-json\/wp\/v2\/pages\/1160","targetHints":{"allow":["GET"]}}],"collection":[{"href":"https:\/\/vana.vspa.ee\/lv\/wp-json\/wp\/v2\/pages"}],"about":[{"href":"https:\/\/vana.vspa.ee\/lv\/wp-json\/wp\/v2\/types\/page"}],"author":[{"embeddable":true,"href":"https:\/\/vana.vspa.ee\/lv\/wp-json\/wp\/v2\/users\/1"}],"replies":[{"embeddable":true,"href":"https:\/\/vana.vspa.ee\/lv\/wp-json\/wp\/v2\/comments?post=1160"}],"version-history":[{"count":107,"href":"https:\/\/vana.vspa.ee\/lv\/wp-json\/wp\/v2\/pages\/1160\/revisions"}],"predecessor-version":[{"id":49659,"href":"https:\/\/vana.vspa.ee\/lv\/wp-json\/wp\/v2\/pages\/1160\/revisions\/49659"}],"wp:attachment":[{"href":"https:\/\/vana.vspa.ee\/lv\/wp-json\/wp\/v2\/media?parent=1160"}],"curies":[{"name":"wp","href":"https:\/\/api.w.org\/{rel}","templated":true}]}}