{"id":1180,"date":"2017-01-26T12:40:31","date_gmt":"2017-01-26T10:40:31","guid":{"rendered":"http:\/\/vspa.ee\/?page_id=1180\/"},"modified":"2024-01-26T10:47:00","modified_gmt":"2024-01-26T08:47:00","slug":"sejas-kopsanas-procedura-viriesiem","status":"publish","type":"page","link":"https:\/\/vana.vspa.ee\/lv\/rituali\/sejas-kopsanas-procedura-viriesiem\/","title":{"rendered":"Sejas kop\u0161anas proced\u016bra v\u012brie\u0161iem"},"content":{"rendered":"<p>Sejas kop\u0161anas proced\u016bra, kas rad\u012bta balstoties uz v\u012brie\u0161u sejas \u0101das \u012bpa\u0161aj\u0101m vajadz\u012bb\u0101m un n\u012bma koka sp\u0113c\u012bgo dziedniecisko iedarb\u012bbu. Proced\u016br\u0101 tiek izmantots enz\u012bmus saturo\u0161s skurbis, k\u0101 ar\u012b n\u012bma koka un avok\u0101do saturo\u0161s mitrin\u0101t\u0101js, kas m\u012bkstina \u0101du un \u0101rst\u0113 sk\u016b\u0161an\u0101s rezult\u0101t\u0101 radu\u0161os iekaisumu vai \u0101das traumas. P\u0113c proced\u016bras \u0101da k\u013c\u016bst pat\u012bkami svaiga, t\u012bra un m\u012bksta.<\/p>\n<p>Proced\u016br\u0101 tiek izmantoti GUINOT produkti<\/p>\n<p>\u0160o proced\u016bru var baud\u012bt dienas spa paketes ietvaros: <a href=\"https:\/\/vspa.ee\/lv\/paketes\/vinge-puhkus-mehele\/\">For\u0161ais atva\u013cin\u0101jums kungam<\/a><\/p>\n","protected":false},"excerpt":{"rendered":"<p>Sejas kop\u0161anas proced\u016bra, kas rad\u012bta balstoties uz v\u012brie\u0161u sejas \u0101das \u012bpa\u0161aj\u0101m vajadz\u012bb\u0101m un n\u012bma koka sp\u0113c\u012bgo dziedniecisko iedarb\u012bbu. Proced\u016br\u0101 tiek&#8230;<\/p>\n","protected":false},"author":1,"featured_media":0,"parent":1094,"menu_order":46,"comment_status":"closed","ping_status":"closed","template":"page-templates\/tpl-offer1.php","meta":{"_acf_changed":false,"_monsterinsights_skip_tracking":false,"_monsterinsights_sitenote_active":false,"_monsterinsights_sitenote_note":"","_monsterinsights_sitenote_category":0,"footnotes":"","_links_to":"","_links_to_target":""},"class_list":["post-1180","page","type-page","status-publish","hentry"],"acf":[],"yoast_head":"<!-- This site is optimized with the Yoast SEO plugin v24.7 - https:\/\/yoast.com\/wordpress\/plugins\/seo\/ -->\n<title>Sejas kop\u0161anas proced\u016bra v\u012brie\u0161iem - V Spa<\/title>\n<meta name=\"robots\" content=\"noindex, follow, max-snippet:-1, max-image-preview:large, max-video-preview:-1\" \/>\n<meta property=\"og:locale\" content=\"lv_LV\" \/>\n<meta property=\"og:type\" content=\"article\" \/>\n<meta property=\"og:title\" content=\"Sejas kop\u0161anas proced\u016bra v\u012brie\u0161iem - V Spa\" \/>\n<meta property=\"og:description\" content=\"Sejas kop\u0161anas proced\u016bra, kas rad\u012bta balstoties uz v\u012brie\u0161u sejas \u0101das \u012bpa\u0161aj\u0101m vajadz\u012bb\u0101m un n\u012bma koka sp\u0113c\u012bgo dziedniecisko iedarb\u012bbu. Proced\u016br\u0101 tiek...\" \/>\n<meta property=\"og:url\" content=\"https:\/\/vana.vspa.ee\/hoolitsused\/naohoolitsus-meestele\/\" \/>\n<meta property=\"og:site_name\" content=\"V Spa\" \/>\n<meta property=\"article:modified_time\" content=\"2024-01-26T08:47:00+00:00\" \/>\n<meta name=\"twitter:card\" content=\"summary_large_image\" \/>\n<meta name=\"twitter:label1\" content=\"Est. reading time\" \/>\n\t<meta name=\"twitter:data1\" content=\"1 min\u016b\u0161u\" \/>\n<script type=\"application\/ld+json\" class=\"yoast-schema-graph\">{\"@context\":\"https:\/\/schema.org\",\"@graph\":[{\"@type\":\"WebPage\",\"@id\":\"https:\/\/vana.vspa.ee\/hoolitsused\/naohoolitsus-meestele\/\",\"url\":\"https:\/\/vana.vspa.ee\/hoolitsused\/naohoolitsus-meestele\/\",\"name\":\"Sejas kop\u0161anas proced\u016bra v\u012brie\u0161iem - V Spa\",\"isPartOf\":{\"@id\":\"https:\/\/vana.vspa.ee\/#website\"},\"datePublished\":\"2017-01-26T10:40:31+00:00\",\"dateModified\":\"2024-01-26T08:47:00+00:00\",\"breadcrumb\":{\"@id\":\"https:\/\/vana.vspa.ee\/hoolitsused\/naohoolitsus-meestele\/#breadcrumb\"},\"inLanguage\":\"lv-LV\",\"potentialAction\":[{\"@type\":\"ReadAction\",\"target\":[\"https:\/\/vana.vspa.ee\/hoolitsused\/naohoolitsus-meestele\/\"]}]},{\"@type\":\"BreadcrumbList\",\"@id\":\"https:\/\/vana.vspa.ee\/hoolitsused\/naohoolitsus-meestele\/#breadcrumb\",\"itemListElement\":[{\"@type\":\"ListItem\",\"position\":1,\"name\":\"Home\",\"item\":\"https:\/\/vana.vspa.ee\/lv\/\"},{\"@type\":\"ListItem\",\"position\":2,\"name\":\"Ritu\u0101li\",\"item\":\"https:\/\/vana.vspa.ee\/hoolitsused\/\"},{\"@type\":\"ListItem\",\"position\":3,\"name\":\"Sejas kop\u0161anas proced\u016bra v\u012brie\u0161iem\"}]},{\"@type\":\"WebSite\",\"@id\":\"https:\/\/vana.vspa.ee\/#website\",\"url\":\"https:\/\/vana.vspa.ee\/\",\"name\":\"V Spa\",\"description\":\"V\u00f5ta veest viimast!\",\"potentialAction\":[{\"@type\":\"SearchAction\",\"target\":{\"@type\":\"EntryPoint\",\"urlTemplate\":\"https:\/\/vana.vspa.ee\/?s={search_term_string}\"},\"query-input\":{\"@type\":\"PropertyValueSpecification\",\"valueRequired\":true,\"valueName\":\"search_term_string\"}}],\"inLanguage\":\"lv-LV\"}]}<\/script>\n<!-- \/ Yoast SEO plugin. -->","yoast_head_json":{"title":"Sejas kop\u0161anas proced\u016bra v\u012brie\u0161iem - V Spa","robots":{"index":"noindex","follow":"follow","max-snippet":"max-snippet:-1","max-image-preview":"max-image-preview:large","max-video-preview":"max-video-preview:-1"},"og_locale":"lv_LV","og_type":"article","og_title":"Sejas kop\u0161anas proced\u016bra v\u012brie\u0161iem - V Spa","og_description":"Sejas kop\u0161anas proced\u016bra, kas rad\u012bta balstoties uz v\u012brie\u0161u sejas \u0101das \u012bpa\u0161aj\u0101m vajadz\u012bb\u0101m un n\u012bma koka sp\u0113c\u012bgo dziedniecisko iedarb\u012bbu. Proced\u016br\u0101 tiek...","og_url":"https:\/\/vana.vspa.ee\/hoolitsused\/naohoolitsus-meestele\/","og_site_name":"V Spa","article_modified_time":"2024-01-26T08:47:00+00:00","twitter_card":"summary_large_image","twitter_misc":{"Est. reading time":"1 min\u016b\u0161u"},"schema":{"@context":"https:\/\/schema.org","@graph":[{"@type":"WebPage","@id":"https:\/\/vana.vspa.ee\/hoolitsused\/naohoolitsus-meestele\/","url":"https:\/\/vana.vspa.ee\/hoolitsused\/naohoolitsus-meestele\/","name":"Sejas kop\u0161anas proced\u016bra v\u012brie\u0161iem - V Spa","isPartOf":{"@id":"https:\/\/vana.vspa.ee\/#website"},"datePublished":"2017-01-26T10:40:31+00:00","dateModified":"2024-01-26T08:47:00+00:00","breadcrumb":{"@id":"https:\/\/vana.vspa.ee\/hoolitsused\/naohoolitsus-meestele\/#breadcrumb"},"inLanguage":"lv-LV","potentialAction":[{"@type":"ReadAction","target":["https:\/\/vana.vspa.ee\/hoolitsused\/naohoolitsus-meestele\/"]}]},{"@type":"BreadcrumbList","@id":"https:\/\/vana.vspa.ee\/hoolitsused\/naohoolitsus-meestele\/#breadcrumb","itemListElement":[{"@type":"ListItem","position":1,"name":"Home","item":"https:\/\/vana.vspa.ee\/lv\/"},{"@type":"ListItem","position":2,"name":"Ritu\u0101li","item":"https:\/\/vana.vspa.ee\/hoolitsused\/"},{"@type":"ListItem","position":3,"name":"Sejas kop\u0161anas proced\u016bra v\u012brie\u0161iem"}]},{"@type":"WebSite","@id":"https:\/\/vana.vspa.ee\/#website","url":"https:\/\/vana.vspa.ee\/","name":"V Spa","description":"V\u00f5ta veest viimast!","potentialAction":[{"@type":"SearchAction","target":{"@type":"EntryPoint","urlTemplate":"https:\/\/vana.vspa.ee\/?s={search_term_string}"},"query-input":{"@type":"PropertyValueSpecification","valueRequired":true,"valueName":"search_term_string"}}],"inLanguage":"lv-LV"}]}},"_links":{"self":[{"href":"https:\/\/vana.vspa.ee\/lv\/wp-json\/wp\/v2\/pages\/1180","targetHints":{"allow":["GET"]}}],"collection":[{"href":"https:\/\/vana.vspa.ee\/lv\/wp-json\/wp\/v2\/pages"}],"about":[{"href":"https:\/\/vana.vspa.ee\/lv\/wp-json\/wp\/v2\/types\/page"}],"author":[{"embeddable":true,"href":"https:\/\/vana.vspa.ee\/lv\/wp-json\/wp\/v2\/users\/1"}],"replies":[{"embeddable":true,"href":"https:\/\/vana.vspa.ee\/lv\/wp-json\/wp\/v2\/comments?post=1180"}],"version-history":[{"count":5,"href":"https:\/\/vana.vspa.ee\/lv\/wp-json\/wp\/v2\/pages\/1180\/revisions"}],"predecessor-version":[{"id":43754,"href":"https:\/\/vana.vspa.ee\/lv\/wp-json\/wp\/v2\/pages\/1180\/revisions\/43754"}],"up":[{"embeddable":true,"href":"https:\/\/vana.vspa.ee\/lv\/wp-json\/wp\/v2\/pages\/1094"}],"wp:attachment":[{"href":"https:\/\/vana.vspa.ee\/lv\/wp-json\/wp\/v2\/media?parent=1180"}],"curies":[{"name":"wp","href":"https:\/\/api.w.org\/{rel}","templated":true}]}}