{"id":1186,"date":"2017-01-26T12:42:19","date_gmt":"2017-01-26T10:42:19","guid":{"rendered":"http:\/\/vspa.ee\/?page_id=1186\/"},"modified":"2023-12-08T19:27:01","modified_gmt":"2023-12-08T17:27:01","slug":"sejas-kopsanas-procedura-meitenem","status":"publish","type":"page","link":"https:\/\/vana.vspa.ee\/lv\/rituali\/sejas-kopsanas-procedura-meitenem\/","title":{"rendered":"Sejas kop\u0161anas proced\u016bra b\u0113rnam"},"content":{"rendered":"<p>Ide\u0101li piem\u0113rota jauniet\u0113m, kas v\u0113las, lai vi\u0146u pirm\u0101 sejas proced\u016bra b\u016btu baud\u0101ma un iedarb\u012bga.<\/p>\n<p>Proced\u016bra ies\u0101kas ar \u0101das att\u012br\u012b\u0161anu un p\u012blingu. Turpin\u0101jum\u0101 tiek uzkl\u0101ta m\u012bkstino\u0161a apriko\u017eu sejas maska, kuras iedarb\u012bbas laik\u0101 tiek veikta roku mas\u0101\u017ea. Proced\u016bras nosl\u0113gum\u0101 tiek izmantots maigs un m\u012bkstino\u0161s pl\u016b\u0161koka ekstrakta sejas kr\u0113ms. Rezult\u0101t\u0101 \u0101da ir maigi att\u012br\u012bta, m\u012bksta un z\u012bdaina.<\/p>\n<p>Proced\u016brai piem\u0113rotais vecums: 5-12 gadi.<\/p>\n<p>Proced\u016br\u0101 tiek izmantoti \u201eRepechage\u201c produkti<\/p>\n","protected":false},"excerpt":{"rendered":"<p>Ide\u0101li piem\u0113rota jauniet\u0113m, kas v\u0113las, lai vi\u0146u pirm\u0101 sejas proced\u016bra b\u016btu baud\u0101ma un iedarb\u012bga. Proced\u016bra ies\u0101kas ar \u0101das att\u012br\u012b\u0161anu un&#8230;<\/p>\n","protected":false},"author":1,"featured_media":0,"parent":1094,"menu_order":47,"comment_status":"closed","ping_status":"closed","template":"page-templates\/tpl-offer1.php","meta":{"_acf_changed":false,"_monsterinsights_skip_tracking":false,"_monsterinsights_sitenote_active":false,"_monsterinsights_sitenote_note":"","_monsterinsights_sitenote_category":0,"footnotes":"","_links_to":"","_links_to_target":""},"class_list":["post-1186","page","type-page","status-publish","hentry"],"acf":[],"yoast_head":"<!-- This site is optimized with the Yoast SEO plugin v24.7 - https:\/\/yoast.com\/wordpress\/plugins\/seo\/ -->\n<title>Sejas kop\u0161anas proced\u016bra b\u0113rnam - V Spa<\/title>\n<meta name=\"robots\" content=\"noindex, follow, max-snippet:-1, max-image-preview:large, max-video-preview:-1\" \/>\n<meta property=\"og:locale\" content=\"lv_LV\" \/>\n<meta property=\"og:type\" content=\"article\" \/>\n<meta property=\"og:title\" content=\"Sejas kop\u0161anas proced\u016bra b\u0113rnam - V Spa\" \/>\n<meta property=\"og:description\" content=\"Ide\u0101li piem\u0113rota jauniet\u0113m, kas v\u0113las, lai vi\u0146u pirm\u0101 sejas proced\u016bra b\u016btu baud\u0101ma un iedarb\u012bga. Proced\u016bra ies\u0101kas ar \u0101das att\u012br\u012b\u0161anu un...\" \/>\n<meta property=\"og:url\" content=\"https:\/\/vana.vspa.ee\/hoolitsused\/naohoolitsus-tutarlapsele\/\" \/>\n<meta property=\"og:site_name\" content=\"V Spa\" \/>\n<meta property=\"article:modified_time\" content=\"2023-12-08T17:27:01+00:00\" \/>\n<meta name=\"twitter:card\" content=\"summary_large_image\" \/>\n<meta name=\"twitter:label1\" content=\"Est. reading time\" \/>\n\t<meta name=\"twitter:data1\" content=\"1 min\u016b\u0161u\" \/>\n<script type=\"application\/ld+json\" class=\"yoast-schema-graph\">{\"@context\":\"https:\/\/schema.org\",\"@graph\":[{\"@type\":\"WebPage\",\"@id\":\"https:\/\/vana.vspa.ee\/hoolitsused\/naohoolitsus-tutarlapsele\/\",\"url\":\"https:\/\/vana.vspa.ee\/hoolitsused\/naohoolitsus-tutarlapsele\/\",\"name\":\"Sejas kop\u0161anas proced\u016bra b\u0113rnam - V Spa\",\"isPartOf\":{\"@id\":\"https:\/\/vana.vspa.ee\/#website\"},\"datePublished\":\"2017-01-26T10:42:19+00:00\",\"dateModified\":\"2023-12-08T17:27:01+00:00\",\"breadcrumb\":{\"@id\":\"https:\/\/vana.vspa.ee\/hoolitsused\/naohoolitsus-tutarlapsele\/#breadcrumb\"},\"inLanguage\":\"lv-LV\",\"potentialAction\":[{\"@type\":\"ReadAction\",\"target\":[\"https:\/\/vana.vspa.ee\/hoolitsused\/naohoolitsus-tutarlapsele\/\"]}]},{\"@type\":\"BreadcrumbList\",\"@id\":\"https:\/\/vana.vspa.ee\/hoolitsused\/naohoolitsus-tutarlapsele\/#breadcrumb\",\"itemListElement\":[{\"@type\":\"ListItem\",\"position\":1,\"name\":\"Home\",\"item\":\"https:\/\/vana.vspa.ee\/lv\/\"},{\"@type\":\"ListItem\",\"position\":2,\"name\":\"Ritu\u0101li\",\"item\":\"https:\/\/vana.vspa.ee\/hoolitsused\/\"},{\"@type\":\"ListItem\",\"position\":3,\"name\":\"Sejas kop\u0161anas proced\u016bra b\u0113rnam\"}]},{\"@type\":\"WebSite\",\"@id\":\"https:\/\/vana.vspa.ee\/#website\",\"url\":\"https:\/\/vana.vspa.ee\/\",\"name\":\"V Spa\",\"description\":\"V\u00f5ta veest viimast!\",\"potentialAction\":[{\"@type\":\"SearchAction\",\"target\":{\"@type\":\"EntryPoint\",\"urlTemplate\":\"https:\/\/vana.vspa.ee\/?s={search_term_string}\"},\"query-input\":{\"@type\":\"PropertyValueSpecification\",\"valueRequired\":true,\"valueName\":\"search_term_string\"}}],\"inLanguage\":\"lv-LV\"}]}<\/script>\n<!-- \/ Yoast SEO plugin. -->","yoast_head_json":{"title":"Sejas kop\u0161anas proced\u016bra b\u0113rnam - V Spa","robots":{"index":"noindex","follow":"follow","max-snippet":"max-snippet:-1","max-image-preview":"max-image-preview:large","max-video-preview":"max-video-preview:-1"},"og_locale":"lv_LV","og_type":"article","og_title":"Sejas kop\u0161anas proced\u016bra b\u0113rnam - V Spa","og_description":"Ide\u0101li piem\u0113rota jauniet\u0113m, kas v\u0113las, lai vi\u0146u pirm\u0101 sejas proced\u016bra b\u016btu baud\u0101ma un iedarb\u012bga. Proced\u016bra ies\u0101kas ar \u0101das att\u012br\u012b\u0161anu un...","og_url":"https:\/\/vana.vspa.ee\/hoolitsused\/naohoolitsus-tutarlapsele\/","og_site_name":"V Spa","article_modified_time":"2023-12-08T17:27:01+00:00","twitter_card":"summary_large_image","twitter_misc":{"Est. reading time":"1 min\u016b\u0161u"},"schema":{"@context":"https:\/\/schema.org","@graph":[{"@type":"WebPage","@id":"https:\/\/vana.vspa.ee\/hoolitsused\/naohoolitsus-tutarlapsele\/","url":"https:\/\/vana.vspa.ee\/hoolitsused\/naohoolitsus-tutarlapsele\/","name":"Sejas kop\u0161anas proced\u016bra b\u0113rnam - V Spa","isPartOf":{"@id":"https:\/\/vana.vspa.ee\/#website"},"datePublished":"2017-01-26T10:42:19+00:00","dateModified":"2023-12-08T17:27:01+00:00","breadcrumb":{"@id":"https:\/\/vana.vspa.ee\/hoolitsused\/naohoolitsus-tutarlapsele\/#breadcrumb"},"inLanguage":"lv-LV","potentialAction":[{"@type":"ReadAction","target":["https:\/\/vana.vspa.ee\/hoolitsused\/naohoolitsus-tutarlapsele\/"]}]},{"@type":"BreadcrumbList","@id":"https:\/\/vana.vspa.ee\/hoolitsused\/naohoolitsus-tutarlapsele\/#breadcrumb","itemListElement":[{"@type":"ListItem","position":1,"name":"Home","item":"https:\/\/vana.vspa.ee\/lv\/"},{"@type":"ListItem","position":2,"name":"Ritu\u0101li","item":"https:\/\/vana.vspa.ee\/hoolitsused\/"},{"@type":"ListItem","position":3,"name":"Sejas kop\u0161anas proced\u016bra b\u0113rnam"}]},{"@type":"WebSite","@id":"https:\/\/vana.vspa.ee\/#website","url":"https:\/\/vana.vspa.ee\/","name":"V Spa","description":"V\u00f5ta veest viimast!","potentialAction":[{"@type":"SearchAction","target":{"@type":"EntryPoint","urlTemplate":"https:\/\/vana.vspa.ee\/?s={search_term_string}"},"query-input":{"@type":"PropertyValueSpecification","valueRequired":true,"valueName":"search_term_string"}}],"inLanguage":"lv-LV"}]}},"_links":{"self":[{"href":"https:\/\/vana.vspa.ee\/lv\/wp-json\/wp\/v2\/pages\/1186","targetHints":{"allow":["GET"]}}],"collection":[{"href":"https:\/\/vana.vspa.ee\/lv\/wp-json\/wp\/v2\/pages"}],"about":[{"href":"https:\/\/vana.vspa.ee\/lv\/wp-json\/wp\/v2\/types\/page"}],"author":[{"embeddable":true,"href":"https:\/\/vana.vspa.ee\/lv\/wp-json\/wp\/v2\/users\/1"}],"replies":[{"embeddable":true,"href":"https:\/\/vana.vspa.ee\/lv\/wp-json\/wp\/v2\/comments?post=1186"}],"version-history":[{"count":6,"href":"https:\/\/vana.vspa.ee\/lv\/wp-json\/wp\/v2\/pages\/1186\/revisions"}],"predecessor-version":[{"id":42329,"href":"https:\/\/vana.vspa.ee\/lv\/wp-json\/wp\/v2\/pages\/1186\/revisions\/42329"}],"up":[{"embeddable":true,"href":"https:\/\/vana.vspa.ee\/lv\/wp-json\/wp\/v2\/pages\/1094"}],"wp:attachment":[{"href":"https:\/\/vana.vspa.ee\/lv\/wp-json\/wp\/v2\/media?parent=1186"}],"curies":[{"name":"wp","href":"https:\/\/api.w.org\/{rel}","templated":true}]}}