{"id":1217,"date":"2017-02-01T11:30:29","date_gmt":"2017-02-01T09:30:29","guid":{"rendered":"http:\/\/vspa.ee\/?page_id=1217\/"},"modified":"2023-12-07T16:43:34","modified_gmt":"2023-12-07T14:43:34","slug":"klasiska-masaza","status":"publish","type":"page","link":"https:\/\/vana.vspa.ee\/lv\/rituali\/klasiska-masaza\/","title":{"rendered":"Klasisk\u0101 mas\u0101\u017ea"},"content":{"rendered":"<p>Klasisk\u0101 jeb zviedru mas\u0101\u017ea ir pats izplat\u012bt\u0101kais mas\u0101\u017eas veids, kas atsl\u0101bina gan fizisk\u0101s, gan gar\u012bg\u0101s p\u0101rslodzes gad\u012bjum\u0101. Masieris proced\u016bras gait\u0101 veic spiedo\u0161as mas\u0101\u017eas kust\u012bbas, t\u0101d\u0113j\u0101di atsl\u0101binot s\u0101p\u012bgos un saspringtos musku\u013cus. Rezult\u0101t\u0101 pa\u0101trin\u0101s vielmai\u0146a, aktiviz\u0113jas limfas cirkul\u0101cija, uzlabojas asinsapg\u0101de. T\u0101pat palielin\u0101s iztur\u012bba pret slim\u012bb\u0101m.<\/p>\n","protected":false},"excerpt":{"rendered":"<p>Klasisk\u0101 jeb zviedru mas\u0101\u017ea ir pats izplat\u012bt\u0101kais mas\u0101\u017eas veids, kas atsl\u0101bina gan fizisk\u0101s, gan gar\u012bg\u0101s p\u0101rslodzes gad\u012bjum\u0101. Masieris proced\u016bras gait\u0101&#8230;<\/p>\n","protected":false},"author":1,"featured_media":0,"parent":1094,"menu_order":58,"comment_status":"closed","ping_status":"closed","template":"page-templates\/tpl-offer1.php","meta":{"_acf_changed":false,"_monsterinsights_skip_tracking":false,"_monsterinsights_sitenote_active":false,"_monsterinsights_sitenote_note":"","_monsterinsights_sitenote_category":0,"footnotes":"","_links_to":"","_links_to_target":""},"class_list":["post-1217","page","type-page","status-publish","hentry"],"acf":[],"yoast_head":"<!-- This site is optimized with the Yoast SEO plugin v24.7 - https:\/\/yoast.com\/wordpress\/plugins\/seo\/ -->\n<title>Klassikaline massaa\u017e Tartus V Spa<\/title>\n<meta name=\"robots\" content=\"noindex, follow, max-snippet:-1, max-image-preview:large, max-video-preview:-1\" \/>\n<meta property=\"og:locale\" content=\"lv_LV\" \/>\n<meta property=\"og:type\" content=\"article\" \/>\n<meta property=\"og:title\" content=\"Klassikaline massaa\u017e Tartus V Spa\" \/>\n<meta property=\"og:description\" content=\"Klasisk\u0101 jeb zviedru mas\u0101\u017ea ir pats izplat\u012bt\u0101kais mas\u0101\u017eas veids, kas atsl\u0101bina gan fizisk\u0101s, gan gar\u012bg\u0101s p\u0101rslodzes gad\u012bjum\u0101. Masieris proced\u016bras gait\u0101...\" \/>\n<meta property=\"og:url\" content=\"https:\/\/vana.vspa.ee\/hoolitsused\/klassikaline-massaaz-tartus\/\" \/>\n<meta property=\"og:site_name\" content=\"V Spa\" \/>\n<meta property=\"article:modified_time\" content=\"2023-12-07T14:43:34+00:00\" \/>\n<meta name=\"twitter:card\" content=\"summary_large_image\" \/>\n<meta name=\"twitter:label1\" content=\"Est. reading time\" \/>\n\t<meta name=\"twitter:data1\" content=\"1 min\u016b\u0161u\" \/>\n<script type=\"application\/ld+json\" class=\"yoast-schema-graph\">{\"@context\":\"https:\/\/schema.org\",\"@graph\":[{\"@type\":\"WebPage\",\"@id\":\"https:\/\/vana.vspa.ee\/hoolitsused\/klassikaline-massaaz-tartus\/\",\"url\":\"https:\/\/vana.vspa.ee\/hoolitsused\/klassikaline-massaaz-tartus\/\",\"name\":\"Klassikaline massaa\u017e Tartus V Spa\",\"isPartOf\":{\"@id\":\"https:\/\/vana.vspa.ee\/#website\"},\"datePublished\":\"2017-02-01T09:30:29+00:00\",\"dateModified\":\"2023-12-07T14:43:34+00:00\",\"breadcrumb\":{\"@id\":\"https:\/\/vana.vspa.ee\/hoolitsused\/klassikaline-massaaz-tartus\/#breadcrumb\"},\"inLanguage\":\"lv-LV\",\"potentialAction\":[{\"@type\":\"ReadAction\",\"target\":[\"https:\/\/vana.vspa.ee\/hoolitsused\/klassikaline-massaaz-tartus\/\"]}]},{\"@type\":\"BreadcrumbList\",\"@id\":\"https:\/\/vana.vspa.ee\/hoolitsused\/klassikaline-massaaz-tartus\/#breadcrumb\",\"itemListElement\":[{\"@type\":\"ListItem\",\"position\":1,\"name\":\"Home\",\"item\":\"https:\/\/vana.vspa.ee\/lv\/\"},{\"@type\":\"ListItem\",\"position\":2,\"name\":\"Ritu\u0101li\",\"item\":\"https:\/\/vana.vspa.ee\/hoolitsused\/\"},{\"@type\":\"ListItem\",\"position\":3,\"name\":\"Klasisk\u0101 mas\u0101\u017ea\"}]},{\"@type\":\"WebSite\",\"@id\":\"https:\/\/vana.vspa.ee\/#website\",\"url\":\"https:\/\/vana.vspa.ee\/\",\"name\":\"V Spa\",\"description\":\"V\u00f5ta veest viimast!\",\"potentialAction\":[{\"@type\":\"SearchAction\",\"target\":{\"@type\":\"EntryPoint\",\"urlTemplate\":\"https:\/\/vana.vspa.ee\/?s={search_term_string}\"},\"query-input\":{\"@type\":\"PropertyValueSpecification\",\"valueRequired\":true,\"valueName\":\"search_term_string\"}}],\"inLanguage\":\"lv-LV\"}]}<\/script>\n<!-- \/ Yoast SEO plugin. -->","yoast_head_json":{"title":"Klassikaline massaa\u017e Tartus V Spa","robots":{"index":"noindex","follow":"follow","max-snippet":"max-snippet:-1","max-image-preview":"max-image-preview:large","max-video-preview":"max-video-preview:-1"},"og_locale":"lv_LV","og_type":"article","og_title":"Klassikaline massaa\u017e Tartus V Spa","og_description":"Klasisk\u0101 jeb zviedru mas\u0101\u017ea ir pats izplat\u012bt\u0101kais mas\u0101\u017eas veids, kas atsl\u0101bina gan fizisk\u0101s, gan gar\u012bg\u0101s p\u0101rslodzes gad\u012bjum\u0101. Masieris proced\u016bras gait\u0101...","og_url":"https:\/\/vana.vspa.ee\/hoolitsused\/klassikaline-massaaz-tartus\/","og_site_name":"V Spa","article_modified_time":"2023-12-07T14:43:34+00:00","twitter_card":"summary_large_image","twitter_misc":{"Est. reading time":"1 min\u016b\u0161u"},"schema":{"@context":"https:\/\/schema.org","@graph":[{"@type":"WebPage","@id":"https:\/\/vana.vspa.ee\/hoolitsused\/klassikaline-massaaz-tartus\/","url":"https:\/\/vana.vspa.ee\/hoolitsused\/klassikaline-massaaz-tartus\/","name":"Klassikaline massaa\u017e Tartus V Spa","isPartOf":{"@id":"https:\/\/vana.vspa.ee\/#website"},"datePublished":"2017-02-01T09:30:29+00:00","dateModified":"2023-12-07T14:43:34+00:00","breadcrumb":{"@id":"https:\/\/vana.vspa.ee\/hoolitsused\/klassikaline-massaaz-tartus\/#breadcrumb"},"inLanguage":"lv-LV","potentialAction":[{"@type":"ReadAction","target":["https:\/\/vana.vspa.ee\/hoolitsused\/klassikaline-massaaz-tartus\/"]}]},{"@type":"BreadcrumbList","@id":"https:\/\/vana.vspa.ee\/hoolitsused\/klassikaline-massaaz-tartus\/#breadcrumb","itemListElement":[{"@type":"ListItem","position":1,"name":"Home","item":"https:\/\/vana.vspa.ee\/lv\/"},{"@type":"ListItem","position":2,"name":"Ritu\u0101li","item":"https:\/\/vana.vspa.ee\/hoolitsused\/"},{"@type":"ListItem","position":3,"name":"Klasisk\u0101 mas\u0101\u017ea"}]},{"@type":"WebSite","@id":"https:\/\/vana.vspa.ee\/#website","url":"https:\/\/vana.vspa.ee\/","name":"V Spa","description":"V\u00f5ta veest viimast!","potentialAction":[{"@type":"SearchAction","target":{"@type":"EntryPoint","urlTemplate":"https:\/\/vana.vspa.ee\/?s={search_term_string}"},"query-input":{"@type":"PropertyValueSpecification","valueRequired":true,"valueName":"search_term_string"}}],"inLanguage":"lv-LV"}]}},"_links":{"self":[{"href":"https:\/\/vana.vspa.ee\/lv\/wp-json\/wp\/v2\/pages\/1217","targetHints":{"allow":["GET"]}}],"collection":[{"href":"https:\/\/vana.vspa.ee\/lv\/wp-json\/wp\/v2\/pages"}],"about":[{"href":"https:\/\/vana.vspa.ee\/lv\/wp-json\/wp\/v2\/types\/page"}],"author":[{"embeddable":true,"href":"https:\/\/vana.vspa.ee\/lv\/wp-json\/wp\/v2\/users\/1"}],"replies":[{"embeddable":true,"href":"https:\/\/vana.vspa.ee\/lv\/wp-json\/wp\/v2\/comments?post=1217"}],"version-history":[{"count":3,"href":"https:\/\/vana.vspa.ee\/lv\/wp-json\/wp\/v2\/pages\/1217\/revisions"}],"predecessor-version":[{"id":42250,"href":"https:\/\/vana.vspa.ee\/lv\/wp-json\/wp\/v2\/pages\/1217\/revisions\/42250"}],"up":[{"embeddable":true,"href":"https:\/\/vana.vspa.ee\/lv\/wp-json\/wp\/v2\/pages\/1094"}],"wp:attachment":[{"href":"https:\/\/vana.vspa.ee\/lv\/wp-json\/wp\/v2\/media?parent=1217"}],"curies":[{"name":"wp","href":"https:\/\/api.w.org\/{rel}","templated":true}]}}