{"id":1224,"date":"2017-02-01T11:33:04","date_gmt":"2017-02-01T09:33:04","guid":{"rendered":"http:\/\/vspa.ee\/?page_id=1224\/"},"modified":"2023-12-07T16:44:45","modified_gmt":"2023-12-07T14:44:45","slug":"aromatiska-masaza","status":"publish","type":"page","link":"https:\/\/vana.vspa.ee\/lv\/rituali\/aromatiska-masaza\/","title":{"rendered":"Arom\u0101tisk\u0101 mas\u0101\u017ea"},"content":{"rendered":"<p>Arom\u0101tisk\u0101 mas\u0101\u017ea ide\u0101li piem\u0113rota tam, lai rastu harmoniju starp miesu un garu. \u0112terisk\u0101s e\u013c\u013cas organism\u0101 saglab\u0101jas l\u012bdz 72 stund\u0101m, atjauno audus un uzlabo \u0101das elasticit\u0101ti. Arom\u0101tisk\u0101 mas\u0101\u017eas tehnika ietver l\u0113nas, nomierino\u0161as un gl\u0101sto\u0161as kust\u012bbas.<\/p>\n<p>\u0160o proced\u016bru var baud\u012bt dienas spa paketes ietvaros: <a href=\"https:\/\/vspa.ee\/lv\/paketes\/voluv-hetk\/\">Vilino\u0161ais mirklis<\/a><\/p>\n","protected":false},"excerpt":{"rendered":"<p>Arom\u0101tisk\u0101 mas\u0101\u017ea ide\u0101li piem\u0113rota tam, lai rastu harmoniju starp miesu un garu. \u0112terisk\u0101s e\u013c\u013cas organism\u0101 saglab\u0101jas l\u012bdz 72 stund\u0101m, atjauno&#8230;<\/p>\n","protected":false},"author":1,"featured_media":0,"parent":1094,"menu_order":61,"comment_status":"closed","ping_status":"closed","template":"page-templates\/tpl-offer1.php","meta":{"_acf_changed":false,"_monsterinsights_skip_tracking":false,"_monsterinsights_sitenote_active":false,"_monsterinsights_sitenote_note":"","_monsterinsights_sitenote_category":0,"footnotes":"","_links_to":"","_links_to_target":""},"class_list":["post-1224","page","type-page","status-publish","hentry"],"acf":[],"yoast_head":"<!-- This site is optimized with the Yoast SEO plugin v24.7 - https:\/\/yoast.com\/wordpress\/plugins\/seo\/ -->\n<title>Arom\u0101tisk\u0101 mas\u0101\u017ea - V Spa<\/title>\n<meta name=\"robots\" content=\"noindex, follow, max-snippet:-1, max-image-preview:large, max-video-preview:-1\" \/>\n<meta property=\"og:locale\" content=\"lv_LV\" \/>\n<meta property=\"og:type\" content=\"article\" \/>\n<meta property=\"og:title\" content=\"Arom\u0101tisk\u0101 mas\u0101\u017ea - V Spa\" \/>\n<meta property=\"og:description\" content=\"Arom\u0101tisk\u0101 mas\u0101\u017ea ide\u0101li piem\u0113rota tam, lai rastu harmoniju starp miesu un garu. \u0112terisk\u0101s e\u013c\u013cas organism\u0101 saglab\u0101jas l\u012bdz 72 stund\u0101m, atjauno...\" \/>\n<meta property=\"og:url\" content=\"https:\/\/vana.vspa.ee\/hoolitsused\/aroomimassaaz\/\" \/>\n<meta property=\"og:site_name\" content=\"V Spa\" \/>\n<meta property=\"article:modified_time\" content=\"2023-12-07T14:44:45+00:00\" \/>\n<meta name=\"twitter:card\" content=\"summary_large_image\" \/>\n<meta name=\"twitter:label1\" content=\"Est. reading time\" \/>\n\t<meta name=\"twitter:data1\" content=\"1 min\u016b\u0161u\" \/>\n<script type=\"application\/ld+json\" class=\"yoast-schema-graph\">{\"@context\":\"https:\/\/schema.org\",\"@graph\":[{\"@type\":\"WebPage\",\"@id\":\"https:\/\/vana.vspa.ee\/hoolitsused\/aroomimassaaz\/\",\"url\":\"https:\/\/vana.vspa.ee\/hoolitsused\/aroomimassaaz\/\",\"name\":\"Arom\u0101tisk\u0101 mas\u0101\u017ea - V Spa\",\"isPartOf\":{\"@id\":\"https:\/\/vana.vspa.ee\/#website\"},\"datePublished\":\"2017-02-01T09:33:04+00:00\",\"dateModified\":\"2023-12-07T14:44:45+00:00\",\"breadcrumb\":{\"@id\":\"https:\/\/vana.vspa.ee\/hoolitsused\/aroomimassaaz\/#breadcrumb\"},\"inLanguage\":\"lv-LV\",\"potentialAction\":[{\"@type\":\"ReadAction\",\"target\":[\"https:\/\/vana.vspa.ee\/hoolitsused\/aroomimassaaz\/\"]}]},{\"@type\":\"BreadcrumbList\",\"@id\":\"https:\/\/vana.vspa.ee\/hoolitsused\/aroomimassaaz\/#breadcrumb\",\"itemListElement\":[{\"@type\":\"ListItem\",\"position\":1,\"name\":\"Home\",\"item\":\"https:\/\/vana.vspa.ee\/lv\/\"},{\"@type\":\"ListItem\",\"position\":2,\"name\":\"Ritu\u0101li\",\"item\":\"https:\/\/vana.vspa.ee\/hoolitsused\/\"},{\"@type\":\"ListItem\",\"position\":3,\"name\":\"Arom\u0101tisk\u0101 mas\u0101\u017ea\"}]},{\"@type\":\"WebSite\",\"@id\":\"https:\/\/vana.vspa.ee\/#website\",\"url\":\"https:\/\/vana.vspa.ee\/\",\"name\":\"V Spa\",\"description\":\"V\u00f5ta veest viimast!\",\"potentialAction\":[{\"@type\":\"SearchAction\",\"target\":{\"@type\":\"EntryPoint\",\"urlTemplate\":\"https:\/\/vana.vspa.ee\/?s={search_term_string}\"},\"query-input\":{\"@type\":\"PropertyValueSpecification\",\"valueRequired\":true,\"valueName\":\"search_term_string\"}}],\"inLanguage\":\"lv-LV\"}]}<\/script>\n<!-- \/ Yoast SEO plugin. -->","yoast_head_json":{"title":"Arom\u0101tisk\u0101 mas\u0101\u017ea - V Spa","robots":{"index":"noindex","follow":"follow","max-snippet":"max-snippet:-1","max-image-preview":"max-image-preview:large","max-video-preview":"max-video-preview:-1"},"og_locale":"lv_LV","og_type":"article","og_title":"Arom\u0101tisk\u0101 mas\u0101\u017ea - V Spa","og_description":"Arom\u0101tisk\u0101 mas\u0101\u017ea ide\u0101li piem\u0113rota tam, lai rastu harmoniju starp miesu un garu. \u0112terisk\u0101s e\u013c\u013cas organism\u0101 saglab\u0101jas l\u012bdz 72 stund\u0101m, atjauno...","og_url":"https:\/\/vana.vspa.ee\/hoolitsused\/aroomimassaaz\/","og_site_name":"V Spa","article_modified_time":"2023-12-07T14:44:45+00:00","twitter_card":"summary_large_image","twitter_misc":{"Est. reading time":"1 min\u016b\u0161u"},"schema":{"@context":"https:\/\/schema.org","@graph":[{"@type":"WebPage","@id":"https:\/\/vana.vspa.ee\/hoolitsused\/aroomimassaaz\/","url":"https:\/\/vana.vspa.ee\/hoolitsused\/aroomimassaaz\/","name":"Arom\u0101tisk\u0101 mas\u0101\u017ea - V Spa","isPartOf":{"@id":"https:\/\/vana.vspa.ee\/#website"},"datePublished":"2017-02-01T09:33:04+00:00","dateModified":"2023-12-07T14:44:45+00:00","breadcrumb":{"@id":"https:\/\/vana.vspa.ee\/hoolitsused\/aroomimassaaz\/#breadcrumb"},"inLanguage":"lv-LV","potentialAction":[{"@type":"ReadAction","target":["https:\/\/vana.vspa.ee\/hoolitsused\/aroomimassaaz\/"]}]},{"@type":"BreadcrumbList","@id":"https:\/\/vana.vspa.ee\/hoolitsused\/aroomimassaaz\/#breadcrumb","itemListElement":[{"@type":"ListItem","position":1,"name":"Home","item":"https:\/\/vana.vspa.ee\/lv\/"},{"@type":"ListItem","position":2,"name":"Ritu\u0101li","item":"https:\/\/vana.vspa.ee\/hoolitsused\/"},{"@type":"ListItem","position":3,"name":"Arom\u0101tisk\u0101 mas\u0101\u017ea"}]},{"@type":"WebSite","@id":"https:\/\/vana.vspa.ee\/#website","url":"https:\/\/vana.vspa.ee\/","name":"V Spa","description":"V\u00f5ta veest viimast!","potentialAction":[{"@type":"SearchAction","target":{"@type":"EntryPoint","urlTemplate":"https:\/\/vana.vspa.ee\/?s={search_term_string}"},"query-input":{"@type":"PropertyValueSpecification","valueRequired":true,"valueName":"search_term_string"}}],"inLanguage":"lv-LV"}]}},"_links":{"self":[{"href":"https:\/\/vana.vspa.ee\/lv\/wp-json\/wp\/v2\/pages\/1224","targetHints":{"allow":["GET"]}}],"collection":[{"href":"https:\/\/vana.vspa.ee\/lv\/wp-json\/wp\/v2\/pages"}],"about":[{"href":"https:\/\/vana.vspa.ee\/lv\/wp-json\/wp\/v2\/types\/page"}],"author":[{"embeddable":true,"href":"https:\/\/vana.vspa.ee\/lv\/wp-json\/wp\/v2\/users\/1"}],"replies":[{"embeddable":true,"href":"https:\/\/vana.vspa.ee\/lv\/wp-json\/wp\/v2\/comments?post=1224"}],"version-history":[{"count":3,"href":"https:\/\/vana.vspa.ee\/lv\/wp-json\/wp\/v2\/pages\/1224\/revisions"}],"predecessor-version":[{"id":42251,"href":"https:\/\/vana.vspa.ee\/lv\/wp-json\/wp\/v2\/pages\/1224\/revisions\/42251"}],"up":[{"embeddable":true,"href":"https:\/\/vana.vspa.ee\/lv\/wp-json\/wp\/v2\/pages\/1094"}],"wp:attachment":[{"href":"https:\/\/vana.vspa.ee\/lv\/wp-json\/wp\/v2\/media?parent=1224"}],"curies":[{"name":"wp","href":"https:\/\/api.w.org\/{rel}","templated":true}]}}