{"id":1225,"date":"2017-02-01T11:33:08","date_gmt":"2017-02-01T09:33:08","guid":{"rendered":"http:\/\/vspa.ee\/?page_id=1225\/"},"modified":"2023-12-07T16:45:49","modified_gmt":"2023-12-07T14:45:49","slug":"masaza-ar-siltiem-akmeniem","status":"publish","type":"page","link":"https:\/\/vana.vspa.ee\/lv\/rituali\/masaza-ar-siltiem-akmeniem\/","title":{"rendered":"Mas\u0101\u017ea ar siltajiem akme\u0146iem"},"content":{"rendered":"<p>Mas\u0101\u017ea ar lavas akme\u0146iem piem\u0113rota, ja alkstat p\u0113c relaks\u0113jo\u0161as apr\u016bpes, kas \u013cautu atbr\u012bvoties no stresa un pie\u0161\u0137irtu jums jaunu sp\u0113ku. Uz \u0137erme\u0146a tiek novietoti iepriek\u0161 uzsild\u012bti akme\u0146i, kas liek sajust musku\u013cu spriedzes mazin\u0101\u0161anos. Akme\u0146i papla\u0161ina asinsvadus, regul\u0113 gremo\u0161anu, vielmai\u0146u un hormon\u0101lo sist\u0113mu. Siltuma rezult\u0101t\u0101 atveras ener\u0123ijas avoti un atbr\u012bvojas ener\u0123ijas bloki. Galarezult\u0101t\u0101 sajut\u012bsiet, ka viss \u0137ermenis k\u013cuvis mundr\u0101ks, harmonisk\u0101ks un dz\u012bvotsp\u0113j\u012bg\u0101ks. T\u0101 ir proced\u016bra, kas sniedz absol\u016btu baud\u012bjumu.<\/p>\n","protected":false},"excerpt":{"rendered":"<p>Mas\u0101\u017ea ar lavas akme\u0146iem piem\u0113rota, ja alkstat p\u0113c relaks\u0113jo\u0161as apr\u016bpes, kas \u013cautu atbr\u012bvoties no stresa un pie\u0161\u0137irtu jums jaunu sp\u0113ku&#8230;.<\/p>\n","protected":false},"author":1,"featured_media":0,"parent":1094,"menu_order":62,"comment_status":"closed","ping_status":"closed","template":"page-templates\/tpl-offer1.php","meta":{"_acf_changed":false,"_monsterinsights_skip_tracking":false,"_monsterinsights_sitenote_active":false,"_monsterinsights_sitenote_note":"","_monsterinsights_sitenote_category":0,"footnotes":"","_links_to":"","_links_to_target":""},"class_list":["post-1225","page","type-page","status-publish","hentry"],"acf":[],"yoast_head":"<!-- This site is optimized with the Yoast SEO plugin v24.7 - https:\/\/yoast.com\/wordpress\/plugins\/seo\/ -->\n<title>Mas\u0101\u017ea ar siltajiem akme\u0146iem - V Spa<\/title>\n<meta name=\"robots\" content=\"noindex, follow, max-snippet:-1, max-image-preview:large, max-video-preview:-1\" \/>\n<meta property=\"og:locale\" content=\"lv_LV\" \/>\n<meta property=\"og:type\" content=\"article\" \/>\n<meta property=\"og:title\" content=\"Mas\u0101\u017ea ar siltajiem akme\u0146iem - V Spa\" \/>\n<meta property=\"og:description\" content=\"Mas\u0101\u017ea ar lavas akme\u0146iem piem\u0113rota, ja alkstat p\u0113c relaks\u0113jo\u0161as apr\u016bpes, kas \u013cautu atbr\u012bvoties no stresa un pie\u0161\u0137irtu jums jaunu sp\u0113ku....\" \/>\n<meta property=\"og:url\" content=\"https:\/\/vana.vspa.ee\/hoolitsused\/massaaz-soojade-kividega\/\" \/>\n<meta property=\"og:site_name\" content=\"V Spa\" \/>\n<meta property=\"article:modified_time\" content=\"2023-12-07T14:45:49+00:00\" \/>\n<meta name=\"twitter:card\" content=\"summary_large_image\" \/>\n<meta name=\"twitter:label1\" content=\"Est. reading time\" \/>\n\t<meta name=\"twitter:data1\" content=\"1 min\u016b\u0161u\" \/>\n<script type=\"application\/ld+json\" class=\"yoast-schema-graph\">{\"@context\":\"https:\/\/schema.org\",\"@graph\":[{\"@type\":\"WebPage\",\"@id\":\"https:\/\/vana.vspa.ee\/hoolitsused\/massaaz-soojade-kividega\/\",\"url\":\"https:\/\/vana.vspa.ee\/hoolitsused\/massaaz-soojade-kividega\/\",\"name\":\"Mas\u0101\u017ea ar siltajiem akme\u0146iem - V Spa\",\"isPartOf\":{\"@id\":\"https:\/\/vana.vspa.ee\/#website\"},\"datePublished\":\"2017-02-01T09:33:08+00:00\",\"dateModified\":\"2023-12-07T14:45:49+00:00\",\"breadcrumb\":{\"@id\":\"https:\/\/vana.vspa.ee\/hoolitsused\/massaaz-soojade-kividega\/#breadcrumb\"},\"inLanguage\":\"lv-LV\",\"potentialAction\":[{\"@type\":\"ReadAction\",\"target\":[\"https:\/\/vana.vspa.ee\/hoolitsused\/massaaz-soojade-kividega\/\"]}]},{\"@type\":\"BreadcrumbList\",\"@id\":\"https:\/\/vana.vspa.ee\/hoolitsused\/massaaz-soojade-kividega\/#breadcrumb\",\"itemListElement\":[{\"@type\":\"ListItem\",\"position\":1,\"name\":\"Home\",\"item\":\"https:\/\/vana.vspa.ee\/lv\/\"},{\"@type\":\"ListItem\",\"position\":2,\"name\":\"Ritu\u0101li\",\"item\":\"https:\/\/vana.vspa.ee\/hoolitsused\/\"},{\"@type\":\"ListItem\",\"position\":3,\"name\":\"Mas\u0101\u017ea ar siltajiem akme\u0146iem\"}]},{\"@type\":\"WebSite\",\"@id\":\"https:\/\/vana.vspa.ee\/#website\",\"url\":\"https:\/\/vana.vspa.ee\/\",\"name\":\"V Spa\",\"description\":\"V\u00f5ta veest viimast!\",\"potentialAction\":[{\"@type\":\"SearchAction\",\"target\":{\"@type\":\"EntryPoint\",\"urlTemplate\":\"https:\/\/vana.vspa.ee\/?s={search_term_string}\"},\"query-input\":{\"@type\":\"PropertyValueSpecification\",\"valueRequired\":true,\"valueName\":\"search_term_string\"}}],\"inLanguage\":\"lv-LV\"}]}<\/script>\n<!-- \/ Yoast SEO plugin. -->","yoast_head_json":{"title":"Mas\u0101\u017ea ar siltajiem akme\u0146iem - V Spa","robots":{"index":"noindex","follow":"follow","max-snippet":"max-snippet:-1","max-image-preview":"max-image-preview:large","max-video-preview":"max-video-preview:-1"},"og_locale":"lv_LV","og_type":"article","og_title":"Mas\u0101\u017ea ar siltajiem akme\u0146iem - V Spa","og_description":"Mas\u0101\u017ea ar lavas akme\u0146iem piem\u0113rota, ja alkstat p\u0113c relaks\u0113jo\u0161as apr\u016bpes, kas \u013cautu atbr\u012bvoties no stresa un pie\u0161\u0137irtu jums jaunu sp\u0113ku....","og_url":"https:\/\/vana.vspa.ee\/hoolitsused\/massaaz-soojade-kividega\/","og_site_name":"V Spa","article_modified_time":"2023-12-07T14:45:49+00:00","twitter_card":"summary_large_image","twitter_misc":{"Est. reading time":"1 min\u016b\u0161u"},"schema":{"@context":"https:\/\/schema.org","@graph":[{"@type":"WebPage","@id":"https:\/\/vana.vspa.ee\/hoolitsused\/massaaz-soojade-kividega\/","url":"https:\/\/vana.vspa.ee\/hoolitsused\/massaaz-soojade-kividega\/","name":"Mas\u0101\u017ea ar siltajiem akme\u0146iem - V Spa","isPartOf":{"@id":"https:\/\/vana.vspa.ee\/#website"},"datePublished":"2017-02-01T09:33:08+00:00","dateModified":"2023-12-07T14:45:49+00:00","breadcrumb":{"@id":"https:\/\/vana.vspa.ee\/hoolitsused\/massaaz-soojade-kividega\/#breadcrumb"},"inLanguage":"lv-LV","potentialAction":[{"@type":"ReadAction","target":["https:\/\/vana.vspa.ee\/hoolitsused\/massaaz-soojade-kividega\/"]}]},{"@type":"BreadcrumbList","@id":"https:\/\/vana.vspa.ee\/hoolitsused\/massaaz-soojade-kividega\/#breadcrumb","itemListElement":[{"@type":"ListItem","position":1,"name":"Home","item":"https:\/\/vana.vspa.ee\/lv\/"},{"@type":"ListItem","position":2,"name":"Ritu\u0101li","item":"https:\/\/vana.vspa.ee\/hoolitsused\/"},{"@type":"ListItem","position":3,"name":"Mas\u0101\u017ea ar siltajiem akme\u0146iem"}]},{"@type":"WebSite","@id":"https:\/\/vana.vspa.ee\/#website","url":"https:\/\/vana.vspa.ee\/","name":"V Spa","description":"V\u00f5ta veest viimast!","potentialAction":[{"@type":"SearchAction","target":{"@type":"EntryPoint","urlTemplate":"https:\/\/vana.vspa.ee\/?s={search_term_string}"},"query-input":{"@type":"PropertyValueSpecification","valueRequired":true,"valueName":"search_term_string"}}],"inLanguage":"lv-LV"}]}},"_links":{"self":[{"href":"https:\/\/vana.vspa.ee\/lv\/wp-json\/wp\/v2\/pages\/1225","targetHints":{"allow":["GET"]}}],"collection":[{"href":"https:\/\/vana.vspa.ee\/lv\/wp-json\/wp\/v2\/pages"}],"about":[{"href":"https:\/\/vana.vspa.ee\/lv\/wp-json\/wp\/v2\/types\/page"}],"author":[{"embeddable":true,"href":"https:\/\/vana.vspa.ee\/lv\/wp-json\/wp\/v2\/users\/1"}],"replies":[{"embeddable":true,"href":"https:\/\/vana.vspa.ee\/lv\/wp-json\/wp\/v2\/comments?post=1225"}],"version-history":[{"count":2,"href":"https:\/\/vana.vspa.ee\/lv\/wp-json\/wp\/v2\/pages\/1225\/revisions"}],"predecessor-version":[{"id":42252,"href":"https:\/\/vana.vspa.ee\/lv\/wp-json\/wp\/v2\/pages\/1225\/revisions\/42252"}],"up":[{"embeddable":true,"href":"https:\/\/vana.vspa.ee\/lv\/wp-json\/wp\/v2\/pages\/1094"}],"wp:attachment":[{"href":"https:\/\/vana.vspa.ee\/lv\/wp-json\/wp\/v2\/media?parent=1225"}],"curies":[{"name":"wp","href":"https:\/\/api.w.org\/{rel}","templated":true}]}}