{"id":1231,"date":"2017-02-01T11:34:48","date_gmt":"2017-02-01T09:34:48","guid":{"rendered":"http:\/\/vspa.ee\/?page_id=1231\/"},"modified":"2024-10-18T20:15:46","modified_gmt":"2024-10-18T17:15:46","slug":"galvas-masaza","status":"publish","type":"page","link":"https:\/\/vana.vspa.ee\/lv\/rituali\/galvas-masaza\/","title":{"rendered":"Galvas mas\u0101\u017ea ar siltu e\u013c\u013cu"},"content":{"rendered":"<p>Galvas mas\u0101\u017ea ar siltu e\u013c\u013cu ir \u0101rkart\u012bgi pat\u012bkama proced\u016bra, kas pal\u012bdz mazin\u0101t stresa hormonu l\u012bmeni, lai organisms lab\u0101k sp\u0113tu atsl\u0101bin\u0101ties. Mas\u0101\u017ea piem\u0113rota, lai atvair\u012btu stresu, spriedzes izrais\u012btas s\u0101pes, bezmiegu, matu izkri\u0161anu un s\u0101pes sprandas un plecu da\u013c\u0101. Proced\u016br\u0101 tiek izmantota silta v\u012bnogu kauli\u0146u e\u013c\u013ca, kas mitrina un baro galvas, sprandas un plecu \u0101du un stimul\u0113 asinsriti.<\/p>\n","protected":false},"excerpt":{"rendered":"<p>Galvas mas\u0101\u017ea ar siltu e\u013c\u013cu ir \u0101rkart\u012bgi pat\u012bkama proced\u016bra, kas pal\u012bdz mazin\u0101t stresa hormonu l\u012bmeni, lai organisms lab\u0101k sp\u0113tu atsl\u0101bin\u0101ties&#8230;.<\/p>\n","protected":false},"author":1,"featured_media":0,"parent":1094,"menu_order":63,"comment_status":"closed","ping_status":"closed","template":"page-templates\/tpl-offer1.php","meta":{"_acf_changed":false,"_monsterinsights_skip_tracking":false,"_monsterinsights_sitenote_active":false,"_monsterinsights_sitenote_note":"","_monsterinsights_sitenote_category":0,"footnotes":"","_links_to":"","_links_to_target":""},"class_list":["post-1231","page","type-page","status-publish","hentry"],"acf":[],"yoast_head":"<!-- This site is optimized with the Yoast SEO plugin v24.7 - https:\/\/yoast.com\/wordpress\/plugins\/seo\/ -->\n<title>Galvas mas\u0101\u017ea ar siltu e\u013c\u013cu - V Spa<\/title>\n<meta name=\"robots\" content=\"noindex, follow, max-snippet:-1, max-image-preview:large, max-video-preview:-1\" \/>\n<meta property=\"og:locale\" content=\"lv_LV\" \/>\n<meta property=\"og:type\" content=\"article\" \/>\n<meta property=\"og:title\" content=\"Galvas mas\u0101\u017ea ar siltu e\u013c\u013cu - V Spa\" \/>\n<meta property=\"og:description\" content=\"Galvas mas\u0101\u017ea ar siltu e\u013c\u013cu ir \u0101rkart\u012bgi pat\u012bkama proced\u016bra, kas pal\u012bdz mazin\u0101t stresa hormonu l\u012bmeni, lai organisms lab\u0101k sp\u0113tu atsl\u0101bin\u0101ties....\" \/>\n<meta property=\"og:url\" content=\"https:\/\/vana.vspa.ee\/hoolitsused\/peamassaaz\/\" \/>\n<meta property=\"og:site_name\" content=\"V Spa\" \/>\n<meta property=\"article:modified_time\" content=\"2024-10-18T17:15:46+00:00\" \/>\n<meta name=\"twitter:card\" content=\"summary_large_image\" \/>\n<meta name=\"twitter:label1\" content=\"Est. reading time\" \/>\n\t<meta name=\"twitter:data1\" content=\"1 min\u016b\u0161u\" \/>\n<script type=\"application\/ld+json\" class=\"yoast-schema-graph\">{\"@context\":\"https:\/\/schema.org\",\"@graph\":[{\"@type\":\"WebPage\",\"@id\":\"https:\/\/vana.vspa.ee\/hoolitsused\/peamassaaz\/\",\"url\":\"https:\/\/vana.vspa.ee\/hoolitsused\/peamassaaz\/\",\"name\":\"Galvas mas\u0101\u017ea ar siltu e\u013c\u013cu - V Spa\",\"isPartOf\":{\"@id\":\"https:\/\/vana.vspa.ee\/#website\"},\"datePublished\":\"2017-02-01T09:34:48+00:00\",\"dateModified\":\"2024-10-18T17:15:46+00:00\",\"breadcrumb\":{\"@id\":\"https:\/\/vana.vspa.ee\/hoolitsused\/peamassaaz\/#breadcrumb\"},\"inLanguage\":\"lv-LV\",\"potentialAction\":[{\"@type\":\"ReadAction\",\"target\":[\"https:\/\/vana.vspa.ee\/hoolitsused\/peamassaaz\/\"]}]},{\"@type\":\"BreadcrumbList\",\"@id\":\"https:\/\/vana.vspa.ee\/hoolitsused\/peamassaaz\/#breadcrumb\",\"itemListElement\":[{\"@type\":\"ListItem\",\"position\":1,\"name\":\"Home\",\"item\":\"https:\/\/vana.vspa.ee\/lv\/\"},{\"@type\":\"ListItem\",\"position\":2,\"name\":\"Ritu\u0101li\",\"item\":\"https:\/\/vana.vspa.ee\/hoolitsused\/\"},{\"@type\":\"ListItem\",\"position\":3,\"name\":\"Galvas mas\u0101\u017ea ar siltu e\u013c\u013cu\"}]},{\"@type\":\"WebSite\",\"@id\":\"https:\/\/vana.vspa.ee\/#website\",\"url\":\"https:\/\/vana.vspa.ee\/\",\"name\":\"V Spa\",\"description\":\"V\u00f5ta veest viimast!\",\"potentialAction\":[{\"@type\":\"SearchAction\",\"target\":{\"@type\":\"EntryPoint\",\"urlTemplate\":\"https:\/\/vana.vspa.ee\/?s={search_term_string}\"},\"query-input\":{\"@type\":\"PropertyValueSpecification\",\"valueRequired\":true,\"valueName\":\"search_term_string\"}}],\"inLanguage\":\"lv-LV\"}]}<\/script>\n<!-- \/ Yoast SEO plugin. -->","yoast_head_json":{"title":"Galvas mas\u0101\u017ea ar siltu e\u013c\u013cu - V Spa","robots":{"index":"noindex","follow":"follow","max-snippet":"max-snippet:-1","max-image-preview":"max-image-preview:large","max-video-preview":"max-video-preview:-1"},"og_locale":"lv_LV","og_type":"article","og_title":"Galvas mas\u0101\u017ea ar siltu e\u013c\u013cu - V Spa","og_description":"Galvas mas\u0101\u017ea ar siltu e\u013c\u013cu ir \u0101rkart\u012bgi pat\u012bkama proced\u016bra, kas pal\u012bdz mazin\u0101t stresa hormonu l\u012bmeni, lai organisms lab\u0101k sp\u0113tu atsl\u0101bin\u0101ties....","og_url":"https:\/\/vana.vspa.ee\/hoolitsused\/peamassaaz\/","og_site_name":"V Spa","article_modified_time":"2024-10-18T17:15:46+00:00","twitter_card":"summary_large_image","twitter_misc":{"Est. reading time":"1 min\u016b\u0161u"},"schema":{"@context":"https:\/\/schema.org","@graph":[{"@type":"WebPage","@id":"https:\/\/vana.vspa.ee\/hoolitsused\/peamassaaz\/","url":"https:\/\/vana.vspa.ee\/hoolitsused\/peamassaaz\/","name":"Galvas mas\u0101\u017ea ar siltu e\u013c\u013cu - V Spa","isPartOf":{"@id":"https:\/\/vana.vspa.ee\/#website"},"datePublished":"2017-02-01T09:34:48+00:00","dateModified":"2024-10-18T17:15:46+00:00","breadcrumb":{"@id":"https:\/\/vana.vspa.ee\/hoolitsused\/peamassaaz\/#breadcrumb"},"inLanguage":"lv-LV","potentialAction":[{"@type":"ReadAction","target":["https:\/\/vana.vspa.ee\/hoolitsused\/peamassaaz\/"]}]},{"@type":"BreadcrumbList","@id":"https:\/\/vana.vspa.ee\/hoolitsused\/peamassaaz\/#breadcrumb","itemListElement":[{"@type":"ListItem","position":1,"name":"Home","item":"https:\/\/vana.vspa.ee\/lv\/"},{"@type":"ListItem","position":2,"name":"Ritu\u0101li","item":"https:\/\/vana.vspa.ee\/hoolitsused\/"},{"@type":"ListItem","position":3,"name":"Galvas mas\u0101\u017ea ar siltu e\u013c\u013cu"}]},{"@type":"WebSite","@id":"https:\/\/vana.vspa.ee\/#website","url":"https:\/\/vana.vspa.ee\/","name":"V Spa","description":"V\u00f5ta veest viimast!","potentialAction":[{"@type":"SearchAction","target":{"@type":"EntryPoint","urlTemplate":"https:\/\/vana.vspa.ee\/?s={search_term_string}"},"query-input":{"@type":"PropertyValueSpecification","valueRequired":true,"valueName":"search_term_string"}}],"inLanguage":"lv-LV"}]}},"_links":{"self":[{"href":"https:\/\/vana.vspa.ee\/lv\/wp-json\/wp\/v2\/pages\/1231","targetHints":{"allow":["GET"]}}],"collection":[{"href":"https:\/\/vana.vspa.ee\/lv\/wp-json\/wp\/v2\/pages"}],"about":[{"href":"https:\/\/vana.vspa.ee\/lv\/wp-json\/wp\/v2\/types\/page"}],"author":[{"embeddable":true,"href":"https:\/\/vana.vspa.ee\/lv\/wp-json\/wp\/v2\/users\/1"}],"replies":[{"embeddable":true,"href":"https:\/\/vana.vspa.ee\/lv\/wp-json\/wp\/v2\/comments?post=1231"}],"version-history":[{"count":5,"href":"https:\/\/vana.vspa.ee\/lv\/wp-json\/wp\/v2\/pages\/1231\/revisions"}],"predecessor-version":[{"id":46597,"href":"https:\/\/vana.vspa.ee\/lv\/wp-json\/wp\/v2\/pages\/1231\/revisions\/46597"}],"up":[{"embeddable":true,"href":"https:\/\/vana.vspa.ee\/lv\/wp-json\/wp\/v2\/pages\/1094"}],"wp:attachment":[{"href":"https:\/\/vana.vspa.ee\/lv\/wp-json\/wp\/v2\/media?parent=1231"}],"curies":[{"name":"wp","href":"https:\/\/api.w.org\/{rel}","templated":true}]}}