{"id":1232,"date":"2017-02-01T11:34:54","date_gmt":"2017-02-01T09:34:54","guid":{"rendered":"http:\/\/vspa.ee\/?page_id=1232\/"},"modified":"2025-03-10T09:12:13","modified_gmt":"2025-03-10T07:12:13","slug":"kaju-masaza","status":"publish","type":"page","link":"https:\/\/vana.vspa.ee\/lv\/rituali\/kaju-masaza\/","title":{"rendered":"K\u0101ju mas\u0101\u017ea"},"content":{"rendered":"<p>Protams, j\u016bsu k\u0101j\u0101m ik pa laikam nepiecie\u0161ams uzmundrin\u0101jums un atkop\u0161an\u0101s. \u0160im nol\u016bkam k\u0101ju mas\u0101\u017ea ir pati piem\u0113rot\u0101k\u0101. Mas\u0101\u017ea tiek veikta k\u0101ju da\u013cai no ce\u013cgaliem l\u012bdz p\u0113d\u0101m. No tehnik\u0101m tiek kombin\u0113ta refleksolo\u0123ija, taizemie\u0161u k\u0101ju mas\u0101\u017ea, k\u0101 ar\u012b citi pa\u0146\u0113mieni. Patiess baud\u012bjums tiem, kas dienas gait\u0101 spiesti daudz st\u0101v\u0113t, gr\u016btniec\u0113m, vec\u0101ka gada g\u0101juma \u013caud\u012bm k\u0101 ar\u012b visiem citiem.<\/p>\n","protected":false},"excerpt":{"rendered":"<p>Protams, j\u016bsu k\u0101j\u0101m ik pa laikam nepiecie\u0161ams uzmundrin\u0101jums un atkop\u0161an\u0101s. \u0160im nol\u016bkam k\u0101ju mas\u0101\u017ea ir pati piem\u0113rot\u0101k\u0101. Mas\u0101\u017ea tiek veikta&#8230;<\/p>\n","protected":false},"author":1,"featured_media":0,"parent":1094,"menu_order":64,"comment_status":"closed","ping_status":"closed","template":"page-templates\/tpl-offer1.php","meta":{"_acf_changed":false,"_monsterinsights_skip_tracking":false,"_monsterinsights_sitenote_active":false,"_monsterinsights_sitenote_note":"","_monsterinsights_sitenote_category":0,"footnotes":"","_links_to":"","_links_to_target":""},"class_list":["post-1232","page","type-page","status-publish","hentry"],"acf":[],"yoast_head":"<!-- This site is optimized with the Yoast SEO plugin v24.7 - https:\/\/yoast.com\/wordpress\/plugins\/seo\/ -->\n<title>K\u0101ju mas\u0101\u017ea - V Spa<\/title>\n<meta name=\"robots\" content=\"noindex, follow, max-snippet:-1, max-image-preview:large, max-video-preview:-1\" \/>\n<meta property=\"og:locale\" content=\"lv_LV\" \/>\n<meta property=\"og:type\" content=\"article\" \/>\n<meta property=\"og:title\" content=\"K\u0101ju mas\u0101\u017ea - V Spa\" \/>\n<meta property=\"og:description\" content=\"Protams, j\u016bsu k\u0101j\u0101m ik pa laikam nepiecie\u0161ams uzmundrin\u0101jums un atkop\u0161an\u0101s. \u0160im nol\u016bkam k\u0101ju mas\u0101\u017ea ir pati piem\u0113rot\u0101k\u0101. Mas\u0101\u017ea tiek veikta...\" \/>\n<meta property=\"og:url\" content=\"https:\/\/vana.vspa.ee\/hoolitsused\/jalamassaaz\/\" \/>\n<meta property=\"og:site_name\" content=\"V Spa\" \/>\n<meta property=\"article:modified_time\" content=\"2025-03-10T07:12:13+00:00\" \/>\n<meta name=\"twitter:card\" content=\"summary_large_image\" \/>\n<meta name=\"twitter:label1\" content=\"Est. reading time\" \/>\n\t<meta name=\"twitter:data1\" content=\"1 min\u016b\u0161u\" \/>\n<script type=\"application\/ld+json\" class=\"yoast-schema-graph\">{\"@context\":\"https:\/\/schema.org\",\"@graph\":[{\"@type\":\"WebPage\",\"@id\":\"https:\/\/vana.vspa.ee\/hoolitsused\/jalamassaaz\/\",\"url\":\"https:\/\/vana.vspa.ee\/hoolitsused\/jalamassaaz\/\",\"name\":\"K\u0101ju mas\u0101\u017ea - V Spa\",\"isPartOf\":{\"@id\":\"https:\/\/vana.vspa.ee\/#website\"},\"datePublished\":\"2017-02-01T09:34:54+00:00\",\"dateModified\":\"2025-03-10T07:12:13+00:00\",\"breadcrumb\":{\"@id\":\"https:\/\/vana.vspa.ee\/hoolitsused\/jalamassaaz\/#breadcrumb\"},\"inLanguage\":\"lv-LV\",\"potentialAction\":[{\"@type\":\"ReadAction\",\"target\":[\"https:\/\/vana.vspa.ee\/hoolitsused\/jalamassaaz\/\"]}]},{\"@type\":\"BreadcrumbList\",\"@id\":\"https:\/\/vana.vspa.ee\/hoolitsused\/jalamassaaz\/#breadcrumb\",\"itemListElement\":[{\"@type\":\"ListItem\",\"position\":1,\"name\":\"Home\",\"item\":\"https:\/\/vana.vspa.ee\/lv\/\"},{\"@type\":\"ListItem\",\"position\":2,\"name\":\"Ritu\u0101li\",\"item\":\"https:\/\/vana.vspa.ee\/hoolitsused\/\"},{\"@type\":\"ListItem\",\"position\":3,\"name\":\"K\u0101ju mas\u0101\u017ea\"}]},{\"@type\":\"WebSite\",\"@id\":\"https:\/\/vana.vspa.ee\/#website\",\"url\":\"https:\/\/vana.vspa.ee\/\",\"name\":\"V Spa\",\"description\":\"V\u00f5ta veest viimast!\",\"potentialAction\":[{\"@type\":\"SearchAction\",\"target\":{\"@type\":\"EntryPoint\",\"urlTemplate\":\"https:\/\/vana.vspa.ee\/?s={search_term_string}\"},\"query-input\":{\"@type\":\"PropertyValueSpecification\",\"valueRequired\":true,\"valueName\":\"search_term_string\"}}],\"inLanguage\":\"lv-LV\"}]}<\/script>\n<!-- \/ Yoast SEO plugin. -->","yoast_head_json":{"title":"K\u0101ju mas\u0101\u017ea - V Spa","robots":{"index":"noindex","follow":"follow","max-snippet":"max-snippet:-1","max-image-preview":"max-image-preview:large","max-video-preview":"max-video-preview:-1"},"og_locale":"lv_LV","og_type":"article","og_title":"K\u0101ju mas\u0101\u017ea - V Spa","og_description":"Protams, j\u016bsu k\u0101j\u0101m ik pa laikam nepiecie\u0161ams uzmundrin\u0101jums un atkop\u0161an\u0101s. \u0160im nol\u016bkam k\u0101ju mas\u0101\u017ea ir pati piem\u0113rot\u0101k\u0101. Mas\u0101\u017ea tiek veikta...","og_url":"https:\/\/vana.vspa.ee\/hoolitsused\/jalamassaaz\/","og_site_name":"V Spa","article_modified_time":"2025-03-10T07:12:13+00:00","twitter_card":"summary_large_image","twitter_misc":{"Est. reading time":"1 min\u016b\u0161u"},"schema":{"@context":"https:\/\/schema.org","@graph":[{"@type":"WebPage","@id":"https:\/\/vana.vspa.ee\/hoolitsused\/jalamassaaz\/","url":"https:\/\/vana.vspa.ee\/hoolitsused\/jalamassaaz\/","name":"K\u0101ju mas\u0101\u017ea - V Spa","isPartOf":{"@id":"https:\/\/vana.vspa.ee\/#website"},"datePublished":"2017-02-01T09:34:54+00:00","dateModified":"2025-03-10T07:12:13+00:00","breadcrumb":{"@id":"https:\/\/vana.vspa.ee\/hoolitsused\/jalamassaaz\/#breadcrumb"},"inLanguage":"lv-LV","potentialAction":[{"@type":"ReadAction","target":["https:\/\/vana.vspa.ee\/hoolitsused\/jalamassaaz\/"]}]},{"@type":"BreadcrumbList","@id":"https:\/\/vana.vspa.ee\/hoolitsused\/jalamassaaz\/#breadcrumb","itemListElement":[{"@type":"ListItem","position":1,"name":"Home","item":"https:\/\/vana.vspa.ee\/lv\/"},{"@type":"ListItem","position":2,"name":"Ritu\u0101li","item":"https:\/\/vana.vspa.ee\/hoolitsused\/"},{"@type":"ListItem","position":3,"name":"K\u0101ju mas\u0101\u017ea"}]},{"@type":"WebSite","@id":"https:\/\/vana.vspa.ee\/#website","url":"https:\/\/vana.vspa.ee\/","name":"V Spa","description":"V\u00f5ta veest viimast!","potentialAction":[{"@type":"SearchAction","target":{"@type":"EntryPoint","urlTemplate":"https:\/\/vana.vspa.ee\/?s={search_term_string}"},"query-input":{"@type":"PropertyValueSpecification","valueRequired":true,"valueName":"search_term_string"}}],"inLanguage":"lv-LV"}]}},"_links":{"self":[{"href":"https:\/\/vana.vspa.ee\/lv\/wp-json\/wp\/v2\/pages\/1232","targetHints":{"allow":["GET"]}}],"collection":[{"href":"https:\/\/vana.vspa.ee\/lv\/wp-json\/wp\/v2\/pages"}],"about":[{"href":"https:\/\/vana.vspa.ee\/lv\/wp-json\/wp\/v2\/types\/page"}],"author":[{"embeddable":true,"href":"https:\/\/vana.vspa.ee\/lv\/wp-json\/wp\/v2\/users\/1"}],"replies":[{"embeddable":true,"href":"https:\/\/vana.vspa.ee\/lv\/wp-json\/wp\/v2\/comments?post=1232"}],"version-history":[{"count":3,"href":"https:\/\/vana.vspa.ee\/lv\/wp-json\/wp\/v2\/pages\/1232\/revisions"}],"predecessor-version":[{"id":49379,"href":"https:\/\/vana.vspa.ee\/lv\/wp-json\/wp\/v2\/pages\/1232\/revisions\/49379"}],"up":[{"embeddable":true,"href":"https:\/\/vana.vspa.ee\/lv\/wp-json\/wp\/v2\/pages\/1094"}],"wp:attachment":[{"href":"https:\/\/vana.vspa.ee\/lv\/wp-json\/wp\/v2\/media?parent=1232"}],"curies":[{"name":"wp","href":"https:\/\/api.w.org\/{rel}","templated":true}]}}