{"id":12388,"date":"2018-06-13T19:27:09","date_gmt":"2018-06-13T16:27:09","guid":{"rendered":"https:\/\/vspa.ee\/?page_id=12388"},"modified":"2024-11-12T12:04:08","modified_gmt":"2024-11-12T10:04:08","slug":"saunas-rituali","status":"publish","type":"page","link":"https:\/\/vana.vspa.ee\/lv\/udens-un-pirts-centrs\/saunas-rituali\/","title":{"rendered":"Saunas ritu\u0101li"},"content":{"rendered":"<div id=\"pl-12388\"  class=\"panel-layout\" ><div id=\"pg-12388-0\"  class=\"panel-grid panel-no-style\" ><div id=\"pgc-12388-0-0\"  class=\"panel-grid-cell\" ><div id=\"panel-12388-0-0-0\" class=\"so-panel widget widget_sow-editor panel-first-child panel-last-child\" data-index=\"0\" ><div\n\t\t\t\n\t\t\tclass=\"so-widget-sow-editor so-widget-sow-editor-base\"\n\t\t\t\n\t\t>\n<div class=\"siteorigin-widget-tinymce textwidget\">\n\t<h5>Saunu ritu\u0101li pirt\u012b, s\u0101ls-tvaika saun\u0101\u00a0un Krievu pirt\u012b<\/h5>\n<p>V Spa saunas ritu\u0101li sniedz iesp\u0113ju relaks\u0113ties un izbaud\u012bt saunas kult\u016bru iepriek\u0161 nepieredz\u0113ta veid\u0101.<\/p>\n<p><strong>Pirts ritu\u0101ls:<\/strong><br \/>\n10 min\u016btes ilgsto\u0161\u0101 pirts ritu\u0101la m\u0113r\u0137is ir relaks\u0113ties, kop\u0101 ar saunas meistaru uzmest garu, un k\u0101 pien\u0101kas nop\u0113rties. Ritu\u0101l\u0101 neizpaliek ar\u012b atveldz\u0113\u0161an\u0101s ar ledusaukstu \u016bdeni. Ritu\u0101l\u0101 piedal\u012bties ir gaid\u012bts ikviens, kam vesel\u012bba to at\u013cauj, bet, ja k\u0101d\u0101 br\u012bd\u012b paliek p\u0101r\u0101k karsti, dro\u0161i var aps\u0113sties uz zem\u0101kaj\u0101m l\u0101v\u0101m vai iziet no pirts \u0101tr\u0101k.<\/p>\n<p><strong>Arom\u0101tu ritu\u0101ls<\/strong><br \/>\nV Spa arom\u0101tu ritu\u0101ls aizved\u012bs tevi prom no ikdienas r\u016bp\u0113m gan ar pat\u012bkam\u0101m smar\u017e\u0101m, gan ska\u0146\u0101m.<br \/>\n10 min\u016b\u0161u laik\u0101 var\u0113si atsl\u0113gties un \u013caut sav\u0101m dom\u0101m kl\u012bst, baudot skuju koku, citrusaug\u013cu un da\u017e\u0101du ziedu arom\u0101tus. Atliek tikai aizv\u0113rt acis un izbaud\u012bt V Spa arom\u0101tu ritu\u0101la pied\u0101v\u0101to piedz\u012bvojumu. Ritu\u0101ls ir piem\u0113rots neatkar\u012bgi no t\u0101, vai esi tikko ierodaties vai ar\u012b tavs Spa ce\u013cojums jau tuvojas beig\u0101m.<\/p>\n<p><strong>\u0160ea sviesta ritu\u0101ls:<br \/>\n<\/strong>Tartu sird\u012b, V Spa, tagad atrodams ar\u012b, \u0100frikas sievie\u0161u iem\u012b\u013cot\u0101, \u0161ea sviesta ritu\u0101ls. \u0160is divu so\u013cu ritu\u0101ls, kas pasarg\u0101 un dziedina \u0101du tiek viekts Krievu pirt\u012b un dod iesp\u0113ju visiem apmekl\u0113t\u0101jiem iepriecin\u0101t savu \u0137ermeni ar ledusauksto un arom\u0101tisko \u0161ea sviestu. P\u0113c ritu\u0101la j\u016bsu \u0101da smar\u017eos p\u0113c \u0161okol\u0101des vai aven\u0113m, turkl\u0101t b\u016bs maiga un z\u012bdaina.<br \/>\nRitu\u0101la otraj\u0101 da\u013c\u0101 apmekl\u0113t\u0101ji var sevi palutin\u0101t ar marma punktu mas\u0101\u017eu, kas pal\u012bdz harmoniz\u0113t un l\u012bdzsvarot visu \u0137ermeni. 10 min\u016b\u0161u gar\u0101 ritu\u0101la rezult\u0101t\u0101 j\u016bsu \u0101da b\u016bs ieskauta dziedino\u0161\u0101 \u0161ea sviesta aizsargk\u0101rt\u0101, t\u0101d\u0113\u013c ieteicams ritu\u0101l\u0101 piedal\u012bties spa apmekl\u0113juma nosl\u0113gum\u0101.<\/p>\n<p><strong>Marokas ritu\u0101ls:<\/strong><br \/>\n\u0160is \u0137ermeni att\u012bro\u0161ais ritu\u0101ls noris s\u0101ls tavaika pirt\u012b un sagatavos j\u016bs gaid\u0101majiem pirts un \u016bdens priekiem, t\u0101p\u0113c iesak\u0101m to izbaud\u012bt Spa amekl\u0113juma s\u0101kum\u0101. Ritu\u0101la pirmaj\u0101 da\u013c\u0101 viesi var uzkl\u0101t \u0137ermenim <em>sabon bildi<\/em> jeb Marokas meln\u0101s ziepes, kuru smar\u017ea un tekst\u016bra ir paz\u012bstama ikvienam t\u016bristam, kur\u0161 apmekl\u0113jis Marokas vai Turcijas hammam pirtis. Papildus att\u012bro\u0161aj\u0101m ziep\u0113m ritu\u0101l\u0101 ietilpst ar\u012b \u0101du stimul\u0113jo\u0161s br\u016bn\u0101 cukura un Igaunijas medus \u0137erme\u0146a p\u012blings. P\u0113c ritu\u0101la b\u016bsiet atsvaidzin\u0101ti un v\u0113l ilgi jut\u012bsiet\u00a0 medus barojo\u0161o iedarb\u012bbu.<\/p>\n<p><strong>Pirts slotas ritu\u0101ls<\/strong><br \/>\nPirts slotas ritu\u0101la laik\u0101 pieredz\u0113siet mier\u012bgu un meditat\u012bvu pirts pieredzi, iepaz\u012bties ar da\u017e\u0101diem pirts veidiem un to \u012bpa\u0161\u012bb\u0101m. Ritu\u0101ls s\u0101kas klusi, pa vienai tiek iepaz\u012bstin\u0101tas da\u017e\u0101s\u0101s sloti\u0146as - katra ienes telp\u0101 savu unik\u0101lo arom\u0101tu un dziedino\u0161o sp\u0113ku, radot \u012bpa\u0161u saikni ar dabu. Ar katru jaunu gara uzme\u0161anu pirts piepild\u0101s ar da\u017e\u0101diem arom\u0101tiem un karstums pamaz\u0101m pieaug. Ritu\u0101ls beidzas ar p\u0113r\u0161anos, kas izce\u013c sloti\u0146u sp\u0113ku, atsvaidzinot un att\u012brot gan \u0137ermeni, gan pr\u0101tu.<\/p>\n<p><strong>Karstuma un aukstuma ritu\u0101ls<\/strong><br \/>\nKarstuma un aukstuma ritu\u0101ls ir dz\u012bv\u012bgs un uzmundrino\u0161s. T\u0101 laik\u0101 divi pirts meistari rada unik\u0101lu pieredzi ar main\u012bg\u0101m temperat\u016br\u0101m. Ritu\u0101ls ies\u0101kas nesteidz\u012bgi, pirts meistari iepaz\u012bstina ar karstuma un aukstuma mai\u0146as priek\u0161roc\u012bb\u0101m un Kneipa teoriju. Dr\u012bz vien ritu\u0101ls k\u013c\u016bst intens\u012bv\u0101ks, pirts meistariem prasm\u012bgi sp\u0113l\u0113joties ar karstumu un aukstumu, piepildot telpu ar main\u012bg\u0101m saj\u016bt\u0101m un dz\u012bv\u012bgu ener\u0123iju. Ritu\u0101ls kulmin\u0113 ar intens\u012bvu gara uzme\u0161anu, sniedzot \u0137ermenim atsvaidzin\u0101tu un l\u012bdzsvarotu saj\u016btu un d\u0101v\u0101jot pat\u012bkamu ener\u0123ijas l\u0101di\u0146u.<\/p>\n<p><strong>No pirmdienas l\u012bdz ceturtdienai:<br \/>\n<\/strong><strong>17:15 \u2013 <\/strong>Marokas ritu\u0101ls<strong><br \/>\n<\/strong><strong>18:00<\/strong>\u00a0<strong>\u2013<\/strong> Pirts ritu\u0101ls<br \/>\n<strong>19:00 \u2013<\/strong>Arom\u0101tu ritu\u0101ls<br \/>\n<strong>20:00 \u2013<\/strong> Pirts slotas ritu\u0101ls<br \/>\n<strong>21:00 \u2013 <\/strong><em>\u0160ea sviesta ritu\u0101ls*<\/em><\/p>\n<p><strong>No piektdienas l\u012bdz sestdienai:<br \/>\n<\/strong><strong>17:00 \u2013 <\/strong>Marokas ritu\u0101ls<strong><br \/>\n18:00\u2013<\/strong>Pirts ritu\u0101ls &amp; Arom\u0101tu ritu\u0101ls<strong><br \/>\n19:00 \u2013<\/strong> Karstuma un aukstuma ritu\u0101ls<strong><br \/>\n20:00 \u2013<\/strong>Arom\u0101tu ritu\u0101ls &amp; Pirts slotas ritu\u0101ls<strong><br \/>\n21:00 \u2013 <\/strong><em>\u0160ea sviesta ritu\u0101ls*<\/em><\/p>\n<p><strong>Sv\u0113tdien\u0101s:<br \/>\n<\/strong><strong>15:00 \u2013 <\/strong>Marokas ritu\u0101ls<strong><br \/>\n16:00\u2013<\/strong>Pirts ritu\u0101ls &amp; Arom\u0101tu ritu\u0101ls<strong><br \/>\n17:00 \u2013<\/strong> Karstuma un aukstuma ritu\u0101ls<strong><br \/>\n18:00 \u2013<\/strong>Arom\u0101tu ritu\u0101ls &amp; Pirts slotas ritu\u0101ls<strong><br \/>\n19:00 \u2013 <\/strong><em>\u0160ea sviesta ritu\u0101ls*<\/em><\/p>\n<p>*\u0160ea sviesta ritu\u0101li ide\u0101li piem\u0113roti spa apmekl\u0113juma nosl\u0113gum\u0101<\/p>\n<\/div>\n<\/div><\/div><\/div><div id=\"pgc-12388-0-1\"  class=\"panel-grid-cell\" ><div id=\"panel-12388-0-1-0\" class=\"so-panel widget widget_sow-image panel-first-child\" data-index=\"1\" ><div\n\t\t\t\n\t\t\tclass=\"so-widget-sow-image so-widget-sow-image-default-8b5b6f678277-12388\"\n\t\t\t\n\t\t>\n<div class=\"sow-image-container\">\n\t\t<img decoding=\"async\" src=\"https:\/\/vana.vspa.ee\/wp-content\/uploads\/2018\/03\/Spa-saunarituaalid_Web-_T_07719-Edit-2.jpg\" width=\"2048\" height=\"1365\" srcset=\"https:\/\/vana.vspa.ee\/wp-content\/uploads\/2018\/03\/Spa-saunarituaalid_Web-_T_07719-Edit-2.jpg 2048w, https:\/\/vana.vspa.ee\/wp-content\/uploads\/2018\/03\/Spa-saunarituaalid_Web-_T_07719-Edit-2-800x533.jpg 800w, https:\/\/vana.vspa.ee\/wp-content\/uploads\/2018\/03\/Spa-saunarituaalid_Web-_T_07719-Edit-2-300x200.jpg 300w, https:\/\/vana.vspa.ee\/wp-content\/uploads\/2018\/03\/Spa-saunarituaalid_Web-_T_07719-Edit-2-768x512.jpg 768w, https:\/\/vana.vspa.ee\/wp-content\/uploads\/2018\/03\/Spa-saunarituaalid_Web-_T_07719-Edit-2-1024x683.jpg 1024w, https:\/\/vana.vspa.ee\/wp-content\/uploads\/2018\/03\/Spa-saunarituaalid_Web-_T_07719-Edit-2-176x117.jpg 176w, https:\/\/vana.vspa.ee\/wp-content\/uploads\/2018\/03\/Spa-saunarituaalid_Web-_T_07719-Edit-2-180x120.jpg 180w, https:\/\/vana.vspa.ee\/wp-content\/uploads\/2018\/03\/Spa-saunarituaalid_Web-_T_07719-Edit-2-272x182.jpg 272w\" sizes=\"(max-width: 2048px) 100vw, 2048px\" title=\"Spa saunarituaalid_Web-_T_07719-Edit-2\" alt=\"\" \t\tclass=\"so-widget-image\"\/>\n\t<\/div>\n\n<\/div><\/div><div id=\"panel-12388-0-1-1\" class=\"so-panel widget widget_sow-image\" data-index=\"2\" ><div\n\t\t\t\n\t\t\tclass=\"so-widget-sow-image so-widget-sow-image-default-8b5b6f678277-12388\"\n\t\t\t\n\t\t>\n<div class=\"sow-image-container\">\n\t\t<img decoding=\"async\" src=\"https:\/\/vana.vspa.ee\/wp-content\/uploads\/2016\/11\/Spa-keskus-modellidega_Web-_T_00622-Edit-2.jpg\" width=\"2048\" height=\"1365\" srcset=\"https:\/\/vana.vspa.ee\/wp-content\/uploads\/2016\/11\/Spa-keskus-modellidega_Web-_T_00622-Edit-2.jpg 2048w, https:\/\/vana.vspa.ee\/wp-content\/uploads\/2016\/11\/Spa-keskus-modellidega_Web-_T_00622-Edit-2-800x533.jpg 800w, https:\/\/vana.vspa.ee\/wp-content\/uploads\/2016\/11\/Spa-keskus-modellidega_Web-_T_00622-Edit-2-300x200.jpg 300w, https:\/\/vana.vspa.ee\/wp-content\/uploads\/2016\/11\/Spa-keskus-modellidega_Web-_T_00622-Edit-2-768x512.jpg 768w, https:\/\/vana.vspa.ee\/wp-content\/uploads\/2016\/11\/Spa-keskus-modellidega_Web-_T_00622-Edit-2-1024x683.jpg 1024w, https:\/\/vana.vspa.ee\/wp-content\/uploads\/2016\/11\/Spa-keskus-modellidega_Web-_T_00622-Edit-2-176x117.jpg 176w, https:\/\/vana.vspa.ee\/wp-content\/uploads\/2016\/11\/Spa-keskus-modellidega_Web-_T_00622-Edit-2-180x120.jpg 180w, https:\/\/vana.vspa.ee\/wp-content\/uploads\/2016\/11\/Spa-keskus-modellidega_Web-_T_00622-Edit-2-272x182.jpg 272w\" sizes=\"(max-width: 2048px) 100vw, 2048px\" title=\"Spa keskus modellidega_Web-_T_00622-Edit-2\" alt=\"\" \t\tclass=\"so-widget-image\"\/>\n\t<\/div>\n\n<\/div><\/div><div id=\"panel-12388-0-1-2\" class=\"so-panel widget widget_sow-image panel-last-child\" data-index=\"3\" ><div\n\t\t\t\n\t\t\tclass=\"so-widget-sow-image so-widget-sow-image-default-8b5b6f678277-12388\"\n\t\t\t\n\t\t>\n<div class=\"sow-image-container\">\n\t\t<img decoding=\"async\" src=\"https:\/\/vana.vspa.ee\/wp-content\/uploads\/2018\/06\/Vene-banja-rituaal_Web-_T_03696-Edit.jpg\" width=\"2048\" height=\"1365\" srcset=\"https:\/\/vana.vspa.ee\/wp-content\/uploads\/2018\/06\/Vene-banja-rituaal_Web-_T_03696-Edit.jpg 2048w, https:\/\/vana.vspa.ee\/wp-content\/uploads\/2018\/06\/Vene-banja-rituaal_Web-_T_03696-Edit-800x533.jpg 800w, https:\/\/vana.vspa.ee\/wp-content\/uploads\/2018\/06\/Vene-banja-rituaal_Web-_T_03696-Edit-300x200.jpg 300w, https:\/\/vana.vspa.ee\/wp-content\/uploads\/2018\/06\/Vene-banja-rituaal_Web-_T_03696-Edit-768x512.jpg 768w, https:\/\/vana.vspa.ee\/wp-content\/uploads\/2018\/06\/Vene-banja-rituaal_Web-_T_03696-Edit-1024x683.jpg 1024w, https:\/\/vana.vspa.ee\/wp-content\/uploads\/2018\/06\/Vene-banja-rituaal_Web-_T_03696-Edit-176x117.jpg 176w, https:\/\/vana.vspa.ee\/wp-content\/uploads\/2018\/06\/Vene-banja-rituaal_Web-_T_03696-Edit-180x120.jpg 180w, https:\/\/vana.vspa.ee\/wp-content\/uploads\/2018\/06\/Vene-banja-rituaal_Web-_T_03696-Edit-272x182.jpg 272w\" sizes=\"(max-width: 2048px) 100vw, 2048px\" title=\"Vene banja rituaal_Web-_T_03696-Edit\" alt=\"\" \t\tclass=\"so-widget-image\"\/>\n\t<\/div>\n\n<\/div><\/div><\/div><\/div><\/div>","protected":false},"excerpt":{"rendered":"<p>Saunu ritu\u0101li pirt\u012b, s\u0101ls-tvaika saun\u0101\u00a0un Krievu pirt\u012b V Spa saunas ritu\u0101li sniedz iesp\u0113ju relaks\u0113ties un izbaud\u012bt saunas kult\u016bru iepriek\u0161 nepieredz\u0113ta&#8230;<\/p>\n","protected":false},"author":1,"featured_media":0,"parent":1050,"menu_order":0,"comment_status":"closed","ping_status":"closed","template":"","meta":{"_acf_changed":false,"_monsterinsights_skip_tracking":false,"_monsterinsights_sitenote_active":false,"_monsterinsights_sitenote_note":"","_monsterinsights_sitenote_category":0,"footnotes":"","_links_to":"","_links_to_target":""},"class_list":["post-12388","page","type-page","status-publish","hentry"],"acf":[],"yoast_head":"<!-- This site is optimized with the Yoast SEO plugin v24.7 - https:\/\/yoast.com\/wordpress\/plugins\/seo\/ -->\n<title>Saunas ritu\u0101li - V Spa<\/title>\n<meta name=\"robots\" content=\"noindex, follow, max-snippet:-1, max-image-preview:large, max-video-preview:-1\" \/>\n<meta property=\"og:locale\" content=\"lv_LV\" \/>\n<meta property=\"og:type\" content=\"article\" \/>\n<meta property=\"og:title\" content=\"Saunas ritu\u0101li - V Spa\" \/>\n<meta property=\"og:description\" content=\"Saunu ritu\u0101li pirt\u012b, s\u0101ls-tvaika saun\u0101\u00a0un Krievu pirt\u012b V Spa saunas ritu\u0101li sniedz iesp\u0113ju relaks\u0113ties un izbaud\u012bt saunas kult\u016bru iepriek\u0161 nepieredz\u0113ta...\" \/>\n<meta property=\"og:url\" content=\"https:\/\/vana.vspa.ee\/vee-ja-saunamaailm\/saunarituaalid\/\" \/>\n<meta property=\"og:site_name\" content=\"V Spa\" \/>\n<meta property=\"article:modified_time\" content=\"2024-11-12T10:04:08+00:00\" \/>\n<meta name=\"twitter:card\" content=\"summary_large_image\" \/>\n<meta name=\"twitter:label1\" content=\"Est. reading time\" \/>\n\t<meta name=\"twitter:data1\" content=\"3 min\u016btes\" \/>\n<script type=\"application\/ld+json\" class=\"yoast-schema-graph\">{\"@context\":\"https:\/\/schema.org\",\"@graph\":[{\"@type\":\"WebPage\",\"@id\":\"https:\/\/vana.vspa.ee\/vee-ja-saunamaailm\/saunarituaalid\/\",\"url\":\"https:\/\/vana.vspa.ee\/vee-ja-saunamaailm\/saunarituaalid\/\",\"name\":\"Saunas ritu\u0101li - V Spa\",\"isPartOf\":{\"@id\":\"https:\/\/vana.vspa.ee\/#website\"},\"datePublished\":\"2018-06-13T16:27:09+00:00\",\"dateModified\":\"2024-11-12T10:04:08+00:00\",\"breadcrumb\":{\"@id\":\"https:\/\/vana.vspa.ee\/vee-ja-saunamaailm\/saunarituaalid\/#breadcrumb\"},\"inLanguage\":\"lv-LV\",\"potentialAction\":[{\"@type\":\"ReadAction\",\"target\":[\"https:\/\/vana.vspa.ee\/vee-ja-saunamaailm\/saunarituaalid\/\"]}]},{\"@type\":\"BreadcrumbList\",\"@id\":\"https:\/\/vana.vspa.ee\/vee-ja-saunamaailm\/saunarituaalid\/#breadcrumb\",\"itemListElement\":[{\"@type\":\"ListItem\",\"position\":1,\"name\":\"Home\",\"item\":\"https:\/\/vana.vspa.ee\/lv\/\"},{\"@type\":\"ListItem\",\"position\":2,\"name\":\"\u016adens un pirts centrs\",\"item\":\"https:\/\/vana.vspa.ee\/vee-ja-saunamaailm\/\"},{\"@type\":\"ListItem\",\"position\":3,\"name\":\"Saunas ritu\u0101li\"}]},{\"@type\":\"WebSite\",\"@id\":\"https:\/\/vana.vspa.ee\/#website\",\"url\":\"https:\/\/vana.vspa.ee\/\",\"name\":\"V Spa\",\"description\":\"V\u00f5ta veest viimast!\",\"potentialAction\":[{\"@type\":\"SearchAction\",\"target\":{\"@type\":\"EntryPoint\",\"urlTemplate\":\"https:\/\/vana.vspa.ee\/?s={search_term_string}\"},\"query-input\":{\"@type\":\"PropertyValueSpecification\",\"valueRequired\":true,\"valueName\":\"search_term_string\"}}],\"inLanguage\":\"lv-LV\"}]}<\/script>\n<!-- \/ Yoast SEO plugin. -->","yoast_head_json":{"title":"Saunas ritu\u0101li - V Spa","robots":{"index":"noindex","follow":"follow","max-snippet":"max-snippet:-1","max-image-preview":"max-image-preview:large","max-video-preview":"max-video-preview:-1"},"og_locale":"lv_LV","og_type":"article","og_title":"Saunas ritu\u0101li - V Spa","og_description":"Saunu ritu\u0101li pirt\u012b, s\u0101ls-tvaika saun\u0101\u00a0un Krievu pirt\u012b V Spa saunas ritu\u0101li sniedz iesp\u0113ju relaks\u0113ties un izbaud\u012bt saunas kult\u016bru iepriek\u0161 nepieredz\u0113ta...","og_url":"https:\/\/vana.vspa.ee\/vee-ja-saunamaailm\/saunarituaalid\/","og_site_name":"V Spa","article_modified_time":"2024-11-12T10:04:08+00:00","twitter_card":"summary_large_image","twitter_misc":{"Est. reading time":"3 min\u016btes"},"schema":{"@context":"https:\/\/schema.org","@graph":[{"@type":"WebPage","@id":"https:\/\/vana.vspa.ee\/vee-ja-saunamaailm\/saunarituaalid\/","url":"https:\/\/vana.vspa.ee\/vee-ja-saunamaailm\/saunarituaalid\/","name":"Saunas ritu\u0101li - V Spa","isPartOf":{"@id":"https:\/\/vana.vspa.ee\/#website"},"datePublished":"2018-06-13T16:27:09+00:00","dateModified":"2024-11-12T10:04:08+00:00","breadcrumb":{"@id":"https:\/\/vana.vspa.ee\/vee-ja-saunamaailm\/saunarituaalid\/#breadcrumb"},"inLanguage":"lv-LV","potentialAction":[{"@type":"ReadAction","target":["https:\/\/vana.vspa.ee\/vee-ja-saunamaailm\/saunarituaalid\/"]}]},{"@type":"BreadcrumbList","@id":"https:\/\/vana.vspa.ee\/vee-ja-saunamaailm\/saunarituaalid\/#breadcrumb","itemListElement":[{"@type":"ListItem","position":1,"name":"Home","item":"https:\/\/vana.vspa.ee\/lv\/"},{"@type":"ListItem","position":2,"name":"\u016adens un pirts centrs","item":"https:\/\/vana.vspa.ee\/vee-ja-saunamaailm\/"},{"@type":"ListItem","position":3,"name":"Saunas ritu\u0101li"}]},{"@type":"WebSite","@id":"https:\/\/vana.vspa.ee\/#website","url":"https:\/\/vana.vspa.ee\/","name":"V Spa","description":"V\u00f5ta veest viimast!","potentialAction":[{"@type":"SearchAction","target":{"@type":"EntryPoint","urlTemplate":"https:\/\/vana.vspa.ee\/?s={search_term_string}"},"query-input":{"@type":"PropertyValueSpecification","valueRequired":true,"valueName":"search_term_string"}}],"inLanguage":"lv-LV"}]}},"_links":{"self":[{"href":"https:\/\/vana.vspa.ee\/lv\/wp-json\/wp\/v2\/pages\/12388","targetHints":{"allow":["GET"]}}],"collection":[{"href":"https:\/\/vana.vspa.ee\/lv\/wp-json\/wp\/v2\/pages"}],"about":[{"href":"https:\/\/vana.vspa.ee\/lv\/wp-json\/wp\/v2\/types\/page"}],"author":[{"embeddable":true,"href":"https:\/\/vana.vspa.ee\/lv\/wp-json\/wp\/v2\/users\/1"}],"replies":[{"embeddable":true,"href":"https:\/\/vana.vspa.ee\/lv\/wp-json\/wp\/v2\/comments?post=12388"}],"version-history":[{"count":24,"href":"https:\/\/vana.vspa.ee\/lv\/wp-json\/wp\/v2\/pages\/12388\/revisions"}],"predecessor-version":[{"id":46916,"href":"https:\/\/vana.vspa.ee\/lv\/wp-json\/wp\/v2\/pages\/12388\/revisions\/46916"}],"up":[{"embeddable":true,"href":"https:\/\/vana.vspa.ee\/lv\/wp-json\/wp\/v2\/pages\/1050"}],"wp:attachment":[{"href":"https:\/\/vana.vspa.ee\/lv\/wp-json\/wp\/v2\/media?parent=12388"}],"curies":[{"name":"wp","href":"https:\/\/api.w.org\/{rel}","templated":true}]}}