{"id":1239,"date":"2017-02-01T11:36:45","date_gmt":"2017-02-01T09:36:45","guid":{"rendered":"http:\/\/vspa.ee\/?page_id=1239\/"},"modified":"2025-02-20T15:07:33","modified_gmt":"2025-02-20T13:07:33","slug":"masaza-ar-sokoladi","status":"publish","type":"page","link":"https:\/\/vana.vspa.ee\/lv\/rituali\/masaza-ar-sokoladi\/","title":{"rendered":"Mas\u0101\u017ea ar \u0161okol\u0101di"},"content":{"rendered":"<p>Izbaudiet mas\u0101\u017eu ar \u0161okol\u0101di, k\u0101 rezult\u0101t\u0101 atbr\u012bvojas laimes hormoni, uzlabojas pa\u0161saj\u016bta un pa\u0101trin\u0101s organisma vielmai\u0146as procesi. Tas sol\u0101s b\u016bt \u012bsts baud\u012bjums, kur\u0101 domin\u0113 pat\u012bkams un k\u0101rdino\u0161s arom\u0101ts. Mas\u0101\u017ea ar viegla p\u012blinga efektu veicina tauku sadeg\u0161anas procesu, pal\u012bdz uzlabot \u0137erme\u0146a siluetu un samazina \u201eapels\u012bna mizi\u0146as\u201d efektu. Kakao pupi\u0146as satur vielas, kas p\u0101rv\u0113r\u0161 \u0101du par z\u012bdaini m\u012bkstu un noveco\u0161an\u0101s paz\u012bmes paz\u016bd k\u0101 nebiju\u0161as. No kabineta iziesiet ar samtaini m\u012bkstu \u0101du un absol\u016btu apmierin\u0101t\u012bbas saj\u016btu.<\/p>\n","protected":false},"excerpt":{"rendered":"<p>Izbaudiet mas\u0101\u017eu ar \u0161okol\u0101di, k\u0101 rezult\u0101t\u0101 atbr\u012bvojas laimes hormoni, uzlabojas pa\u0161saj\u016bta un pa\u0101trin\u0101s organisma vielmai\u0146as procesi. Tas sol\u0101s b\u016bt \u012bsts&#8230;<\/p>\n","protected":false},"author":1,"featured_media":0,"parent":1094,"menu_order":65,"comment_status":"closed","ping_status":"closed","template":"page-templates\/tpl-offer1.php","meta":{"_acf_changed":false,"_monsterinsights_skip_tracking":false,"_monsterinsights_sitenote_active":false,"_monsterinsights_sitenote_note":"","_monsterinsights_sitenote_category":0,"footnotes":"","_links_to":"","_links_to_target":""},"class_list":["post-1239","page","type-page","status-publish","hentry"],"acf":[],"yoast_head":"<!-- This site is optimized with the Yoast SEO plugin v24.7 - https:\/\/yoast.com\/wordpress\/plugins\/seo\/ -->\n<title>Mas\u0101\u017ea ar \u0161okol\u0101di - V Spa<\/title>\n<meta name=\"robots\" content=\"noindex, follow, max-snippet:-1, max-image-preview:large, max-video-preview:-1\" \/>\n<meta property=\"og:locale\" content=\"lv_LV\" \/>\n<meta property=\"og:type\" content=\"article\" \/>\n<meta property=\"og:title\" content=\"Mas\u0101\u017ea ar \u0161okol\u0101di - V Spa\" \/>\n<meta property=\"og:description\" content=\"Izbaudiet mas\u0101\u017eu ar \u0161okol\u0101di, k\u0101 rezult\u0101t\u0101 atbr\u012bvojas laimes hormoni, uzlabojas pa\u0161saj\u016bta un pa\u0101trin\u0101s organisma vielmai\u0146as procesi. Tas sol\u0101s b\u016bt \u012bsts...\" \/>\n<meta property=\"og:url\" content=\"https:\/\/vana.vspa.ee\/hoolitsused\/sokolaadimassaaz\/\" \/>\n<meta property=\"og:site_name\" content=\"V Spa\" \/>\n<meta property=\"article:modified_time\" content=\"2025-02-20T13:07:33+00:00\" \/>\n<meta name=\"twitter:card\" content=\"summary_large_image\" \/>\n<meta name=\"twitter:label1\" content=\"Est. reading time\" \/>\n\t<meta name=\"twitter:data1\" content=\"1 min\u016b\u0161u\" \/>\n<script type=\"application\/ld+json\" class=\"yoast-schema-graph\">{\"@context\":\"https:\/\/schema.org\",\"@graph\":[{\"@type\":\"WebPage\",\"@id\":\"https:\/\/vana.vspa.ee\/hoolitsused\/sokolaadimassaaz\/\",\"url\":\"https:\/\/vana.vspa.ee\/hoolitsused\/sokolaadimassaaz\/\",\"name\":\"Mas\u0101\u017ea ar \u0161okol\u0101di - V Spa\",\"isPartOf\":{\"@id\":\"https:\/\/vana.vspa.ee\/#website\"},\"datePublished\":\"2017-02-01T09:36:45+00:00\",\"dateModified\":\"2025-02-20T13:07:33+00:00\",\"breadcrumb\":{\"@id\":\"https:\/\/vana.vspa.ee\/hoolitsused\/sokolaadimassaaz\/#breadcrumb\"},\"inLanguage\":\"lv-LV\",\"potentialAction\":[{\"@type\":\"ReadAction\",\"target\":[\"https:\/\/vana.vspa.ee\/hoolitsused\/sokolaadimassaaz\/\"]}]},{\"@type\":\"BreadcrumbList\",\"@id\":\"https:\/\/vana.vspa.ee\/hoolitsused\/sokolaadimassaaz\/#breadcrumb\",\"itemListElement\":[{\"@type\":\"ListItem\",\"position\":1,\"name\":\"Home\",\"item\":\"https:\/\/vana.vspa.ee\/lv\/\"},{\"@type\":\"ListItem\",\"position\":2,\"name\":\"Ritu\u0101li\",\"item\":\"https:\/\/vana.vspa.ee\/hoolitsused\/\"},{\"@type\":\"ListItem\",\"position\":3,\"name\":\"Mas\u0101\u017ea ar \u0161okol\u0101di\"}]},{\"@type\":\"WebSite\",\"@id\":\"https:\/\/vana.vspa.ee\/#website\",\"url\":\"https:\/\/vana.vspa.ee\/\",\"name\":\"V Spa\",\"description\":\"V\u00f5ta veest viimast!\",\"potentialAction\":[{\"@type\":\"SearchAction\",\"target\":{\"@type\":\"EntryPoint\",\"urlTemplate\":\"https:\/\/vana.vspa.ee\/?s={search_term_string}\"},\"query-input\":{\"@type\":\"PropertyValueSpecification\",\"valueRequired\":true,\"valueName\":\"search_term_string\"}}],\"inLanguage\":\"lv-LV\"}]}<\/script>\n<!-- \/ Yoast SEO plugin. -->","yoast_head_json":{"title":"Mas\u0101\u017ea ar \u0161okol\u0101di - V Spa","robots":{"index":"noindex","follow":"follow","max-snippet":"max-snippet:-1","max-image-preview":"max-image-preview:large","max-video-preview":"max-video-preview:-1"},"og_locale":"lv_LV","og_type":"article","og_title":"Mas\u0101\u017ea ar \u0161okol\u0101di - V Spa","og_description":"Izbaudiet mas\u0101\u017eu ar \u0161okol\u0101di, k\u0101 rezult\u0101t\u0101 atbr\u012bvojas laimes hormoni, uzlabojas pa\u0161saj\u016bta un pa\u0101trin\u0101s organisma vielmai\u0146as procesi. Tas sol\u0101s b\u016bt \u012bsts...","og_url":"https:\/\/vana.vspa.ee\/hoolitsused\/sokolaadimassaaz\/","og_site_name":"V Spa","article_modified_time":"2025-02-20T13:07:33+00:00","twitter_card":"summary_large_image","twitter_misc":{"Est. reading time":"1 min\u016b\u0161u"},"schema":{"@context":"https:\/\/schema.org","@graph":[{"@type":"WebPage","@id":"https:\/\/vana.vspa.ee\/hoolitsused\/sokolaadimassaaz\/","url":"https:\/\/vana.vspa.ee\/hoolitsused\/sokolaadimassaaz\/","name":"Mas\u0101\u017ea ar \u0161okol\u0101di - V Spa","isPartOf":{"@id":"https:\/\/vana.vspa.ee\/#website"},"datePublished":"2017-02-01T09:36:45+00:00","dateModified":"2025-02-20T13:07:33+00:00","breadcrumb":{"@id":"https:\/\/vana.vspa.ee\/hoolitsused\/sokolaadimassaaz\/#breadcrumb"},"inLanguage":"lv-LV","potentialAction":[{"@type":"ReadAction","target":["https:\/\/vana.vspa.ee\/hoolitsused\/sokolaadimassaaz\/"]}]},{"@type":"BreadcrumbList","@id":"https:\/\/vana.vspa.ee\/hoolitsused\/sokolaadimassaaz\/#breadcrumb","itemListElement":[{"@type":"ListItem","position":1,"name":"Home","item":"https:\/\/vana.vspa.ee\/lv\/"},{"@type":"ListItem","position":2,"name":"Ritu\u0101li","item":"https:\/\/vana.vspa.ee\/hoolitsused\/"},{"@type":"ListItem","position":3,"name":"Mas\u0101\u017ea ar \u0161okol\u0101di"}]},{"@type":"WebSite","@id":"https:\/\/vana.vspa.ee\/#website","url":"https:\/\/vana.vspa.ee\/","name":"V Spa","description":"V\u00f5ta veest viimast!","potentialAction":[{"@type":"SearchAction","target":{"@type":"EntryPoint","urlTemplate":"https:\/\/vana.vspa.ee\/?s={search_term_string}"},"query-input":{"@type":"PropertyValueSpecification","valueRequired":true,"valueName":"search_term_string"}}],"inLanguage":"lv-LV"}]}},"_links":{"self":[{"href":"https:\/\/vana.vspa.ee\/lv\/wp-json\/wp\/v2\/pages\/1239","targetHints":{"allow":["GET"]}}],"collection":[{"href":"https:\/\/vana.vspa.ee\/lv\/wp-json\/wp\/v2\/pages"}],"about":[{"href":"https:\/\/vana.vspa.ee\/lv\/wp-json\/wp\/v2\/types\/page"}],"author":[{"embeddable":true,"href":"https:\/\/vana.vspa.ee\/lv\/wp-json\/wp\/v2\/users\/1"}],"replies":[{"embeddable":true,"href":"https:\/\/vana.vspa.ee\/lv\/wp-json\/wp\/v2\/comments?post=1239"}],"version-history":[{"count":6,"href":"https:\/\/vana.vspa.ee\/lv\/wp-json\/wp\/v2\/pages\/1239\/revisions"}],"predecessor-version":[{"id":49157,"href":"https:\/\/vana.vspa.ee\/lv\/wp-json\/wp\/v2\/pages\/1239\/revisions\/49157"}],"up":[{"embeddable":true,"href":"https:\/\/vana.vspa.ee\/lv\/wp-json\/wp\/v2\/pages\/1094"}],"wp:attachment":[{"href":"https:\/\/vana.vspa.ee\/lv\/wp-json\/wp\/v2\/media?parent=1239"}],"curies":[{"name":"wp","href":"https:\/\/api.w.org\/{rel}","templated":true}]}}