{"id":1240,"date":"2017-02-01T11:36:49","date_gmt":"2017-02-01T09:36:49","guid":{"rendered":"http:\/\/vspa.ee\/?page_id=1240\/"},"modified":"2023-12-07T16:50:56","modified_gmt":"2023-12-07T14:50:56","slug":"muguras-un-skausta-dalas-masaza","status":"publish","type":"page","link":"https:\/\/vana.vspa.ee\/lv\/rituali\/muguras-un-skausta-dalas-masaza\/","title":{"rendered":"Muguras un skausta da\u013cas mas\u0101\u017ea"},"content":{"rendered":"<p>\u0100tra un efekt\u012bva mas\u0101\u017ea, kas balst\u0101s uz klasisk\u0101s mas\u0101\u017eas principiem, veicina asinsriti un limfas cirkul\u0101ciju, mazina musku\u013cu s\u0101pes un spriedzi. Proced\u016bras laik\u0101 ar spiedo\u0161\u0101m kust\u012bb\u0101m tiek veikta muguras, skausta da\u013cas, kakla un galvas mas\u0101\u017ea. Nosl\u0113gum\u0101 sajut\u012bsiet, k\u0101 atk\u0101pjas muguras s\u0101pes un uzlabojas j\u016bsu \u0101das st\u0101voklis.<\/p>\n","protected":false},"excerpt":{"rendered":"<p>\u0100tra un efekt\u012bva mas\u0101\u017ea, kas balst\u0101s uz klasisk\u0101s mas\u0101\u017eas principiem, veicina asinsriti un limfas cirkul\u0101ciju, mazina musku\u013cu s\u0101pes un spriedzi&#8230;.<\/p>\n","protected":false},"author":1,"featured_media":0,"parent":1094,"menu_order":66,"comment_status":"closed","ping_status":"closed","template":"page-templates\/tpl-offer1.php","meta":{"_acf_changed":false,"_monsterinsights_skip_tracking":false,"_monsterinsights_sitenote_active":false,"_monsterinsights_sitenote_note":"","_monsterinsights_sitenote_category":0,"footnotes":"","_links_to":"","_links_to_target":""},"class_list":["post-1240","page","type-page","status-publish","hentry"],"acf":[],"yoast_head":"<!-- This site is optimized with the Yoast SEO plugin v24.7 - https:\/\/yoast.com\/wordpress\/plugins\/seo\/ -->\n<title>Muguras un skausta da\u013cas mas\u0101\u017ea - V Spa<\/title>\n<meta name=\"robots\" content=\"noindex, follow, max-snippet:-1, max-image-preview:large, max-video-preview:-1\" \/>\n<meta property=\"og:locale\" content=\"lv_LV\" \/>\n<meta property=\"og:type\" content=\"article\" \/>\n<meta property=\"og:title\" content=\"Muguras un skausta da\u013cas mas\u0101\u017ea - V Spa\" \/>\n<meta property=\"og:description\" content=\"\u0100tra un efekt\u012bva mas\u0101\u017ea, kas balst\u0101s uz klasisk\u0101s mas\u0101\u017eas principiem, veicina asinsriti un limfas cirkul\u0101ciju, mazina musku\u013cu s\u0101pes un spriedzi....\" \/>\n<meta property=\"og:url\" content=\"https:\/\/vana.vspa.ee\/hoolitsused\/selja-ja-turja-massaaz\/\" \/>\n<meta property=\"og:site_name\" content=\"V Spa\" \/>\n<meta property=\"article:modified_time\" content=\"2023-12-07T14:50:56+00:00\" \/>\n<meta name=\"twitter:card\" content=\"summary_large_image\" \/>\n<meta name=\"twitter:label1\" content=\"Est. reading time\" \/>\n\t<meta name=\"twitter:data1\" content=\"1 min\u016b\u0161u\" \/>\n<script type=\"application\/ld+json\" class=\"yoast-schema-graph\">{\"@context\":\"https:\/\/schema.org\",\"@graph\":[{\"@type\":\"WebPage\",\"@id\":\"https:\/\/vana.vspa.ee\/hoolitsused\/selja-ja-turja-massaaz\/\",\"url\":\"https:\/\/vana.vspa.ee\/hoolitsused\/selja-ja-turja-massaaz\/\",\"name\":\"Muguras un skausta da\u013cas mas\u0101\u017ea - V Spa\",\"isPartOf\":{\"@id\":\"https:\/\/vana.vspa.ee\/#website\"},\"datePublished\":\"2017-02-01T09:36:49+00:00\",\"dateModified\":\"2023-12-07T14:50:56+00:00\",\"breadcrumb\":{\"@id\":\"https:\/\/vana.vspa.ee\/hoolitsused\/selja-ja-turja-massaaz\/#breadcrumb\"},\"inLanguage\":\"lv-LV\",\"potentialAction\":[{\"@type\":\"ReadAction\",\"target\":[\"https:\/\/vana.vspa.ee\/hoolitsused\/selja-ja-turja-massaaz\/\"]}]},{\"@type\":\"BreadcrumbList\",\"@id\":\"https:\/\/vana.vspa.ee\/hoolitsused\/selja-ja-turja-massaaz\/#breadcrumb\",\"itemListElement\":[{\"@type\":\"ListItem\",\"position\":1,\"name\":\"Home\",\"item\":\"https:\/\/vana.vspa.ee\/lv\/\"},{\"@type\":\"ListItem\",\"position\":2,\"name\":\"Ritu\u0101li\",\"item\":\"https:\/\/vana.vspa.ee\/hoolitsused\/\"},{\"@type\":\"ListItem\",\"position\":3,\"name\":\"Muguras un skausta da\u013cas mas\u0101\u017ea\"}]},{\"@type\":\"WebSite\",\"@id\":\"https:\/\/vana.vspa.ee\/#website\",\"url\":\"https:\/\/vana.vspa.ee\/\",\"name\":\"V Spa\",\"description\":\"V\u00f5ta veest viimast!\",\"potentialAction\":[{\"@type\":\"SearchAction\",\"target\":{\"@type\":\"EntryPoint\",\"urlTemplate\":\"https:\/\/vana.vspa.ee\/?s={search_term_string}\"},\"query-input\":{\"@type\":\"PropertyValueSpecification\",\"valueRequired\":true,\"valueName\":\"search_term_string\"}}],\"inLanguage\":\"lv-LV\"}]}<\/script>\n<!-- \/ Yoast SEO plugin. -->","yoast_head_json":{"title":"Muguras un skausta da\u013cas mas\u0101\u017ea - V Spa","robots":{"index":"noindex","follow":"follow","max-snippet":"max-snippet:-1","max-image-preview":"max-image-preview:large","max-video-preview":"max-video-preview:-1"},"og_locale":"lv_LV","og_type":"article","og_title":"Muguras un skausta da\u013cas mas\u0101\u017ea - V Spa","og_description":"\u0100tra un efekt\u012bva mas\u0101\u017ea, kas balst\u0101s uz klasisk\u0101s mas\u0101\u017eas principiem, veicina asinsriti un limfas cirkul\u0101ciju, mazina musku\u013cu s\u0101pes un spriedzi....","og_url":"https:\/\/vana.vspa.ee\/hoolitsused\/selja-ja-turja-massaaz\/","og_site_name":"V Spa","article_modified_time":"2023-12-07T14:50:56+00:00","twitter_card":"summary_large_image","twitter_misc":{"Est. reading time":"1 min\u016b\u0161u"},"schema":{"@context":"https:\/\/schema.org","@graph":[{"@type":"WebPage","@id":"https:\/\/vana.vspa.ee\/hoolitsused\/selja-ja-turja-massaaz\/","url":"https:\/\/vana.vspa.ee\/hoolitsused\/selja-ja-turja-massaaz\/","name":"Muguras un skausta da\u013cas mas\u0101\u017ea - V Spa","isPartOf":{"@id":"https:\/\/vana.vspa.ee\/#website"},"datePublished":"2017-02-01T09:36:49+00:00","dateModified":"2023-12-07T14:50:56+00:00","breadcrumb":{"@id":"https:\/\/vana.vspa.ee\/hoolitsused\/selja-ja-turja-massaaz\/#breadcrumb"},"inLanguage":"lv-LV","potentialAction":[{"@type":"ReadAction","target":["https:\/\/vana.vspa.ee\/hoolitsused\/selja-ja-turja-massaaz\/"]}]},{"@type":"BreadcrumbList","@id":"https:\/\/vana.vspa.ee\/hoolitsused\/selja-ja-turja-massaaz\/#breadcrumb","itemListElement":[{"@type":"ListItem","position":1,"name":"Home","item":"https:\/\/vana.vspa.ee\/lv\/"},{"@type":"ListItem","position":2,"name":"Ritu\u0101li","item":"https:\/\/vana.vspa.ee\/hoolitsused\/"},{"@type":"ListItem","position":3,"name":"Muguras un skausta da\u013cas mas\u0101\u017ea"}]},{"@type":"WebSite","@id":"https:\/\/vana.vspa.ee\/#website","url":"https:\/\/vana.vspa.ee\/","name":"V Spa","description":"V\u00f5ta veest viimast!","potentialAction":[{"@type":"SearchAction","target":{"@type":"EntryPoint","urlTemplate":"https:\/\/vana.vspa.ee\/?s={search_term_string}"},"query-input":{"@type":"PropertyValueSpecification","valueRequired":true,"valueName":"search_term_string"}}],"inLanguage":"lv-LV"}]}},"_links":{"self":[{"href":"https:\/\/vana.vspa.ee\/lv\/wp-json\/wp\/v2\/pages\/1240","targetHints":{"allow":["GET"]}}],"collection":[{"href":"https:\/\/vana.vspa.ee\/lv\/wp-json\/wp\/v2\/pages"}],"about":[{"href":"https:\/\/vana.vspa.ee\/lv\/wp-json\/wp\/v2\/types\/page"}],"author":[{"embeddable":true,"href":"https:\/\/vana.vspa.ee\/lv\/wp-json\/wp\/v2\/users\/1"}],"replies":[{"embeddable":true,"href":"https:\/\/vana.vspa.ee\/lv\/wp-json\/wp\/v2\/comments?post=1240"}],"version-history":[{"count":7,"href":"https:\/\/vana.vspa.ee\/lv\/wp-json\/wp\/v2\/pages\/1240\/revisions"}],"predecessor-version":[{"id":42257,"href":"https:\/\/vana.vspa.ee\/lv\/wp-json\/wp\/v2\/pages\/1240\/revisions\/42257"}],"up":[{"embeddable":true,"href":"https:\/\/vana.vspa.ee\/lv\/wp-json\/wp\/v2\/pages\/1094"}],"wp:attachment":[{"href":"https:\/\/vana.vspa.ee\/lv\/wp-json\/wp\/v2\/media?parent=1240"}],"curies":[{"name":"wp","href":"https:\/\/api.w.org\/{rel}","templated":true}]}}