{"id":1292,"date":"2017-02-01T12:01:08","date_gmt":"2017-02-01T10:01:08","guid":{"rendered":"http:\/\/vspa.ee\/?page_id=1292\/"},"modified":"2023-12-04T14:58:50","modified_gmt":"2023-12-04T12:58:50","slug":"nagu-kopsanas-procedura-meitenem-berniem-lidz-12-g","status":"publish","type":"page","link":"https:\/\/vana.vspa.ee\/lv\/rituali\/nagu-kopsanas-procedura-meitenem-berniem-lidz-12-g\/","title":{"rendered":"Nagu kop\u0161anas proced\u016bra b\u0113rnam"},"content":{"rendered":"<p>M\u016bsu maig\u0101 nagu un roku kop\u0161anas proced\u016bra ir dom\u0101ta tie\u0161i tev. Maigs enz\u012bmu p\u012blings, roku mas\u0101\u017ea un nagu apr\u016bpe, un ja mamma vai t\u0113tis dod za\u013co gaismu, saviem nagiem var\u0113si izraudz\u012bties ar\u012b \u0161\u0137elm\u012bgas kr\u0101sas nagu laku. Proced\u016bra piem\u0113rota meiten\u0113m vecum\u0101 no 5 l\u012bdz 12 gadiem.<\/p>\n","protected":false},"excerpt":{"rendered":"<p>M\u016bsu maig\u0101 nagu un roku kop\u0161anas proced\u016bra ir dom\u0101ta tie\u0161i tev. Maigs enz\u012bmu p\u012blings, roku mas\u0101\u017ea un nagu apr\u016bpe, un&#8230;<\/p>\n","protected":false},"author":1,"featured_media":0,"parent":1094,"menu_order":95,"comment_status":"closed","ping_status":"closed","template":"page-templates\/tpl-offer1.php","meta":{"_acf_changed":false,"_monsterinsights_skip_tracking":false,"_monsterinsights_sitenote_active":false,"_monsterinsights_sitenote_note":"","_monsterinsights_sitenote_category":0,"footnotes":"","_links_to":"","_links_to_target":""},"class_list":["post-1292","page","type-page","status-publish","hentry"],"acf":[],"yoast_head":"<!-- This site is optimized with the Yoast SEO plugin v24.7 - https:\/\/yoast.com\/wordpress\/plugins\/seo\/ -->\n<title>Nagu kop\u0161anas proced\u016bra b\u0113rnam - V Spa<\/title>\n<meta name=\"robots\" content=\"noindex, follow, max-snippet:-1, max-image-preview:large, max-video-preview:-1\" \/>\n<meta property=\"og:locale\" content=\"lv_LV\" \/>\n<meta property=\"og:type\" content=\"article\" \/>\n<meta property=\"og:title\" content=\"Nagu kop\u0161anas proced\u016bra b\u0113rnam - V Spa\" \/>\n<meta property=\"og:description\" content=\"M\u016bsu maig\u0101 nagu un roku kop\u0161anas proced\u016bra ir dom\u0101ta tie\u0161i tev. Maigs enz\u012bmu p\u012blings, roku mas\u0101\u017ea un nagu apr\u016bpe, un...\" \/>\n<meta property=\"og:url\" content=\"https:\/\/vana.vspa.ee\/hoolitsused\/tudrukute-kuuntehoolitsus-laps-kuni-12\/\" \/>\n<meta property=\"og:site_name\" content=\"V Spa\" \/>\n<meta property=\"article:modified_time\" content=\"2023-12-04T12:58:50+00:00\" \/>\n<meta name=\"twitter:card\" content=\"summary_large_image\" \/>\n<meta name=\"twitter:label1\" content=\"Est. reading time\" \/>\n\t<meta name=\"twitter:data1\" content=\"1 min\u016b\u0161u\" \/>\n<script type=\"application\/ld+json\" class=\"yoast-schema-graph\">{\"@context\":\"https:\/\/schema.org\",\"@graph\":[{\"@type\":\"WebPage\",\"@id\":\"https:\/\/vana.vspa.ee\/hoolitsused\/tudrukute-kuuntehoolitsus-laps-kuni-12\/\",\"url\":\"https:\/\/vana.vspa.ee\/hoolitsused\/tudrukute-kuuntehoolitsus-laps-kuni-12\/\",\"name\":\"Nagu kop\u0161anas proced\u016bra b\u0113rnam - V Spa\",\"isPartOf\":{\"@id\":\"https:\/\/vana.vspa.ee\/#website\"},\"datePublished\":\"2017-02-01T10:01:08+00:00\",\"dateModified\":\"2023-12-04T12:58:50+00:00\",\"breadcrumb\":{\"@id\":\"https:\/\/vana.vspa.ee\/hoolitsused\/tudrukute-kuuntehoolitsus-laps-kuni-12\/#breadcrumb\"},\"inLanguage\":\"lv-LV\",\"potentialAction\":[{\"@type\":\"ReadAction\",\"target\":[\"https:\/\/vana.vspa.ee\/hoolitsused\/tudrukute-kuuntehoolitsus-laps-kuni-12\/\"]}]},{\"@type\":\"BreadcrumbList\",\"@id\":\"https:\/\/vana.vspa.ee\/hoolitsused\/tudrukute-kuuntehoolitsus-laps-kuni-12\/#breadcrumb\",\"itemListElement\":[{\"@type\":\"ListItem\",\"position\":1,\"name\":\"Home\",\"item\":\"https:\/\/vana.vspa.ee\/lv\/\"},{\"@type\":\"ListItem\",\"position\":2,\"name\":\"Ritu\u0101li\",\"item\":\"https:\/\/vana.vspa.ee\/hoolitsused\/\"},{\"@type\":\"ListItem\",\"position\":3,\"name\":\"Nagu kop\u0161anas proced\u016bra b\u0113rnam\"}]},{\"@type\":\"WebSite\",\"@id\":\"https:\/\/vana.vspa.ee\/#website\",\"url\":\"https:\/\/vana.vspa.ee\/\",\"name\":\"V Spa\",\"description\":\"V\u00f5ta veest viimast!\",\"potentialAction\":[{\"@type\":\"SearchAction\",\"target\":{\"@type\":\"EntryPoint\",\"urlTemplate\":\"https:\/\/vana.vspa.ee\/?s={search_term_string}\"},\"query-input\":{\"@type\":\"PropertyValueSpecification\",\"valueRequired\":true,\"valueName\":\"search_term_string\"}}],\"inLanguage\":\"lv-LV\"}]}<\/script>\n<!-- \/ Yoast SEO plugin. -->","yoast_head_json":{"title":"Nagu kop\u0161anas proced\u016bra b\u0113rnam - V Spa","robots":{"index":"noindex","follow":"follow","max-snippet":"max-snippet:-1","max-image-preview":"max-image-preview:large","max-video-preview":"max-video-preview:-1"},"og_locale":"lv_LV","og_type":"article","og_title":"Nagu kop\u0161anas proced\u016bra b\u0113rnam - V Spa","og_description":"M\u016bsu maig\u0101 nagu un roku kop\u0161anas proced\u016bra ir dom\u0101ta tie\u0161i tev. Maigs enz\u012bmu p\u012blings, roku mas\u0101\u017ea un nagu apr\u016bpe, un...","og_url":"https:\/\/vana.vspa.ee\/hoolitsused\/tudrukute-kuuntehoolitsus-laps-kuni-12\/","og_site_name":"V Spa","article_modified_time":"2023-12-04T12:58:50+00:00","twitter_card":"summary_large_image","twitter_misc":{"Est. reading time":"1 min\u016b\u0161u"},"schema":{"@context":"https:\/\/schema.org","@graph":[{"@type":"WebPage","@id":"https:\/\/vana.vspa.ee\/hoolitsused\/tudrukute-kuuntehoolitsus-laps-kuni-12\/","url":"https:\/\/vana.vspa.ee\/hoolitsused\/tudrukute-kuuntehoolitsus-laps-kuni-12\/","name":"Nagu kop\u0161anas proced\u016bra b\u0113rnam - V Spa","isPartOf":{"@id":"https:\/\/vana.vspa.ee\/#website"},"datePublished":"2017-02-01T10:01:08+00:00","dateModified":"2023-12-04T12:58:50+00:00","breadcrumb":{"@id":"https:\/\/vana.vspa.ee\/hoolitsused\/tudrukute-kuuntehoolitsus-laps-kuni-12\/#breadcrumb"},"inLanguage":"lv-LV","potentialAction":[{"@type":"ReadAction","target":["https:\/\/vana.vspa.ee\/hoolitsused\/tudrukute-kuuntehoolitsus-laps-kuni-12\/"]}]},{"@type":"BreadcrumbList","@id":"https:\/\/vana.vspa.ee\/hoolitsused\/tudrukute-kuuntehoolitsus-laps-kuni-12\/#breadcrumb","itemListElement":[{"@type":"ListItem","position":1,"name":"Home","item":"https:\/\/vana.vspa.ee\/lv\/"},{"@type":"ListItem","position":2,"name":"Ritu\u0101li","item":"https:\/\/vana.vspa.ee\/hoolitsused\/"},{"@type":"ListItem","position":3,"name":"Nagu kop\u0161anas proced\u016bra b\u0113rnam"}]},{"@type":"WebSite","@id":"https:\/\/vana.vspa.ee\/#website","url":"https:\/\/vana.vspa.ee\/","name":"V Spa","description":"V\u00f5ta veest viimast!","potentialAction":[{"@type":"SearchAction","target":{"@type":"EntryPoint","urlTemplate":"https:\/\/vana.vspa.ee\/?s={search_term_string}"},"query-input":{"@type":"PropertyValueSpecification","valueRequired":true,"valueName":"search_term_string"}}],"inLanguage":"lv-LV"}]}},"_links":{"self":[{"href":"https:\/\/vana.vspa.ee\/lv\/wp-json\/wp\/v2\/pages\/1292","targetHints":{"allow":["GET"]}}],"collection":[{"href":"https:\/\/vana.vspa.ee\/lv\/wp-json\/wp\/v2\/pages"}],"about":[{"href":"https:\/\/vana.vspa.ee\/lv\/wp-json\/wp\/v2\/types\/page"}],"author":[{"embeddable":true,"href":"https:\/\/vana.vspa.ee\/lv\/wp-json\/wp\/v2\/users\/1"}],"replies":[{"embeddable":true,"href":"https:\/\/vana.vspa.ee\/lv\/wp-json\/wp\/v2\/comments?post=1292"}],"version-history":[{"count":2,"href":"https:\/\/vana.vspa.ee\/lv\/wp-json\/wp\/v2\/pages\/1292\/revisions"}],"predecessor-version":[{"id":42003,"href":"https:\/\/vana.vspa.ee\/lv\/wp-json\/wp\/v2\/pages\/1292\/revisions\/42003"}],"up":[{"embeddable":true,"href":"https:\/\/vana.vspa.ee\/lv\/wp-json\/wp\/v2\/pages\/1094"}],"wp:attachment":[{"href":"https:\/\/vana.vspa.ee\/lv\/wp-json\/wp\/v2\/media?parent=1292"}],"curies":[{"name":"wp","href":"https:\/\/api.w.org\/{rel}","templated":true}]}}