{"id":1297,"date":"2017-02-01T12:03:59","date_gmt":"2017-02-01T10:03:59","guid":{"rendered":"http:\/\/vspa.ee\/?page_id=1297\/"},"modified":"2025-03-17T09:40:31","modified_gmt":"2025-03-17T07:40:31","slug":"klasiska-kaju-kopsanas-procedura","status":"publish","type":"page","link":"https:\/\/vana.vspa.ee\/lv\/rituali\/klasiska-kaju-kopsanas-procedura\/","title":{"rendered":"Klasisk\u0101 k\u0101ju kop\u0161anas proced\u016bra"},"content":{"rendered":"<p>Klasiskais pedik\u012brs, kas pie\u0161\u0137ir k\u0101j\u0101m vieglumu un pievilc\u012bbu. Proced\u016bra ies\u0101kas ar atsvaidzino\u0161u k\u0101ju vannu un tiek apr\u016bp\u0113ti k\u0101ju nagi, pie\u0161\u0137irot tiem v\u0113lamo formu. Turpin\u0101jum\u0101 tiek apr\u016bp\u0113tas p\u0113das un k\u0101j\u0101m uzkl\u0101ts kr\u0113ms un nagu e\u013c\u013ca.<\/p>\n<p>Ja v\u0113laties, nagiem iesp\u0113jams uzkl\u0101t j\u016bsu izv\u0113l\u0113tu Orly Breathable nagulaku.<\/p>\n<p>\u0160o proced\u016bru var baud\u012bt dienas spa paketes ietvaros: <a href=\"https:\/\/vspa.ee\/lv\/paketes\/varvikas-luksus-naisele\/\">Kr\u0101sainais luksuss d\u0101mai<\/a><\/p>\n","protected":false},"excerpt":{"rendered":"<p>Klasiskais pedik\u012brs, kas pie\u0161\u0137ir k\u0101j\u0101m vieglumu un pievilc\u012bbu. Proced\u016bra ies\u0101kas ar atsvaidzino\u0161u k\u0101ju vannu un tiek apr\u016bp\u0113ti k\u0101ju nagi, pie\u0161\u0137irot&#8230;<\/p>\n","protected":false},"author":1,"featured_media":0,"parent":1094,"menu_order":54,"comment_status":"closed","ping_status":"closed","template":"page-templates\/tpl-offer1.php","meta":{"_acf_changed":false,"_monsterinsights_skip_tracking":false,"_monsterinsights_sitenote_active":false,"_monsterinsights_sitenote_note":"","_monsterinsights_sitenote_category":0,"footnotes":"","_links_to":"","_links_to_target":""},"class_list":["post-1297","page","type-page","status-publish","hentry"],"acf":[],"yoast_head":"<!-- This site is optimized with the Yoast SEO plugin v24.7 - https:\/\/yoast.com\/wordpress\/plugins\/seo\/ -->\n<title>Klasisk\u0101 k\u0101ju kop\u0161anas proced\u016bra - V Spa<\/title>\n<meta name=\"robots\" content=\"noindex, follow, max-snippet:-1, max-image-preview:large, max-video-preview:-1\" \/>\n<meta property=\"og:locale\" content=\"lv_LV\" \/>\n<meta property=\"og:type\" content=\"article\" \/>\n<meta property=\"og:title\" content=\"Klasisk\u0101 k\u0101ju kop\u0161anas proced\u016bra - V Spa\" \/>\n<meta property=\"og:description\" content=\"Klasiskais pedik\u012brs, kas pie\u0161\u0137ir k\u0101j\u0101m vieglumu un pievilc\u012bbu. Proced\u016bra ies\u0101kas ar atsvaidzino\u0161u k\u0101ju vannu un tiek apr\u016bp\u0113ti k\u0101ju nagi, pie\u0161\u0137irot...\" \/>\n<meta property=\"og:url\" content=\"https:\/\/vana.vspa.ee\/hoolitsused\/klassikaline-jalahoolitsus\/\" \/>\n<meta property=\"og:site_name\" content=\"V Spa\" \/>\n<meta property=\"article:modified_time\" content=\"2025-03-17T07:40:31+00:00\" \/>\n<meta name=\"twitter:card\" content=\"summary_large_image\" \/>\n<meta name=\"twitter:label1\" content=\"Est. reading time\" \/>\n\t<meta name=\"twitter:data1\" content=\"1 min\u016b\u0161u\" \/>\n<script type=\"application\/ld+json\" class=\"yoast-schema-graph\">{\"@context\":\"https:\/\/schema.org\",\"@graph\":[{\"@type\":\"WebPage\",\"@id\":\"https:\/\/vana.vspa.ee\/hoolitsused\/klassikaline-jalahoolitsus\/\",\"url\":\"https:\/\/vana.vspa.ee\/hoolitsused\/klassikaline-jalahoolitsus\/\",\"name\":\"Klasisk\u0101 k\u0101ju kop\u0161anas proced\u016bra - V Spa\",\"isPartOf\":{\"@id\":\"https:\/\/vana.vspa.ee\/#website\"},\"datePublished\":\"2017-02-01T10:03:59+00:00\",\"dateModified\":\"2025-03-17T07:40:31+00:00\",\"breadcrumb\":{\"@id\":\"https:\/\/vana.vspa.ee\/hoolitsused\/klassikaline-jalahoolitsus\/#breadcrumb\"},\"inLanguage\":\"lv-LV\",\"potentialAction\":[{\"@type\":\"ReadAction\",\"target\":[\"https:\/\/vana.vspa.ee\/hoolitsused\/klassikaline-jalahoolitsus\/\"]}]},{\"@type\":\"BreadcrumbList\",\"@id\":\"https:\/\/vana.vspa.ee\/hoolitsused\/klassikaline-jalahoolitsus\/#breadcrumb\",\"itemListElement\":[{\"@type\":\"ListItem\",\"position\":1,\"name\":\"Home\",\"item\":\"https:\/\/vana.vspa.ee\/lv\/\"},{\"@type\":\"ListItem\",\"position\":2,\"name\":\"Ritu\u0101li\",\"item\":\"https:\/\/vana.vspa.ee\/hoolitsused\/\"},{\"@type\":\"ListItem\",\"position\":3,\"name\":\"Klasisk\u0101 k\u0101ju kop\u0161anas proced\u016bra\"}]},{\"@type\":\"WebSite\",\"@id\":\"https:\/\/vana.vspa.ee\/#website\",\"url\":\"https:\/\/vana.vspa.ee\/\",\"name\":\"V Spa\",\"description\":\"V\u00f5ta veest viimast!\",\"potentialAction\":[{\"@type\":\"SearchAction\",\"target\":{\"@type\":\"EntryPoint\",\"urlTemplate\":\"https:\/\/vana.vspa.ee\/?s={search_term_string}\"},\"query-input\":{\"@type\":\"PropertyValueSpecification\",\"valueRequired\":true,\"valueName\":\"search_term_string\"}}],\"inLanguage\":\"lv-LV\"}]}<\/script>\n<!-- \/ Yoast SEO plugin. -->","yoast_head_json":{"title":"Klasisk\u0101 k\u0101ju kop\u0161anas proced\u016bra - V Spa","robots":{"index":"noindex","follow":"follow","max-snippet":"max-snippet:-1","max-image-preview":"max-image-preview:large","max-video-preview":"max-video-preview:-1"},"og_locale":"lv_LV","og_type":"article","og_title":"Klasisk\u0101 k\u0101ju kop\u0161anas proced\u016bra - V Spa","og_description":"Klasiskais pedik\u012brs, kas pie\u0161\u0137ir k\u0101j\u0101m vieglumu un pievilc\u012bbu. Proced\u016bra ies\u0101kas ar atsvaidzino\u0161u k\u0101ju vannu un tiek apr\u016bp\u0113ti k\u0101ju nagi, pie\u0161\u0137irot...","og_url":"https:\/\/vana.vspa.ee\/hoolitsused\/klassikaline-jalahoolitsus\/","og_site_name":"V Spa","article_modified_time":"2025-03-17T07:40:31+00:00","twitter_card":"summary_large_image","twitter_misc":{"Est. reading time":"1 min\u016b\u0161u"},"schema":{"@context":"https:\/\/schema.org","@graph":[{"@type":"WebPage","@id":"https:\/\/vana.vspa.ee\/hoolitsused\/klassikaline-jalahoolitsus\/","url":"https:\/\/vana.vspa.ee\/hoolitsused\/klassikaline-jalahoolitsus\/","name":"Klasisk\u0101 k\u0101ju kop\u0161anas proced\u016bra - V Spa","isPartOf":{"@id":"https:\/\/vana.vspa.ee\/#website"},"datePublished":"2017-02-01T10:03:59+00:00","dateModified":"2025-03-17T07:40:31+00:00","breadcrumb":{"@id":"https:\/\/vana.vspa.ee\/hoolitsused\/klassikaline-jalahoolitsus\/#breadcrumb"},"inLanguage":"lv-LV","potentialAction":[{"@type":"ReadAction","target":["https:\/\/vana.vspa.ee\/hoolitsused\/klassikaline-jalahoolitsus\/"]}]},{"@type":"BreadcrumbList","@id":"https:\/\/vana.vspa.ee\/hoolitsused\/klassikaline-jalahoolitsus\/#breadcrumb","itemListElement":[{"@type":"ListItem","position":1,"name":"Home","item":"https:\/\/vana.vspa.ee\/lv\/"},{"@type":"ListItem","position":2,"name":"Ritu\u0101li","item":"https:\/\/vana.vspa.ee\/hoolitsused\/"},{"@type":"ListItem","position":3,"name":"Klasisk\u0101 k\u0101ju kop\u0161anas proced\u016bra"}]},{"@type":"WebSite","@id":"https:\/\/vana.vspa.ee\/#website","url":"https:\/\/vana.vspa.ee\/","name":"V Spa","description":"V\u00f5ta veest viimast!","potentialAction":[{"@type":"SearchAction","target":{"@type":"EntryPoint","urlTemplate":"https:\/\/vana.vspa.ee\/?s={search_term_string}"},"query-input":{"@type":"PropertyValueSpecification","valueRequired":true,"valueName":"search_term_string"}}],"inLanguage":"lv-LV"}]}},"_links":{"self":[{"href":"https:\/\/vana.vspa.ee\/lv\/wp-json\/wp\/v2\/pages\/1297","targetHints":{"allow":["GET"]}}],"collection":[{"href":"https:\/\/vana.vspa.ee\/lv\/wp-json\/wp\/v2\/pages"}],"about":[{"href":"https:\/\/vana.vspa.ee\/lv\/wp-json\/wp\/v2\/types\/page"}],"author":[{"embeddable":true,"href":"https:\/\/vana.vspa.ee\/lv\/wp-json\/wp\/v2\/users\/1"}],"replies":[{"embeddable":true,"href":"https:\/\/vana.vspa.ee\/lv\/wp-json\/wp\/v2\/comments?post=1297"}],"version-history":[{"count":5,"href":"https:\/\/vana.vspa.ee\/lv\/wp-json\/wp\/v2\/pages\/1297\/revisions"}],"predecessor-version":[{"id":49488,"href":"https:\/\/vana.vspa.ee\/lv\/wp-json\/wp\/v2\/pages\/1297\/revisions\/49488"}],"up":[{"embeddable":true,"href":"https:\/\/vana.vspa.ee\/lv\/wp-json\/wp\/v2\/pages\/1094"}],"wp:attachment":[{"href":"https:\/\/vana.vspa.ee\/lv\/wp-json\/wp\/v2\/media?parent=1297"}],"curies":[{"name":"wp","href":"https:\/\/api.w.org\/{rel}","templated":true}]}}