{"id":1298,"date":"2017-02-01T12:04:02","date_gmt":"2017-02-01T10:04:02","guid":{"rendered":"http:\/\/vspa.ee\/?page_id=1298\/"},"modified":"2023-12-04T11:18:58","modified_gmt":"2023-12-04T09:18:58","slug":"wellness-kaju-kopsanas-procedura","status":"publish","type":"page","link":"https:\/\/vana.vspa.ee\/lv\/rituali\/wellness-kaju-kopsanas-procedura\/","title":{"rendered":"Wellness k\u0101ju kop\u0161anas proced\u016bra"},"content":{"rendered":"<p>\u0160\u012b luksusa barojo\u0161\u0101 k\u0101ju proced\u016bra padara k\u0101jas jaunekl\u012bgas un so\u013cus viegl\u0101kus. Proced\u016bra ies\u0101kas ar atsvaidzino\u0161u k\u0101ju vannu un k\u0101ju nagu un p\u0113das apr\u016bpi. Turpin\u0101jum\u0101 tiek veikta eksfoli\u0101cija un pat\u012bkama relaks\u0113jo\u0161a, mitrino\u0161a mas\u0101\u017ea.<\/p>\n<p>90 min. proced\u016br\u0101 tiek izmantota ar\u012b dzi\u013ci mitrino\u0161a un p\u0113das m\u012bkstino\u0161a maska.<\/p>\n<p>Ja v\u0113laties, nagiem iesp\u0113jams uzkl\u0101t j\u016bsu izv\u0113l\u0113tu Orly Breathable nagulaku.<\/p>\n","protected":false},"excerpt":{"rendered":"<p>\u0160\u012b luksusa barojo\u0161\u0101 k\u0101ju proced\u016bra padara k\u0101jas jaunekl\u012bgas un so\u013cus viegl\u0101kus. Proced\u016bra ies\u0101kas ar atsvaidzino\u0161u k\u0101ju vannu un k\u0101ju nagu&#8230;<\/p>\n","protected":false},"author":1,"featured_media":0,"parent":1094,"menu_order":55,"comment_status":"closed","ping_status":"closed","template":"page-templates\/tpl-offer1.php","meta":{"_acf_changed":false,"_monsterinsights_skip_tracking":false,"_monsterinsights_sitenote_active":false,"_monsterinsights_sitenote_note":"","_monsterinsights_sitenote_category":0,"footnotes":"","_links_to":"","_links_to_target":""},"class_list":["post-1298","page","type-page","status-publish","hentry"],"acf":[],"yoast_head":"<!-- This site is optimized with the Yoast SEO plugin v24.7 - https:\/\/yoast.com\/wordpress\/plugins\/seo\/ -->\n<title>Wellness k\u0101ju kop\u0161anas proced\u016bra - V Spa<\/title>\n<meta name=\"robots\" content=\"noindex, follow, max-snippet:-1, max-image-preview:large, max-video-preview:-1\" \/>\n<meta property=\"og:locale\" content=\"lv_LV\" \/>\n<meta property=\"og:type\" content=\"article\" \/>\n<meta property=\"og:title\" content=\"Wellness k\u0101ju kop\u0161anas proced\u016bra - V Spa\" \/>\n<meta property=\"og:description\" content=\"\u0160\u012b luksusa barojo\u0161\u0101 k\u0101ju proced\u016bra padara k\u0101jas jaunekl\u012bgas un so\u013cus viegl\u0101kus. Proced\u016bra ies\u0101kas ar atsvaidzino\u0161u k\u0101ju vannu un k\u0101ju nagu...\" \/>\n<meta property=\"og:url\" content=\"https:\/\/vana.vspa.ee\/hoolitsused\/wellness-jalahoolitsus\/\" \/>\n<meta property=\"og:site_name\" content=\"V Spa\" \/>\n<meta property=\"article:modified_time\" content=\"2023-12-04T09:18:58+00:00\" \/>\n<meta name=\"twitter:card\" content=\"summary_large_image\" \/>\n<meta name=\"twitter:label1\" content=\"Est. reading time\" \/>\n\t<meta name=\"twitter:data1\" content=\"1 min\u016b\u0161u\" \/>\n<script type=\"application\/ld+json\" class=\"yoast-schema-graph\">{\"@context\":\"https:\/\/schema.org\",\"@graph\":[{\"@type\":\"WebPage\",\"@id\":\"https:\/\/vana.vspa.ee\/hoolitsused\/wellness-jalahoolitsus\/\",\"url\":\"https:\/\/vana.vspa.ee\/hoolitsused\/wellness-jalahoolitsus\/\",\"name\":\"Wellness k\u0101ju kop\u0161anas proced\u016bra - V Spa\",\"isPartOf\":{\"@id\":\"https:\/\/vana.vspa.ee\/#website\"},\"datePublished\":\"2017-02-01T10:04:02+00:00\",\"dateModified\":\"2023-12-04T09:18:58+00:00\",\"breadcrumb\":{\"@id\":\"https:\/\/vana.vspa.ee\/hoolitsused\/wellness-jalahoolitsus\/#breadcrumb\"},\"inLanguage\":\"lv-LV\",\"potentialAction\":[{\"@type\":\"ReadAction\",\"target\":[\"https:\/\/vana.vspa.ee\/hoolitsused\/wellness-jalahoolitsus\/\"]}]},{\"@type\":\"BreadcrumbList\",\"@id\":\"https:\/\/vana.vspa.ee\/hoolitsused\/wellness-jalahoolitsus\/#breadcrumb\",\"itemListElement\":[{\"@type\":\"ListItem\",\"position\":1,\"name\":\"Home\",\"item\":\"https:\/\/vana.vspa.ee\/lv\/\"},{\"@type\":\"ListItem\",\"position\":2,\"name\":\"Ritu\u0101li\",\"item\":\"https:\/\/vana.vspa.ee\/hoolitsused\/\"},{\"@type\":\"ListItem\",\"position\":3,\"name\":\"Wellness k\u0101ju kop\u0161anas proced\u016bra\"}]},{\"@type\":\"WebSite\",\"@id\":\"https:\/\/vana.vspa.ee\/#website\",\"url\":\"https:\/\/vana.vspa.ee\/\",\"name\":\"V Spa\",\"description\":\"V\u00f5ta veest viimast!\",\"potentialAction\":[{\"@type\":\"SearchAction\",\"target\":{\"@type\":\"EntryPoint\",\"urlTemplate\":\"https:\/\/vana.vspa.ee\/?s={search_term_string}\"},\"query-input\":{\"@type\":\"PropertyValueSpecification\",\"valueRequired\":true,\"valueName\":\"search_term_string\"}}],\"inLanguage\":\"lv-LV\"}]}<\/script>\n<!-- \/ Yoast SEO plugin. -->","yoast_head_json":{"title":"Wellness k\u0101ju kop\u0161anas proced\u016bra - V Spa","robots":{"index":"noindex","follow":"follow","max-snippet":"max-snippet:-1","max-image-preview":"max-image-preview:large","max-video-preview":"max-video-preview:-1"},"og_locale":"lv_LV","og_type":"article","og_title":"Wellness k\u0101ju kop\u0161anas proced\u016bra - V Spa","og_description":"\u0160\u012b luksusa barojo\u0161\u0101 k\u0101ju proced\u016bra padara k\u0101jas jaunekl\u012bgas un so\u013cus viegl\u0101kus. Proced\u016bra ies\u0101kas ar atsvaidzino\u0161u k\u0101ju vannu un k\u0101ju nagu...","og_url":"https:\/\/vana.vspa.ee\/hoolitsused\/wellness-jalahoolitsus\/","og_site_name":"V Spa","article_modified_time":"2023-12-04T09:18:58+00:00","twitter_card":"summary_large_image","twitter_misc":{"Est. reading time":"1 min\u016b\u0161u"},"schema":{"@context":"https:\/\/schema.org","@graph":[{"@type":"WebPage","@id":"https:\/\/vana.vspa.ee\/hoolitsused\/wellness-jalahoolitsus\/","url":"https:\/\/vana.vspa.ee\/hoolitsused\/wellness-jalahoolitsus\/","name":"Wellness k\u0101ju kop\u0161anas proced\u016bra - V Spa","isPartOf":{"@id":"https:\/\/vana.vspa.ee\/#website"},"datePublished":"2017-02-01T10:04:02+00:00","dateModified":"2023-12-04T09:18:58+00:00","breadcrumb":{"@id":"https:\/\/vana.vspa.ee\/hoolitsused\/wellness-jalahoolitsus\/#breadcrumb"},"inLanguage":"lv-LV","potentialAction":[{"@type":"ReadAction","target":["https:\/\/vana.vspa.ee\/hoolitsused\/wellness-jalahoolitsus\/"]}]},{"@type":"BreadcrumbList","@id":"https:\/\/vana.vspa.ee\/hoolitsused\/wellness-jalahoolitsus\/#breadcrumb","itemListElement":[{"@type":"ListItem","position":1,"name":"Home","item":"https:\/\/vana.vspa.ee\/lv\/"},{"@type":"ListItem","position":2,"name":"Ritu\u0101li","item":"https:\/\/vana.vspa.ee\/hoolitsused\/"},{"@type":"ListItem","position":3,"name":"Wellness k\u0101ju kop\u0161anas proced\u016bra"}]},{"@type":"WebSite","@id":"https:\/\/vana.vspa.ee\/#website","url":"https:\/\/vana.vspa.ee\/","name":"V Spa","description":"V\u00f5ta veest viimast!","potentialAction":[{"@type":"SearchAction","target":{"@type":"EntryPoint","urlTemplate":"https:\/\/vana.vspa.ee\/?s={search_term_string}"},"query-input":{"@type":"PropertyValueSpecification","valueRequired":true,"valueName":"search_term_string"}}],"inLanguage":"lv-LV"}]}},"_links":{"self":[{"href":"https:\/\/vana.vspa.ee\/lv\/wp-json\/wp\/v2\/pages\/1298","targetHints":{"allow":["GET"]}}],"collection":[{"href":"https:\/\/vana.vspa.ee\/lv\/wp-json\/wp\/v2\/pages"}],"about":[{"href":"https:\/\/vana.vspa.ee\/lv\/wp-json\/wp\/v2\/types\/page"}],"author":[{"embeddable":true,"href":"https:\/\/vana.vspa.ee\/lv\/wp-json\/wp\/v2\/users\/1"}],"replies":[{"embeddable":true,"href":"https:\/\/vana.vspa.ee\/lv\/wp-json\/wp\/v2\/comments?post=1298"}],"version-history":[{"count":6,"href":"https:\/\/vana.vspa.ee\/lv\/wp-json\/wp\/v2\/pages\/1298\/revisions"}],"predecessor-version":[{"id":41948,"href":"https:\/\/vana.vspa.ee\/lv\/wp-json\/wp\/v2\/pages\/1298\/revisions\/41948"}],"up":[{"embeddable":true,"href":"https:\/\/vana.vspa.ee\/lv\/wp-json\/wp\/v2\/pages\/1094"}],"wp:attachment":[{"href":"https:\/\/vana.vspa.ee\/lv\/wp-json\/wp\/v2\/media?parent=1298"}],"curies":[{"name":"wp","href":"https:\/\/api.w.org\/{rel}","templated":true}]}}