{"id":1313,"date":"2017-02-01T12:07:20","date_gmt":"2017-02-01T10:07:20","guid":{"rendered":"http:\/\/vspa.ee\/?page_id=1313\/"},"modified":"2020-09-25T10:56:37","modified_gmt":"2020-09-25T07:56:37","slug":"garra-rufa-atra-kaju-kopsanas-procedura","status":"publish","type":"page","link":"https:\/\/vana.vspa.ee\/lv\/rituali\/garra-rufa-atra-kaju-kopsanas-procedura\/","title":{"rendered":"Garra Rufa \u0101tr\u0101 k\u0101ju kop\u0161anas proced\u016bra"},"content":{"rendered":"<p>Vai jums pat\u012bk piedz\u012bvot ko jaunu? Iesak\u0101m eksotisku \u0101das kop\u0161anas proced\u016bru \u2013 <strong>Zivju terapiju<\/strong>. Garra Rufa zivis att\u012bra k\u0101jas no p\u0101rragoju\u0161\u0101s \u0101das virsk\u0101rtas, p\u0101rtiekot no miru\u0161\u0101m \u0101das \u0161\u016bn\u0101m. Vienlaikus zivis veic ar\u012b mikromas\u0101\u017eu, kas toniz\u0113 \u0101du un uzlabo asinsriti. Proced\u016brai nosl\u0113dzoties, rezult\u0101ts ir ac\u012bmredzams \u2013 j\u016bsu k\u0101jas k\u013cuvu\u0161as skaist\u0101kas, un par to j\u0101pateicas prasm\u012bgaj\u0101m ziv\u012bm.<\/p>\n<p>\u0160o proced\u016bru, kop\u0101 ar draugu, var baud\u012bt dienas spa paketes ietvaros: <a href=\"https:\/\/vspa.ee\/lv\/paketes\/vorratu-kingitus-kahele\/\">Br\u012bni\u0161\u0137\u012bga d\u0101vana diviem<\/a><\/p>\n","protected":false},"excerpt":{"rendered":"<p>Vai jums pat\u012bk piedz\u012bvot ko jaunu? Iesak\u0101m eksotisku \u0101das kop\u0161anas proced\u016bru \u2013 Zivju terapiju. Garra Rufa zivis att\u012bra k\u0101jas no&#8230;<\/p>\n","protected":false},"author":1,"featured_media":0,"parent":1094,"menu_order":57,"comment_status":"closed","ping_status":"closed","template":"page-templates\/tpl-offer1.php","meta":{"_acf_changed":false,"_monsterinsights_skip_tracking":false,"_monsterinsights_sitenote_active":false,"_monsterinsights_sitenote_note":"","_monsterinsights_sitenote_category":0,"footnotes":"","_links_to":"","_links_to_target":""},"class_list":["post-1313","page","type-page","status-publish","hentry"],"acf":[],"yoast_head":"<!-- This site is optimized with the Yoast SEO plugin v24.7 - https:\/\/yoast.com\/wordpress\/plugins\/seo\/ -->\n<title>Garra Rufa \u0101tr\u0101 k\u0101ju kop\u0161anas proced\u016bra - V Spa<\/title>\n<meta name=\"robots\" content=\"noindex, follow, max-snippet:-1, max-image-preview:large, max-video-preview:-1\" \/>\n<meta property=\"og:locale\" content=\"lv_LV\" \/>\n<meta property=\"og:type\" content=\"article\" \/>\n<meta property=\"og:title\" content=\"Garra Rufa \u0101tr\u0101 k\u0101ju kop\u0161anas proced\u016bra - V Spa\" \/>\n<meta property=\"og:description\" content=\"Vai jums pat\u012bk piedz\u012bvot ko jaunu? Iesak\u0101m eksotisku \u0101das kop\u0161anas proced\u016bru \u2013 Zivju terapiju. Garra Rufa zivis att\u012bra k\u0101jas no...\" \/>\n<meta property=\"og:url\" content=\"https:\/\/vana.vspa.ee\/hoolitsused\/garra-rufa-express-kalahoolitsus-jalgadele\/\" \/>\n<meta property=\"og:site_name\" content=\"V Spa\" \/>\n<meta property=\"article:modified_time\" content=\"2020-09-25T07:56:37+00:00\" \/>\n<meta name=\"twitter:card\" content=\"summary_large_image\" \/>\n<script type=\"application\/ld+json\" class=\"yoast-schema-graph\">{\"@context\":\"https:\/\/schema.org\",\"@graph\":[{\"@type\":\"WebPage\",\"@id\":\"https:\/\/vana.vspa.ee\/hoolitsused\/garra-rufa-express-kalahoolitsus-jalgadele\/\",\"url\":\"https:\/\/vana.vspa.ee\/hoolitsused\/garra-rufa-express-kalahoolitsus-jalgadele\/\",\"name\":\"Garra Rufa \u0101tr\u0101 k\u0101ju kop\u0161anas proced\u016bra - V Spa\",\"isPartOf\":{\"@id\":\"https:\/\/vana.vspa.ee\/#website\"},\"datePublished\":\"2017-02-01T10:07:20+00:00\",\"dateModified\":\"2020-09-25T07:56:37+00:00\",\"breadcrumb\":{\"@id\":\"https:\/\/vana.vspa.ee\/hoolitsused\/garra-rufa-express-kalahoolitsus-jalgadele\/#breadcrumb\"},\"inLanguage\":\"lv-LV\",\"potentialAction\":[{\"@type\":\"ReadAction\",\"target\":[\"https:\/\/vana.vspa.ee\/hoolitsused\/garra-rufa-express-kalahoolitsus-jalgadele\/\"]}]},{\"@type\":\"BreadcrumbList\",\"@id\":\"https:\/\/vana.vspa.ee\/hoolitsused\/garra-rufa-express-kalahoolitsus-jalgadele\/#breadcrumb\",\"itemListElement\":[{\"@type\":\"ListItem\",\"position\":1,\"name\":\"Home\",\"item\":\"https:\/\/vana.vspa.ee\/lv\/\"},{\"@type\":\"ListItem\",\"position\":2,\"name\":\"Ritu\u0101li\",\"item\":\"https:\/\/vana.vspa.ee\/hoolitsused\/\"},{\"@type\":\"ListItem\",\"position\":3,\"name\":\"Garra Rufa \u0101tr\u0101 k\u0101ju kop\u0161anas proced\u016bra\"}]},{\"@type\":\"WebSite\",\"@id\":\"https:\/\/vana.vspa.ee\/#website\",\"url\":\"https:\/\/vana.vspa.ee\/\",\"name\":\"V Spa\",\"description\":\"V\u00f5ta veest viimast!\",\"potentialAction\":[{\"@type\":\"SearchAction\",\"target\":{\"@type\":\"EntryPoint\",\"urlTemplate\":\"https:\/\/vana.vspa.ee\/?s={search_term_string}\"},\"query-input\":{\"@type\":\"PropertyValueSpecification\",\"valueRequired\":true,\"valueName\":\"search_term_string\"}}],\"inLanguage\":\"lv-LV\"}]}<\/script>\n<!-- \/ Yoast SEO plugin. -->","yoast_head_json":{"title":"Garra Rufa \u0101tr\u0101 k\u0101ju kop\u0161anas proced\u016bra - V Spa","robots":{"index":"noindex","follow":"follow","max-snippet":"max-snippet:-1","max-image-preview":"max-image-preview:large","max-video-preview":"max-video-preview:-1"},"og_locale":"lv_LV","og_type":"article","og_title":"Garra Rufa \u0101tr\u0101 k\u0101ju kop\u0161anas proced\u016bra - V Spa","og_description":"Vai jums pat\u012bk piedz\u012bvot ko jaunu? Iesak\u0101m eksotisku \u0101das kop\u0161anas proced\u016bru \u2013 Zivju terapiju. Garra Rufa zivis att\u012bra k\u0101jas no...","og_url":"https:\/\/vana.vspa.ee\/hoolitsused\/garra-rufa-express-kalahoolitsus-jalgadele\/","og_site_name":"V Spa","article_modified_time":"2020-09-25T07:56:37+00:00","twitter_card":"summary_large_image","schema":{"@context":"https:\/\/schema.org","@graph":[{"@type":"WebPage","@id":"https:\/\/vana.vspa.ee\/hoolitsused\/garra-rufa-express-kalahoolitsus-jalgadele\/","url":"https:\/\/vana.vspa.ee\/hoolitsused\/garra-rufa-express-kalahoolitsus-jalgadele\/","name":"Garra Rufa \u0101tr\u0101 k\u0101ju kop\u0161anas proced\u016bra - V Spa","isPartOf":{"@id":"https:\/\/vana.vspa.ee\/#website"},"datePublished":"2017-02-01T10:07:20+00:00","dateModified":"2020-09-25T07:56:37+00:00","breadcrumb":{"@id":"https:\/\/vana.vspa.ee\/hoolitsused\/garra-rufa-express-kalahoolitsus-jalgadele\/#breadcrumb"},"inLanguage":"lv-LV","potentialAction":[{"@type":"ReadAction","target":["https:\/\/vana.vspa.ee\/hoolitsused\/garra-rufa-express-kalahoolitsus-jalgadele\/"]}]},{"@type":"BreadcrumbList","@id":"https:\/\/vana.vspa.ee\/hoolitsused\/garra-rufa-express-kalahoolitsus-jalgadele\/#breadcrumb","itemListElement":[{"@type":"ListItem","position":1,"name":"Home","item":"https:\/\/vana.vspa.ee\/lv\/"},{"@type":"ListItem","position":2,"name":"Ritu\u0101li","item":"https:\/\/vana.vspa.ee\/hoolitsused\/"},{"@type":"ListItem","position":3,"name":"Garra Rufa \u0101tr\u0101 k\u0101ju kop\u0161anas proced\u016bra"}]},{"@type":"WebSite","@id":"https:\/\/vana.vspa.ee\/#website","url":"https:\/\/vana.vspa.ee\/","name":"V Spa","description":"V\u00f5ta veest viimast!","potentialAction":[{"@type":"SearchAction","target":{"@type":"EntryPoint","urlTemplate":"https:\/\/vana.vspa.ee\/?s={search_term_string}"},"query-input":{"@type":"PropertyValueSpecification","valueRequired":true,"valueName":"search_term_string"}}],"inLanguage":"lv-LV"}]}},"_links":{"self":[{"href":"https:\/\/vana.vspa.ee\/lv\/wp-json\/wp\/v2\/pages\/1313","targetHints":{"allow":["GET"]}}],"collection":[{"href":"https:\/\/vana.vspa.ee\/lv\/wp-json\/wp\/v2\/pages"}],"about":[{"href":"https:\/\/vana.vspa.ee\/lv\/wp-json\/wp\/v2\/types\/page"}],"author":[{"embeddable":true,"href":"https:\/\/vana.vspa.ee\/lv\/wp-json\/wp\/v2\/users\/1"}],"replies":[{"embeddable":true,"href":"https:\/\/vana.vspa.ee\/lv\/wp-json\/wp\/v2\/comments?post=1313"}],"version-history":[{"count":1,"href":"https:\/\/vana.vspa.ee\/lv\/wp-json\/wp\/v2\/pages\/1313\/revisions"}],"predecessor-version":[{"id":25455,"href":"https:\/\/vana.vspa.ee\/lv\/wp-json\/wp\/v2\/pages\/1313\/revisions\/25455"}],"up":[{"embeddable":true,"href":"https:\/\/vana.vspa.ee\/lv\/wp-json\/wp\/v2\/pages\/1094"}],"wp:attachment":[{"href":"https:\/\/vana.vspa.ee\/lv\/wp-json\/wp\/v2\/media?parent=1313"}],"curies":[{"name":"wp","href":"https:\/\/api.w.org\/{rel}","templated":true}]}}