{"id":13170,"date":"2018-06-19T16:12:52","date_gmt":"2018-06-19T13:12:52","guid":{"rendered":"https:\/\/vspa.ee\/rituali\/gel-fx-geellakiga-jalahoolitsus\/"},"modified":"2023-12-04T10:34:33","modified_gmt":"2023-12-04T08:34:33","slug":"gel-fx-geellakiga-jalahoolitsus","status":"publish","type":"page","link":"https:\/\/vana.vspa.ee\/lv\/rituali\/gel-fx-geellakiga-jalahoolitsus\/","title":{"rendered":"Gel FX p\u0113du kop\u0161anas proced\u016bra ar g\u0113la laku"},"content":{"rendered":"<p>Apr\u016bp\u0113ti un skaisti k\u0101ju nadzi\u0146i uz ilgu laiku. Proced\u016bras gait\u0101 j\u016bsu p\u0113das tiek viegli apr\u016bp\u0113tas un nadzi\u0146iem uzkl\u0101ta g\u0113la laka. Proced\u016br\u0101 izmanto vitam\u012bniem bag\u0101tin\u0101tu b\u0101zes laku, kas aizsarg\u0101 nagus un pal\u012bdz v\u0113l\u0101k laku no\u0146emt bez boj\u0101jumiem naga pl\u0101tnei. Turpinajum\u0101 varat izv\u0113l\u0113ties jums t\u012bkamu nagu lakas toni k\u0101 ar\u012b nagi tiek p\u0101rkl\u0101ti ar aizsarg\u0101jo\u0161u un skaistu, sp\u012bdumu nodro\u0161inosu, virslaku. Proced\u016bras nosl\u0113gum\u0101 nagiem tiek uzkl\u0101ta speci\u0101la GEL FX nagu e\u013c\u013ca. Rezult\u0101ts- skaistas un sakoptas k\u0101ji\u0146as l\u012bdz pat 3 ned\u0113\u013c\u0101m.<\/p>\n","protected":false},"excerpt":{"rendered":"<p>Apr\u016bp\u0113ti un skaisti k\u0101ju nadzi\u0146i uz ilgu laiku. Proced\u016bras gait\u0101 j\u016bsu p\u0113das tiek viegli apr\u016bp\u0113tas un nadzi\u0146iem uzkl\u0101ta g\u0113la laka&#8230;.<\/p>\n","protected":false},"author":1,"featured_media":0,"parent":1094,"menu_order":2,"comment_status":"closed","ping_status":"closed","template":"page-templates\/tpl-offer1.php","meta":{"_acf_changed":false,"_monsterinsights_skip_tracking":false,"_monsterinsights_sitenote_active":false,"_monsterinsights_sitenote_note":"","_monsterinsights_sitenote_category":0,"footnotes":"","_links_to":"","_links_to_target":""},"class_list":["post-13170","page","type-page","status-publish","hentry"],"acf":[],"yoast_head":"<!-- This site is optimized with the Yoast SEO plugin v24.7 - https:\/\/yoast.com\/wordpress\/plugins\/seo\/ -->\n<title>Gel FX p\u0113du kop\u0161anas proced\u016bra ar g\u0113la laku - V Spa<\/title>\n<meta name=\"robots\" content=\"noindex, follow, max-snippet:-1, max-image-preview:large, max-video-preview:-1\" \/>\n<meta property=\"og:locale\" content=\"lv_LV\" \/>\n<meta property=\"og:type\" content=\"article\" \/>\n<meta property=\"og:title\" content=\"Gel FX p\u0113du kop\u0161anas proced\u016bra ar g\u0113la laku - V Spa\" \/>\n<meta property=\"og:description\" content=\"Apr\u016bp\u0113ti un skaisti k\u0101ju nadzi\u0146i uz ilgu laiku. Proced\u016bras gait\u0101 j\u016bsu p\u0113das tiek viegli apr\u016bp\u0113tas un nadzi\u0146iem uzkl\u0101ta g\u0113la laka....\" \/>\n<meta property=\"og:url\" content=\"https:\/\/vana.vspa.ee\/hoolitsused\/gel-fx-geellakiga-jalahoolitsus\/\" \/>\n<meta property=\"og:site_name\" content=\"V Spa\" \/>\n<meta property=\"article:modified_time\" content=\"2023-12-04T08:34:33+00:00\" \/>\n<meta name=\"twitter:card\" content=\"summary_large_image\" \/>\n<meta name=\"twitter:label1\" content=\"Est. reading time\" \/>\n\t<meta name=\"twitter:data1\" content=\"1 min\u016b\u0161u\" \/>\n<script type=\"application\/ld+json\" class=\"yoast-schema-graph\">{\"@context\":\"https:\/\/schema.org\",\"@graph\":[{\"@type\":\"WebPage\",\"@id\":\"https:\/\/vana.vspa.ee\/hoolitsused\/gel-fx-geellakiga-jalahoolitsus\/\",\"url\":\"https:\/\/vana.vspa.ee\/hoolitsused\/gel-fx-geellakiga-jalahoolitsus\/\",\"name\":\"Gel FX p\u0113du kop\u0161anas proced\u016bra ar g\u0113la laku - V Spa\",\"isPartOf\":{\"@id\":\"https:\/\/vana.vspa.ee\/#website\"},\"datePublished\":\"2018-06-19T13:12:52+00:00\",\"dateModified\":\"2023-12-04T08:34:33+00:00\",\"breadcrumb\":{\"@id\":\"https:\/\/vana.vspa.ee\/hoolitsused\/gel-fx-geellakiga-jalahoolitsus\/#breadcrumb\"},\"inLanguage\":\"lv-LV\",\"potentialAction\":[{\"@type\":\"ReadAction\",\"target\":[\"https:\/\/vana.vspa.ee\/hoolitsused\/gel-fx-geellakiga-jalahoolitsus\/\"]}]},{\"@type\":\"BreadcrumbList\",\"@id\":\"https:\/\/vana.vspa.ee\/hoolitsused\/gel-fx-geellakiga-jalahoolitsus\/#breadcrumb\",\"itemListElement\":[{\"@type\":\"ListItem\",\"position\":1,\"name\":\"Home\",\"item\":\"https:\/\/vana.vspa.ee\/lv\/\"},{\"@type\":\"ListItem\",\"position\":2,\"name\":\"Ritu\u0101li\",\"item\":\"https:\/\/vana.vspa.ee\/hoolitsused\/\"},{\"@type\":\"ListItem\",\"position\":3,\"name\":\"Gel FX p\u0113du kop\u0161anas proced\u016bra ar g\u0113la laku\"}]},{\"@type\":\"WebSite\",\"@id\":\"https:\/\/vana.vspa.ee\/#website\",\"url\":\"https:\/\/vana.vspa.ee\/\",\"name\":\"V Spa\",\"description\":\"V\u00f5ta veest viimast!\",\"potentialAction\":[{\"@type\":\"SearchAction\",\"target\":{\"@type\":\"EntryPoint\",\"urlTemplate\":\"https:\/\/vana.vspa.ee\/?s={search_term_string}\"},\"query-input\":{\"@type\":\"PropertyValueSpecification\",\"valueRequired\":true,\"valueName\":\"search_term_string\"}}],\"inLanguage\":\"lv-LV\"}]}<\/script>\n<!-- \/ Yoast SEO plugin. -->","yoast_head_json":{"title":"Gel FX p\u0113du kop\u0161anas proced\u016bra ar g\u0113la laku - V Spa","robots":{"index":"noindex","follow":"follow","max-snippet":"max-snippet:-1","max-image-preview":"max-image-preview:large","max-video-preview":"max-video-preview:-1"},"og_locale":"lv_LV","og_type":"article","og_title":"Gel FX p\u0113du kop\u0161anas proced\u016bra ar g\u0113la laku - V Spa","og_description":"Apr\u016bp\u0113ti un skaisti k\u0101ju nadzi\u0146i uz ilgu laiku. Proced\u016bras gait\u0101 j\u016bsu p\u0113das tiek viegli apr\u016bp\u0113tas un nadzi\u0146iem uzkl\u0101ta g\u0113la laka....","og_url":"https:\/\/vana.vspa.ee\/hoolitsused\/gel-fx-geellakiga-jalahoolitsus\/","og_site_name":"V Spa","article_modified_time":"2023-12-04T08:34:33+00:00","twitter_card":"summary_large_image","twitter_misc":{"Est. reading time":"1 min\u016b\u0161u"},"schema":{"@context":"https:\/\/schema.org","@graph":[{"@type":"WebPage","@id":"https:\/\/vana.vspa.ee\/hoolitsused\/gel-fx-geellakiga-jalahoolitsus\/","url":"https:\/\/vana.vspa.ee\/hoolitsused\/gel-fx-geellakiga-jalahoolitsus\/","name":"Gel FX p\u0113du kop\u0161anas proced\u016bra ar g\u0113la laku - V Spa","isPartOf":{"@id":"https:\/\/vana.vspa.ee\/#website"},"datePublished":"2018-06-19T13:12:52+00:00","dateModified":"2023-12-04T08:34:33+00:00","breadcrumb":{"@id":"https:\/\/vana.vspa.ee\/hoolitsused\/gel-fx-geellakiga-jalahoolitsus\/#breadcrumb"},"inLanguage":"lv-LV","potentialAction":[{"@type":"ReadAction","target":["https:\/\/vana.vspa.ee\/hoolitsused\/gel-fx-geellakiga-jalahoolitsus\/"]}]},{"@type":"BreadcrumbList","@id":"https:\/\/vana.vspa.ee\/hoolitsused\/gel-fx-geellakiga-jalahoolitsus\/#breadcrumb","itemListElement":[{"@type":"ListItem","position":1,"name":"Home","item":"https:\/\/vana.vspa.ee\/lv\/"},{"@type":"ListItem","position":2,"name":"Ritu\u0101li","item":"https:\/\/vana.vspa.ee\/hoolitsused\/"},{"@type":"ListItem","position":3,"name":"Gel FX p\u0113du kop\u0161anas proced\u016bra ar g\u0113la laku"}]},{"@type":"WebSite","@id":"https:\/\/vana.vspa.ee\/#website","url":"https:\/\/vana.vspa.ee\/","name":"V Spa","description":"V\u00f5ta veest viimast!","potentialAction":[{"@type":"SearchAction","target":{"@type":"EntryPoint","urlTemplate":"https:\/\/vana.vspa.ee\/?s={search_term_string}"},"query-input":{"@type":"PropertyValueSpecification","valueRequired":true,"valueName":"search_term_string"}}],"inLanguage":"lv-LV"}]}},"_links":{"self":[{"href":"https:\/\/vana.vspa.ee\/lv\/wp-json\/wp\/v2\/pages\/13170","targetHints":{"allow":["GET"]}}],"collection":[{"href":"https:\/\/vana.vspa.ee\/lv\/wp-json\/wp\/v2\/pages"}],"about":[{"href":"https:\/\/vana.vspa.ee\/lv\/wp-json\/wp\/v2\/types\/page"}],"author":[{"embeddable":true,"href":"https:\/\/vana.vspa.ee\/lv\/wp-json\/wp\/v2\/users\/1"}],"replies":[{"embeddable":true,"href":"https:\/\/vana.vspa.ee\/lv\/wp-json\/wp\/v2\/comments?post=13170"}],"version-history":[{"count":3,"href":"https:\/\/vana.vspa.ee\/lv\/wp-json\/wp\/v2\/pages\/13170\/revisions"}],"predecessor-version":[{"id":41909,"href":"https:\/\/vana.vspa.ee\/lv\/wp-json\/wp\/v2\/pages\/13170\/revisions\/41909"}],"up":[{"embeddable":true,"href":"https:\/\/vana.vspa.ee\/lv\/wp-json\/wp\/v2\/pages\/1094"}],"wp:attachment":[{"href":"https:\/\/vana.vspa.ee\/lv\/wp-json\/wp\/v2\/media?parent=13170"}],"curies":[{"name":"wp","href":"https:\/\/api.w.org\/{rel}","templated":true}]}}