{"id":1340,"date":"2017-02-01T13:35:16","date_gmt":"2017-02-01T11:35:16","guid":{"rendered":"http:\/\/vspa.ee\/?page_id=1340\/"},"modified":"2023-12-14T11:31:16","modified_gmt":"2023-12-14T09:31:16","slug":"dzili-mitrinosa-kermena-kopsanas-procedura-ar-masazu-izmantojot-kanepes","status":"publish","type":"page","link":"https:\/\/vana.vspa.ee\/lv\/rituali\/dzili-mitrinosa-kermena-kopsanas-procedura-ar-masazu-izmantojot-kanepes\/","title":{"rendered":"Dzi\u013ci mitrino\u0161a ka\u0146epju e\u013c\u013cas mas\u0101\u017ea"},"content":{"rendered":"<p>Nomierino\u0161a \u0137erme\u0146a mas\u0101\u017ea ar t\u016bl\u012bt\u0113ju m\u012bkstino\u0161u iedarb\u012bbu un mitruma l\u012bmeni atjauno\u0161u efektu pied\u0101v\u0101 remd\u0113jumu ar\u012b pa\u0161ai izv\u0113l\u012bg\u0101kajai \u0101dai. Relaks\u0113jo\u0161a mas\u0101\u017ea atver poras un \u013cauj \u0101das audiem lab\u0101k uz\u0146emt jaunas bar\u012bbas vielas. Rezult\u0101t\u0101 ir mier\u012bgs pr\u0101ts, atbr\u012bvojies \u0137ermenis, efekt\u012bvi pabarota un mitrin\u0101ta \u0101da.<\/p>\n<p>Proced\u016br\u0101 tiek izmantoti \u201eLUMI\u201c produkti<\/p>\n<p>\u0160o proced\u016bru, kop\u0101 ar draugu, var baud\u012bt dienas spa paketes ietvaros: <a href=\"https:\/\/vspa.ee\/lv\/paketes\/vaimustav-noorus\/\" class=\"broken_link\">Iedvesmojo\u0161\u0101 jaun\u012bba diviem<\/a><\/p>\n","protected":false},"excerpt":{"rendered":"<p>Nomierino\u0161a \u0137erme\u0146a mas\u0101\u017ea ar t\u016bl\u012bt\u0113ju m\u012bkstino\u0161u iedarb\u012bbu un mitruma l\u012bmeni atjauno\u0161u efektu pied\u0101v\u0101 remd\u0113jumu ar\u012b pa\u0161ai izv\u0113l\u012bg\u0101kajai \u0101dai. Relaks\u0113jo\u0161a mas\u0101\u017ea&#8230;<\/p>\n","protected":false},"author":1,"featured_media":0,"parent":1094,"menu_order":76,"comment_status":"closed","ping_status":"closed","template":"page-templates\/tpl-offer1.php","meta":{"_acf_changed":false,"_monsterinsights_skip_tracking":false,"_monsterinsights_sitenote_active":false,"_monsterinsights_sitenote_note":"","_monsterinsights_sitenote_category":0,"footnotes":"","_links_to":"","_links_to_target":""},"class_list":["post-1340","page","type-page","status-publish","hentry"],"acf":[],"yoast_head":"<!-- This site is optimized with the Yoast SEO plugin v24.7 - https:\/\/yoast.com\/wordpress\/plugins\/seo\/ -->\n<title>Dzi\u013ci mitrino\u0161a ka\u0146epju e\u013c\u013cas mas\u0101\u017ea - V Spa<\/title>\n<meta name=\"robots\" content=\"noindex, follow, max-snippet:-1, max-image-preview:large, max-video-preview:-1\" \/>\n<meta property=\"og:locale\" content=\"lv_LV\" \/>\n<meta property=\"og:type\" content=\"article\" \/>\n<meta property=\"og:title\" content=\"Dzi\u013ci mitrino\u0161a ka\u0146epju e\u013c\u013cas mas\u0101\u017ea - V Spa\" \/>\n<meta property=\"og:description\" content=\"Nomierino\u0161a \u0137erme\u0146a mas\u0101\u017ea ar t\u016bl\u012bt\u0113ju m\u012bkstino\u0161u iedarb\u012bbu un mitruma l\u012bmeni atjauno\u0161u efektu pied\u0101v\u0101 remd\u0113jumu ar\u012b pa\u0161ai izv\u0113l\u012bg\u0101kajai \u0101dai. Relaks\u0113jo\u0161a mas\u0101\u017ea...\" \/>\n<meta property=\"og:url\" content=\"https:\/\/vana.vspa.ee\/hoolitsused\/sugavniisutav-massaaziga-kanepihoolitsus-kehale\/\" \/>\n<meta property=\"og:site_name\" content=\"V Spa\" \/>\n<meta property=\"article:modified_time\" content=\"2023-12-14T09:31:16+00:00\" \/>\n<meta name=\"twitter:card\" content=\"summary_large_image\" \/>\n<meta name=\"twitter:label1\" content=\"Est. reading time\" \/>\n\t<meta name=\"twitter:data1\" content=\"1 min\u016b\u0161u\" \/>\n<script type=\"application\/ld+json\" class=\"yoast-schema-graph\">{\"@context\":\"https:\/\/schema.org\",\"@graph\":[{\"@type\":\"WebPage\",\"@id\":\"https:\/\/vana.vspa.ee\/hoolitsused\/sugavniisutav-massaaziga-kanepihoolitsus-kehale\/\",\"url\":\"https:\/\/vana.vspa.ee\/hoolitsused\/sugavniisutav-massaaziga-kanepihoolitsus-kehale\/\",\"name\":\"Dzi\u013ci mitrino\u0161a ka\u0146epju e\u013c\u013cas mas\u0101\u017ea - V Spa\",\"isPartOf\":{\"@id\":\"https:\/\/vana.vspa.ee\/#website\"},\"datePublished\":\"2017-02-01T11:35:16+00:00\",\"dateModified\":\"2023-12-14T09:31:16+00:00\",\"breadcrumb\":{\"@id\":\"https:\/\/vana.vspa.ee\/hoolitsused\/sugavniisutav-massaaziga-kanepihoolitsus-kehale\/#breadcrumb\"},\"inLanguage\":\"lv-LV\",\"potentialAction\":[{\"@type\":\"ReadAction\",\"target\":[\"https:\/\/vana.vspa.ee\/hoolitsused\/sugavniisutav-massaaziga-kanepihoolitsus-kehale\/\"]}]},{\"@type\":\"BreadcrumbList\",\"@id\":\"https:\/\/vana.vspa.ee\/hoolitsused\/sugavniisutav-massaaziga-kanepihoolitsus-kehale\/#breadcrumb\",\"itemListElement\":[{\"@type\":\"ListItem\",\"position\":1,\"name\":\"Home\",\"item\":\"https:\/\/vana.vspa.ee\/lv\/\"},{\"@type\":\"ListItem\",\"position\":2,\"name\":\"Ritu\u0101li\",\"item\":\"https:\/\/vana.vspa.ee\/hoolitsused\/\"},{\"@type\":\"ListItem\",\"position\":3,\"name\":\"Dzi\u013ci mitrino\u0161a ka\u0146epju e\u013c\u013cas mas\u0101\u017ea\"}]},{\"@type\":\"WebSite\",\"@id\":\"https:\/\/vana.vspa.ee\/#website\",\"url\":\"https:\/\/vana.vspa.ee\/\",\"name\":\"V Spa\",\"description\":\"V\u00f5ta veest viimast!\",\"potentialAction\":[{\"@type\":\"SearchAction\",\"target\":{\"@type\":\"EntryPoint\",\"urlTemplate\":\"https:\/\/vana.vspa.ee\/?s={search_term_string}\"},\"query-input\":{\"@type\":\"PropertyValueSpecification\",\"valueRequired\":true,\"valueName\":\"search_term_string\"}}],\"inLanguage\":\"lv-LV\"}]}<\/script>\n<!-- \/ Yoast SEO plugin. -->","yoast_head_json":{"title":"Dzi\u013ci mitrino\u0161a ka\u0146epju e\u013c\u013cas mas\u0101\u017ea - V Spa","robots":{"index":"noindex","follow":"follow","max-snippet":"max-snippet:-1","max-image-preview":"max-image-preview:large","max-video-preview":"max-video-preview:-1"},"og_locale":"lv_LV","og_type":"article","og_title":"Dzi\u013ci mitrino\u0161a ka\u0146epju e\u013c\u013cas mas\u0101\u017ea - V Spa","og_description":"Nomierino\u0161a \u0137erme\u0146a mas\u0101\u017ea ar t\u016bl\u012bt\u0113ju m\u012bkstino\u0161u iedarb\u012bbu un mitruma l\u012bmeni atjauno\u0161u efektu pied\u0101v\u0101 remd\u0113jumu ar\u012b pa\u0161ai izv\u0113l\u012bg\u0101kajai \u0101dai. Relaks\u0113jo\u0161a mas\u0101\u017ea...","og_url":"https:\/\/vana.vspa.ee\/hoolitsused\/sugavniisutav-massaaziga-kanepihoolitsus-kehale\/","og_site_name":"V Spa","article_modified_time":"2023-12-14T09:31:16+00:00","twitter_card":"summary_large_image","twitter_misc":{"Est. reading time":"1 min\u016b\u0161u"},"schema":{"@context":"https:\/\/schema.org","@graph":[{"@type":"WebPage","@id":"https:\/\/vana.vspa.ee\/hoolitsused\/sugavniisutav-massaaziga-kanepihoolitsus-kehale\/","url":"https:\/\/vana.vspa.ee\/hoolitsused\/sugavniisutav-massaaziga-kanepihoolitsus-kehale\/","name":"Dzi\u013ci mitrino\u0161a ka\u0146epju e\u013c\u013cas mas\u0101\u017ea - V Spa","isPartOf":{"@id":"https:\/\/vana.vspa.ee\/#website"},"datePublished":"2017-02-01T11:35:16+00:00","dateModified":"2023-12-14T09:31:16+00:00","breadcrumb":{"@id":"https:\/\/vana.vspa.ee\/hoolitsused\/sugavniisutav-massaaziga-kanepihoolitsus-kehale\/#breadcrumb"},"inLanguage":"lv-LV","potentialAction":[{"@type":"ReadAction","target":["https:\/\/vana.vspa.ee\/hoolitsused\/sugavniisutav-massaaziga-kanepihoolitsus-kehale\/"]}]},{"@type":"BreadcrumbList","@id":"https:\/\/vana.vspa.ee\/hoolitsused\/sugavniisutav-massaaziga-kanepihoolitsus-kehale\/#breadcrumb","itemListElement":[{"@type":"ListItem","position":1,"name":"Home","item":"https:\/\/vana.vspa.ee\/lv\/"},{"@type":"ListItem","position":2,"name":"Ritu\u0101li","item":"https:\/\/vana.vspa.ee\/hoolitsused\/"},{"@type":"ListItem","position":3,"name":"Dzi\u013ci mitrino\u0161a ka\u0146epju e\u013c\u013cas mas\u0101\u017ea"}]},{"@type":"WebSite","@id":"https:\/\/vana.vspa.ee\/#website","url":"https:\/\/vana.vspa.ee\/","name":"V Spa","description":"V\u00f5ta veest viimast!","potentialAction":[{"@type":"SearchAction","target":{"@type":"EntryPoint","urlTemplate":"https:\/\/vana.vspa.ee\/?s={search_term_string}"},"query-input":{"@type":"PropertyValueSpecification","valueRequired":true,"valueName":"search_term_string"}}],"inLanguage":"lv-LV"}]}},"_links":{"self":[{"href":"https:\/\/vana.vspa.ee\/lv\/wp-json\/wp\/v2\/pages\/1340","targetHints":{"allow":["GET"]}}],"collection":[{"href":"https:\/\/vana.vspa.ee\/lv\/wp-json\/wp\/v2\/pages"}],"about":[{"href":"https:\/\/vana.vspa.ee\/lv\/wp-json\/wp\/v2\/types\/page"}],"author":[{"embeddable":true,"href":"https:\/\/vana.vspa.ee\/lv\/wp-json\/wp\/v2\/users\/1"}],"replies":[{"embeddable":true,"href":"https:\/\/vana.vspa.ee\/lv\/wp-json\/wp\/v2\/comments?post=1340"}],"version-history":[{"count":5,"href":"https:\/\/vana.vspa.ee\/lv\/wp-json\/wp\/v2\/pages\/1340\/revisions"}],"predecessor-version":[{"id":42455,"href":"https:\/\/vana.vspa.ee\/lv\/wp-json\/wp\/v2\/pages\/1340\/revisions\/42455"}],"up":[{"embeddable":true,"href":"https:\/\/vana.vspa.ee\/lv\/wp-json\/wp\/v2\/pages\/1094"}],"wp:attachment":[{"href":"https:\/\/vana.vspa.ee\/lv\/wp-json\/wp\/v2\/media?parent=1340"}],"curies":[{"name":"wp","href":"https:\/\/api.w.org\/{rel}","templated":true}]}}