{"id":1354,"date":"2017-02-01T13:41:32","date_gmt":"2017-02-01T11:41:32","guid":{"rendered":"http:\/\/vspa.ee\/?page_id=1354\/"},"modified":"2024-11-28T15:37:57","modified_gmt":"2024-11-28T13:37:57","slug":"romantiska-kermena-kopsanas-procedura-ar-sarkanvinu-divam-personam","status":"publish","type":"page","link":"https:\/\/vana.vspa.ee\/lv\/rituali\/romantiska-kermena-kopsanas-procedura-ar-sarkanvinu-divam-personam\/","title":{"rendered":"Romantiska \u0137erme\u0146a kop\u0161anas proced\u016bra ar sarkanv\u012bnu div\u0101m person\u0101m"},"content":{"rendered":"<p>\u012apa\u0161i br\u012b\u017ei ar savu m\u012b\u013coto cilv\u0113ku&#8230;kas gan var\u0113tu b\u016bt lab\u0101ks? Ieejot telp\u0101 ar savu m\u012b\u013coto, j\u016bs sagaid\u012bs putojo\u0161a sarkanv\u012bna vanna. \u016aden\u012b pievienotie s\u0101ls krist\u0101li m\u012bkstino\u0161i iedarbojas uz \u0101du un sarkanv\u012bna ekstrakts relaks\u0113 un nomierina. Kad \u016bdens vann\u0101 atdzisis, pien\u0101cis laiks mas\u0101\u017eai, kas mazin\u0101s musku\u013cu spriedzi un nomierin\u0101s. \u0160ajos kop\u012bgi pavad\u012btajos mirk\u013cos saprat\u012bsiet, ka tas ir ritu\u0101ls, ko labpr\u0101t grib\u0113tos baud\u012bt v\u0113l un v\u0113l.<\/p>\n","protected":false},"excerpt":{"rendered":"<p>\u012apa\u0161i br\u012b\u017ei ar savu m\u012b\u013coto cilv\u0113ku&#8230;kas gan var\u0113tu b\u016bt lab\u0101ks? Ieejot telp\u0101 ar savu m\u012b\u013coto, j\u016bs sagaid\u012bs putojo\u0161a sarkanv\u012bna vanna&#8230;.<\/p>\n","protected":false},"author":1,"featured_media":0,"parent":1094,"menu_order":71,"comment_status":"closed","ping_status":"closed","template":"page-templates\/tpl-offer1.php","meta":{"_acf_changed":false,"_monsterinsights_skip_tracking":false,"_monsterinsights_sitenote_active":false,"_monsterinsights_sitenote_note":"","_monsterinsights_sitenote_category":0,"footnotes":"","_links_to":"","_links_to_target":""},"class_list":["post-1354","page","type-page","status-publish","hentry"],"acf":[],"yoast_head":"<!-- This site is optimized with the Yoast SEO plugin v24.7 - https:\/\/yoast.com\/wordpress\/plugins\/seo\/ -->\n<title>Romantiska \u0137erme\u0146a kop\u0161anas proced\u016bra ar sarkanv\u012bnu div\u0101m person\u0101m - V Spa<\/title>\n<meta name=\"robots\" content=\"noindex, follow, max-snippet:-1, max-image-preview:large, max-video-preview:-1\" \/>\n<meta property=\"og:locale\" content=\"lv_LV\" \/>\n<meta property=\"og:type\" content=\"article\" \/>\n<meta property=\"og:title\" content=\"Romantiska \u0137erme\u0146a kop\u0161anas proced\u016bra ar sarkanv\u012bnu div\u0101m person\u0101m - V Spa\" \/>\n<meta property=\"og:description\" content=\"\u012apa\u0161i br\u012b\u017ei ar savu m\u012b\u013coto cilv\u0113ku&#8230;kas gan var\u0113tu b\u016bt lab\u0101ks? Ieejot telp\u0101 ar savu m\u012b\u013coto, j\u016bs sagaid\u012bs putojo\u0161a sarkanv\u012bna vanna....\" \/>\n<meta property=\"og:url\" content=\"https:\/\/vana.vspa.ee\/hoolitsused\/punase-veini-romantikahoolitsus-kahele\/\" \/>\n<meta property=\"og:site_name\" content=\"V Spa\" \/>\n<meta property=\"article:modified_time\" content=\"2024-11-28T13:37:57+00:00\" \/>\n<meta name=\"twitter:card\" content=\"summary_large_image\" \/>\n<meta name=\"twitter:label1\" content=\"Est. reading time\" \/>\n\t<meta name=\"twitter:data1\" content=\"1 min\u016b\u0161u\" \/>\n<script type=\"application\/ld+json\" class=\"yoast-schema-graph\">{\"@context\":\"https:\/\/schema.org\",\"@graph\":[{\"@type\":\"WebPage\",\"@id\":\"https:\/\/vana.vspa.ee\/hoolitsused\/punase-veini-romantikahoolitsus-kahele\/\",\"url\":\"https:\/\/vana.vspa.ee\/hoolitsused\/punase-veini-romantikahoolitsus-kahele\/\",\"name\":\"Romantiska \u0137erme\u0146a kop\u0161anas proced\u016bra ar sarkanv\u012bnu div\u0101m person\u0101m - V Spa\",\"isPartOf\":{\"@id\":\"https:\/\/vana.vspa.ee\/#website\"},\"datePublished\":\"2017-02-01T11:41:32+00:00\",\"dateModified\":\"2024-11-28T13:37:57+00:00\",\"breadcrumb\":{\"@id\":\"https:\/\/vana.vspa.ee\/hoolitsused\/punase-veini-romantikahoolitsus-kahele\/#breadcrumb\"},\"inLanguage\":\"lv-LV\",\"potentialAction\":[{\"@type\":\"ReadAction\",\"target\":[\"https:\/\/vana.vspa.ee\/hoolitsused\/punase-veini-romantikahoolitsus-kahele\/\"]}]},{\"@type\":\"BreadcrumbList\",\"@id\":\"https:\/\/vana.vspa.ee\/hoolitsused\/punase-veini-romantikahoolitsus-kahele\/#breadcrumb\",\"itemListElement\":[{\"@type\":\"ListItem\",\"position\":1,\"name\":\"Home\",\"item\":\"https:\/\/vana.vspa.ee\/lv\/\"},{\"@type\":\"ListItem\",\"position\":2,\"name\":\"Ritu\u0101li\",\"item\":\"https:\/\/vana.vspa.ee\/hoolitsused\/\"},{\"@type\":\"ListItem\",\"position\":3,\"name\":\"Romantiska \u0137erme\u0146a kop\u0161anas proced\u016bra ar sarkanv\u012bnu div\u0101m person\u0101m\"}]},{\"@type\":\"WebSite\",\"@id\":\"https:\/\/vana.vspa.ee\/#website\",\"url\":\"https:\/\/vana.vspa.ee\/\",\"name\":\"V Spa\",\"description\":\"V\u00f5ta veest viimast!\",\"potentialAction\":[{\"@type\":\"SearchAction\",\"target\":{\"@type\":\"EntryPoint\",\"urlTemplate\":\"https:\/\/vana.vspa.ee\/?s={search_term_string}\"},\"query-input\":{\"@type\":\"PropertyValueSpecification\",\"valueRequired\":true,\"valueName\":\"search_term_string\"}}],\"inLanguage\":\"lv-LV\"}]}<\/script>\n<!-- \/ Yoast SEO plugin. -->","yoast_head_json":{"title":"Romantiska \u0137erme\u0146a kop\u0161anas proced\u016bra ar sarkanv\u012bnu div\u0101m person\u0101m - V Spa","robots":{"index":"noindex","follow":"follow","max-snippet":"max-snippet:-1","max-image-preview":"max-image-preview:large","max-video-preview":"max-video-preview:-1"},"og_locale":"lv_LV","og_type":"article","og_title":"Romantiska \u0137erme\u0146a kop\u0161anas proced\u016bra ar sarkanv\u012bnu div\u0101m person\u0101m - V Spa","og_description":"\u012apa\u0161i br\u012b\u017ei ar savu m\u012b\u013coto cilv\u0113ku&#8230;kas gan var\u0113tu b\u016bt lab\u0101ks? Ieejot telp\u0101 ar savu m\u012b\u013coto, j\u016bs sagaid\u012bs putojo\u0161a sarkanv\u012bna vanna....","og_url":"https:\/\/vana.vspa.ee\/hoolitsused\/punase-veini-romantikahoolitsus-kahele\/","og_site_name":"V Spa","article_modified_time":"2024-11-28T13:37:57+00:00","twitter_card":"summary_large_image","twitter_misc":{"Est. reading time":"1 min\u016b\u0161u"},"schema":{"@context":"https:\/\/schema.org","@graph":[{"@type":"WebPage","@id":"https:\/\/vana.vspa.ee\/hoolitsused\/punase-veini-romantikahoolitsus-kahele\/","url":"https:\/\/vana.vspa.ee\/hoolitsused\/punase-veini-romantikahoolitsus-kahele\/","name":"Romantiska \u0137erme\u0146a kop\u0161anas proced\u016bra ar sarkanv\u012bnu div\u0101m person\u0101m - V Spa","isPartOf":{"@id":"https:\/\/vana.vspa.ee\/#website"},"datePublished":"2017-02-01T11:41:32+00:00","dateModified":"2024-11-28T13:37:57+00:00","breadcrumb":{"@id":"https:\/\/vana.vspa.ee\/hoolitsused\/punase-veini-romantikahoolitsus-kahele\/#breadcrumb"},"inLanguage":"lv-LV","potentialAction":[{"@type":"ReadAction","target":["https:\/\/vana.vspa.ee\/hoolitsused\/punase-veini-romantikahoolitsus-kahele\/"]}]},{"@type":"BreadcrumbList","@id":"https:\/\/vana.vspa.ee\/hoolitsused\/punase-veini-romantikahoolitsus-kahele\/#breadcrumb","itemListElement":[{"@type":"ListItem","position":1,"name":"Home","item":"https:\/\/vana.vspa.ee\/lv\/"},{"@type":"ListItem","position":2,"name":"Ritu\u0101li","item":"https:\/\/vana.vspa.ee\/hoolitsused\/"},{"@type":"ListItem","position":3,"name":"Romantiska \u0137erme\u0146a kop\u0161anas proced\u016bra ar sarkanv\u012bnu div\u0101m person\u0101m"}]},{"@type":"WebSite","@id":"https:\/\/vana.vspa.ee\/#website","url":"https:\/\/vana.vspa.ee\/","name":"V Spa","description":"V\u00f5ta veest viimast!","potentialAction":[{"@type":"SearchAction","target":{"@type":"EntryPoint","urlTemplate":"https:\/\/vana.vspa.ee\/?s={search_term_string}"},"query-input":{"@type":"PropertyValueSpecification","valueRequired":true,"valueName":"search_term_string"}}],"inLanguage":"lv-LV"}]}},"_links":{"self":[{"href":"https:\/\/vana.vspa.ee\/lv\/wp-json\/wp\/v2\/pages\/1354","targetHints":{"allow":["GET"]}}],"collection":[{"href":"https:\/\/vana.vspa.ee\/lv\/wp-json\/wp\/v2\/pages"}],"about":[{"href":"https:\/\/vana.vspa.ee\/lv\/wp-json\/wp\/v2\/types\/page"}],"author":[{"embeddable":true,"href":"https:\/\/vana.vspa.ee\/lv\/wp-json\/wp\/v2\/users\/1"}],"replies":[{"embeddable":true,"href":"https:\/\/vana.vspa.ee\/lv\/wp-json\/wp\/v2\/comments?post=1354"}],"version-history":[{"count":4,"href":"https:\/\/vana.vspa.ee\/lv\/wp-json\/wp\/v2\/pages\/1354\/revisions"}],"predecessor-version":[{"id":47199,"href":"https:\/\/vana.vspa.ee\/lv\/wp-json\/wp\/v2\/pages\/1354\/revisions\/47199"}],"up":[{"embeddable":true,"href":"https:\/\/vana.vspa.ee\/lv\/wp-json\/wp\/v2\/pages\/1094"}],"wp:attachment":[{"href":"https:\/\/vana.vspa.ee\/lv\/wp-json\/wp\/v2\/media?parent=1354"}],"curies":[{"name":"wp","href":"https:\/\/api.w.org\/{rel}","templated":true}]}}