{"id":1366,"date":"2017-02-01T13:45:55","date_gmt":"2017-02-01T11:45:55","guid":{"rendered":"http:\/\/vspa.ee\/?page_id=1366\/"},"modified":"2023-12-04T15:45:57","modified_gmt":"2023-12-04T13:45:57","slug":"kermena-kopsanas-procedura-istiem-viriem-ar-vannu-un-cela-titana-klatbutni","status":"publish","type":"page","link":"https:\/\/vana.vspa.ee\/lv\/rituali\/kermena-kopsanas-procedura-istiem-viriem-ar-vannu-un-cela-titana-klatbutni\/","title":{"rendered":"\u0136erme\u0146a kop\u0161anas proced\u016bra \u012bstiem v\u012briem ar vannu un c\u0113l\u0101 Tit\u0101na kl\u0101tb\u016btni"},"content":{"rendered":"<p>Ar\u012b \u012bstiem v\u012briem ik pa laikam nepiecie\u0161amas r\u016bpes un maigums. Proced\u016bra s\u0101kas ar efekt\u012bvu p\u012blingu, kam seko s\u0101ls vanna, kas mazin\u0101s spriedzi. Uzmundrino\u0161\u0101 proced\u016bra nosl\u0113dzas ar mas\u0101\u017eu.<\/p>\n<p>\u0160o proced\u016bru var baud\u012bt dienas spa paketes ietvaros: <a href=\"https:\/\/vspa.ee\/lv\/paketes\/vinge-puhkus-mehele\/\">For\u0161ais atva\u013cin\u0101jums kungam<\/a><\/p>\n","protected":false},"excerpt":{"rendered":"<p>Ar\u012b \u012bstiem v\u012briem ik pa laikam nepiecie\u0161amas r\u016bpes un maigums. Proced\u016bra s\u0101kas ar efekt\u012bvu p\u012blingu, kam seko s\u0101ls vanna, kas&#8230;<\/p>\n","protected":false},"author":1,"featured_media":0,"parent":1094,"menu_order":88,"comment_status":"closed","ping_status":"closed","template":"page-templates\/tpl-offer1.php","meta":{"_acf_changed":false,"_monsterinsights_skip_tracking":false,"_monsterinsights_sitenote_active":false,"_monsterinsights_sitenote_note":"","_monsterinsights_sitenote_category":0,"footnotes":"","_links_to":"","_links_to_target":""},"class_list":["post-1366","page","type-page","status-publish","hentry"],"acf":[],"yoast_head":"<!-- This site is optimized with the Yoast SEO plugin v24.7 - https:\/\/yoast.com\/wordpress\/plugins\/seo\/ -->\n<title>\u0136erme\u0146a kop\u0161anas proced\u016bra \u012bstiem v\u012briem ar vannu un c\u0113l\u0101 Tit\u0101na kl\u0101tb\u016btni - V Spa<\/title>\n<meta name=\"robots\" content=\"noindex, follow, max-snippet:-1, max-image-preview:large, max-video-preview:-1\" \/>\n<meta property=\"og:locale\" content=\"lv_LV\" \/>\n<meta property=\"og:type\" content=\"article\" \/>\n<meta property=\"og:title\" content=\"\u0136erme\u0146a kop\u0161anas proced\u016bra \u012bstiem v\u012briem ar vannu un c\u0113l\u0101 Tit\u0101na kl\u0101tb\u016btni - V Spa\" \/>\n<meta property=\"og:description\" content=\"Ar\u012b \u012bstiem v\u012briem ik pa laikam nepiecie\u0161amas r\u016bpes un maigums. Proced\u016bra s\u0101kas ar efekt\u012bvu p\u012blingu, kam seko s\u0101ls vanna, kas...\" \/>\n<meta property=\"og:url\" content=\"https:\/\/vana.vspa.ee\/hoolitsused\/toeliste-meeste-titaani-kehahooldus-vanniga\/\" \/>\n<meta property=\"og:site_name\" content=\"V Spa\" \/>\n<meta property=\"article:modified_time\" content=\"2023-12-04T13:45:57+00:00\" \/>\n<meta name=\"twitter:card\" content=\"summary_large_image\" \/>\n<meta name=\"twitter:label1\" content=\"Est. reading time\" \/>\n\t<meta name=\"twitter:data1\" content=\"1 min\u016b\u0161u\" \/>\n<script type=\"application\/ld+json\" class=\"yoast-schema-graph\">{\"@context\":\"https:\/\/schema.org\",\"@graph\":[{\"@type\":\"WebPage\",\"@id\":\"https:\/\/vana.vspa.ee\/hoolitsused\/toeliste-meeste-titaani-kehahooldus-vanniga\/\",\"url\":\"https:\/\/vana.vspa.ee\/hoolitsused\/toeliste-meeste-titaani-kehahooldus-vanniga\/\",\"name\":\"\u0136erme\u0146a kop\u0161anas proced\u016bra \u012bstiem v\u012briem ar vannu un c\u0113l\u0101 Tit\u0101na kl\u0101tb\u016btni - V Spa\",\"isPartOf\":{\"@id\":\"https:\/\/vana.vspa.ee\/#website\"},\"datePublished\":\"2017-02-01T11:45:55+00:00\",\"dateModified\":\"2023-12-04T13:45:57+00:00\",\"breadcrumb\":{\"@id\":\"https:\/\/vana.vspa.ee\/hoolitsused\/toeliste-meeste-titaani-kehahooldus-vanniga\/#breadcrumb\"},\"inLanguage\":\"lv-LV\",\"potentialAction\":[{\"@type\":\"ReadAction\",\"target\":[\"https:\/\/vana.vspa.ee\/hoolitsused\/toeliste-meeste-titaani-kehahooldus-vanniga\/\"]}]},{\"@type\":\"BreadcrumbList\",\"@id\":\"https:\/\/vana.vspa.ee\/hoolitsused\/toeliste-meeste-titaani-kehahooldus-vanniga\/#breadcrumb\",\"itemListElement\":[{\"@type\":\"ListItem\",\"position\":1,\"name\":\"Home\",\"item\":\"https:\/\/vana.vspa.ee\/lv\/\"},{\"@type\":\"ListItem\",\"position\":2,\"name\":\"Ritu\u0101li\",\"item\":\"https:\/\/vana.vspa.ee\/hoolitsused\/\"},{\"@type\":\"ListItem\",\"position\":3,\"name\":\"\u0136erme\u0146a kop\u0161anas proced\u016bra \u012bstiem v\u012briem ar vannu un c\u0113l\u0101 Tit\u0101na kl\u0101tb\u016btni\"}]},{\"@type\":\"WebSite\",\"@id\":\"https:\/\/vana.vspa.ee\/#website\",\"url\":\"https:\/\/vana.vspa.ee\/\",\"name\":\"V Spa\",\"description\":\"V\u00f5ta veest viimast!\",\"potentialAction\":[{\"@type\":\"SearchAction\",\"target\":{\"@type\":\"EntryPoint\",\"urlTemplate\":\"https:\/\/vana.vspa.ee\/?s={search_term_string}\"},\"query-input\":{\"@type\":\"PropertyValueSpecification\",\"valueRequired\":true,\"valueName\":\"search_term_string\"}}],\"inLanguage\":\"lv-LV\"}]}<\/script>\n<!-- \/ Yoast SEO plugin. -->","yoast_head_json":{"title":"\u0136erme\u0146a kop\u0161anas proced\u016bra \u012bstiem v\u012briem ar vannu un c\u0113l\u0101 Tit\u0101na kl\u0101tb\u016btni - V Spa","robots":{"index":"noindex","follow":"follow","max-snippet":"max-snippet:-1","max-image-preview":"max-image-preview:large","max-video-preview":"max-video-preview:-1"},"og_locale":"lv_LV","og_type":"article","og_title":"\u0136erme\u0146a kop\u0161anas proced\u016bra \u012bstiem v\u012briem ar vannu un c\u0113l\u0101 Tit\u0101na kl\u0101tb\u016btni - V Spa","og_description":"Ar\u012b \u012bstiem v\u012briem ik pa laikam nepiecie\u0161amas r\u016bpes un maigums. Proced\u016bra s\u0101kas ar efekt\u012bvu p\u012blingu, kam seko s\u0101ls vanna, kas...","og_url":"https:\/\/vana.vspa.ee\/hoolitsused\/toeliste-meeste-titaani-kehahooldus-vanniga\/","og_site_name":"V Spa","article_modified_time":"2023-12-04T13:45:57+00:00","twitter_card":"summary_large_image","twitter_misc":{"Est. reading time":"1 min\u016b\u0161u"},"schema":{"@context":"https:\/\/schema.org","@graph":[{"@type":"WebPage","@id":"https:\/\/vana.vspa.ee\/hoolitsused\/toeliste-meeste-titaani-kehahooldus-vanniga\/","url":"https:\/\/vana.vspa.ee\/hoolitsused\/toeliste-meeste-titaani-kehahooldus-vanniga\/","name":"\u0136erme\u0146a kop\u0161anas proced\u016bra \u012bstiem v\u012briem ar vannu un c\u0113l\u0101 Tit\u0101na kl\u0101tb\u016btni - V Spa","isPartOf":{"@id":"https:\/\/vana.vspa.ee\/#website"},"datePublished":"2017-02-01T11:45:55+00:00","dateModified":"2023-12-04T13:45:57+00:00","breadcrumb":{"@id":"https:\/\/vana.vspa.ee\/hoolitsused\/toeliste-meeste-titaani-kehahooldus-vanniga\/#breadcrumb"},"inLanguage":"lv-LV","potentialAction":[{"@type":"ReadAction","target":["https:\/\/vana.vspa.ee\/hoolitsused\/toeliste-meeste-titaani-kehahooldus-vanniga\/"]}]},{"@type":"BreadcrumbList","@id":"https:\/\/vana.vspa.ee\/hoolitsused\/toeliste-meeste-titaani-kehahooldus-vanniga\/#breadcrumb","itemListElement":[{"@type":"ListItem","position":1,"name":"Home","item":"https:\/\/vana.vspa.ee\/lv\/"},{"@type":"ListItem","position":2,"name":"Ritu\u0101li","item":"https:\/\/vana.vspa.ee\/hoolitsused\/"},{"@type":"ListItem","position":3,"name":"\u0136erme\u0146a kop\u0161anas proced\u016bra \u012bstiem v\u012briem ar vannu un c\u0113l\u0101 Tit\u0101na kl\u0101tb\u016btni"}]},{"@type":"WebSite","@id":"https:\/\/vana.vspa.ee\/#website","url":"https:\/\/vana.vspa.ee\/","name":"V Spa","description":"V\u00f5ta veest viimast!","potentialAction":[{"@type":"SearchAction","target":{"@type":"EntryPoint","urlTemplate":"https:\/\/vana.vspa.ee\/?s={search_term_string}"},"query-input":{"@type":"PropertyValueSpecification","valueRequired":true,"valueName":"search_term_string"}}],"inLanguage":"lv-LV"}]}},"_links":{"self":[{"href":"https:\/\/vana.vspa.ee\/lv\/wp-json\/wp\/v2\/pages\/1366","targetHints":{"allow":["GET"]}}],"collection":[{"href":"https:\/\/vana.vspa.ee\/lv\/wp-json\/wp\/v2\/pages"}],"about":[{"href":"https:\/\/vana.vspa.ee\/lv\/wp-json\/wp\/v2\/types\/page"}],"author":[{"embeddable":true,"href":"https:\/\/vana.vspa.ee\/lv\/wp-json\/wp\/v2\/users\/1"}],"replies":[{"embeddable":true,"href":"https:\/\/vana.vspa.ee\/lv\/wp-json\/wp\/v2\/comments?post=1366"}],"version-history":[{"count":3,"href":"https:\/\/vana.vspa.ee\/lv\/wp-json\/wp\/v2\/pages\/1366\/revisions"}],"predecessor-version":[{"id":42055,"href":"https:\/\/vana.vspa.ee\/lv\/wp-json\/wp\/v2\/pages\/1366\/revisions\/42055"}],"up":[{"embeddable":true,"href":"https:\/\/vana.vspa.ee\/lv\/wp-json\/wp\/v2\/pages\/1094"}],"wp:attachment":[{"href":"https:\/\/vana.vspa.ee\/lv\/wp-json\/wp\/v2\/media?parent=1366"}],"curies":[{"name":"wp","href":"https:\/\/api.w.org\/{rel}","templated":true}]}}