{"id":1367,"date":"2017-02-01T13:45:59","date_gmt":"2017-02-01T11:45:59","guid":{"rendered":"http:\/\/vspa.ee\/?page_id=1367\/"},"modified":"2023-12-04T15:46:47","modified_gmt":"2023-12-04T13:46:47","slug":"zelta-piladza-kermena-kopsanas-procedura-ar-vannu","status":"publish","type":"page","link":"https:\/\/vana.vspa.ee\/lv\/rituali\/zelta-piladza-kermena-kopsanas-procedura-ar-vannu\/","title":{"rendered":"Zelta-p\u012bl\u0101d\u017ea \u0137erme\u0146a kop\u0161anas proced\u016bra ar vannu"},"content":{"rendered":"<p>\u0160\u012bs luksusa, dab\u012bg\u0101s, uzmundrino\u0161\u0101s proced\u016bras s\u0101kum\u0101 \u0137ermenis tiek apstr\u0101d\u0101ts ar p\u012bl\u0101d\u017eu skrubi. Tam seko relaks\u0113\u0161jo\u0161a p\u012bl\u0101d\u017eu ogu vanna. Otr\u0101 pusstunda velt\u012bta pat\u012bkamai mas\u0101\u017eai ar zelta balzamu. Proced\u016brai nosl\u0113dzoties jut\u012bsiet, k\u0101 izstarojot siltumu un prieku.<\/p>\n<p>\u0160o proced\u016bru var baud\u012bt dienas spa paketes ietvaros: <a href=\"https:\/\/vspa.ee\/lv\/paketes\/varvikas-luksus-naisele\/\">Kr\u0101sainais luksuss d\u0101mai<\/a><\/p>\n","protected":false},"excerpt":{"rendered":"<p>\u0160\u012bs luksusa, dab\u012bg\u0101s, uzmundrino\u0161\u0101s proced\u016bras s\u0101kum\u0101 \u0137ermenis tiek apstr\u0101d\u0101ts ar p\u012bl\u0101d\u017eu skrubi. Tam seko relaks\u0113\u0161jo\u0161a p\u012bl\u0101d\u017eu ogu vanna. Otr\u0101 pusstunda&#8230;<\/p>\n","protected":false},"author":1,"featured_media":0,"parent":1094,"menu_order":89,"comment_status":"closed","ping_status":"closed","template":"page-templates\/tpl-offer1.php","meta":{"_acf_changed":false,"_monsterinsights_skip_tracking":false,"_monsterinsights_sitenote_active":false,"_monsterinsights_sitenote_note":"","_monsterinsights_sitenote_category":0,"footnotes":"","_links_to":"","_links_to_target":""},"class_list":["post-1367","page","type-page","status-publish","hentry"],"acf":[],"yoast_head":"<!-- This site is optimized with the Yoast SEO plugin v24.7 - https:\/\/yoast.com\/wordpress\/plugins\/seo\/ -->\n<title>Zelta-p\u012bl\u0101d\u017ea \u0137erme\u0146a kop\u0161anas proced\u016bra ar vannu - V Spa<\/title>\n<meta name=\"robots\" content=\"noindex, follow, max-snippet:-1, max-image-preview:large, max-video-preview:-1\" \/>\n<meta property=\"og:locale\" content=\"lv_LV\" \/>\n<meta property=\"og:type\" content=\"article\" \/>\n<meta property=\"og:title\" content=\"Zelta-p\u012bl\u0101d\u017ea \u0137erme\u0146a kop\u0161anas proced\u016bra ar vannu - V Spa\" \/>\n<meta property=\"og:description\" content=\"\u0160\u012bs luksusa, dab\u012bg\u0101s, uzmundrino\u0161\u0101s proced\u016bras s\u0101kum\u0101 \u0137ermenis tiek apstr\u0101d\u0101ts ar p\u012bl\u0101d\u017eu skrubi. Tam seko relaks\u0113\u0161jo\u0161a p\u012bl\u0101d\u017eu ogu vanna. Otr\u0101 pusstunda...\" \/>\n<meta property=\"og:url\" content=\"https:\/\/vana.vspa.ee\/hoolitsused\/kulla-pihlaka-kehahoolitsus-vanniga\/\" \/>\n<meta property=\"og:site_name\" content=\"V Spa\" \/>\n<meta property=\"article:modified_time\" content=\"2023-12-04T13:46:47+00:00\" \/>\n<meta name=\"twitter:card\" content=\"summary_large_image\" \/>\n<meta name=\"twitter:label1\" content=\"Est. reading time\" \/>\n\t<meta name=\"twitter:data1\" content=\"1 min\u016b\u0161u\" \/>\n<script type=\"application\/ld+json\" class=\"yoast-schema-graph\">{\"@context\":\"https:\/\/schema.org\",\"@graph\":[{\"@type\":\"WebPage\",\"@id\":\"https:\/\/vana.vspa.ee\/hoolitsused\/kulla-pihlaka-kehahoolitsus-vanniga\/\",\"url\":\"https:\/\/vana.vspa.ee\/hoolitsused\/kulla-pihlaka-kehahoolitsus-vanniga\/\",\"name\":\"Zelta-p\u012bl\u0101d\u017ea \u0137erme\u0146a kop\u0161anas proced\u016bra ar vannu - V Spa\",\"isPartOf\":{\"@id\":\"https:\/\/vana.vspa.ee\/#website\"},\"datePublished\":\"2017-02-01T11:45:59+00:00\",\"dateModified\":\"2023-12-04T13:46:47+00:00\",\"breadcrumb\":{\"@id\":\"https:\/\/vana.vspa.ee\/hoolitsused\/kulla-pihlaka-kehahoolitsus-vanniga\/#breadcrumb\"},\"inLanguage\":\"lv-LV\",\"potentialAction\":[{\"@type\":\"ReadAction\",\"target\":[\"https:\/\/vana.vspa.ee\/hoolitsused\/kulla-pihlaka-kehahoolitsus-vanniga\/\"]}]},{\"@type\":\"BreadcrumbList\",\"@id\":\"https:\/\/vana.vspa.ee\/hoolitsused\/kulla-pihlaka-kehahoolitsus-vanniga\/#breadcrumb\",\"itemListElement\":[{\"@type\":\"ListItem\",\"position\":1,\"name\":\"Home\",\"item\":\"https:\/\/vana.vspa.ee\/lv\/\"},{\"@type\":\"ListItem\",\"position\":2,\"name\":\"Ritu\u0101li\",\"item\":\"https:\/\/vana.vspa.ee\/hoolitsused\/\"},{\"@type\":\"ListItem\",\"position\":3,\"name\":\"Zelta-p\u012bl\u0101d\u017ea \u0137erme\u0146a kop\u0161anas proced\u016bra ar vannu\"}]},{\"@type\":\"WebSite\",\"@id\":\"https:\/\/vana.vspa.ee\/#website\",\"url\":\"https:\/\/vana.vspa.ee\/\",\"name\":\"V Spa\",\"description\":\"V\u00f5ta veest viimast!\",\"potentialAction\":[{\"@type\":\"SearchAction\",\"target\":{\"@type\":\"EntryPoint\",\"urlTemplate\":\"https:\/\/vana.vspa.ee\/?s={search_term_string}\"},\"query-input\":{\"@type\":\"PropertyValueSpecification\",\"valueRequired\":true,\"valueName\":\"search_term_string\"}}],\"inLanguage\":\"lv-LV\"}]}<\/script>\n<!-- \/ Yoast SEO plugin. -->","yoast_head_json":{"title":"Zelta-p\u012bl\u0101d\u017ea \u0137erme\u0146a kop\u0161anas proced\u016bra ar vannu - V Spa","robots":{"index":"noindex","follow":"follow","max-snippet":"max-snippet:-1","max-image-preview":"max-image-preview:large","max-video-preview":"max-video-preview:-1"},"og_locale":"lv_LV","og_type":"article","og_title":"Zelta-p\u012bl\u0101d\u017ea \u0137erme\u0146a kop\u0161anas proced\u016bra ar vannu - V Spa","og_description":"\u0160\u012bs luksusa, dab\u012bg\u0101s, uzmundrino\u0161\u0101s proced\u016bras s\u0101kum\u0101 \u0137ermenis tiek apstr\u0101d\u0101ts ar p\u012bl\u0101d\u017eu skrubi. Tam seko relaks\u0113\u0161jo\u0161a p\u012bl\u0101d\u017eu ogu vanna. Otr\u0101 pusstunda...","og_url":"https:\/\/vana.vspa.ee\/hoolitsused\/kulla-pihlaka-kehahoolitsus-vanniga\/","og_site_name":"V Spa","article_modified_time":"2023-12-04T13:46:47+00:00","twitter_card":"summary_large_image","twitter_misc":{"Est. reading time":"1 min\u016b\u0161u"},"schema":{"@context":"https:\/\/schema.org","@graph":[{"@type":"WebPage","@id":"https:\/\/vana.vspa.ee\/hoolitsused\/kulla-pihlaka-kehahoolitsus-vanniga\/","url":"https:\/\/vana.vspa.ee\/hoolitsused\/kulla-pihlaka-kehahoolitsus-vanniga\/","name":"Zelta-p\u012bl\u0101d\u017ea \u0137erme\u0146a kop\u0161anas proced\u016bra ar vannu - V Spa","isPartOf":{"@id":"https:\/\/vana.vspa.ee\/#website"},"datePublished":"2017-02-01T11:45:59+00:00","dateModified":"2023-12-04T13:46:47+00:00","breadcrumb":{"@id":"https:\/\/vana.vspa.ee\/hoolitsused\/kulla-pihlaka-kehahoolitsus-vanniga\/#breadcrumb"},"inLanguage":"lv-LV","potentialAction":[{"@type":"ReadAction","target":["https:\/\/vana.vspa.ee\/hoolitsused\/kulla-pihlaka-kehahoolitsus-vanniga\/"]}]},{"@type":"BreadcrumbList","@id":"https:\/\/vana.vspa.ee\/hoolitsused\/kulla-pihlaka-kehahoolitsus-vanniga\/#breadcrumb","itemListElement":[{"@type":"ListItem","position":1,"name":"Home","item":"https:\/\/vana.vspa.ee\/lv\/"},{"@type":"ListItem","position":2,"name":"Ritu\u0101li","item":"https:\/\/vana.vspa.ee\/hoolitsused\/"},{"@type":"ListItem","position":3,"name":"Zelta-p\u012bl\u0101d\u017ea \u0137erme\u0146a kop\u0161anas proced\u016bra ar vannu"}]},{"@type":"WebSite","@id":"https:\/\/vana.vspa.ee\/#website","url":"https:\/\/vana.vspa.ee\/","name":"V Spa","description":"V\u00f5ta veest viimast!","potentialAction":[{"@type":"SearchAction","target":{"@type":"EntryPoint","urlTemplate":"https:\/\/vana.vspa.ee\/?s={search_term_string}"},"query-input":{"@type":"PropertyValueSpecification","valueRequired":true,"valueName":"search_term_string"}}],"inLanguage":"lv-LV"}]}},"_links":{"self":[{"href":"https:\/\/vana.vspa.ee\/lv\/wp-json\/wp\/v2\/pages\/1367","targetHints":{"allow":["GET"]}}],"collection":[{"href":"https:\/\/vana.vspa.ee\/lv\/wp-json\/wp\/v2\/pages"}],"about":[{"href":"https:\/\/vana.vspa.ee\/lv\/wp-json\/wp\/v2\/types\/page"}],"author":[{"embeddable":true,"href":"https:\/\/vana.vspa.ee\/lv\/wp-json\/wp\/v2\/users\/1"}],"replies":[{"embeddable":true,"href":"https:\/\/vana.vspa.ee\/lv\/wp-json\/wp\/v2\/comments?post=1367"}],"version-history":[{"count":3,"href":"https:\/\/vana.vspa.ee\/lv\/wp-json\/wp\/v2\/pages\/1367\/revisions"}],"predecessor-version":[{"id":42057,"href":"https:\/\/vana.vspa.ee\/lv\/wp-json\/wp\/v2\/pages\/1367\/revisions\/42057"}],"up":[{"embeddable":true,"href":"https:\/\/vana.vspa.ee\/lv\/wp-json\/wp\/v2\/pages\/1094"}],"wp:attachment":[{"href":"https:\/\/vana.vspa.ee\/lv\/wp-json\/wp\/v2\/media?parent=1367"}],"curies":[{"name":"wp","href":"https:\/\/api.w.org\/{rel}","templated":true}]}}