{"id":1374,"date":"2017-02-01T13:47:39","date_gmt":"2017-02-01T11:47:39","guid":{"rendered":"http:\/\/vspa.ee\/?page_id=1374\/"},"modified":"2023-12-04T15:47:45","modified_gmt":"2023-12-04T13:47:45","slug":"sokolades-un-karamelu-putu-vanna-berniem-vai-neratniem-pieaugusajiem","status":"publish","type":"page","link":"https:\/\/vana.vspa.ee\/lv\/rituali\/sokolades-un-karamelu-putu-vanna-berniem-vai-neratniem-pieaugusajiem\/","title":{"rendered":"\u0160okol\u0101des un karame\u013cu putu vanna (b\u0113rniem vai ner\u0101tniem pieaugu\u0161ajiem)"},"content":{"rendered":"<p>\u0160eit v\u0101rdiem nav vietas&#8230;mmmmm, ak \u0161ie arom\u0101ti \u2013 j\u016bs it k\u0101 b\u016btu ar burvju m\u0101jienu nok\u013cuvu\u0161i konfek\u0161u veikal\u0101!<\/p>\n","protected":false},"excerpt":{"rendered":"<p>\u0160eit v\u0101rdiem nav vietas&#8230;mmmmm, ak \u0161ie arom\u0101ti \u2013 j\u016bs it k\u0101 b\u016btu ar burvju m\u0101jienu nok\u013cuvu\u0161i konfek\u0161u veikal\u0101!<\/p>\n","protected":false},"author":1,"featured_media":0,"parent":1094,"menu_order":92,"comment_status":"closed","ping_status":"closed","template":"page-templates\/tpl-offer1.php","meta":{"_acf_changed":false,"_monsterinsights_skip_tracking":false,"_monsterinsights_sitenote_active":false,"_monsterinsights_sitenote_note":"","_monsterinsights_sitenote_category":0,"footnotes":"","_links_to":"","_links_to_target":""},"class_list":["post-1374","page","type-page","status-publish","hentry"],"acf":[],"yoast_head":"<!-- This site is optimized with the Yoast SEO plugin v24.7 - https:\/\/yoast.com\/wordpress\/plugins\/seo\/ -->\n<title>\u0160okol\u0101des un karame\u013cu putu vanna (b\u0113rniem vai ner\u0101tniem pieaugu\u0161ajiem) - V Spa<\/title>\n<meta name=\"robots\" content=\"noindex, follow, max-snippet:-1, max-image-preview:large, max-video-preview:-1\" \/>\n<meta property=\"og:locale\" content=\"lv_LV\" \/>\n<meta property=\"og:type\" content=\"article\" \/>\n<meta property=\"og:title\" content=\"\u0160okol\u0101des un karame\u013cu putu vanna (b\u0113rniem vai ner\u0101tniem pieaugu\u0161ajiem) - V Spa\" \/>\n<meta property=\"og:description\" content=\"\u0160eit v\u0101rdiem nav vietas&#8230;mmmmm, ak \u0161ie arom\u0101ti \u2013 j\u016bs it k\u0101 b\u016btu ar burvju m\u0101jienu nok\u013cuvu\u0161i konfek\u0161u veikal\u0101!\" \/>\n<meta property=\"og:url\" content=\"https:\/\/vana.vspa.ee\/hoolitsused\/sokolaadi-karamelli-vahuvann-lastele-ja-vallatutele-taiskavanutele\/\" \/>\n<meta property=\"og:site_name\" content=\"V Spa\" \/>\n<meta property=\"article:modified_time\" content=\"2023-12-04T13:47:45+00:00\" \/>\n<meta name=\"twitter:card\" content=\"summary_large_image\" \/>\n<meta name=\"twitter:label1\" content=\"Est. reading time\" \/>\n\t<meta name=\"twitter:data1\" content=\"1 min\u016b\u0161u\" \/>\n<script type=\"application\/ld+json\" class=\"yoast-schema-graph\">{\"@context\":\"https:\/\/schema.org\",\"@graph\":[{\"@type\":\"WebPage\",\"@id\":\"https:\/\/vana.vspa.ee\/hoolitsused\/sokolaadi-karamelli-vahuvann-lastele-ja-vallatutele-taiskavanutele\/\",\"url\":\"https:\/\/vana.vspa.ee\/hoolitsused\/sokolaadi-karamelli-vahuvann-lastele-ja-vallatutele-taiskavanutele\/\",\"name\":\"\u0160okol\u0101des un karame\u013cu putu vanna (b\u0113rniem vai ner\u0101tniem pieaugu\u0161ajiem) - V Spa\",\"isPartOf\":{\"@id\":\"https:\/\/vana.vspa.ee\/#website\"},\"datePublished\":\"2017-02-01T11:47:39+00:00\",\"dateModified\":\"2023-12-04T13:47:45+00:00\",\"breadcrumb\":{\"@id\":\"https:\/\/vana.vspa.ee\/hoolitsused\/sokolaadi-karamelli-vahuvann-lastele-ja-vallatutele-taiskavanutele\/#breadcrumb\"},\"inLanguage\":\"lv-LV\",\"potentialAction\":[{\"@type\":\"ReadAction\",\"target\":[\"https:\/\/vana.vspa.ee\/hoolitsused\/sokolaadi-karamelli-vahuvann-lastele-ja-vallatutele-taiskavanutele\/\"]}]},{\"@type\":\"BreadcrumbList\",\"@id\":\"https:\/\/vana.vspa.ee\/hoolitsused\/sokolaadi-karamelli-vahuvann-lastele-ja-vallatutele-taiskavanutele\/#breadcrumb\",\"itemListElement\":[{\"@type\":\"ListItem\",\"position\":1,\"name\":\"Home\",\"item\":\"https:\/\/vana.vspa.ee\/lv\/\"},{\"@type\":\"ListItem\",\"position\":2,\"name\":\"Ritu\u0101li\",\"item\":\"https:\/\/vana.vspa.ee\/hoolitsused\/\"},{\"@type\":\"ListItem\",\"position\":3,\"name\":\"\u0160okol\u0101des un karame\u013cu putu vanna (b\u0113rniem vai ner\u0101tniem pieaugu\u0161ajiem)\"}]},{\"@type\":\"WebSite\",\"@id\":\"https:\/\/vana.vspa.ee\/#website\",\"url\":\"https:\/\/vana.vspa.ee\/\",\"name\":\"V Spa\",\"description\":\"V\u00f5ta veest viimast!\",\"potentialAction\":[{\"@type\":\"SearchAction\",\"target\":{\"@type\":\"EntryPoint\",\"urlTemplate\":\"https:\/\/vana.vspa.ee\/?s={search_term_string}\"},\"query-input\":{\"@type\":\"PropertyValueSpecification\",\"valueRequired\":true,\"valueName\":\"search_term_string\"}}],\"inLanguage\":\"lv-LV\"}]}<\/script>\n<!-- \/ Yoast SEO plugin. -->","yoast_head_json":{"title":"\u0160okol\u0101des un karame\u013cu putu vanna (b\u0113rniem vai ner\u0101tniem pieaugu\u0161ajiem) - V Spa","robots":{"index":"noindex","follow":"follow","max-snippet":"max-snippet:-1","max-image-preview":"max-image-preview:large","max-video-preview":"max-video-preview:-1"},"og_locale":"lv_LV","og_type":"article","og_title":"\u0160okol\u0101des un karame\u013cu putu vanna (b\u0113rniem vai ner\u0101tniem pieaugu\u0161ajiem) - V Spa","og_description":"\u0160eit v\u0101rdiem nav vietas&#8230;mmmmm, ak \u0161ie arom\u0101ti \u2013 j\u016bs it k\u0101 b\u016btu ar burvju m\u0101jienu nok\u013cuvu\u0161i konfek\u0161u veikal\u0101!","og_url":"https:\/\/vana.vspa.ee\/hoolitsused\/sokolaadi-karamelli-vahuvann-lastele-ja-vallatutele-taiskavanutele\/","og_site_name":"V Spa","article_modified_time":"2023-12-04T13:47:45+00:00","twitter_card":"summary_large_image","twitter_misc":{"Est. reading time":"1 min\u016b\u0161u"},"schema":{"@context":"https:\/\/schema.org","@graph":[{"@type":"WebPage","@id":"https:\/\/vana.vspa.ee\/hoolitsused\/sokolaadi-karamelli-vahuvann-lastele-ja-vallatutele-taiskavanutele\/","url":"https:\/\/vana.vspa.ee\/hoolitsused\/sokolaadi-karamelli-vahuvann-lastele-ja-vallatutele-taiskavanutele\/","name":"\u0160okol\u0101des un karame\u013cu putu vanna (b\u0113rniem vai ner\u0101tniem pieaugu\u0161ajiem) - V Spa","isPartOf":{"@id":"https:\/\/vana.vspa.ee\/#website"},"datePublished":"2017-02-01T11:47:39+00:00","dateModified":"2023-12-04T13:47:45+00:00","breadcrumb":{"@id":"https:\/\/vana.vspa.ee\/hoolitsused\/sokolaadi-karamelli-vahuvann-lastele-ja-vallatutele-taiskavanutele\/#breadcrumb"},"inLanguage":"lv-LV","potentialAction":[{"@type":"ReadAction","target":["https:\/\/vana.vspa.ee\/hoolitsused\/sokolaadi-karamelli-vahuvann-lastele-ja-vallatutele-taiskavanutele\/"]}]},{"@type":"BreadcrumbList","@id":"https:\/\/vana.vspa.ee\/hoolitsused\/sokolaadi-karamelli-vahuvann-lastele-ja-vallatutele-taiskavanutele\/#breadcrumb","itemListElement":[{"@type":"ListItem","position":1,"name":"Home","item":"https:\/\/vana.vspa.ee\/lv\/"},{"@type":"ListItem","position":2,"name":"Ritu\u0101li","item":"https:\/\/vana.vspa.ee\/hoolitsused\/"},{"@type":"ListItem","position":3,"name":"\u0160okol\u0101des un karame\u013cu putu vanna (b\u0113rniem vai ner\u0101tniem pieaugu\u0161ajiem)"}]},{"@type":"WebSite","@id":"https:\/\/vana.vspa.ee\/#website","url":"https:\/\/vana.vspa.ee\/","name":"V Spa","description":"V\u00f5ta veest viimast!","potentialAction":[{"@type":"SearchAction","target":{"@type":"EntryPoint","urlTemplate":"https:\/\/vana.vspa.ee\/?s={search_term_string}"},"query-input":{"@type":"PropertyValueSpecification","valueRequired":true,"valueName":"search_term_string"}}],"inLanguage":"lv-LV"}]}},"_links":{"self":[{"href":"https:\/\/vana.vspa.ee\/lv\/wp-json\/wp\/v2\/pages\/1374","targetHints":{"allow":["GET"]}}],"collection":[{"href":"https:\/\/vana.vspa.ee\/lv\/wp-json\/wp\/v2\/pages"}],"about":[{"href":"https:\/\/vana.vspa.ee\/lv\/wp-json\/wp\/v2\/types\/page"}],"author":[{"embeddable":true,"href":"https:\/\/vana.vspa.ee\/lv\/wp-json\/wp\/v2\/users\/1"}],"replies":[{"embeddable":true,"href":"https:\/\/vana.vspa.ee\/lv\/wp-json\/wp\/v2\/comments?post=1374"}],"version-history":[{"count":3,"href":"https:\/\/vana.vspa.ee\/lv\/wp-json\/wp\/v2\/pages\/1374\/revisions"}],"predecessor-version":[{"id":42059,"href":"https:\/\/vana.vspa.ee\/lv\/wp-json\/wp\/v2\/pages\/1374\/revisions\/42059"}],"up":[{"embeddable":true,"href":"https:\/\/vana.vspa.ee\/lv\/wp-json\/wp\/v2\/pages\/1094"}],"wp:attachment":[{"href":"https:\/\/vana.vspa.ee\/lv\/wp-json\/wp\/v2\/media?parent=1374"}],"curies":[{"name":"wp","href":"https:\/\/api.w.org\/{rel}","templated":true}]}}