{"id":17925,"date":"2019-02-06T12:11:19","date_gmt":"2019-02-06T10:11:19","guid":{"rendered":"https:\/\/vspa.ee\/rituali\/terviklik-pinguldav-naohoolitsus-lift-summum\/"},"modified":"2024-01-08T08:54:04","modified_gmt":"2024-01-08T06:54:04","slug":"terviklik-pinguldav-naohoolitsus-lift-summum","status":"publish","type":"page","link":"https:\/\/vana.vspa.ee\/lv\/rituali\/terviklik-pinguldav-naohoolitsus-lift-summum\/","title":{"rendered":"Visaptvero\u0161a sejas kop\u0161anas proced\u016bra, lai padar\u012btu \u0101du tvirt\u0101ku &#8211; Lift Summum"},"content":{"rendered":"<p>Sejas kop\u0161anas proced\u016bra, kas pie\u0161\u0137ir \u0101dai tvirtumu un \u012bpa\u0161i par\u016bp\u0113jas par sejas \u0101du, kaklu un dekolt\u0113. Proced\u016bras laik\u0101 veikt\u0101 \u012bpa\u0161\u0101 mas\u0101\u017ea ar \u201efacelift\u201c efektu nogludina un samazina grumbas, uzlabo sejas kont\u016bras un padara \u0101du tvirt\u0101ku. Pateicoties \u012bpa\u0161ajam \u201ewrinkle eraser\u201c C vitam\u012bna un hialuronsk\u0101bes serumam un sejas-dekolt\u0113 maskai \u0101da tiek uzmundrin\u0101ta, uzlabojas \u0101das tonis un strukt\u016bra. \u0100da k\u013c\u016bst tvirt\u0101ka, mirdzo\u0161\u0101ka un atsvaidzin\u0101ta jau p\u0113c pirm\u0101s proced\u016bras!\u00a0Proced\u016br\u0101 tiek izmantoti<strong> GUINOT <\/strong>l\u012bnijas produkti<\/p>\n","protected":false},"excerpt":{"rendered":"<p>Sejas kop\u0161anas proced\u016bra, kas pie\u0161\u0137ir \u0101dai tvirtumu un \u012bpa\u0161i par\u016bp\u0113jas par sejas \u0101du, kaklu un dekolt\u0113. Proced\u016bras laik\u0101 veikt\u0101 \u012bpa\u0161\u0101&#8230;<\/p>\n","protected":false},"author":1,"featured_media":0,"parent":1094,"menu_order":0,"comment_status":"closed","ping_status":"closed","template":"page-templates\/tpl-offer1.php","meta":{"_acf_changed":false,"_monsterinsights_skip_tracking":false,"_monsterinsights_sitenote_active":false,"_monsterinsights_sitenote_note":"","_monsterinsights_sitenote_category":0,"footnotes":"","_links_to":"","_links_to_target":""},"class_list":["post-17925","page","type-page","status-publish","hentry"],"acf":[],"yoast_head":"<!-- This site is optimized with the Yoast SEO plugin v24.7 - https:\/\/yoast.com\/wordpress\/plugins\/seo\/ -->\n<title>Visaptvero\u0161a sejas kop\u0161anas proced\u016bra, lai padar\u012btu \u0101du tvirt\u0101ku - Lift Summum - V Spa<\/title>\n<meta name=\"robots\" content=\"noindex, follow, max-snippet:-1, max-image-preview:large, max-video-preview:-1\" \/>\n<meta property=\"og:locale\" content=\"lv_LV\" \/>\n<meta property=\"og:type\" content=\"article\" \/>\n<meta property=\"og:title\" content=\"Visaptvero\u0161a sejas kop\u0161anas proced\u016bra, lai padar\u012btu \u0101du tvirt\u0101ku - Lift Summum - V Spa\" \/>\n<meta property=\"og:description\" content=\"Sejas kop\u0161anas proced\u016bra, kas pie\u0161\u0137ir \u0101dai tvirtumu un \u012bpa\u0161i par\u016bp\u0113jas par sejas \u0101du, kaklu un dekolt\u0113. Proced\u016bras laik\u0101 veikt\u0101 \u012bpa\u0161\u0101...\" \/>\n<meta property=\"og:url\" content=\"https:\/\/vana.vspa.ee\/hoolitsused\/terviklik-pinguldav-naohoolitsus-lift-summum\/\" \/>\n<meta property=\"og:site_name\" content=\"V Spa\" \/>\n<meta property=\"article:modified_time\" content=\"2024-01-08T06:54:04+00:00\" \/>\n<meta name=\"twitter:card\" content=\"summary_large_image\" \/>\n<meta name=\"twitter:label1\" content=\"Est. reading time\" \/>\n\t<meta name=\"twitter:data1\" content=\"1 min\u016b\u0161u\" \/>\n<script type=\"application\/ld+json\" class=\"yoast-schema-graph\">{\"@context\":\"https:\/\/schema.org\",\"@graph\":[{\"@type\":\"WebPage\",\"@id\":\"https:\/\/vana.vspa.ee\/hoolitsused\/terviklik-pinguldav-naohoolitsus-lift-summum\/\",\"url\":\"https:\/\/vana.vspa.ee\/hoolitsused\/terviklik-pinguldav-naohoolitsus-lift-summum\/\",\"name\":\"Visaptvero\u0161a sejas kop\u0161anas proced\u016bra, lai padar\u012btu \u0101du tvirt\u0101ku - Lift Summum - V Spa\",\"isPartOf\":{\"@id\":\"https:\/\/vana.vspa.ee\/#website\"},\"datePublished\":\"2019-02-06T10:11:19+00:00\",\"dateModified\":\"2024-01-08T06:54:04+00:00\",\"breadcrumb\":{\"@id\":\"https:\/\/vana.vspa.ee\/hoolitsused\/terviklik-pinguldav-naohoolitsus-lift-summum\/#breadcrumb\"},\"inLanguage\":\"lv-LV\",\"potentialAction\":[{\"@type\":\"ReadAction\",\"target\":[\"https:\/\/vana.vspa.ee\/hoolitsused\/terviklik-pinguldav-naohoolitsus-lift-summum\/\"]}]},{\"@type\":\"BreadcrumbList\",\"@id\":\"https:\/\/vana.vspa.ee\/hoolitsused\/terviklik-pinguldav-naohoolitsus-lift-summum\/#breadcrumb\",\"itemListElement\":[{\"@type\":\"ListItem\",\"position\":1,\"name\":\"Home\",\"item\":\"https:\/\/vana.vspa.ee\/lv\/\"},{\"@type\":\"ListItem\",\"position\":2,\"name\":\"Ritu\u0101li\",\"item\":\"https:\/\/vana.vspa.ee\/hoolitsused\/\"},{\"@type\":\"ListItem\",\"position\":3,\"name\":\"Visaptvero\u0161a sejas kop\u0161anas proced\u016bra, lai padar\u012btu \u0101du tvirt\u0101ku &#8211; Lift Summum\"}]},{\"@type\":\"WebSite\",\"@id\":\"https:\/\/vana.vspa.ee\/#website\",\"url\":\"https:\/\/vana.vspa.ee\/\",\"name\":\"V Spa\",\"description\":\"V\u00f5ta veest viimast!\",\"potentialAction\":[{\"@type\":\"SearchAction\",\"target\":{\"@type\":\"EntryPoint\",\"urlTemplate\":\"https:\/\/vana.vspa.ee\/?s={search_term_string}\"},\"query-input\":{\"@type\":\"PropertyValueSpecification\",\"valueRequired\":true,\"valueName\":\"search_term_string\"}}],\"inLanguage\":\"lv-LV\"}]}<\/script>\n<!-- \/ Yoast SEO plugin. -->","yoast_head_json":{"title":"Visaptvero\u0161a sejas kop\u0161anas proced\u016bra, lai padar\u012btu \u0101du tvirt\u0101ku - Lift Summum - V Spa","robots":{"index":"noindex","follow":"follow","max-snippet":"max-snippet:-1","max-image-preview":"max-image-preview:large","max-video-preview":"max-video-preview:-1"},"og_locale":"lv_LV","og_type":"article","og_title":"Visaptvero\u0161a sejas kop\u0161anas proced\u016bra, lai padar\u012btu \u0101du tvirt\u0101ku - Lift Summum - V Spa","og_description":"Sejas kop\u0161anas proced\u016bra, kas pie\u0161\u0137ir \u0101dai tvirtumu un \u012bpa\u0161i par\u016bp\u0113jas par sejas \u0101du, kaklu un dekolt\u0113. Proced\u016bras laik\u0101 veikt\u0101 \u012bpa\u0161\u0101...","og_url":"https:\/\/vana.vspa.ee\/hoolitsused\/terviklik-pinguldav-naohoolitsus-lift-summum\/","og_site_name":"V Spa","article_modified_time":"2024-01-08T06:54:04+00:00","twitter_card":"summary_large_image","twitter_misc":{"Est. reading time":"1 min\u016b\u0161u"},"schema":{"@context":"https:\/\/schema.org","@graph":[{"@type":"WebPage","@id":"https:\/\/vana.vspa.ee\/hoolitsused\/terviklik-pinguldav-naohoolitsus-lift-summum\/","url":"https:\/\/vana.vspa.ee\/hoolitsused\/terviklik-pinguldav-naohoolitsus-lift-summum\/","name":"Visaptvero\u0161a sejas kop\u0161anas proced\u016bra, lai padar\u012btu \u0101du tvirt\u0101ku - Lift Summum - V Spa","isPartOf":{"@id":"https:\/\/vana.vspa.ee\/#website"},"datePublished":"2019-02-06T10:11:19+00:00","dateModified":"2024-01-08T06:54:04+00:00","breadcrumb":{"@id":"https:\/\/vana.vspa.ee\/hoolitsused\/terviklik-pinguldav-naohoolitsus-lift-summum\/#breadcrumb"},"inLanguage":"lv-LV","potentialAction":[{"@type":"ReadAction","target":["https:\/\/vana.vspa.ee\/hoolitsused\/terviklik-pinguldav-naohoolitsus-lift-summum\/"]}]},{"@type":"BreadcrumbList","@id":"https:\/\/vana.vspa.ee\/hoolitsused\/terviklik-pinguldav-naohoolitsus-lift-summum\/#breadcrumb","itemListElement":[{"@type":"ListItem","position":1,"name":"Home","item":"https:\/\/vana.vspa.ee\/lv\/"},{"@type":"ListItem","position":2,"name":"Ritu\u0101li","item":"https:\/\/vana.vspa.ee\/hoolitsused\/"},{"@type":"ListItem","position":3,"name":"Visaptvero\u0161a sejas kop\u0161anas proced\u016bra, lai padar\u012btu \u0101du tvirt\u0101ku &#8211; Lift Summum"}]},{"@type":"WebSite","@id":"https:\/\/vana.vspa.ee\/#website","url":"https:\/\/vana.vspa.ee\/","name":"V Spa","description":"V\u00f5ta veest viimast!","potentialAction":[{"@type":"SearchAction","target":{"@type":"EntryPoint","urlTemplate":"https:\/\/vana.vspa.ee\/?s={search_term_string}"},"query-input":{"@type":"PropertyValueSpecification","valueRequired":true,"valueName":"search_term_string"}}],"inLanguage":"lv-LV"}]}},"_links":{"self":[{"href":"https:\/\/vana.vspa.ee\/lv\/wp-json\/wp\/v2\/pages\/17925","targetHints":{"allow":["GET"]}}],"collection":[{"href":"https:\/\/vana.vspa.ee\/lv\/wp-json\/wp\/v2\/pages"}],"about":[{"href":"https:\/\/vana.vspa.ee\/lv\/wp-json\/wp\/v2\/types\/page"}],"author":[{"embeddable":true,"href":"https:\/\/vana.vspa.ee\/lv\/wp-json\/wp\/v2\/users\/1"}],"replies":[{"embeddable":true,"href":"https:\/\/vana.vspa.ee\/lv\/wp-json\/wp\/v2\/comments?post=17925"}],"version-history":[{"count":3,"href":"https:\/\/vana.vspa.ee\/lv\/wp-json\/wp\/v2\/pages\/17925\/revisions"}],"predecessor-version":[{"id":42320,"href":"https:\/\/vana.vspa.ee\/lv\/wp-json\/wp\/v2\/pages\/17925\/revisions\/42320"}],"up":[{"embeddable":true,"href":"https:\/\/vana.vspa.ee\/lv\/wp-json\/wp\/v2\/pages\/1094"}],"wp:attachment":[{"href":"https:\/\/vana.vspa.ee\/lv\/wp-json\/wp\/v2\/media?parent=17925"}],"curies":[{"name":"wp","href":"https:\/\/api.w.org\/{rel}","templated":true}]}}