{"id":17932,"date":"2019-02-06T14:54:09","date_gmt":"2019-02-06T12:54:09","guid":{"rendered":"https:\/\/vspa.ee\/rituali\/soe-sokolaadimahis\/"},"modified":"2024-11-28T15:39:55","modified_gmt":"2024-11-28T13:39:55","slug":"soe-sokolaadimahis","status":"publish","type":"page","link":"https:\/\/vana.vspa.ee\/lv\/rituali\/soe-sokolaadimahis\/","title":{"rendered":"\u0136erme\u0146a iet\u012b\u0161ana silt\u0101 \u0161okol\u0101d\u0113"},"content":{"rendered":"<p>Iet\u012b\u0161ana \u0161okol\u0101d\u0113 sniedz \u012bpa\u0161u baud\u012bjumu \u0137ermenim un garam! \u0160okol\u0101de m\u012bkstina, baro, toniz\u0113 un mitrina j\u016bsu \u0101du, k\u0101 ar\u012b satur daudzus \u0101dai noder\u012bgus vitam\u012bnus, mikroelementus un antioksidantus. Proced\u016bras laik\u0101 \u0137ermenim, ar mas\u0113jo\u0161\u0101m kust\u012bb\u0101m, tiek uzkl\u0101ta silta \u0161okol\u0101des maska, turpin\u0101jum\u0101 j\u016bs iet\u012bts, lai j\u016bs pn\u012bb\u0101 uz\u0146emtu un izbaud\u012btu \u0161okol\u0101des aromu un t\u0101s iedarb\u012bbu. \u0160\u012b mitrino\u0161\u0101 un uzmundrino\u0161\u0101 proced\u016bra iedarbojas pozit\u012bvi uz \u0137ermeni, k\u0101 ar\u012b uzlabo omu.<\/p>\n","protected":false},"excerpt":{"rendered":"<p>Iet\u012b\u0161ana \u0161okol\u0101d\u0113 sniedz \u012bpa\u0161u baud\u012bjumu \u0137ermenim un garam! \u0160okol\u0101de m\u012bkstina, baro, toniz\u0113 un mitrina j\u016bsu \u0101du, k\u0101 ar\u012b satur daudzus&#8230;<\/p>\n","protected":false},"author":1,"featured_media":0,"parent":1094,"menu_order":0,"comment_status":"closed","ping_status":"closed","template":"page-templates\/tpl-offer1.php","meta":{"_acf_changed":false,"_monsterinsights_skip_tracking":false,"_monsterinsights_sitenote_active":false,"_monsterinsights_sitenote_note":"","_monsterinsights_sitenote_category":0,"footnotes":"","_links_to":"","_links_to_target":""},"class_list":["post-17932","page","type-page","status-publish","hentry"],"acf":[],"yoast_head":"<!-- This site is optimized with the Yoast SEO plugin v24.7 - https:\/\/yoast.com\/wordpress\/plugins\/seo\/ -->\n<title>\u0136erme\u0146a iet\u012b\u0161ana silt\u0101 \u0161okol\u0101d\u0113 - V Spa<\/title>\n<meta name=\"robots\" content=\"noindex, follow, max-snippet:-1, max-image-preview:large, max-video-preview:-1\" \/>\n<meta property=\"og:locale\" content=\"lv_LV\" \/>\n<meta property=\"og:type\" content=\"article\" \/>\n<meta property=\"og:title\" content=\"\u0136erme\u0146a iet\u012b\u0161ana silt\u0101 \u0161okol\u0101d\u0113 - V Spa\" \/>\n<meta property=\"og:description\" content=\"Iet\u012b\u0161ana \u0161okol\u0101d\u0113 sniedz \u012bpa\u0161u baud\u012bjumu \u0137ermenim un garam! \u0160okol\u0101de m\u012bkstina, baro, toniz\u0113 un mitrina j\u016bsu \u0101du, k\u0101 ar\u012b satur daudzus...\" \/>\n<meta property=\"og:url\" content=\"https:\/\/vana.vspa.ee\/hoolitsused\/soe-sokolaadimahis\/\" \/>\n<meta property=\"og:site_name\" content=\"V Spa\" \/>\n<meta property=\"article:modified_time\" content=\"2024-11-28T13:39:55+00:00\" \/>\n<meta name=\"twitter:card\" content=\"summary_large_image\" \/>\n<meta name=\"twitter:label1\" content=\"Est. reading time\" \/>\n\t<meta name=\"twitter:data1\" content=\"1 min\u016b\u0161u\" \/>\n<script type=\"application\/ld+json\" class=\"yoast-schema-graph\">{\"@context\":\"https:\/\/schema.org\",\"@graph\":[{\"@type\":\"WebPage\",\"@id\":\"https:\/\/vana.vspa.ee\/hoolitsused\/soe-sokolaadimahis\/\",\"url\":\"https:\/\/vana.vspa.ee\/hoolitsused\/soe-sokolaadimahis\/\",\"name\":\"\u0136erme\u0146a iet\u012b\u0161ana silt\u0101 \u0161okol\u0101d\u0113 - V Spa\",\"isPartOf\":{\"@id\":\"https:\/\/vana.vspa.ee\/#website\"},\"datePublished\":\"2019-02-06T12:54:09+00:00\",\"dateModified\":\"2024-11-28T13:39:55+00:00\",\"breadcrumb\":{\"@id\":\"https:\/\/vana.vspa.ee\/hoolitsused\/soe-sokolaadimahis\/#breadcrumb\"},\"inLanguage\":\"lv-LV\",\"potentialAction\":[{\"@type\":\"ReadAction\",\"target\":[\"https:\/\/vana.vspa.ee\/hoolitsused\/soe-sokolaadimahis\/\"]}]},{\"@type\":\"BreadcrumbList\",\"@id\":\"https:\/\/vana.vspa.ee\/hoolitsused\/soe-sokolaadimahis\/#breadcrumb\",\"itemListElement\":[{\"@type\":\"ListItem\",\"position\":1,\"name\":\"Home\",\"item\":\"https:\/\/vana.vspa.ee\/lv\/\"},{\"@type\":\"ListItem\",\"position\":2,\"name\":\"Ritu\u0101li\",\"item\":\"https:\/\/vana.vspa.ee\/hoolitsused\/\"},{\"@type\":\"ListItem\",\"position\":3,\"name\":\"\u0136erme\u0146a iet\u012b\u0161ana silt\u0101 \u0161okol\u0101d\u0113\"}]},{\"@type\":\"WebSite\",\"@id\":\"https:\/\/vana.vspa.ee\/#website\",\"url\":\"https:\/\/vana.vspa.ee\/\",\"name\":\"V Spa\",\"description\":\"V\u00f5ta veest viimast!\",\"potentialAction\":[{\"@type\":\"SearchAction\",\"target\":{\"@type\":\"EntryPoint\",\"urlTemplate\":\"https:\/\/vana.vspa.ee\/?s={search_term_string}\"},\"query-input\":{\"@type\":\"PropertyValueSpecification\",\"valueRequired\":true,\"valueName\":\"search_term_string\"}}],\"inLanguage\":\"lv-LV\"}]}<\/script>\n<!-- \/ Yoast SEO plugin. -->","yoast_head_json":{"title":"\u0136erme\u0146a iet\u012b\u0161ana silt\u0101 \u0161okol\u0101d\u0113 - V Spa","robots":{"index":"noindex","follow":"follow","max-snippet":"max-snippet:-1","max-image-preview":"max-image-preview:large","max-video-preview":"max-video-preview:-1"},"og_locale":"lv_LV","og_type":"article","og_title":"\u0136erme\u0146a iet\u012b\u0161ana silt\u0101 \u0161okol\u0101d\u0113 - V Spa","og_description":"Iet\u012b\u0161ana \u0161okol\u0101d\u0113 sniedz \u012bpa\u0161u baud\u012bjumu \u0137ermenim un garam! \u0160okol\u0101de m\u012bkstina, baro, toniz\u0113 un mitrina j\u016bsu \u0101du, k\u0101 ar\u012b satur daudzus...","og_url":"https:\/\/vana.vspa.ee\/hoolitsused\/soe-sokolaadimahis\/","og_site_name":"V Spa","article_modified_time":"2024-11-28T13:39:55+00:00","twitter_card":"summary_large_image","twitter_misc":{"Est. reading time":"1 min\u016b\u0161u"},"schema":{"@context":"https:\/\/schema.org","@graph":[{"@type":"WebPage","@id":"https:\/\/vana.vspa.ee\/hoolitsused\/soe-sokolaadimahis\/","url":"https:\/\/vana.vspa.ee\/hoolitsused\/soe-sokolaadimahis\/","name":"\u0136erme\u0146a iet\u012b\u0161ana silt\u0101 \u0161okol\u0101d\u0113 - V Spa","isPartOf":{"@id":"https:\/\/vana.vspa.ee\/#website"},"datePublished":"2019-02-06T12:54:09+00:00","dateModified":"2024-11-28T13:39:55+00:00","breadcrumb":{"@id":"https:\/\/vana.vspa.ee\/hoolitsused\/soe-sokolaadimahis\/#breadcrumb"},"inLanguage":"lv-LV","potentialAction":[{"@type":"ReadAction","target":["https:\/\/vana.vspa.ee\/hoolitsused\/soe-sokolaadimahis\/"]}]},{"@type":"BreadcrumbList","@id":"https:\/\/vana.vspa.ee\/hoolitsused\/soe-sokolaadimahis\/#breadcrumb","itemListElement":[{"@type":"ListItem","position":1,"name":"Home","item":"https:\/\/vana.vspa.ee\/lv\/"},{"@type":"ListItem","position":2,"name":"Ritu\u0101li","item":"https:\/\/vana.vspa.ee\/hoolitsused\/"},{"@type":"ListItem","position":3,"name":"\u0136erme\u0146a iet\u012b\u0161ana silt\u0101 \u0161okol\u0101d\u0113"}]},{"@type":"WebSite","@id":"https:\/\/vana.vspa.ee\/#website","url":"https:\/\/vana.vspa.ee\/","name":"V Spa","description":"V\u00f5ta veest viimast!","potentialAction":[{"@type":"SearchAction","target":{"@type":"EntryPoint","urlTemplate":"https:\/\/vana.vspa.ee\/?s={search_term_string}"},"query-input":{"@type":"PropertyValueSpecification","valueRequired":true,"valueName":"search_term_string"}}],"inLanguage":"lv-LV"}]}},"_links":{"self":[{"href":"https:\/\/vana.vspa.ee\/lv\/wp-json\/wp\/v2\/pages\/17932","targetHints":{"allow":["GET"]}}],"collection":[{"href":"https:\/\/vana.vspa.ee\/lv\/wp-json\/wp\/v2\/pages"}],"about":[{"href":"https:\/\/vana.vspa.ee\/lv\/wp-json\/wp\/v2\/types\/page"}],"author":[{"embeddable":true,"href":"https:\/\/vana.vspa.ee\/lv\/wp-json\/wp\/v2\/users\/1"}],"replies":[{"embeddable":true,"href":"https:\/\/vana.vspa.ee\/lv\/wp-json\/wp\/v2\/comments?post=17932"}],"version-history":[{"count":4,"href":"https:\/\/vana.vspa.ee\/lv\/wp-json\/wp\/v2\/pages\/17932\/revisions"}],"predecessor-version":[{"id":47204,"href":"https:\/\/vana.vspa.ee\/lv\/wp-json\/wp\/v2\/pages\/17932\/revisions\/47204"}],"up":[{"embeddable":true,"href":"https:\/\/vana.vspa.ee\/lv\/wp-json\/wp\/v2\/pages\/1094"}],"wp:attachment":[{"href":"https:\/\/vana.vspa.ee\/lv\/wp-json\/wp\/v2\/media?parent=17932"}],"curies":[{"name":"wp","href":"https:\/\/api.w.org\/{rel}","templated":true}]}}