{"id":18468,"date":"2019-04-02T13:33:50","date_gmt":"2019-04-02T10:33:50","guid":{"rendered":"https:\/\/vspa.ee\/rituali\/marokohonguline-loogastav-ja-puhastav-kehahoolitsus\/"},"modified":"2024-11-28T15:27:51","modified_gmt":"2024-11-28T13:27:51","slug":"marokohonguline-loogastav-ja-puhastav-kehahoolitsus","status":"publish","type":"page","link":"https:\/\/vana.vspa.ee\/lv\/rituali\/marokohonguline-loogastav-ja-puhastav-kehahoolitsus\/","title":{"rendered":"Marokas iedvesmota releks\u0113jo\u0161a un att\u012bro\u0161a \u0137erme\u0146a un sejas kop\u0161anas proced\u016bra"},"content":{"rendered":"<p>\u0160\u012b arom\u0101tisk\u0101 proced\u016bra jau da\u017eos mirk\u013cos liks jums sajusties k\u0101 Marok\u0101. Proced\u016bra ies\u0101kas ar mas\u0113jo\u0161u \u0137erme\u0146a eksfoli\u0101ciju, kas att\u012bra, atjauno un nomierina \u0137ermeni. Maska kuras sast\u0101v\u0101 ir rhassoul m\u0101li, ro\u017e\u016bdens un arg\u0101na e\u013c\u013ca att\u012bra \u0101du, tai pat laik\u0101 barojot un mitrinot to. Ja esat izv\u0113leju\u0161ies ritu\u0101lu ar sejas kop\u0161anas proced\u016bru, tad t\u0101 tiek veikta tie\u0161i \u0137erme\u0146a maskas iedarb\u012bbas laik\u0101. Sejas proced\u016bra ies\u0101kas ar sejas att\u012br\u012b\u0161anu un maskas uzkl\u0101\u0161anu, turpin\u0101jum\u0101- att\u012br\u012btai sejas \u0101dai tiek uzkl\u0101ts mitrino\u0161s serums. Proced\u016bras nosl\u0113gum\u0101 \u0137ermenim tiek uzkl\u0101ts bag\u0101t\u012bgs un vieglas ro\u017eu putas. P\u0113c proced\u016bras \u0101da ir z\u012bdaina un smar\u017eo p\u0113c tropiska siltuma un br\u012bni\u0161\u0137\u012bgiem Marokas arom\u0101tiem.<\/p>\n<p>Proced\u016br\u0101 tiek izmantoti \u201eHOIA homespa\u201c produkti<\/p>\n","protected":false},"excerpt":{"rendered":"<p>\u0160\u012b arom\u0101tisk\u0101 proced\u016bra jau da\u017eos mirk\u013cos liks jums sajusties k\u0101 Marok\u0101. Proced\u016bra ies\u0101kas ar mas\u0113jo\u0161u \u0137erme\u0146a eksfoli\u0101ciju, kas att\u012bra, atjauno&#8230;<\/p>\n","protected":false},"author":1,"featured_media":0,"parent":1094,"menu_order":0,"comment_status":"closed","ping_status":"closed","template":"page-templates\/tpl-offer1.php","meta":{"_acf_changed":false,"_monsterinsights_skip_tracking":false,"_monsterinsights_sitenote_active":false,"_monsterinsights_sitenote_note":"","_monsterinsights_sitenote_category":0,"footnotes":"","_links_to":"","_links_to_target":""},"class_list":["post-18468","page","type-page","status-publish","hentry"],"acf":[],"yoast_head":"<!-- This site is optimized with the Yoast SEO plugin v24.7 - https:\/\/yoast.com\/wordpress\/plugins\/seo\/ -->\n<title>Marokas iedvesmota releks\u0113jo\u0161a un att\u012bro\u0161a \u0137erme\u0146a un sejas kop\u0161anas proced\u016bra - V Spa<\/title>\n<meta name=\"robots\" content=\"noindex, follow, max-snippet:-1, max-image-preview:large, max-video-preview:-1\" \/>\n<meta property=\"og:locale\" content=\"lv_LV\" \/>\n<meta property=\"og:type\" content=\"article\" \/>\n<meta property=\"og:title\" content=\"Marokas iedvesmota releks\u0113jo\u0161a un att\u012bro\u0161a \u0137erme\u0146a un sejas kop\u0161anas proced\u016bra - V Spa\" \/>\n<meta property=\"og:description\" content=\"\u0160\u012b arom\u0101tisk\u0101 proced\u016bra jau da\u017eos mirk\u013cos liks jums sajusties k\u0101 Marok\u0101. Proced\u016bra ies\u0101kas ar mas\u0113jo\u0161u \u0137erme\u0146a eksfoli\u0101ciju, kas att\u012bra, atjauno...\" \/>\n<meta property=\"og:url\" content=\"https:\/\/vana.vspa.ee\/hoolitsused\/marokohonguline-loogastav-ja-puhastav-kehahoolitsus\/\" \/>\n<meta property=\"og:site_name\" content=\"V Spa\" \/>\n<meta property=\"article:modified_time\" content=\"2024-11-28T13:27:51+00:00\" \/>\n<meta name=\"twitter:card\" content=\"summary_large_image\" \/>\n<meta name=\"twitter:label1\" content=\"Est. reading time\" \/>\n\t<meta name=\"twitter:data1\" content=\"1 min\u016b\u0161u\" \/>\n<script type=\"application\/ld+json\" class=\"yoast-schema-graph\">{\"@context\":\"https:\/\/schema.org\",\"@graph\":[{\"@type\":\"WebPage\",\"@id\":\"https:\/\/vana.vspa.ee\/hoolitsused\/marokohonguline-loogastav-ja-puhastav-kehahoolitsus\/\",\"url\":\"https:\/\/vana.vspa.ee\/hoolitsused\/marokohonguline-loogastav-ja-puhastav-kehahoolitsus\/\",\"name\":\"Marokas iedvesmota releks\u0113jo\u0161a un att\u012bro\u0161a \u0137erme\u0146a un sejas kop\u0161anas proced\u016bra - V Spa\",\"isPartOf\":{\"@id\":\"https:\/\/vana.vspa.ee\/#website\"},\"datePublished\":\"2019-04-02T10:33:50+00:00\",\"dateModified\":\"2024-11-28T13:27:51+00:00\",\"breadcrumb\":{\"@id\":\"https:\/\/vana.vspa.ee\/hoolitsused\/marokohonguline-loogastav-ja-puhastav-kehahoolitsus\/#breadcrumb\"},\"inLanguage\":\"lv-LV\",\"potentialAction\":[{\"@type\":\"ReadAction\",\"target\":[\"https:\/\/vana.vspa.ee\/hoolitsused\/marokohonguline-loogastav-ja-puhastav-kehahoolitsus\/\"]}]},{\"@type\":\"BreadcrumbList\",\"@id\":\"https:\/\/vana.vspa.ee\/hoolitsused\/marokohonguline-loogastav-ja-puhastav-kehahoolitsus\/#breadcrumb\",\"itemListElement\":[{\"@type\":\"ListItem\",\"position\":1,\"name\":\"Home\",\"item\":\"https:\/\/vana.vspa.ee\/lv\/\"},{\"@type\":\"ListItem\",\"position\":2,\"name\":\"Ritu\u0101li\",\"item\":\"https:\/\/vana.vspa.ee\/hoolitsused\/\"},{\"@type\":\"ListItem\",\"position\":3,\"name\":\"Marokas iedvesmota releks\u0113jo\u0161a un att\u012bro\u0161a \u0137erme\u0146a un sejas kop\u0161anas proced\u016bra\"}]},{\"@type\":\"WebSite\",\"@id\":\"https:\/\/vana.vspa.ee\/#website\",\"url\":\"https:\/\/vana.vspa.ee\/\",\"name\":\"V Spa\",\"description\":\"V\u00f5ta veest viimast!\",\"potentialAction\":[{\"@type\":\"SearchAction\",\"target\":{\"@type\":\"EntryPoint\",\"urlTemplate\":\"https:\/\/vana.vspa.ee\/?s={search_term_string}\"},\"query-input\":{\"@type\":\"PropertyValueSpecification\",\"valueRequired\":true,\"valueName\":\"search_term_string\"}}],\"inLanguage\":\"lv-LV\"}]}<\/script>\n<!-- \/ Yoast SEO plugin. -->","yoast_head_json":{"title":"Marokas iedvesmota releks\u0113jo\u0161a un att\u012bro\u0161a \u0137erme\u0146a un sejas kop\u0161anas proced\u016bra - V Spa","robots":{"index":"noindex","follow":"follow","max-snippet":"max-snippet:-1","max-image-preview":"max-image-preview:large","max-video-preview":"max-video-preview:-1"},"og_locale":"lv_LV","og_type":"article","og_title":"Marokas iedvesmota releks\u0113jo\u0161a un att\u012bro\u0161a \u0137erme\u0146a un sejas kop\u0161anas proced\u016bra - V Spa","og_description":"\u0160\u012b arom\u0101tisk\u0101 proced\u016bra jau da\u017eos mirk\u013cos liks jums sajusties k\u0101 Marok\u0101. Proced\u016bra ies\u0101kas ar mas\u0113jo\u0161u \u0137erme\u0146a eksfoli\u0101ciju, kas att\u012bra, atjauno...","og_url":"https:\/\/vana.vspa.ee\/hoolitsused\/marokohonguline-loogastav-ja-puhastav-kehahoolitsus\/","og_site_name":"V Spa","article_modified_time":"2024-11-28T13:27:51+00:00","twitter_card":"summary_large_image","twitter_misc":{"Est. reading time":"1 min\u016b\u0161u"},"schema":{"@context":"https:\/\/schema.org","@graph":[{"@type":"WebPage","@id":"https:\/\/vana.vspa.ee\/hoolitsused\/marokohonguline-loogastav-ja-puhastav-kehahoolitsus\/","url":"https:\/\/vana.vspa.ee\/hoolitsused\/marokohonguline-loogastav-ja-puhastav-kehahoolitsus\/","name":"Marokas iedvesmota releks\u0113jo\u0161a un att\u012bro\u0161a \u0137erme\u0146a un sejas kop\u0161anas proced\u016bra - V Spa","isPartOf":{"@id":"https:\/\/vana.vspa.ee\/#website"},"datePublished":"2019-04-02T10:33:50+00:00","dateModified":"2024-11-28T13:27:51+00:00","breadcrumb":{"@id":"https:\/\/vana.vspa.ee\/hoolitsused\/marokohonguline-loogastav-ja-puhastav-kehahoolitsus\/#breadcrumb"},"inLanguage":"lv-LV","potentialAction":[{"@type":"ReadAction","target":["https:\/\/vana.vspa.ee\/hoolitsused\/marokohonguline-loogastav-ja-puhastav-kehahoolitsus\/"]}]},{"@type":"BreadcrumbList","@id":"https:\/\/vana.vspa.ee\/hoolitsused\/marokohonguline-loogastav-ja-puhastav-kehahoolitsus\/#breadcrumb","itemListElement":[{"@type":"ListItem","position":1,"name":"Home","item":"https:\/\/vana.vspa.ee\/lv\/"},{"@type":"ListItem","position":2,"name":"Ritu\u0101li","item":"https:\/\/vana.vspa.ee\/hoolitsused\/"},{"@type":"ListItem","position":3,"name":"Marokas iedvesmota releks\u0113jo\u0161a un att\u012bro\u0161a \u0137erme\u0146a un sejas kop\u0161anas proced\u016bra"}]},{"@type":"WebSite","@id":"https:\/\/vana.vspa.ee\/#website","url":"https:\/\/vana.vspa.ee\/","name":"V Spa","description":"V\u00f5ta veest viimast!","potentialAction":[{"@type":"SearchAction","target":{"@type":"EntryPoint","urlTemplate":"https:\/\/vana.vspa.ee\/?s={search_term_string}"},"query-input":{"@type":"PropertyValueSpecification","valueRequired":true,"valueName":"search_term_string"}}],"inLanguage":"lv-LV"}]}},"_links":{"self":[{"href":"https:\/\/vana.vspa.ee\/lv\/wp-json\/wp\/v2\/pages\/18468","targetHints":{"allow":["GET"]}}],"collection":[{"href":"https:\/\/vana.vspa.ee\/lv\/wp-json\/wp\/v2\/pages"}],"about":[{"href":"https:\/\/vana.vspa.ee\/lv\/wp-json\/wp\/v2\/types\/page"}],"author":[{"embeddable":true,"href":"https:\/\/vana.vspa.ee\/lv\/wp-json\/wp\/v2\/users\/1"}],"replies":[{"embeddable":true,"href":"https:\/\/vana.vspa.ee\/lv\/wp-json\/wp\/v2\/comments?post=18468"}],"version-history":[{"count":7,"href":"https:\/\/vana.vspa.ee\/lv\/wp-json\/wp\/v2\/pages\/18468\/revisions"}],"predecessor-version":[{"id":47184,"href":"https:\/\/vana.vspa.ee\/lv\/wp-json\/wp\/v2\/pages\/18468\/revisions\/47184"}],"up":[{"embeddable":true,"href":"https:\/\/vana.vspa.ee\/lv\/wp-json\/wp\/v2\/pages\/1094"}],"wp:attachment":[{"href":"https:\/\/vana.vspa.ee\/lv\/wp-json\/wp\/v2\/media?parent=18468"}],"curies":[{"name":"wp","href":"https:\/\/api.w.org\/{rel}","templated":true}]}}