{"id":20393,"date":"2019-10-14T14:16:48","date_gmt":"2019-10-14T11:16:48","guid":{"rendered":"https:\/\/vspa.ee\/rituali\/a-la-carte-kehakoorimine-2\/"},"modified":"2024-11-28T15:09:14","modified_gmt":"2024-11-28T13:09:14","slug":"a-la-carte-kehakoorimine-2","status":"publish","type":"page","link":"https:\/\/vana.vspa.ee\/lv\/rituali\/a-la-carte-kehakoorimine-2\/","title":{"rendered":"A la carte \u0137erme\u0146a p\u012blings"},"content":{"rendered":"<p>Pusstundu ilgais ritu\u0101ls ir ide\u0101li piem\u0113rots tiem kam r\u016bp \u0101das vesel\u012bba un mirdzums. Ar mas\u0113jo\u0161\u0101m kust\u012bb\u0101m \u0137ermenim tiek uzkl\u0101ts skrubis, kas att\u012bra \u0101du un atsvaidzina j\u016bsu \u0137ermeni un garu. Dab\u012bgais skrubis tiek izv\u0113l\u0113ts proced\u016bras gait\u0101.<\/p>\n<p>Proced\u016br\u0101 tiek izmantoti <strong>\u201eHOIA homespa\u201c<\/strong> produkti<\/p>\n","protected":false},"excerpt":{"rendered":"<p>Pusstundu ilgais ritu\u0101ls ir ide\u0101li piem\u0113rots tiem kam r\u016bp \u0101das vesel\u012bba un mirdzums. Ar mas\u0113jo\u0161\u0101m kust\u012bb\u0101m \u0137ermenim tiek uzkl\u0101ts skrubis,&#8230;<\/p>\n","protected":false},"author":1,"featured_media":0,"parent":1094,"menu_order":0,"comment_status":"closed","ping_status":"closed","template":"page-templates\/tpl-offer1.php","meta":{"_acf_changed":false,"_monsterinsights_skip_tracking":false,"_monsterinsights_sitenote_active":false,"_monsterinsights_sitenote_note":"","_monsterinsights_sitenote_category":0,"footnotes":"","_links_to":"","_links_to_target":""},"class_list":["post-20393","page","type-page","status-publish","hentry"],"acf":[],"yoast_head":"<!-- This site is optimized with the Yoast SEO plugin v24.7 - https:\/\/yoast.com\/wordpress\/plugins\/seo\/ -->\n<title>A la carte \u0137erme\u0146a p\u012blings - V Spa<\/title>\n<meta name=\"robots\" content=\"noindex, follow, max-snippet:-1, max-image-preview:large, max-video-preview:-1\" \/>\n<meta property=\"og:locale\" content=\"lv_LV\" \/>\n<meta property=\"og:type\" content=\"article\" \/>\n<meta property=\"og:title\" content=\"A la carte \u0137erme\u0146a p\u012blings - V Spa\" \/>\n<meta property=\"og:description\" content=\"Pusstundu ilgais ritu\u0101ls ir ide\u0101li piem\u0113rots tiem kam r\u016bp \u0101das vesel\u012bba un mirdzums. Ar mas\u0113jo\u0161\u0101m kust\u012bb\u0101m \u0137ermenim tiek uzkl\u0101ts skrubis,...\" \/>\n<meta property=\"og:url\" content=\"https:\/\/vana.vspa.ee\/hoolitsused\/a-la-carte-kehakoorimine-2\/\" \/>\n<meta property=\"og:site_name\" content=\"V Spa\" \/>\n<meta property=\"article:modified_time\" content=\"2024-11-28T13:09:14+00:00\" \/>\n<meta name=\"twitter:card\" content=\"summary_large_image\" \/>\n<meta name=\"twitter:label1\" content=\"Est. reading time\" \/>\n\t<meta name=\"twitter:data1\" content=\"1 min\u016b\u0161u\" \/>\n<script type=\"application\/ld+json\" class=\"yoast-schema-graph\">{\"@context\":\"https:\/\/schema.org\",\"@graph\":[{\"@type\":\"WebPage\",\"@id\":\"https:\/\/vana.vspa.ee\/hoolitsused\/a-la-carte-kehakoorimine-2\/\",\"url\":\"https:\/\/vana.vspa.ee\/hoolitsused\/a-la-carte-kehakoorimine-2\/\",\"name\":\"A la carte \u0137erme\u0146a p\u012blings - V Spa\",\"isPartOf\":{\"@id\":\"https:\/\/vana.vspa.ee\/#website\"},\"datePublished\":\"2019-10-14T11:16:48+00:00\",\"dateModified\":\"2024-11-28T13:09:14+00:00\",\"breadcrumb\":{\"@id\":\"https:\/\/vana.vspa.ee\/hoolitsused\/a-la-carte-kehakoorimine-2\/#breadcrumb\"},\"inLanguage\":\"lv-LV\",\"potentialAction\":[{\"@type\":\"ReadAction\",\"target\":[\"https:\/\/vana.vspa.ee\/hoolitsused\/a-la-carte-kehakoorimine-2\/\"]}]},{\"@type\":\"BreadcrumbList\",\"@id\":\"https:\/\/vana.vspa.ee\/hoolitsused\/a-la-carte-kehakoorimine-2\/#breadcrumb\",\"itemListElement\":[{\"@type\":\"ListItem\",\"position\":1,\"name\":\"Home\",\"item\":\"https:\/\/vana.vspa.ee\/lv\/\"},{\"@type\":\"ListItem\",\"position\":2,\"name\":\"Ritu\u0101li\",\"item\":\"https:\/\/vana.vspa.ee\/hoolitsused\/\"},{\"@type\":\"ListItem\",\"position\":3,\"name\":\"A la carte \u0137erme\u0146a p\u012blings\"}]},{\"@type\":\"WebSite\",\"@id\":\"https:\/\/vana.vspa.ee\/#website\",\"url\":\"https:\/\/vana.vspa.ee\/\",\"name\":\"V Spa\",\"description\":\"V\u00f5ta veest viimast!\",\"potentialAction\":[{\"@type\":\"SearchAction\",\"target\":{\"@type\":\"EntryPoint\",\"urlTemplate\":\"https:\/\/vana.vspa.ee\/?s={search_term_string}\"},\"query-input\":{\"@type\":\"PropertyValueSpecification\",\"valueRequired\":true,\"valueName\":\"search_term_string\"}}],\"inLanguage\":\"lv-LV\"}]}<\/script>\n<!-- \/ Yoast SEO plugin. -->","yoast_head_json":{"title":"A la carte \u0137erme\u0146a p\u012blings - V Spa","robots":{"index":"noindex","follow":"follow","max-snippet":"max-snippet:-1","max-image-preview":"max-image-preview:large","max-video-preview":"max-video-preview:-1"},"og_locale":"lv_LV","og_type":"article","og_title":"A la carte \u0137erme\u0146a p\u012blings - V Spa","og_description":"Pusstundu ilgais ritu\u0101ls ir ide\u0101li piem\u0113rots tiem kam r\u016bp \u0101das vesel\u012bba un mirdzums. Ar mas\u0113jo\u0161\u0101m kust\u012bb\u0101m \u0137ermenim tiek uzkl\u0101ts skrubis,...","og_url":"https:\/\/vana.vspa.ee\/hoolitsused\/a-la-carte-kehakoorimine-2\/","og_site_name":"V Spa","article_modified_time":"2024-11-28T13:09:14+00:00","twitter_card":"summary_large_image","twitter_misc":{"Est. reading time":"1 min\u016b\u0161u"},"schema":{"@context":"https:\/\/schema.org","@graph":[{"@type":"WebPage","@id":"https:\/\/vana.vspa.ee\/hoolitsused\/a-la-carte-kehakoorimine-2\/","url":"https:\/\/vana.vspa.ee\/hoolitsused\/a-la-carte-kehakoorimine-2\/","name":"A la carte \u0137erme\u0146a p\u012blings - V Spa","isPartOf":{"@id":"https:\/\/vana.vspa.ee\/#website"},"datePublished":"2019-10-14T11:16:48+00:00","dateModified":"2024-11-28T13:09:14+00:00","breadcrumb":{"@id":"https:\/\/vana.vspa.ee\/hoolitsused\/a-la-carte-kehakoorimine-2\/#breadcrumb"},"inLanguage":"lv-LV","potentialAction":[{"@type":"ReadAction","target":["https:\/\/vana.vspa.ee\/hoolitsused\/a-la-carte-kehakoorimine-2\/"]}]},{"@type":"BreadcrumbList","@id":"https:\/\/vana.vspa.ee\/hoolitsused\/a-la-carte-kehakoorimine-2\/#breadcrumb","itemListElement":[{"@type":"ListItem","position":1,"name":"Home","item":"https:\/\/vana.vspa.ee\/lv\/"},{"@type":"ListItem","position":2,"name":"Ritu\u0101li","item":"https:\/\/vana.vspa.ee\/hoolitsused\/"},{"@type":"ListItem","position":3,"name":"A la carte \u0137erme\u0146a p\u012blings"}]},{"@type":"WebSite","@id":"https:\/\/vana.vspa.ee\/#website","url":"https:\/\/vana.vspa.ee\/","name":"V Spa","description":"V\u00f5ta veest viimast!","potentialAction":[{"@type":"SearchAction","target":{"@type":"EntryPoint","urlTemplate":"https:\/\/vana.vspa.ee\/?s={search_term_string}"},"query-input":{"@type":"PropertyValueSpecification","valueRequired":true,"valueName":"search_term_string"}}],"inLanguage":"lv-LV"}]}},"_links":{"self":[{"href":"https:\/\/vana.vspa.ee\/lv\/wp-json\/wp\/v2\/pages\/20393","targetHints":{"allow":["GET"]}}],"collection":[{"href":"https:\/\/vana.vspa.ee\/lv\/wp-json\/wp\/v2\/pages"}],"about":[{"href":"https:\/\/vana.vspa.ee\/lv\/wp-json\/wp\/v2\/types\/page"}],"author":[{"embeddable":true,"href":"https:\/\/vana.vspa.ee\/lv\/wp-json\/wp\/v2\/users\/1"}],"replies":[{"embeddable":true,"href":"https:\/\/vana.vspa.ee\/lv\/wp-json\/wp\/v2\/comments?post=20393"}],"version-history":[{"count":3,"href":"https:\/\/vana.vspa.ee\/lv\/wp-json\/wp\/v2\/pages\/20393\/revisions"}],"predecessor-version":[{"id":47179,"href":"https:\/\/vana.vspa.ee\/lv\/wp-json\/wp\/v2\/pages\/20393\/revisions\/47179"}],"up":[{"embeddable":true,"href":"https:\/\/vana.vspa.ee\/lv\/wp-json\/wp\/v2\/pages\/1094"}],"wp:attachment":[{"href":"https:\/\/vana.vspa.ee\/lv\/wp-json\/wp\/v2\/media?parent=20393"}],"curies":[{"name":"wp","href":"https:\/\/api.w.org\/{rel}","templated":true}]}}