{"id":24488,"date":"2020-02-23T09:45:04","date_gmt":"2020-02-23T07:45:04","guid":{"rendered":"https:\/\/vspa.ee\/rituali\/trimmiv-ja-niisutav-naohoolitsus-meremineraalidega\/"},"modified":"2023-12-08T19:19:07","modified_gmt":"2023-12-08T17:19:07","slug":"trimmiv-ja-niisutav-naohoolitsus-meremineraalidega","status":"publish","type":"page","link":"https:\/\/vana.vspa.ee\/lv\/rituali\/trimmiv-ja-niisutav-naohoolitsus-meremineraalidega\/","title":{"rendered":"Mitrio\u0161a un \u0101das tvirtumu atjaunojo\u0161a sejas kop\u0161anas proced\u016bra ar j\u016bras miner\u0101\u013ciem"},"content":{"rendered":"<p>Proced\u016bra ies\u0101kum\u0101 \u0101da tiek r\u016bp\u012bgi att\u012br\u012bta, tai sniedz relaks\u0113jo\u0161u mas\u0101\u017eu ar vitam\u012bniem pies\u0101tin\u0101tu serumu un nosl\u0113gum\u0101 uzkl\u0101j mitrino\u0161u j\u016brasa\u013c\u0123u sejasmasku. Tvirtumu un \u0101das mitrumu atjaunojo\u0161\u0101 maska padara \u0101du mirdzo\u0161u un uzlabo \u0101das komplekciju k\u0101 ar\u012b pat\u012bkami atv\u0113sina un sniedz nomierino\u0161u efektu. \u0160i proced\u016bra piem\u0113rota visiem \u0101das tipiem un atjaunotu \u0101das mitruma l\u012bmeni.<\/p>\n<p>&nbsp;<\/p>\n","protected":false},"excerpt":{"rendered":"<p>Proced\u016bra ies\u0101kum\u0101 \u0101da tiek r\u016bp\u012bgi att\u012br\u012bta, tai sniedz relaks\u0113jo\u0161u mas\u0101\u017eu ar vitam\u012bniem pies\u0101tin\u0101tu serumu un nosl\u0113gum\u0101 uzkl\u0101j mitrino\u0161u j\u016brasa\u013c\u0123u sejasmasku&#8230;.<\/p>\n","protected":false},"author":1,"featured_media":0,"parent":1094,"menu_order":0,"comment_status":"closed","ping_status":"closed","template":"page-templates\/tpl-offer1.php","meta":{"_acf_changed":false,"_monsterinsights_skip_tracking":false,"_monsterinsights_sitenote_active":false,"_monsterinsights_sitenote_note":"","_monsterinsights_sitenote_category":0,"footnotes":"","_links_to":"","_links_to_target":""},"class_list":["post-24488","page","type-page","status-publish","hentry"],"acf":[],"yoast_head":"<!-- This site is optimized with the Yoast SEO plugin v24.7 - https:\/\/yoast.com\/wordpress\/plugins\/seo\/ -->\n<title>Mitrio\u0161a un \u0101das tvirtumu atjaunojo\u0161a sejas kop\u0161anas proced\u016bra ar j\u016bras miner\u0101\u013ciem - V Spa<\/title>\n<meta name=\"robots\" content=\"noindex, follow, max-snippet:-1, max-image-preview:large, max-video-preview:-1\" \/>\n<meta property=\"og:locale\" content=\"lv_LV\" \/>\n<meta property=\"og:type\" content=\"article\" \/>\n<meta property=\"og:title\" content=\"Mitrio\u0161a un \u0101das tvirtumu atjaunojo\u0161a sejas kop\u0161anas proced\u016bra ar j\u016bras miner\u0101\u013ciem - V Spa\" \/>\n<meta property=\"og:description\" content=\"Proced\u016bra ies\u0101kum\u0101 \u0101da tiek r\u016bp\u012bgi att\u012br\u012bta, tai sniedz relaks\u0113jo\u0161u mas\u0101\u017eu ar vitam\u012bniem pies\u0101tin\u0101tu serumu un nosl\u0113gum\u0101 uzkl\u0101j mitrino\u0161u j\u016brasa\u013c\u0123u sejasmasku....\" \/>\n<meta property=\"og:url\" content=\"https:\/\/vana.vspa.ee\/hoolitsused\/trimmiv-ja-niisutav-naohoolitsus-meremineraalidega\/\" \/>\n<meta property=\"og:site_name\" content=\"V Spa\" \/>\n<meta property=\"article:modified_time\" content=\"2023-12-08T17:19:07+00:00\" \/>\n<meta name=\"twitter:card\" content=\"summary_large_image\" \/>\n<meta name=\"twitter:label1\" content=\"Est. reading time\" \/>\n\t<meta name=\"twitter:data1\" content=\"1 min\u016b\u0161u\" \/>\n<script type=\"application\/ld+json\" class=\"yoast-schema-graph\">{\"@context\":\"https:\/\/schema.org\",\"@graph\":[{\"@type\":\"WebPage\",\"@id\":\"https:\/\/vana.vspa.ee\/hoolitsused\/trimmiv-ja-niisutav-naohoolitsus-meremineraalidega\/\",\"url\":\"https:\/\/vana.vspa.ee\/hoolitsused\/trimmiv-ja-niisutav-naohoolitsus-meremineraalidega\/\",\"name\":\"Mitrio\u0161a un \u0101das tvirtumu atjaunojo\u0161a sejas kop\u0161anas proced\u016bra ar j\u016bras miner\u0101\u013ciem - V Spa\",\"isPartOf\":{\"@id\":\"https:\/\/vana.vspa.ee\/#website\"},\"datePublished\":\"2020-02-23T07:45:04+00:00\",\"dateModified\":\"2023-12-08T17:19:07+00:00\",\"breadcrumb\":{\"@id\":\"https:\/\/vana.vspa.ee\/hoolitsused\/trimmiv-ja-niisutav-naohoolitsus-meremineraalidega\/#breadcrumb\"},\"inLanguage\":\"lv-LV\",\"potentialAction\":[{\"@type\":\"ReadAction\",\"target\":[\"https:\/\/vana.vspa.ee\/hoolitsused\/trimmiv-ja-niisutav-naohoolitsus-meremineraalidega\/\"]}]},{\"@type\":\"BreadcrumbList\",\"@id\":\"https:\/\/vana.vspa.ee\/hoolitsused\/trimmiv-ja-niisutav-naohoolitsus-meremineraalidega\/#breadcrumb\",\"itemListElement\":[{\"@type\":\"ListItem\",\"position\":1,\"name\":\"Home\",\"item\":\"https:\/\/vana.vspa.ee\/lv\/\"},{\"@type\":\"ListItem\",\"position\":2,\"name\":\"Ritu\u0101li\",\"item\":\"https:\/\/vana.vspa.ee\/hoolitsused\/\"},{\"@type\":\"ListItem\",\"position\":3,\"name\":\"Mitrio\u0161a un \u0101das tvirtumu atjaunojo\u0161a sejas kop\u0161anas proced\u016bra ar j\u016bras miner\u0101\u013ciem\"}]},{\"@type\":\"WebSite\",\"@id\":\"https:\/\/vana.vspa.ee\/#website\",\"url\":\"https:\/\/vana.vspa.ee\/\",\"name\":\"V Spa\",\"description\":\"V\u00f5ta veest viimast!\",\"potentialAction\":[{\"@type\":\"SearchAction\",\"target\":{\"@type\":\"EntryPoint\",\"urlTemplate\":\"https:\/\/vana.vspa.ee\/?s={search_term_string}\"},\"query-input\":{\"@type\":\"PropertyValueSpecification\",\"valueRequired\":true,\"valueName\":\"search_term_string\"}}],\"inLanguage\":\"lv-LV\"}]}<\/script>\n<!-- \/ Yoast SEO plugin. -->","yoast_head_json":{"title":"Mitrio\u0161a un \u0101das tvirtumu atjaunojo\u0161a sejas kop\u0161anas proced\u016bra ar j\u016bras miner\u0101\u013ciem - V Spa","robots":{"index":"noindex","follow":"follow","max-snippet":"max-snippet:-1","max-image-preview":"max-image-preview:large","max-video-preview":"max-video-preview:-1"},"og_locale":"lv_LV","og_type":"article","og_title":"Mitrio\u0161a un \u0101das tvirtumu atjaunojo\u0161a sejas kop\u0161anas proced\u016bra ar j\u016bras miner\u0101\u013ciem - V Spa","og_description":"Proced\u016bra ies\u0101kum\u0101 \u0101da tiek r\u016bp\u012bgi att\u012br\u012bta, tai sniedz relaks\u0113jo\u0161u mas\u0101\u017eu ar vitam\u012bniem pies\u0101tin\u0101tu serumu un nosl\u0113gum\u0101 uzkl\u0101j mitrino\u0161u j\u016brasa\u013c\u0123u sejasmasku....","og_url":"https:\/\/vana.vspa.ee\/hoolitsused\/trimmiv-ja-niisutav-naohoolitsus-meremineraalidega\/","og_site_name":"V Spa","article_modified_time":"2023-12-08T17:19:07+00:00","twitter_card":"summary_large_image","twitter_misc":{"Est. reading time":"1 min\u016b\u0161u"},"schema":{"@context":"https:\/\/schema.org","@graph":[{"@type":"WebPage","@id":"https:\/\/vana.vspa.ee\/hoolitsused\/trimmiv-ja-niisutav-naohoolitsus-meremineraalidega\/","url":"https:\/\/vana.vspa.ee\/hoolitsused\/trimmiv-ja-niisutav-naohoolitsus-meremineraalidega\/","name":"Mitrio\u0161a un \u0101das tvirtumu atjaunojo\u0161a sejas kop\u0161anas proced\u016bra ar j\u016bras miner\u0101\u013ciem - V Spa","isPartOf":{"@id":"https:\/\/vana.vspa.ee\/#website"},"datePublished":"2020-02-23T07:45:04+00:00","dateModified":"2023-12-08T17:19:07+00:00","breadcrumb":{"@id":"https:\/\/vana.vspa.ee\/hoolitsused\/trimmiv-ja-niisutav-naohoolitsus-meremineraalidega\/#breadcrumb"},"inLanguage":"lv-LV","potentialAction":[{"@type":"ReadAction","target":["https:\/\/vana.vspa.ee\/hoolitsused\/trimmiv-ja-niisutav-naohoolitsus-meremineraalidega\/"]}]},{"@type":"BreadcrumbList","@id":"https:\/\/vana.vspa.ee\/hoolitsused\/trimmiv-ja-niisutav-naohoolitsus-meremineraalidega\/#breadcrumb","itemListElement":[{"@type":"ListItem","position":1,"name":"Home","item":"https:\/\/vana.vspa.ee\/lv\/"},{"@type":"ListItem","position":2,"name":"Ritu\u0101li","item":"https:\/\/vana.vspa.ee\/hoolitsused\/"},{"@type":"ListItem","position":3,"name":"Mitrio\u0161a un \u0101das tvirtumu atjaunojo\u0161a sejas kop\u0161anas proced\u016bra ar j\u016bras miner\u0101\u013ciem"}]},{"@type":"WebSite","@id":"https:\/\/vana.vspa.ee\/#website","url":"https:\/\/vana.vspa.ee\/","name":"V Spa","description":"V\u00f5ta veest viimast!","potentialAction":[{"@type":"SearchAction","target":{"@type":"EntryPoint","urlTemplate":"https:\/\/vana.vspa.ee\/?s={search_term_string}"},"query-input":{"@type":"PropertyValueSpecification","valueRequired":true,"valueName":"search_term_string"}}],"inLanguage":"lv-LV"}]}},"_links":{"self":[{"href":"https:\/\/vana.vspa.ee\/lv\/wp-json\/wp\/v2\/pages\/24488","targetHints":{"allow":["GET"]}}],"collection":[{"href":"https:\/\/vana.vspa.ee\/lv\/wp-json\/wp\/v2\/pages"}],"about":[{"href":"https:\/\/vana.vspa.ee\/lv\/wp-json\/wp\/v2\/types\/page"}],"author":[{"embeddable":true,"href":"https:\/\/vana.vspa.ee\/lv\/wp-json\/wp\/v2\/users\/1"}],"replies":[{"embeddable":true,"href":"https:\/\/vana.vspa.ee\/lv\/wp-json\/wp\/v2\/comments?post=24488"}],"version-history":[{"count":7,"href":"https:\/\/vana.vspa.ee\/lv\/wp-json\/wp\/v2\/pages\/24488\/revisions"}],"predecessor-version":[{"id":42325,"href":"https:\/\/vana.vspa.ee\/lv\/wp-json\/wp\/v2\/pages\/24488\/revisions\/42325"}],"up":[{"embeddable":true,"href":"https:\/\/vana.vspa.ee\/lv\/wp-json\/wp\/v2\/pages\/1094"}],"wp:attachment":[{"href":"https:\/\/vana.vspa.ee\/lv\/wp-json\/wp\/v2\/media?parent=24488"}],"curies":[{"name":"wp","href":"https:\/\/api.w.org\/{rel}","templated":true}]}}