{"id":25440,"date":"2020-03-02T10:56:18","date_gmt":"2020-03-02T08:56:18","guid":{"rendered":"https:\/\/vspa.ee\/rituali\/nao-hiromassaaz\/"},"modified":"2023-12-08T19:12:30","modified_gmt":"2023-12-08T17:12:30","slug":"nao-hiromassaaz","status":"publish","type":"page","link":"https:\/\/vana.vspa.ee\/lv\/rituali\/nao-hiromassaaz\/","title":{"rendered":"Sejas hiromas\u0101\u017ea"},"content":{"rendered":"<p>Sejas hiromas\u0101\u017eas v\u0113sture mekl\u0113jama Sp\u0101nij\u0101 un t\u0101 ir patiess baud\u012bjums tiem, kas v\u0113las par\u016bp\u0113ties par \u0101das atjauno\u0161anu un tonusu bez \u0137\u012bmiskas iejauk\u0161an\u0101s.<\/p>\n<p>Proced\u016br\u0101 tiek izmantotas da\u017e\u0101das, atsl\u0101bino\u0161as un iedarb\u012bgas, klasisk\u0101s k\u0101 ar\u012b austrumu mas\u0101\u017eas tehnikas sejai, kaklam un dekolt\u0113. Mas\u0101\u017eas gait\u0101 tiek stimul\u0113tas \u0101das \u0161\u016bnas un\u00a0 m\u012bmikas muskulat\u016bra. Rezult\u0101t\u0101 uzlabotjas visp\u0101r\u0113jais \u0101das tvirtums, elast\u012bba un musku\u013cu tonuss.<\/p>\n<p>Svar\u012bgi, lai apmekl\u0113jot proced\u016bru, sejas \u0101da b\u016btu bez br\u016bc\u0113m, aknes paz\u012bm\u0113m vai cit\u0101m \u0101das saslim\u0161an\u0101m. Proced\u016bra nav iesp\u0113jama astmas un asinsvadu saslim\u0161anu gad\u012bjum\u0101, k\u0101 ar\u012b, ja ir paaugstin\u0101ta \u0137erme\u0146a temerat\u016bra. Proced\u016bra nav iesp\u0113jama ja ir injec\u0113ts Botox vai p\u0113c sejas \u0137\u012bmisk\u0101 p\u012blinga proced\u016bras ir pag\u0101jis maz\u0101k k\u0101 10 dienas.<\/p>\n","protected":false},"excerpt":{"rendered":"<p>Sejas hiromas\u0101\u017eas v\u0113sture mekl\u0113jama Sp\u0101nij\u0101 un t\u0101 ir patiess baud\u012bjums tiem, kas v\u0113las par\u016bp\u0113ties par \u0101das atjauno\u0161anu un tonusu bez&#8230;<\/p>\n","protected":false},"author":1,"featured_media":0,"parent":1094,"menu_order":0,"comment_status":"closed","ping_status":"closed","template":"page-templates\/tpl-offer1.php","meta":{"_acf_changed":false,"_monsterinsights_skip_tracking":false,"_monsterinsights_sitenote_active":false,"_monsterinsights_sitenote_note":"","_monsterinsights_sitenote_category":0,"footnotes":"","_links_to":"","_links_to_target":""},"class_list":["post-25440","page","type-page","status-publish","hentry"],"acf":[],"yoast_head":"<!-- This site is optimized with the Yoast SEO plugin v24.7 - https:\/\/yoast.com\/wordpress\/plugins\/seo\/ -->\n<title>Sejas hiromas\u0101\u017ea - V Spa<\/title>\n<meta name=\"robots\" content=\"noindex, follow, max-snippet:-1, max-image-preview:large, max-video-preview:-1\" \/>\n<meta property=\"og:locale\" content=\"lv_LV\" \/>\n<meta property=\"og:type\" content=\"article\" \/>\n<meta property=\"og:title\" content=\"Sejas hiromas\u0101\u017ea - V Spa\" \/>\n<meta property=\"og:description\" content=\"Sejas hiromas\u0101\u017eas v\u0113sture mekl\u0113jama Sp\u0101nij\u0101 un t\u0101 ir patiess baud\u012bjums tiem, kas v\u0113las par\u016bp\u0113ties par \u0101das atjauno\u0161anu un tonusu bez...\" \/>\n<meta property=\"og:url\" content=\"https:\/\/vana.vspa.ee\/hoolitsused\/nao-hiromassaaz\/\" \/>\n<meta property=\"og:site_name\" content=\"V Spa\" \/>\n<meta property=\"article:modified_time\" content=\"2023-12-08T17:12:30+00:00\" \/>\n<meta name=\"twitter:card\" content=\"summary_large_image\" \/>\n<meta name=\"twitter:label1\" content=\"Est. reading time\" \/>\n\t<meta name=\"twitter:data1\" content=\"1 min\u016b\u0161u\" \/>\n<script type=\"application\/ld+json\" class=\"yoast-schema-graph\">{\"@context\":\"https:\/\/schema.org\",\"@graph\":[{\"@type\":\"WebPage\",\"@id\":\"https:\/\/vana.vspa.ee\/hoolitsused\/nao-hiromassaaz\/\",\"url\":\"https:\/\/vana.vspa.ee\/hoolitsused\/nao-hiromassaaz\/\",\"name\":\"Sejas hiromas\u0101\u017ea - V Spa\",\"isPartOf\":{\"@id\":\"https:\/\/vana.vspa.ee\/#website\"},\"datePublished\":\"2020-03-02T08:56:18+00:00\",\"dateModified\":\"2023-12-08T17:12:30+00:00\",\"breadcrumb\":{\"@id\":\"https:\/\/vana.vspa.ee\/hoolitsused\/nao-hiromassaaz\/#breadcrumb\"},\"inLanguage\":\"lv-LV\",\"potentialAction\":[{\"@type\":\"ReadAction\",\"target\":[\"https:\/\/vana.vspa.ee\/hoolitsused\/nao-hiromassaaz\/\"]}]},{\"@type\":\"BreadcrumbList\",\"@id\":\"https:\/\/vana.vspa.ee\/hoolitsused\/nao-hiromassaaz\/#breadcrumb\",\"itemListElement\":[{\"@type\":\"ListItem\",\"position\":1,\"name\":\"Home\",\"item\":\"https:\/\/vana.vspa.ee\/lv\/\"},{\"@type\":\"ListItem\",\"position\":2,\"name\":\"Ritu\u0101li\",\"item\":\"https:\/\/vana.vspa.ee\/hoolitsused\/\"},{\"@type\":\"ListItem\",\"position\":3,\"name\":\"Sejas hiromas\u0101\u017ea\"}]},{\"@type\":\"WebSite\",\"@id\":\"https:\/\/vana.vspa.ee\/#website\",\"url\":\"https:\/\/vana.vspa.ee\/\",\"name\":\"V Spa\",\"description\":\"V\u00f5ta veest viimast!\",\"potentialAction\":[{\"@type\":\"SearchAction\",\"target\":{\"@type\":\"EntryPoint\",\"urlTemplate\":\"https:\/\/vana.vspa.ee\/?s={search_term_string}\"},\"query-input\":{\"@type\":\"PropertyValueSpecification\",\"valueRequired\":true,\"valueName\":\"search_term_string\"}}],\"inLanguage\":\"lv-LV\"}]}<\/script>\n<!-- \/ Yoast SEO plugin. -->","yoast_head_json":{"title":"Sejas hiromas\u0101\u017ea - V Spa","robots":{"index":"noindex","follow":"follow","max-snippet":"max-snippet:-1","max-image-preview":"max-image-preview:large","max-video-preview":"max-video-preview:-1"},"og_locale":"lv_LV","og_type":"article","og_title":"Sejas hiromas\u0101\u017ea - V Spa","og_description":"Sejas hiromas\u0101\u017eas v\u0113sture mekl\u0113jama Sp\u0101nij\u0101 un t\u0101 ir patiess baud\u012bjums tiem, kas v\u0113las par\u016bp\u0113ties par \u0101das atjauno\u0161anu un tonusu bez...","og_url":"https:\/\/vana.vspa.ee\/hoolitsused\/nao-hiromassaaz\/","og_site_name":"V Spa","article_modified_time":"2023-12-08T17:12:30+00:00","twitter_card":"summary_large_image","twitter_misc":{"Est. reading time":"1 min\u016b\u0161u"},"schema":{"@context":"https:\/\/schema.org","@graph":[{"@type":"WebPage","@id":"https:\/\/vana.vspa.ee\/hoolitsused\/nao-hiromassaaz\/","url":"https:\/\/vana.vspa.ee\/hoolitsused\/nao-hiromassaaz\/","name":"Sejas hiromas\u0101\u017ea - V Spa","isPartOf":{"@id":"https:\/\/vana.vspa.ee\/#website"},"datePublished":"2020-03-02T08:56:18+00:00","dateModified":"2023-12-08T17:12:30+00:00","breadcrumb":{"@id":"https:\/\/vana.vspa.ee\/hoolitsused\/nao-hiromassaaz\/#breadcrumb"},"inLanguage":"lv-LV","potentialAction":[{"@type":"ReadAction","target":["https:\/\/vana.vspa.ee\/hoolitsused\/nao-hiromassaaz\/"]}]},{"@type":"BreadcrumbList","@id":"https:\/\/vana.vspa.ee\/hoolitsused\/nao-hiromassaaz\/#breadcrumb","itemListElement":[{"@type":"ListItem","position":1,"name":"Home","item":"https:\/\/vana.vspa.ee\/lv\/"},{"@type":"ListItem","position":2,"name":"Ritu\u0101li","item":"https:\/\/vana.vspa.ee\/hoolitsused\/"},{"@type":"ListItem","position":3,"name":"Sejas hiromas\u0101\u017ea"}]},{"@type":"WebSite","@id":"https:\/\/vana.vspa.ee\/#website","url":"https:\/\/vana.vspa.ee\/","name":"V Spa","description":"V\u00f5ta veest viimast!","potentialAction":[{"@type":"SearchAction","target":{"@type":"EntryPoint","urlTemplate":"https:\/\/vana.vspa.ee\/?s={search_term_string}"},"query-input":{"@type":"PropertyValueSpecification","valueRequired":true,"valueName":"search_term_string"}}],"inLanguage":"lv-LV"}]}},"_links":{"self":[{"href":"https:\/\/vana.vspa.ee\/lv\/wp-json\/wp\/v2\/pages\/25440","targetHints":{"allow":["GET"]}}],"collection":[{"href":"https:\/\/vana.vspa.ee\/lv\/wp-json\/wp\/v2\/pages"}],"about":[{"href":"https:\/\/vana.vspa.ee\/lv\/wp-json\/wp\/v2\/types\/page"}],"author":[{"embeddable":true,"href":"https:\/\/vana.vspa.ee\/lv\/wp-json\/wp\/v2\/users\/1"}],"replies":[{"embeddable":true,"href":"https:\/\/vana.vspa.ee\/lv\/wp-json\/wp\/v2\/comments?post=25440"}],"version-history":[{"count":5,"href":"https:\/\/vana.vspa.ee\/lv\/wp-json\/wp\/v2\/pages\/25440\/revisions"}],"predecessor-version":[{"id":42321,"href":"https:\/\/vana.vspa.ee\/lv\/wp-json\/wp\/v2\/pages\/25440\/revisions\/42321"}],"up":[{"embeddable":true,"href":"https:\/\/vana.vspa.ee\/lv\/wp-json\/wp\/v2\/pages\/1094"}],"wp:attachment":[{"href":"https:\/\/vana.vspa.ee\/lv\/wp-json\/wp\/v2\/media?parent=25440"}],"curies":[{"name":"wp","href":"https:\/\/api.w.org\/{rel}","templated":true}]}}