{"id":25445,"date":"2020-01-07T13:40:49","date_gmt":"2020-01-07T11:40:49","guid":{"rendered":"https:\/\/vspa.ee\/rituali\/repechage-naohoolitsus\/"},"modified":"2023-12-08T19:13:45","modified_gmt":"2023-12-08T17:13:45","slug":"repechage-naohoolitsus","status":"publish","type":"page","link":"https:\/\/vana.vspa.ee\/lv\/rituali\/repechage-naohoolitsus\/","title":{"rendered":"Pept\u012bdus saturo\u0161a, \u0101du izl\u012bdzino\u0161a un tvirtumu atjaunojo\u0161a sejas kop\u0161anas proced\u016bra"},"content":{"rendered":"<p>Piecu so\u013cu \u0101das tvirtumu atjaunojo\u0161\u0101 proced\u016bra \u012bpa\u0161i izveidota, lai r\u016bp\u0113tos par sausa vai norm\u0101la tipa \u0101du ar noveco\u0161anas paz\u012bm\u0113m, t\u0101 \u012bpa\u0161i piem\u0113rota nobriedu\u0161as \u0101das baro\u0161anai un tonusa atjauno\u0161anai. Proced\u016bras laik\u0101 tiek veiktas divas mas\u0101\u017eas, \u0101dai uzkl\u0101ta atv\u0113sino\u0161a un pept\u012bdus saturo\u0161a spirul\u012bnas a\u013c\u0123u maska, kas padara \u0101du tvirtu un gludu. Enz\u012bmi, ko satur papaija, pal\u012bdz uzlabot \u0101das toni. Rezut\u0101ts ir ac\u012bmredzams \u0101das tvirtums un maz\u0101k grumbi\u0146u.<\/p>\n<p>Proced\u016br\u0101 tiek izmantoti <strong>Rep\u00eachage<\/strong> sejas kop\u0161anas l\u012bdzek\u013ci.<\/p>\n<p>&nbsp;<\/p>\n","protected":false},"excerpt":{"rendered":"<p>Piecu so\u013cu \u0101das tvirtumu atjaunojo\u0161\u0101 proced\u016bra \u012bpa\u0161i izveidota, lai r\u016bp\u0113tos par sausa vai norm\u0101la tipa \u0101du ar noveco\u0161anas paz\u012bm\u0113m, t\u0101&#8230;<\/p>\n","protected":false},"author":1,"featured_media":0,"parent":1094,"menu_order":0,"comment_status":"closed","ping_status":"closed","template":"page-templates\/tpl-offer1.php","meta":{"_acf_changed":false,"_monsterinsights_skip_tracking":false,"_monsterinsights_sitenote_active":false,"_monsterinsights_sitenote_note":"","_monsterinsights_sitenote_category":0,"footnotes":"","_links_to":"","_links_to_target":""},"class_list":["post-25445","page","type-page","status-publish","hentry"],"acf":[],"yoast_head":"<!-- This site is optimized with the Yoast SEO plugin v24.7 - https:\/\/yoast.com\/wordpress\/plugins\/seo\/ -->\n<title>Pept\u012bdus saturo\u0161a, \u0101du izl\u012bdzino\u0161a un tvirtumu atjaunojo\u0161a sejas kop\u0161anas proced\u016bra - V Spa<\/title>\n<meta name=\"robots\" content=\"noindex, follow, max-snippet:-1, max-image-preview:large, max-video-preview:-1\" \/>\n<meta property=\"og:locale\" content=\"lv_LV\" \/>\n<meta property=\"og:type\" content=\"article\" \/>\n<meta property=\"og:title\" content=\"Pept\u012bdus saturo\u0161a, \u0101du izl\u012bdzino\u0161a un tvirtumu atjaunojo\u0161a sejas kop\u0161anas proced\u016bra - V Spa\" \/>\n<meta property=\"og:description\" content=\"Piecu so\u013cu \u0101das tvirtumu atjaunojo\u0161\u0101 proced\u016bra \u012bpa\u0161i izveidota, lai r\u016bp\u0113tos par sausa vai norm\u0101la tipa \u0101du ar noveco\u0161anas paz\u012bm\u0113m, t\u0101...\" \/>\n<meta property=\"og:url\" content=\"https:\/\/vana.vspa.ee\/hoolitsused\/repechage-naohoolitsus\/\" \/>\n<meta property=\"og:site_name\" content=\"V Spa\" \/>\n<meta property=\"article:modified_time\" content=\"2023-12-08T17:13:45+00:00\" \/>\n<meta name=\"twitter:card\" content=\"summary_large_image\" \/>\n<meta name=\"twitter:label1\" content=\"Est. reading time\" \/>\n\t<meta name=\"twitter:data1\" content=\"1 min\u016b\u0161u\" \/>\n<script type=\"application\/ld+json\" class=\"yoast-schema-graph\">{\"@context\":\"https:\/\/schema.org\",\"@graph\":[{\"@type\":\"WebPage\",\"@id\":\"https:\/\/vana.vspa.ee\/hoolitsused\/repechage-naohoolitsus\/\",\"url\":\"https:\/\/vana.vspa.ee\/hoolitsused\/repechage-naohoolitsus\/\",\"name\":\"Pept\u012bdus saturo\u0161a, \u0101du izl\u012bdzino\u0161a un tvirtumu atjaunojo\u0161a sejas kop\u0161anas proced\u016bra - V Spa\",\"isPartOf\":{\"@id\":\"https:\/\/vana.vspa.ee\/#website\"},\"datePublished\":\"2020-01-07T11:40:49+00:00\",\"dateModified\":\"2023-12-08T17:13:45+00:00\",\"breadcrumb\":{\"@id\":\"https:\/\/vana.vspa.ee\/hoolitsused\/repechage-naohoolitsus\/#breadcrumb\"},\"inLanguage\":\"lv-LV\",\"potentialAction\":[{\"@type\":\"ReadAction\",\"target\":[\"https:\/\/vana.vspa.ee\/hoolitsused\/repechage-naohoolitsus\/\"]}]},{\"@type\":\"BreadcrumbList\",\"@id\":\"https:\/\/vana.vspa.ee\/hoolitsused\/repechage-naohoolitsus\/#breadcrumb\",\"itemListElement\":[{\"@type\":\"ListItem\",\"position\":1,\"name\":\"Home\",\"item\":\"https:\/\/vana.vspa.ee\/lv\/\"},{\"@type\":\"ListItem\",\"position\":2,\"name\":\"Ritu\u0101li\",\"item\":\"https:\/\/vana.vspa.ee\/hoolitsused\/\"},{\"@type\":\"ListItem\",\"position\":3,\"name\":\"Pept\u012bdus saturo\u0161a, \u0101du izl\u012bdzino\u0161a un tvirtumu atjaunojo\u0161a sejas kop\u0161anas proced\u016bra\"}]},{\"@type\":\"WebSite\",\"@id\":\"https:\/\/vana.vspa.ee\/#website\",\"url\":\"https:\/\/vana.vspa.ee\/\",\"name\":\"V Spa\",\"description\":\"V\u00f5ta veest viimast!\",\"potentialAction\":[{\"@type\":\"SearchAction\",\"target\":{\"@type\":\"EntryPoint\",\"urlTemplate\":\"https:\/\/vana.vspa.ee\/?s={search_term_string}\"},\"query-input\":{\"@type\":\"PropertyValueSpecification\",\"valueRequired\":true,\"valueName\":\"search_term_string\"}}],\"inLanguage\":\"lv-LV\"}]}<\/script>\n<!-- \/ Yoast SEO plugin. -->","yoast_head_json":{"title":"Pept\u012bdus saturo\u0161a, \u0101du izl\u012bdzino\u0161a un tvirtumu atjaunojo\u0161a sejas kop\u0161anas proced\u016bra - V Spa","robots":{"index":"noindex","follow":"follow","max-snippet":"max-snippet:-1","max-image-preview":"max-image-preview:large","max-video-preview":"max-video-preview:-1"},"og_locale":"lv_LV","og_type":"article","og_title":"Pept\u012bdus saturo\u0161a, \u0101du izl\u012bdzino\u0161a un tvirtumu atjaunojo\u0161a sejas kop\u0161anas proced\u016bra - V Spa","og_description":"Piecu so\u013cu \u0101das tvirtumu atjaunojo\u0161\u0101 proced\u016bra \u012bpa\u0161i izveidota, lai r\u016bp\u0113tos par sausa vai norm\u0101la tipa \u0101du ar noveco\u0161anas paz\u012bm\u0113m, t\u0101...","og_url":"https:\/\/vana.vspa.ee\/hoolitsused\/repechage-naohoolitsus\/","og_site_name":"V Spa","article_modified_time":"2023-12-08T17:13:45+00:00","twitter_card":"summary_large_image","twitter_misc":{"Est. reading time":"1 min\u016b\u0161u"},"schema":{"@context":"https:\/\/schema.org","@graph":[{"@type":"WebPage","@id":"https:\/\/vana.vspa.ee\/hoolitsused\/repechage-naohoolitsus\/","url":"https:\/\/vana.vspa.ee\/hoolitsused\/repechage-naohoolitsus\/","name":"Pept\u012bdus saturo\u0161a, \u0101du izl\u012bdzino\u0161a un tvirtumu atjaunojo\u0161a sejas kop\u0161anas proced\u016bra - V Spa","isPartOf":{"@id":"https:\/\/vana.vspa.ee\/#website"},"datePublished":"2020-01-07T11:40:49+00:00","dateModified":"2023-12-08T17:13:45+00:00","breadcrumb":{"@id":"https:\/\/vana.vspa.ee\/hoolitsused\/repechage-naohoolitsus\/#breadcrumb"},"inLanguage":"lv-LV","potentialAction":[{"@type":"ReadAction","target":["https:\/\/vana.vspa.ee\/hoolitsused\/repechage-naohoolitsus\/"]}]},{"@type":"BreadcrumbList","@id":"https:\/\/vana.vspa.ee\/hoolitsused\/repechage-naohoolitsus\/#breadcrumb","itemListElement":[{"@type":"ListItem","position":1,"name":"Home","item":"https:\/\/vana.vspa.ee\/lv\/"},{"@type":"ListItem","position":2,"name":"Ritu\u0101li","item":"https:\/\/vana.vspa.ee\/hoolitsused\/"},{"@type":"ListItem","position":3,"name":"Pept\u012bdus saturo\u0161a, \u0101du izl\u012bdzino\u0161a un tvirtumu atjaunojo\u0161a sejas kop\u0161anas proced\u016bra"}]},{"@type":"WebSite","@id":"https:\/\/vana.vspa.ee\/#website","url":"https:\/\/vana.vspa.ee\/","name":"V Spa","description":"V\u00f5ta veest viimast!","potentialAction":[{"@type":"SearchAction","target":{"@type":"EntryPoint","urlTemplate":"https:\/\/vana.vspa.ee\/?s={search_term_string}"},"query-input":{"@type":"PropertyValueSpecification","valueRequired":true,"valueName":"search_term_string"}}],"inLanguage":"lv-LV"}]}},"_links":{"self":[{"href":"https:\/\/vana.vspa.ee\/lv\/wp-json\/wp\/v2\/pages\/25445","targetHints":{"allow":["GET"]}}],"collection":[{"href":"https:\/\/vana.vspa.ee\/lv\/wp-json\/wp\/v2\/pages"}],"about":[{"href":"https:\/\/vana.vspa.ee\/lv\/wp-json\/wp\/v2\/types\/page"}],"author":[{"embeddable":true,"href":"https:\/\/vana.vspa.ee\/lv\/wp-json\/wp\/v2\/users\/1"}],"replies":[{"embeddable":true,"href":"https:\/\/vana.vspa.ee\/lv\/wp-json\/wp\/v2\/comments?post=25445"}],"version-history":[{"count":4,"href":"https:\/\/vana.vspa.ee\/lv\/wp-json\/wp\/v2\/pages\/25445\/revisions"}],"predecessor-version":[{"id":42322,"href":"https:\/\/vana.vspa.ee\/lv\/wp-json\/wp\/v2\/pages\/25445\/revisions\/42322"}],"up":[{"embeddable":true,"href":"https:\/\/vana.vspa.ee\/lv\/wp-json\/wp\/v2\/pages\/1094"}],"wp:attachment":[{"href":"https:\/\/vana.vspa.ee\/lv\/wp-json\/wp\/v2\/media?parent=25445"}],"curies":[{"name":"wp","href":"https:\/\/api.w.org\/{rel}","templated":true}]}}