{"id":25451,"date":"2020-02-23T09:41:53","date_gmt":"2020-02-23T07:41:53","guid":{"rendered":"https:\/\/vspa.ee\/rituali\/puhastav-naohoolitsus-rasusele-ja-aknelisele-nahale-repechage\/"},"modified":"2023-12-08T19:16:20","modified_gmt":"2023-12-08T17:16:20","slug":"puhastav-naohoolitsus-rasusele-ja-aknelisele-nahale-repechage","status":"publish","type":"page","link":"https:\/\/vana.vspa.ee\/lv\/rituali\/puhastav-naohoolitsus-rasusele-ja-aknelisele-nahale-repechage\/","title":{"rendered":"Att\u012bro\u0161a sejas kop\u0161anas proced\u016bra taukainai un problem\u0101tiskai \u0101dai"},"content":{"rendered":"<p>Proced\u016bra ir patiesi iedarb\u012bga un piem\u0113rota \u0101dai ar aknes paz\u012bm\u0113m. T\u0101 dzi\u013ci att\u012bra un regul\u0113 tauku dziedzeru darb\u012bbu, vienlaic\u012bgi mitrinot sejas \u0101du. J\u016bras a\u013c\u0123u ekstrakts stiprina \u0101du un pal\u012bdz samazin\u0101t aknes paz\u012bmes, lakricas sakne un AHA aug\u013csk\u0101bes pal\u012bdz atjaunot \u0101das toni.<\/p>\n<p>Formulas unik\u0101lais saturs pal\u012bdz nomierin\u0101t pat visjut\u012bgako \u0101du. \u0100das speci\u0101listu un kosm\u0113ti\u0137u iesac\u012bta proced\u016bra.<\/p>\n<p>Proced\u016br\u0101 tiek izmantoti <strong>Rep\u00eachage<\/strong> sejas kop\u0161anas l\u012bdzek\u013ci.<\/p>\n<p>&nbsp;<\/p>\n","protected":false},"excerpt":{"rendered":"<p>Proced\u016bra ir patiesi iedarb\u012bga un piem\u0113rota \u0101dai ar aknes paz\u012bm\u0113m. T\u0101 dzi\u013ci att\u012bra un regul\u0113 tauku dziedzeru darb\u012bbu, vienlaic\u012bgi mitrinot&#8230;<\/p>\n","protected":false},"author":1,"featured_media":0,"parent":1094,"menu_order":0,"comment_status":"closed","ping_status":"closed","template":"page-templates\/tpl-offer1.php","meta":{"_acf_changed":false,"_monsterinsights_skip_tracking":false,"_monsterinsights_sitenote_active":false,"_monsterinsights_sitenote_note":"","_monsterinsights_sitenote_category":0,"footnotes":"","_links_to":"","_links_to_target":""},"class_list":["post-25451","page","type-page","status-publish","hentry"],"acf":[],"yoast_head":"<!-- This site is optimized with the Yoast SEO plugin v24.7 - https:\/\/yoast.com\/wordpress\/plugins\/seo\/ -->\n<title>Att\u012bro\u0161a sejas kop\u0161anas proced\u016bra taukainai un problem\u0101tiskai \u0101dai - V Spa<\/title>\n<meta name=\"robots\" content=\"noindex, follow, max-snippet:-1, max-image-preview:large, max-video-preview:-1\" \/>\n<meta property=\"og:locale\" content=\"lv_LV\" \/>\n<meta property=\"og:type\" content=\"article\" \/>\n<meta property=\"og:title\" content=\"Att\u012bro\u0161a sejas kop\u0161anas proced\u016bra taukainai un problem\u0101tiskai \u0101dai - V Spa\" \/>\n<meta property=\"og:description\" content=\"Proced\u016bra ir patiesi iedarb\u012bga un piem\u0113rota \u0101dai ar aknes paz\u012bm\u0113m. T\u0101 dzi\u013ci att\u012bra un regul\u0113 tauku dziedzeru darb\u012bbu, vienlaic\u012bgi mitrinot...\" \/>\n<meta property=\"og:url\" content=\"https:\/\/vana.vspa.ee\/hoolitsused\/puhastav-naohoolitsus-rasusele-ja-aknelisele-nahale-repechage\/\" \/>\n<meta property=\"og:site_name\" content=\"V Spa\" \/>\n<meta property=\"article:modified_time\" content=\"2023-12-08T17:16:20+00:00\" \/>\n<meta name=\"twitter:card\" content=\"summary_large_image\" \/>\n<meta name=\"twitter:label1\" content=\"Est. reading time\" \/>\n\t<meta name=\"twitter:data1\" content=\"1 min\u016b\u0161u\" \/>\n<script type=\"application\/ld+json\" class=\"yoast-schema-graph\">{\"@context\":\"https:\/\/schema.org\",\"@graph\":[{\"@type\":\"WebPage\",\"@id\":\"https:\/\/vana.vspa.ee\/hoolitsused\/puhastav-naohoolitsus-rasusele-ja-aknelisele-nahale-repechage\/\",\"url\":\"https:\/\/vana.vspa.ee\/hoolitsused\/puhastav-naohoolitsus-rasusele-ja-aknelisele-nahale-repechage\/\",\"name\":\"Att\u012bro\u0161a sejas kop\u0161anas proced\u016bra taukainai un problem\u0101tiskai \u0101dai - V Spa\",\"isPartOf\":{\"@id\":\"https:\/\/vana.vspa.ee\/#website\"},\"datePublished\":\"2020-02-23T07:41:53+00:00\",\"dateModified\":\"2023-12-08T17:16:20+00:00\",\"breadcrumb\":{\"@id\":\"https:\/\/vana.vspa.ee\/hoolitsused\/puhastav-naohoolitsus-rasusele-ja-aknelisele-nahale-repechage\/#breadcrumb\"},\"inLanguage\":\"lv-LV\",\"potentialAction\":[{\"@type\":\"ReadAction\",\"target\":[\"https:\/\/vana.vspa.ee\/hoolitsused\/puhastav-naohoolitsus-rasusele-ja-aknelisele-nahale-repechage\/\"]}]},{\"@type\":\"BreadcrumbList\",\"@id\":\"https:\/\/vana.vspa.ee\/hoolitsused\/puhastav-naohoolitsus-rasusele-ja-aknelisele-nahale-repechage\/#breadcrumb\",\"itemListElement\":[{\"@type\":\"ListItem\",\"position\":1,\"name\":\"Home\",\"item\":\"https:\/\/vana.vspa.ee\/lv\/\"},{\"@type\":\"ListItem\",\"position\":2,\"name\":\"Ritu\u0101li\",\"item\":\"https:\/\/vana.vspa.ee\/hoolitsused\/\"},{\"@type\":\"ListItem\",\"position\":3,\"name\":\"Att\u012bro\u0161a sejas kop\u0161anas proced\u016bra taukainai un problem\u0101tiskai \u0101dai\"}]},{\"@type\":\"WebSite\",\"@id\":\"https:\/\/vana.vspa.ee\/#website\",\"url\":\"https:\/\/vana.vspa.ee\/\",\"name\":\"V Spa\",\"description\":\"V\u00f5ta veest viimast!\",\"potentialAction\":[{\"@type\":\"SearchAction\",\"target\":{\"@type\":\"EntryPoint\",\"urlTemplate\":\"https:\/\/vana.vspa.ee\/?s={search_term_string}\"},\"query-input\":{\"@type\":\"PropertyValueSpecification\",\"valueRequired\":true,\"valueName\":\"search_term_string\"}}],\"inLanguage\":\"lv-LV\"}]}<\/script>\n<!-- \/ Yoast SEO plugin. -->","yoast_head_json":{"title":"Att\u012bro\u0161a sejas kop\u0161anas proced\u016bra taukainai un problem\u0101tiskai \u0101dai - V Spa","robots":{"index":"noindex","follow":"follow","max-snippet":"max-snippet:-1","max-image-preview":"max-image-preview:large","max-video-preview":"max-video-preview:-1"},"og_locale":"lv_LV","og_type":"article","og_title":"Att\u012bro\u0161a sejas kop\u0161anas proced\u016bra taukainai un problem\u0101tiskai \u0101dai - V Spa","og_description":"Proced\u016bra ir patiesi iedarb\u012bga un piem\u0113rota \u0101dai ar aknes paz\u012bm\u0113m. T\u0101 dzi\u013ci att\u012bra un regul\u0113 tauku dziedzeru darb\u012bbu, vienlaic\u012bgi mitrinot...","og_url":"https:\/\/vana.vspa.ee\/hoolitsused\/puhastav-naohoolitsus-rasusele-ja-aknelisele-nahale-repechage\/","og_site_name":"V Spa","article_modified_time":"2023-12-08T17:16:20+00:00","twitter_card":"summary_large_image","twitter_misc":{"Est. reading time":"1 min\u016b\u0161u"},"schema":{"@context":"https:\/\/schema.org","@graph":[{"@type":"WebPage","@id":"https:\/\/vana.vspa.ee\/hoolitsused\/puhastav-naohoolitsus-rasusele-ja-aknelisele-nahale-repechage\/","url":"https:\/\/vana.vspa.ee\/hoolitsused\/puhastav-naohoolitsus-rasusele-ja-aknelisele-nahale-repechage\/","name":"Att\u012bro\u0161a sejas kop\u0161anas proced\u016bra taukainai un problem\u0101tiskai \u0101dai - V Spa","isPartOf":{"@id":"https:\/\/vana.vspa.ee\/#website"},"datePublished":"2020-02-23T07:41:53+00:00","dateModified":"2023-12-08T17:16:20+00:00","breadcrumb":{"@id":"https:\/\/vana.vspa.ee\/hoolitsused\/puhastav-naohoolitsus-rasusele-ja-aknelisele-nahale-repechage\/#breadcrumb"},"inLanguage":"lv-LV","potentialAction":[{"@type":"ReadAction","target":["https:\/\/vana.vspa.ee\/hoolitsused\/puhastav-naohoolitsus-rasusele-ja-aknelisele-nahale-repechage\/"]}]},{"@type":"BreadcrumbList","@id":"https:\/\/vana.vspa.ee\/hoolitsused\/puhastav-naohoolitsus-rasusele-ja-aknelisele-nahale-repechage\/#breadcrumb","itemListElement":[{"@type":"ListItem","position":1,"name":"Home","item":"https:\/\/vana.vspa.ee\/lv\/"},{"@type":"ListItem","position":2,"name":"Ritu\u0101li","item":"https:\/\/vana.vspa.ee\/hoolitsused\/"},{"@type":"ListItem","position":3,"name":"Att\u012bro\u0161a sejas kop\u0161anas proced\u016bra taukainai un problem\u0101tiskai \u0101dai"}]},{"@type":"WebSite","@id":"https:\/\/vana.vspa.ee\/#website","url":"https:\/\/vana.vspa.ee\/","name":"V Spa","description":"V\u00f5ta veest viimast!","potentialAction":[{"@type":"SearchAction","target":{"@type":"EntryPoint","urlTemplate":"https:\/\/vana.vspa.ee\/?s={search_term_string}"},"query-input":{"@type":"PropertyValueSpecification","valueRequired":true,"valueName":"search_term_string"}}],"inLanguage":"lv-LV"}]}},"_links":{"self":[{"href":"https:\/\/vana.vspa.ee\/lv\/wp-json\/wp\/v2\/pages\/25451","targetHints":{"allow":["GET"]}}],"collection":[{"href":"https:\/\/vana.vspa.ee\/lv\/wp-json\/wp\/v2\/pages"}],"about":[{"href":"https:\/\/vana.vspa.ee\/lv\/wp-json\/wp\/v2\/types\/page"}],"author":[{"embeddable":true,"href":"https:\/\/vana.vspa.ee\/lv\/wp-json\/wp\/v2\/users\/1"}],"replies":[{"embeddable":true,"href":"https:\/\/vana.vspa.ee\/lv\/wp-json\/wp\/v2\/comments?post=25451"}],"version-history":[{"count":5,"href":"https:\/\/vana.vspa.ee\/lv\/wp-json\/wp\/v2\/pages\/25451\/revisions"}],"predecessor-version":[{"id":42324,"href":"https:\/\/vana.vspa.ee\/lv\/wp-json\/wp\/v2\/pages\/25451\/revisions\/42324"}],"up":[{"embeddable":true,"href":"https:\/\/vana.vspa.ee\/lv\/wp-json\/wp\/v2\/pages\/1094"}],"wp:attachment":[{"href":"https:\/\/vana.vspa.ee\/lv\/wp-json\/wp\/v2\/media?parent=25451"}],"curies":[{"name":"wp","href":"https:\/\/api.w.org\/{rel}","templated":true}]}}