{"id":25477,"date":"2019-10-14T11:31:15","date_gmt":"2019-10-14T08:31:15","guid":{"rendered":"https:\/\/vspa.ee\/rituali\/v-spa-signatuurhoolitsus-kehale-ja-naole\/"},"modified":"2024-11-28T15:45:33","modified_gmt":"2024-11-28T13:45:33","slug":"v-spa-signatuurhoolitsus-kehale-ja-naole","status":"publish","type":"page","link":"https:\/\/vana.vspa.ee\/lv\/rituali\/v-spa-signatuurhoolitsus-kehale-ja-naole\/","title":{"rendered":"V Spa holistiskais spa ritu\u0101ls \u0137ermenim un sejai"},"content":{"rendered":"<p style=\"background: white; margin: 0cm 0cm 23.35pt 0cm;\">V Spa \u012bpa\u0161ais spa ritu\u0101ls \u0137ermenim un sejai ir rad\u012bts, ieklausoties m\u016bsu viesu v\u0113lm\u0113s un balstoties uz profesion\u0101\u013cu ieteikumiem, lai sniegtu jums piln\u012bgu atp\u016btu un baud\u012bjumu.<\/p>\n<p style=\"background: white; margin: 0cm 0cm 23.35pt 0cm;\">Proced\u016br\u0101 apvienotas t\u0101das tehnikas k\u0101 siltie akme\u0146i, kas sagatavo \u0137ermeni proced\u016brai, saus\u0101 birst\u0113\u0161ana, kas uzmundrina musku\u013cus un siltas e\u013c\u013cas mas\u0101\u017ea, ko v\u0113l iedarb\u012bg\u0101ku padara klienta izv\u0113l\u0113t\u0101 \u0113terisk\u0101 e\u013c\u013ca.<\/p>\n<p style=\"background: white; margin: 0cm 0cm 23.35pt 0cm;\">Proced\u016bras nosl\u0113gum\u0101 tiek apr\u016bp\u0113ta sejas \u0101da. \u0100du att\u012bra, tai uzkl\u0101j eksfoli\u0113jo\u0161u sejas masku un veic sejas mas\u0101\u017eu. Nosl\u0113gum\u0101 sejai uzkl\u0101j serumu.<\/p>\n<p style=\"background: white; margin: 0cm 0cm 23.35pt 0cm;\">Unik\u0101la, tikai V Spa pieejama proced\u016bra, kas nodro\u0161ina patiesu atp\u016btu.<\/p>\n","protected":false},"excerpt":{"rendered":"<p>V Spa \u012bpa\u0161ais spa ritu\u0101ls \u0137ermenim un sejai ir rad\u012bts, ieklausoties m\u016bsu viesu v\u0113lm\u0113s un balstoties uz profesion\u0101\u013cu ieteikumiem, lai&#8230;<\/p>\n","protected":false},"author":1,"featured_media":0,"parent":1094,"menu_order":0,"comment_status":"closed","ping_status":"closed","template":"page-templates\/tpl-offer1.php","meta":{"_acf_changed":false,"_monsterinsights_skip_tracking":false,"_monsterinsights_sitenote_active":false,"_monsterinsights_sitenote_note":"","_monsterinsights_sitenote_category":0,"footnotes":"","_links_to":"","_links_to_target":""},"class_list":["post-25477","page","type-page","status-publish","hentry"],"acf":[],"yoast_head":"<!-- This site is optimized with the Yoast SEO plugin v24.7 - https:\/\/yoast.com\/wordpress\/plugins\/seo\/ -->\n<title>V Spa holistiskais spa ritu\u0101ls \u0137ermenim un sejai - V Spa<\/title>\n<meta name=\"robots\" content=\"noindex, follow, max-snippet:-1, max-image-preview:large, max-video-preview:-1\" \/>\n<meta property=\"og:locale\" content=\"lv_LV\" \/>\n<meta property=\"og:type\" content=\"article\" \/>\n<meta property=\"og:title\" content=\"V Spa holistiskais spa ritu\u0101ls \u0137ermenim un sejai - V Spa\" \/>\n<meta property=\"og:description\" content=\"V Spa \u012bpa\u0161ais spa ritu\u0101ls \u0137ermenim un sejai ir rad\u012bts, ieklausoties m\u016bsu viesu v\u0113lm\u0113s un balstoties uz profesion\u0101\u013cu ieteikumiem, lai...\" \/>\n<meta property=\"og:url\" content=\"https:\/\/vana.vspa.ee\/hoolitsused\/v-spa-signatuurhoolitsus-kehale-ja-naole\/\" \/>\n<meta property=\"og:site_name\" content=\"V Spa\" \/>\n<meta property=\"article:modified_time\" content=\"2024-11-28T13:45:33+00:00\" \/>\n<meta name=\"twitter:card\" content=\"summary_large_image\" \/>\n<meta name=\"twitter:label1\" content=\"Est. reading time\" \/>\n\t<meta name=\"twitter:data1\" content=\"1 min\u016b\u0161u\" \/>\n<script type=\"application\/ld+json\" class=\"yoast-schema-graph\">{\"@context\":\"https:\/\/schema.org\",\"@graph\":[{\"@type\":\"WebPage\",\"@id\":\"https:\/\/vana.vspa.ee\/hoolitsused\/v-spa-signatuurhoolitsus-kehale-ja-naole\/\",\"url\":\"https:\/\/vana.vspa.ee\/hoolitsused\/v-spa-signatuurhoolitsus-kehale-ja-naole\/\",\"name\":\"V Spa holistiskais spa ritu\u0101ls \u0137ermenim un sejai - V Spa\",\"isPartOf\":{\"@id\":\"https:\/\/vana.vspa.ee\/#website\"},\"datePublished\":\"2019-10-14T08:31:15+00:00\",\"dateModified\":\"2024-11-28T13:45:33+00:00\",\"breadcrumb\":{\"@id\":\"https:\/\/vana.vspa.ee\/hoolitsused\/v-spa-signatuurhoolitsus-kehale-ja-naole\/#breadcrumb\"},\"inLanguage\":\"lv-LV\",\"potentialAction\":[{\"@type\":\"ReadAction\",\"target\":[\"https:\/\/vana.vspa.ee\/hoolitsused\/v-spa-signatuurhoolitsus-kehale-ja-naole\/\"]}]},{\"@type\":\"BreadcrumbList\",\"@id\":\"https:\/\/vana.vspa.ee\/hoolitsused\/v-spa-signatuurhoolitsus-kehale-ja-naole\/#breadcrumb\",\"itemListElement\":[{\"@type\":\"ListItem\",\"position\":1,\"name\":\"Home\",\"item\":\"https:\/\/vana.vspa.ee\/lv\/\"},{\"@type\":\"ListItem\",\"position\":2,\"name\":\"Ritu\u0101li\",\"item\":\"https:\/\/vana.vspa.ee\/hoolitsused\/\"},{\"@type\":\"ListItem\",\"position\":3,\"name\":\"V Spa holistiskais spa ritu\u0101ls \u0137ermenim un sejai\"}]},{\"@type\":\"WebSite\",\"@id\":\"https:\/\/vana.vspa.ee\/#website\",\"url\":\"https:\/\/vana.vspa.ee\/\",\"name\":\"V Spa\",\"description\":\"V\u00f5ta veest viimast!\",\"potentialAction\":[{\"@type\":\"SearchAction\",\"target\":{\"@type\":\"EntryPoint\",\"urlTemplate\":\"https:\/\/vana.vspa.ee\/?s={search_term_string}\"},\"query-input\":{\"@type\":\"PropertyValueSpecification\",\"valueRequired\":true,\"valueName\":\"search_term_string\"}}],\"inLanguage\":\"lv-LV\"}]}<\/script>\n<!-- \/ Yoast SEO plugin. -->","yoast_head_json":{"title":"V Spa holistiskais spa ritu\u0101ls \u0137ermenim un sejai - V Spa","robots":{"index":"noindex","follow":"follow","max-snippet":"max-snippet:-1","max-image-preview":"max-image-preview:large","max-video-preview":"max-video-preview:-1"},"og_locale":"lv_LV","og_type":"article","og_title":"V Spa holistiskais spa ritu\u0101ls \u0137ermenim un sejai - V Spa","og_description":"V Spa \u012bpa\u0161ais spa ritu\u0101ls \u0137ermenim un sejai ir rad\u012bts, ieklausoties m\u016bsu viesu v\u0113lm\u0113s un balstoties uz profesion\u0101\u013cu ieteikumiem, lai...","og_url":"https:\/\/vana.vspa.ee\/hoolitsused\/v-spa-signatuurhoolitsus-kehale-ja-naole\/","og_site_name":"V Spa","article_modified_time":"2024-11-28T13:45:33+00:00","twitter_card":"summary_large_image","twitter_misc":{"Est. reading time":"1 min\u016b\u0161u"},"schema":{"@context":"https:\/\/schema.org","@graph":[{"@type":"WebPage","@id":"https:\/\/vana.vspa.ee\/hoolitsused\/v-spa-signatuurhoolitsus-kehale-ja-naole\/","url":"https:\/\/vana.vspa.ee\/hoolitsused\/v-spa-signatuurhoolitsus-kehale-ja-naole\/","name":"V Spa holistiskais spa ritu\u0101ls \u0137ermenim un sejai - V Spa","isPartOf":{"@id":"https:\/\/vana.vspa.ee\/#website"},"datePublished":"2019-10-14T08:31:15+00:00","dateModified":"2024-11-28T13:45:33+00:00","breadcrumb":{"@id":"https:\/\/vana.vspa.ee\/hoolitsused\/v-spa-signatuurhoolitsus-kehale-ja-naole\/#breadcrumb"},"inLanguage":"lv-LV","potentialAction":[{"@type":"ReadAction","target":["https:\/\/vana.vspa.ee\/hoolitsused\/v-spa-signatuurhoolitsus-kehale-ja-naole\/"]}]},{"@type":"BreadcrumbList","@id":"https:\/\/vana.vspa.ee\/hoolitsused\/v-spa-signatuurhoolitsus-kehale-ja-naole\/#breadcrumb","itemListElement":[{"@type":"ListItem","position":1,"name":"Home","item":"https:\/\/vana.vspa.ee\/lv\/"},{"@type":"ListItem","position":2,"name":"Ritu\u0101li","item":"https:\/\/vana.vspa.ee\/hoolitsused\/"},{"@type":"ListItem","position":3,"name":"V Spa holistiskais spa ritu\u0101ls \u0137ermenim un sejai"}]},{"@type":"WebSite","@id":"https:\/\/vana.vspa.ee\/#website","url":"https:\/\/vana.vspa.ee\/","name":"V Spa","description":"V\u00f5ta veest viimast!","potentialAction":[{"@type":"SearchAction","target":{"@type":"EntryPoint","urlTemplate":"https:\/\/vana.vspa.ee\/?s={search_term_string}"},"query-input":{"@type":"PropertyValueSpecification","valueRequired":true,"valueName":"search_term_string"}}],"inLanguage":"lv-LV"}]}},"_links":{"self":[{"href":"https:\/\/vana.vspa.ee\/lv\/wp-json\/wp\/v2\/pages\/25477","targetHints":{"allow":["GET"]}}],"collection":[{"href":"https:\/\/vana.vspa.ee\/lv\/wp-json\/wp\/v2\/pages"}],"about":[{"href":"https:\/\/vana.vspa.ee\/lv\/wp-json\/wp\/v2\/types\/page"}],"author":[{"embeddable":true,"href":"https:\/\/vana.vspa.ee\/lv\/wp-json\/wp\/v2\/users\/1"}],"replies":[{"embeddable":true,"href":"https:\/\/vana.vspa.ee\/lv\/wp-json\/wp\/v2\/comments?post=25477"}],"version-history":[{"count":5,"href":"https:\/\/vana.vspa.ee\/lv\/wp-json\/wp\/v2\/pages\/25477\/revisions"}],"predecessor-version":[{"id":47219,"href":"https:\/\/vana.vspa.ee\/lv\/wp-json\/wp\/v2\/pages\/25477\/revisions\/47219"}],"up":[{"embeddable":true,"href":"https:\/\/vana.vspa.ee\/lv\/wp-json\/wp\/v2\/pages\/1094"}],"wp:attachment":[{"href":"https:\/\/vana.vspa.ee\/lv\/wp-json\/wp\/v2\/media?parent=25477"}],"curies":[{"name":"wp","href":"https:\/\/api.w.org\/{rel}","templated":true}]}}