{"id":3161,"date":"2016-12-13T11:03:45","date_gmt":"2016-12-13T09:03:45","guid":{"rendered":"http:\/\/vspa.ee\/tingimused\/"},"modified":"2020-03-06T11:07:16","modified_gmt":"2020-03-06T09:07:16","slug":"davanu-kartes-pirksanas-nosacijumi","status":"publish","type":"page","link":"https:\/\/vana.vspa.ee\/lv\/davanu-kartes-pirksanas-nosacijumi\/","title":{"rendered":"D\u0101vanu kartes pirk\u0161anas nosac\u012bjumi"},"content":{"rendered":"<ol>\n<li>D\u0101vanu karti var izmantot V Spa pakalpojumu un pre\u010du (iz\u0146emot jaunas d\u0101vanu kartes) ieg\u0101dei.<\/li>\n<li>D\u0101vanu karti vari izmantot izmantojot uz t\u0101s eso\u0161o unik\u0101lo kodu.<\/li>\n<li>Glab\u0101 d\u0101vanu kartes unik\u0101lo kodu r\u016bp\u012bgi, lai tas nenon\u0101ktu sve\u0161\u0101s rok\u0101s.<\/li>\n<li>Ieg\u0101d\u0101joties d\u0101vanu karti internet\u0101, p\u0101rliecinies, ka e-pasta adrese, uz kuru d\u0101vanu karti s\u016bt\u012bsim, ir pareiza.<\/li>\n<li>V Spa neuz\u0146emas atbild\u012bbu par zaud\u0113jumiem, kas radu\u0161ies d\u0101vanu kartes unik\u0101lajam kodam non\u0101kot sve\u0161\u0101s rok\u0101s (tai skait\u0101 nepareizas e-pasta adreses rezult\u0101t\u0101).<\/li>\n<li>D\u0101vanu karte ir der\u012bga l\u012bdz uz t\u0101s nor\u0101d\u012bt\u0101 termi\u0146a beig\u0101m. V Spa neatl\u012bdzina neizmantotas der\u012bguma termi\u0146u p\u0101rsniegu\u0161as d\u0101vanu kartes.<\/li>\n<li>D\u0101vanu karti nevar samain\u012bt pret naudu vai citu d\u0101vanu karti.<\/li>\n<li>V Spa monet\u0101r\u0101s d\u0101vanu kartes ir atkal izmantojamas l\u012bdz summa izlietota.<\/li>\n<li>V Spa proced\u016bru d\u0101vanu karte var tikt izmantota vienreiz.<\/li>\n<li>Ja izv\u0113l\u0113t\u0101 pakalpojuma vai preces summa p\u0101rsniedz d\u0101vanu kart\u0113 eso\u0161o summu, ir iesp\u0113jams par to nor\u0113\u0137in\u0101ties piemaks\u0101jot.<\/li>\n<li>D\u0101vanu kartes nav iesp\u0113jams ieg\u0101d\u0101ties uz nomaksu.<\/li>\n<li>Ieg\u0101d\u0101joties d\u0101vanu karti internet\u0101, pat\u0113r\u0113t\u0101jam ir ties\u012bbas atteikties no distances l\u012bguma 14 dienu laik\u0101 no d\u0101vanu kartes sa\u0146em\u0161anas dienas (interneta veikal\u0101 ieg\u0101d\u0101to d\u0101vanu kar\u0161u gad\u012bjum\u0101 s\u0101kot no dienas kad d\u0101vanu karte sa\u0146emta e-past\u0101). No distances l\u012bguma atteikties nav iesp\u0113jams, ja d\u0101vanu karte ir izmantota.<\/li>\n<li>V Spa ir ties\u012bbas main\u012bt d\u0101vanu kar\u0161u lieto\u0161anas noteikumus, par to pazi\u0146ojot, V Spa m\u0101jas lap\u0101 www.vspa.ee 14 dienas pirms izmai\u0146u s\u0101\u0161an\u0101s sp\u0113k\u0101.<\/li>\n<\/ol>\n","protected":false},"excerpt":{"rendered":"<p>D\u0101vanu karti var izmantot V Spa pakalpojumu un pre\u010du (iz\u0146emot jaunas d\u0101vanu kartes) ieg\u0101dei. D\u0101vanu karti vari izmantot izmantojot uz&#8230;<\/p>\n","protected":false},"author":1,"featured_media":0,"parent":0,"menu_order":900,"comment_status":"closed","ping_status":"closed","template":"","meta":{"_acf_changed":false,"_monsterinsights_skip_tracking":false,"_monsterinsights_sitenote_active":false,"_monsterinsights_sitenote_note":"","_monsterinsights_sitenote_category":0,"footnotes":"","_links_to":"","_links_to_target":""},"class_list":["post-3161","page","type-page","status-publish","hentry"],"acf":[],"yoast_head":"<!-- This site is optimized with the Yoast SEO plugin v24.7 - https:\/\/yoast.com\/wordpress\/plugins\/seo\/ -->\n<title>D\u0101vanu kartes pirk\u0161anas nosac\u012bjumi - V Spa<\/title>\n<meta name=\"robots\" content=\"noindex, follow, max-snippet:-1, max-image-preview:large, max-video-preview:-1\" \/>\n<meta property=\"og:locale\" content=\"lv_LV\" \/>\n<meta property=\"og:type\" content=\"article\" \/>\n<meta property=\"og:title\" content=\"D\u0101vanu kartes pirk\u0161anas nosac\u012bjumi - V Spa\" \/>\n<meta property=\"og:description\" content=\"D\u0101vanu karti var izmantot V Spa pakalpojumu un pre\u010du (iz\u0146emot jaunas d\u0101vanu kartes) ieg\u0101dei. D\u0101vanu karti vari izmantot izmantojot uz...\" \/>\n<meta property=\"og:url\" content=\"https:\/\/vana.vspa.ee\/tingimused\/\" \/>\n<meta property=\"og:site_name\" content=\"V Spa\" \/>\n<meta property=\"article:modified_time\" content=\"2020-03-06T09:07:16+00:00\" \/>\n<meta name=\"twitter:card\" content=\"summary_large_image\" \/>\n<meta name=\"twitter:label1\" content=\"Est. reading time\" \/>\n\t<meta name=\"twitter:data1\" content=\"2 min\u016btes\" \/>\n<script type=\"application\/ld+json\" class=\"yoast-schema-graph\">{\"@context\":\"https:\/\/schema.org\",\"@graph\":[{\"@type\":\"WebPage\",\"@id\":\"https:\/\/vana.vspa.ee\/tingimused\/\",\"url\":\"https:\/\/vana.vspa.ee\/tingimused\/\",\"name\":\"D\u0101vanu kartes pirk\u0161anas nosac\u012bjumi - V Spa\",\"isPartOf\":{\"@id\":\"https:\/\/vana.vspa.ee\/#website\"},\"datePublished\":\"2016-12-13T09:03:45+00:00\",\"dateModified\":\"2020-03-06T09:07:16+00:00\",\"breadcrumb\":{\"@id\":\"https:\/\/vana.vspa.ee\/tingimused\/#breadcrumb\"},\"inLanguage\":\"lv-LV\",\"potentialAction\":[{\"@type\":\"ReadAction\",\"target\":[\"https:\/\/vana.vspa.ee\/tingimused\/\"]}]},{\"@type\":\"BreadcrumbList\",\"@id\":\"https:\/\/vana.vspa.ee\/tingimused\/#breadcrumb\",\"itemListElement\":[{\"@type\":\"ListItem\",\"position\":1,\"name\":\"Home\",\"item\":\"https:\/\/vana.vspa.ee\/lv\/\"},{\"@type\":\"ListItem\",\"position\":2,\"name\":\"D\u0101vanu kartes pirk\u0161anas nosac\u012bjumi\"}]},{\"@type\":\"WebSite\",\"@id\":\"https:\/\/vana.vspa.ee\/#website\",\"url\":\"https:\/\/vana.vspa.ee\/\",\"name\":\"V Spa\",\"description\":\"V\u00f5ta veest viimast!\",\"potentialAction\":[{\"@type\":\"SearchAction\",\"target\":{\"@type\":\"EntryPoint\",\"urlTemplate\":\"https:\/\/vana.vspa.ee\/?s={search_term_string}\"},\"query-input\":{\"@type\":\"PropertyValueSpecification\",\"valueRequired\":true,\"valueName\":\"search_term_string\"}}],\"inLanguage\":\"lv-LV\"}]}<\/script>\n<!-- \/ Yoast SEO plugin. -->","yoast_head_json":{"title":"D\u0101vanu kartes pirk\u0161anas nosac\u012bjumi - V Spa","robots":{"index":"noindex","follow":"follow","max-snippet":"max-snippet:-1","max-image-preview":"max-image-preview:large","max-video-preview":"max-video-preview:-1"},"og_locale":"lv_LV","og_type":"article","og_title":"D\u0101vanu kartes pirk\u0161anas nosac\u012bjumi - V Spa","og_description":"D\u0101vanu karti var izmantot V Spa pakalpojumu un pre\u010du (iz\u0146emot jaunas d\u0101vanu kartes) ieg\u0101dei. D\u0101vanu karti vari izmantot izmantojot uz...","og_url":"https:\/\/vana.vspa.ee\/tingimused\/","og_site_name":"V Spa","article_modified_time":"2020-03-06T09:07:16+00:00","twitter_card":"summary_large_image","twitter_misc":{"Est. reading time":"2 min\u016btes"},"schema":{"@context":"https:\/\/schema.org","@graph":[{"@type":"WebPage","@id":"https:\/\/vana.vspa.ee\/tingimused\/","url":"https:\/\/vana.vspa.ee\/tingimused\/","name":"D\u0101vanu kartes pirk\u0161anas nosac\u012bjumi - V Spa","isPartOf":{"@id":"https:\/\/vana.vspa.ee\/#website"},"datePublished":"2016-12-13T09:03:45+00:00","dateModified":"2020-03-06T09:07:16+00:00","breadcrumb":{"@id":"https:\/\/vana.vspa.ee\/tingimused\/#breadcrumb"},"inLanguage":"lv-LV","potentialAction":[{"@type":"ReadAction","target":["https:\/\/vana.vspa.ee\/tingimused\/"]}]},{"@type":"BreadcrumbList","@id":"https:\/\/vana.vspa.ee\/tingimused\/#breadcrumb","itemListElement":[{"@type":"ListItem","position":1,"name":"Home","item":"https:\/\/vana.vspa.ee\/lv\/"},{"@type":"ListItem","position":2,"name":"D\u0101vanu kartes pirk\u0161anas nosac\u012bjumi"}]},{"@type":"WebSite","@id":"https:\/\/vana.vspa.ee\/#website","url":"https:\/\/vana.vspa.ee\/","name":"V Spa","description":"V\u00f5ta veest viimast!","potentialAction":[{"@type":"SearchAction","target":{"@type":"EntryPoint","urlTemplate":"https:\/\/vana.vspa.ee\/?s={search_term_string}"},"query-input":{"@type":"PropertyValueSpecification","valueRequired":true,"valueName":"search_term_string"}}],"inLanguage":"lv-LV"}]}},"_links":{"self":[{"href":"https:\/\/vana.vspa.ee\/lv\/wp-json\/wp\/v2\/pages\/3161","targetHints":{"allow":["GET"]}}],"collection":[{"href":"https:\/\/vana.vspa.ee\/lv\/wp-json\/wp\/v2\/pages"}],"about":[{"href":"https:\/\/vana.vspa.ee\/lv\/wp-json\/wp\/v2\/types\/page"}],"author":[{"embeddable":true,"href":"https:\/\/vana.vspa.ee\/lv\/wp-json\/wp\/v2\/users\/1"}],"replies":[{"embeddable":true,"href":"https:\/\/vana.vspa.ee\/lv\/wp-json\/wp\/v2\/comments?post=3161"}],"version-history":[{"count":1,"href":"https:\/\/vana.vspa.ee\/lv\/wp-json\/wp\/v2\/pages\/3161\/revisions"}],"predecessor-version":[{"id":23788,"href":"https:\/\/vana.vspa.ee\/lv\/wp-json\/wp\/v2\/pages\/3161\/revisions\/23788"}],"wp:attachment":[{"href":"https:\/\/vana.vspa.ee\/lv\/wp-json\/wp\/v2\/media?parent=3161"}],"curies":[{"name":"wp","href":"https:\/\/api.w.org\/{rel}","templated":true}]}}