{"id":40602,"date":"2023-08-04T10:47:28","date_gmt":"2023-08-04T07:47:28","guid":{"rendered":"https:\/\/vspa.ee\/rituali\/jaapani-terapeutiline-naomassaaz-kobido\/"},"modified":"2023-12-07T16:37:32","modified_gmt":"2023-12-07T14:37:32","slug":"jaapani-terapeutiline-naomassaaz-kobido","status":"publish","type":"page","link":"https:\/\/vana.vspa.ee\/lv\/rituali\/jaapani-terapeutiline-naomassaaz-kobido\/","title":{"rendered":"Jap\u0101\u0146u \u0101rstniecisk\u0101 sejas mas\u0101\u017ea Kobido"},"content":{"rendered":"<p>Kobido apvieno lab\u0101k\u0101s jap\u0101\u0146u terapeitisk\u0101s sejas mas\u0101\u017eas elementus. Gadsimtiem sen\u0101 sejas mas\u0101\u017eas tehnika ir \u012bpa\u0161i izstr\u0101d\u0101ta, lai mazin\u0101tu emocion\u0101lo spriedzi un t\u0101d\u0113j\u0101di nov\u0113rstu noveco\u0161an\u0101s paz\u012bmes. T\u0101s rezult\u0101ti ir redzami jau p\u0113c pirm\u0101s proced\u016bras. Mas\u0101\u017ea pal\u012bdz no\u0146emt sejas musku\u013cu sasprindzin\u0101jumu un spazmas, uzlabo un l\u012bdzsvaro asinsriti. Kobido sejas mas\u0101\u017eas maksim\u0101lais efekts tiek sasniegts p\u0113c 7 proced\u016bru mas\u0101\u017eas k\u016bres 4-5 ned\u0113\u013cu laik\u0101. Lai uztur\u0113tu sasniegto efektu, ieteicam apmekl\u0113t proced\u016bru reizi m\u0113nes\u012b.<\/p>\n","protected":false},"excerpt":{"rendered":"<p>Kobido apvieno lab\u0101k\u0101s jap\u0101\u0146u terapeitisk\u0101s sejas mas\u0101\u017eas elementus. Gadsimtiem sen\u0101 sejas mas\u0101\u017eas tehnika ir \u012bpa\u0161i izstr\u0101d\u0101ta, lai mazin\u0101tu emocion\u0101lo spriedzi&#8230;<\/p>\n","protected":false},"author":1,"featured_media":0,"parent":1094,"menu_order":0,"comment_status":"closed","ping_status":"closed","template":"page-templates\/tpl-offer1.php","meta":{"_acf_changed":false,"_monsterinsights_skip_tracking":false,"_monsterinsights_sitenote_active":false,"_monsterinsights_sitenote_note":"","_monsterinsights_sitenote_category":0,"footnotes":"","_links_to":"","_links_to_target":""},"class_list":["post-40602","page","type-page","status-publish","hentry"],"acf":[],"yoast_head":"<!-- This site is optimized with the Yoast SEO plugin v24.7 - https:\/\/yoast.com\/wordpress\/plugins\/seo\/ -->\n<title>Jap\u0101\u0146u \u0101rstniecisk\u0101 sejas mas\u0101\u017ea Kobido - V Spa<\/title>\n<meta name=\"robots\" content=\"noindex, follow, max-snippet:-1, max-image-preview:large, max-video-preview:-1\" \/>\n<meta property=\"og:locale\" content=\"lv_LV\" \/>\n<meta property=\"og:type\" content=\"article\" \/>\n<meta property=\"og:title\" content=\"Jap\u0101\u0146u \u0101rstniecisk\u0101 sejas mas\u0101\u017ea Kobido - V Spa\" \/>\n<meta property=\"og:description\" content=\"Kobido apvieno lab\u0101k\u0101s jap\u0101\u0146u terapeitisk\u0101s sejas mas\u0101\u017eas elementus. Gadsimtiem sen\u0101 sejas mas\u0101\u017eas tehnika ir \u012bpa\u0161i izstr\u0101d\u0101ta, lai mazin\u0101tu emocion\u0101lo spriedzi...\" \/>\n<meta property=\"og:url\" content=\"https:\/\/vana.vspa.ee\/hoolitsused\/jaapani-terapeutiline-naomassaaz-kobido\/\" \/>\n<meta property=\"og:site_name\" content=\"V Spa\" \/>\n<meta property=\"article:modified_time\" content=\"2023-12-07T14:37:32+00:00\" \/>\n<meta name=\"twitter:card\" content=\"summary_large_image\" \/>\n<meta name=\"twitter:label1\" content=\"Est. reading time\" \/>\n\t<meta name=\"twitter:data1\" content=\"1 min\u016b\u0161u\" \/>\n<script type=\"application\/ld+json\" class=\"yoast-schema-graph\">{\"@context\":\"https:\/\/schema.org\",\"@graph\":[{\"@type\":\"WebPage\",\"@id\":\"https:\/\/vana.vspa.ee\/hoolitsused\/jaapani-terapeutiline-naomassaaz-kobido\/\",\"url\":\"https:\/\/vana.vspa.ee\/hoolitsused\/jaapani-terapeutiline-naomassaaz-kobido\/\",\"name\":\"Jap\u0101\u0146u \u0101rstniecisk\u0101 sejas mas\u0101\u017ea Kobido - V Spa\",\"isPartOf\":{\"@id\":\"https:\/\/vana.vspa.ee\/#website\"},\"datePublished\":\"2023-08-04T07:47:28+00:00\",\"dateModified\":\"2023-12-07T14:37:32+00:00\",\"breadcrumb\":{\"@id\":\"https:\/\/vana.vspa.ee\/hoolitsused\/jaapani-terapeutiline-naomassaaz-kobido\/#breadcrumb\"},\"inLanguage\":\"lv-LV\",\"potentialAction\":[{\"@type\":\"ReadAction\",\"target\":[\"https:\/\/vana.vspa.ee\/hoolitsused\/jaapani-terapeutiline-naomassaaz-kobido\/\"]}]},{\"@type\":\"BreadcrumbList\",\"@id\":\"https:\/\/vana.vspa.ee\/hoolitsused\/jaapani-terapeutiline-naomassaaz-kobido\/#breadcrumb\",\"itemListElement\":[{\"@type\":\"ListItem\",\"position\":1,\"name\":\"Home\",\"item\":\"https:\/\/vana.vspa.ee\/lv\/\"},{\"@type\":\"ListItem\",\"position\":2,\"name\":\"Ritu\u0101li\",\"item\":\"https:\/\/vana.vspa.ee\/hoolitsused\/\"},{\"@type\":\"ListItem\",\"position\":3,\"name\":\"Jap\u0101\u0146u \u0101rstniecisk\u0101 sejas mas\u0101\u017ea Kobido\"}]},{\"@type\":\"WebSite\",\"@id\":\"https:\/\/vana.vspa.ee\/#website\",\"url\":\"https:\/\/vana.vspa.ee\/\",\"name\":\"V Spa\",\"description\":\"V\u00f5ta veest viimast!\",\"potentialAction\":[{\"@type\":\"SearchAction\",\"target\":{\"@type\":\"EntryPoint\",\"urlTemplate\":\"https:\/\/vana.vspa.ee\/?s={search_term_string}\"},\"query-input\":{\"@type\":\"PropertyValueSpecification\",\"valueRequired\":true,\"valueName\":\"search_term_string\"}}],\"inLanguage\":\"lv-LV\"}]}<\/script>\n<!-- \/ Yoast SEO plugin. -->","yoast_head_json":{"title":"Jap\u0101\u0146u \u0101rstniecisk\u0101 sejas mas\u0101\u017ea Kobido - V Spa","robots":{"index":"noindex","follow":"follow","max-snippet":"max-snippet:-1","max-image-preview":"max-image-preview:large","max-video-preview":"max-video-preview:-1"},"og_locale":"lv_LV","og_type":"article","og_title":"Jap\u0101\u0146u \u0101rstniecisk\u0101 sejas mas\u0101\u017ea Kobido - V Spa","og_description":"Kobido apvieno lab\u0101k\u0101s jap\u0101\u0146u terapeitisk\u0101s sejas mas\u0101\u017eas elementus. Gadsimtiem sen\u0101 sejas mas\u0101\u017eas tehnika ir \u012bpa\u0161i izstr\u0101d\u0101ta, lai mazin\u0101tu emocion\u0101lo spriedzi...","og_url":"https:\/\/vana.vspa.ee\/hoolitsused\/jaapani-terapeutiline-naomassaaz-kobido\/","og_site_name":"V Spa","article_modified_time":"2023-12-07T14:37:32+00:00","twitter_card":"summary_large_image","twitter_misc":{"Est. reading time":"1 min\u016b\u0161u"},"schema":{"@context":"https:\/\/schema.org","@graph":[{"@type":"WebPage","@id":"https:\/\/vana.vspa.ee\/hoolitsused\/jaapani-terapeutiline-naomassaaz-kobido\/","url":"https:\/\/vana.vspa.ee\/hoolitsused\/jaapani-terapeutiline-naomassaaz-kobido\/","name":"Jap\u0101\u0146u \u0101rstniecisk\u0101 sejas mas\u0101\u017ea Kobido - V Spa","isPartOf":{"@id":"https:\/\/vana.vspa.ee\/#website"},"datePublished":"2023-08-04T07:47:28+00:00","dateModified":"2023-12-07T14:37:32+00:00","breadcrumb":{"@id":"https:\/\/vana.vspa.ee\/hoolitsused\/jaapani-terapeutiline-naomassaaz-kobido\/#breadcrumb"},"inLanguage":"lv-LV","potentialAction":[{"@type":"ReadAction","target":["https:\/\/vana.vspa.ee\/hoolitsused\/jaapani-terapeutiline-naomassaaz-kobido\/"]}]},{"@type":"BreadcrumbList","@id":"https:\/\/vana.vspa.ee\/hoolitsused\/jaapani-terapeutiline-naomassaaz-kobido\/#breadcrumb","itemListElement":[{"@type":"ListItem","position":1,"name":"Home","item":"https:\/\/vana.vspa.ee\/lv\/"},{"@type":"ListItem","position":2,"name":"Ritu\u0101li","item":"https:\/\/vana.vspa.ee\/hoolitsused\/"},{"@type":"ListItem","position":3,"name":"Jap\u0101\u0146u \u0101rstniecisk\u0101 sejas mas\u0101\u017ea Kobido"}]},{"@type":"WebSite","@id":"https:\/\/vana.vspa.ee\/#website","url":"https:\/\/vana.vspa.ee\/","name":"V Spa","description":"V\u00f5ta veest viimast!","potentialAction":[{"@type":"SearchAction","target":{"@type":"EntryPoint","urlTemplate":"https:\/\/vana.vspa.ee\/?s={search_term_string}"},"query-input":{"@type":"PropertyValueSpecification","valueRequired":true,"valueName":"search_term_string"}}],"inLanguage":"lv-LV"}]}},"_links":{"self":[{"href":"https:\/\/vana.vspa.ee\/lv\/wp-json\/wp\/v2\/pages\/40602","targetHints":{"allow":["GET"]}}],"collection":[{"href":"https:\/\/vana.vspa.ee\/lv\/wp-json\/wp\/v2\/pages"}],"about":[{"href":"https:\/\/vana.vspa.ee\/lv\/wp-json\/wp\/v2\/types\/page"}],"author":[{"embeddable":true,"href":"https:\/\/vana.vspa.ee\/lv\/wp-json\/wp\/v2\/users\/1"}],"replies":[{"embeddable":true,"href":"https:\/\/vana.vspa.ee\/lv\/wp-json\/wp\/v2\/comments?post=40602"}],"version-history":[{"count":3,"href":"https:\/\/vana.vspa.ee\/lv\/wp-json\/wp\/v2\/pages\/40602\/revisions"}],"predecessor-version":[{"id":42246,"href":"https:\/\/vana.vspa.ee\/lv\/wp-json\/wp\/v2\/pages\/40602\/revisions\/42246"}],"up":[{"embeddable":true,"href":"https:\/\/vana.vspa.ee\/lv\/wp-json\/wp\/v2\/pages\/1094"}],"wp:attachment":[{"href":"https:\/\/vana.vspa.ee\/lv\/wp-json\/wp\/v2\/media?parent=40602"}],"curies":[{"name":"wp","href":"https:\/\/api.w.org\/{rel}","templated":true}]}}