{"id":44211,"date":"2022-06-22T13:28:44","date_gmt":"2022-06-22T10:28:44","guid":{"rendered":"https:\/\/vspa.ee\/rituali\/trim-slim-naohoolitsusega\/"},"modified":"2024-11-28T15:30:50","modified_gmt":"2024-11-28T13:30:50","slug":"trim-slim-naohoolitsusega","status":"publish","type":"page","link":"https:\/\/vana.vspa.ee\/lv\/rituali\/trim-slim-naohoolitsusega\/","title":{"rendered":"Trim &#038; Slim ar sejas kop\u0161anas proced\u016bru"},"content":{"rendered":"<p>\u0160okol\u0101des-piparm\u0113tru \u0137ermeni slaidino\u0161a proced\u016bra ar infrasarkano segu un sejas kop\u0161anas proced\u016bru. Proced\u016bra ietver visa \u0137erme\u0146a p\u012blingu ar piparm\u0113tru-\u0161okol\u0101des skrubi, \u0137erme\u0146a masku ar j\u016bras miner\u0101liem un sejas kop\u0161anu ar auduma masku (piem\u0113rota visiem \u0101das tipiem). Proced\u016bras beig\u0101s \u0137ermenim tiek uzkl\u0101ts pretcelul\u012bta kr\u0113ms. Proced\u016bra pal\u012bdz samazin\u0101t celul\u012btu, atsvaidzina un sniedz viegluma saj\u016btu.<\/p>\n","protected":false},"excerpt":{"rendered":"<p>\u0160okol\u0101des-piparm\u0113tru \u0137ermeni slaidino\u0161a proced\u016bra ar infrasarkano segu un sejas kop\u0161anas proced\u016bru. Proced\u016bra ietver visa \u0137erme\u0146a p\u012blingu ar piparm\u0113tru-\u0161okol\u0101des skrubi, \u0137erme\u0146a&#8230;<\/p>\n","protected":false},"author":1,"featured_media":0,"parent":1094,"menu_order":0,"comment_status":"closed","ping_status":"closed","template":"page-templates\/tpl-offer1.php","meta":{"_acf_changed":false,"_monsterinsights_skip_tracking":false,"_monsterinsights_sitenote_active":false,"_monsterinsights_sitenote_note":"","_monsterinsights_sitenote_category":0,"footnotes":"","_links_to":"","_links_to_target":""},"class_list":["post-44211","page","type-page","status-publish","hentry"],"acf":[],"yoast_head":"<!-- This site is optimized with the Yoast SEO plugin v24.7 - https:\/\/yoast.com\/wordpress\/plugins\/seo\/ -->\n<title>Trim &amp; Slim ar sejas kop\u0161anas proced\u016bru - V Spa<\/title>\n<meta name=\"robots\" content=\"noindex, follow, max-snippet:-1, max-image-preview:large, max-video-preview:-1\" \/>\n<meta property=\"og:locale\" content=\"lv_LV\" \/>\n<meta property=\"og:type\" content=\"article\" \/>\n<meta property=\"og:title\" content=\"Trim &amp; Slim ar sejas kop\u0161anas proced\u016bru - V Spa\" \/>\n<meta property=\"og:description\" content=\"\u0160okol\u0101des-piparm\u0113tru \u0137ermeni slaidino\u0161a proced\u016bra ar infrasarkano segu un sejas kop\u0161anas proced\u016bru. Proced\u016bra ietver visa \u0137erme\u0146a p\u012blingu ar piparm\u0113tru-\u0161okol\u0101des skrubi, \u0137erme\u0146a...\" \/>\n<meta property=\"og:url\" content=\"https:\/\/vana.vspa.ee\/hoolitsused\/trim-slim-naohoolitsusega\/\" \/>\n<meta property=\"og:site_name\" content=\"V Spa\" \/>\n<meta property=\"article:modified_time\" content=\"2024-11-28T13:30:50+00:00\" \/>\n<meta name=\"twitter:card\" content=\"summary_large_image\" \/>\n<meta name=\"twitter:label1\" content=\"Est. reading time\" \/>\n\t<meta name=\"twitter:data1\" content=\"1 min\u016b\u0161u\" \/>\n<script type=\"application\/ld+json\" class=\"yoast-schema-graph\">{\"@context\":\"https:\/\/schema.org\",\"@graph\":[{\"@type\":\"WebPage\",\"@id\":\"https:\/\/vana.vspa.ee\/hoolitsused\/trim-slim-naohoolitsusega\/\",\"url\":\"https:\/\/vana.vspa.ee\/hoolitsused\/trim-slim-naohoolitsusega\/\",\"name\":\"Trim & Slim ar sejas kop\u0161anas proced\u016bru - V Spa\",\"isPartOf\":{\"@id\":\"https:\/\/vana.vspa.ee\/#website\"},\"datePublished\":\"2022-06-22T10:28:44+00:00\",\"dateModified\":\"2024-11-28T13:30:50+00:00\",\"breadcrumb\":{\"@id\":\"https:\/\/vana.vspa.ee\/hoolitsused\/trim-slim-naohoolitsusega\/#breadcrumb\"},\"inLanguage\":\"lv-LV\",\"potentialAction\":[{\"@type\":\"ReadAction\",\"target\":[\"https:\/\/vana.vspa.ee\/hoolitsused\/trim-slim-naohoolitsusega\/\"]}]},{\"@type\":\"BreadcrumbList\",\"@id\":\"https:\/\/vana.vspa.ee\/hoolitsused\/trim-slim-naohoolitsusega\/#breadcrumb\",\"itemListElement\":[{\"@type\":\"ListItem\",\"position\":1,\"name\":\"Home\",\"item\":\"https:\/\/vana.vspa.ee\/lv\/\"},{\"@type\":\"ListItem\",\"position\":2,\"name\":\"Ritu\u0101li\",\"item\":\"https:\/\/vana.vspa.ee\/hoolitsused\/\"},{\"@type\":\"ListItem\",\"position\":3,\"name\":\"Trim &#038; Slim ar sejas kop\u0161anas proced\u016bru\"}]},{\"@type\":\"WebSite\",\"@id\":\"https:\/\/vana.vspa.ee\/#website\",\"url\":\"https:\/\/vana.vspa.ee\/\",\"name\":\"V Spa\",\"description\":\"V\u00f5ta veest viimast!\",\"potentialAction\":[{\"@type\":\"SearchAction\",\"target\":{\"@type\":\"EntryPoint\",\"urlTemplate\":\"https:\/\/vana.vspa.ee\/?s={search_term_string}\"},\"query-input\":{\"@type\":\"PropertyValueSpecification\",\"valueRequired\":true,\"valueName\":\"search_term_string\"}}],\"inLanguage\":\"lv-LV\"}]}<\/script>\n<!-- \/ Yoast SEO plugin. -->","yoast_head_json":{"title":"Trim & Slim ar sejas kop\u0161anas proced\u016bru - V Spa","robots":{"index":"noindex","follow":"follow","max-snippet":"max-snippet:-1","max-image-preview":"max-image-preview:large","max-video-preview":"max-video-preview:-1"},"og_locale":"lv_LV","og_type":"article","og_title":"Trim & Slim ar sejas kop\u0161anas proced\u016bru - V Spa","og_description":"\u0160okol\u0101des-piparm\u0113tru \u0137ermeni slaidino\u0161a proced\u016bra ar infrasarkano segu un sejas kop\u0161anas proced\u016bru. Proced\u016bra ietver visa \u0137erme\u0146a p\u012blingu ar piparm\u0113tru-\u0161okol\u0101des skrubi, \u0137erme\u0146a...","og_url":"https:\/\/vana.vspa.ee\/hoolitsused\/trim-slim-naohoolitsusega\/","og_site_name":"V Spa","article_modified_time":"2024-11-28T13:30:50+00:00","twitter_card":"summary_large_image","twitter_misc":{"Est. reading time":"1 min\u016b\u0161u"},"schema":{"@context":"https:\/\/schema.org","@graph":[{"@type":"WebPage","@id":"https:\/\/vana.vspa.ee\/hoolitsused\/trim-slim-naohoolitsusega\/","url":"https:\/\/vana.vspa.ee\/hoolitsused\/trim-slim-naohoolitsusega\/","name":"Trim & Slim ar sejas kop\u0161anas proced\u016bru - V Spa","isPartOf":{"@id":"https:\/\/vana.vspa.ee\/#website"},"datePublished":"2022-06-22T10:28:44+00:00","dateModified":"2024-11-28T13:30:50+00:00","breadcrumb":{"@id":"https:\/\/vana.vspa.ee\/hoolitsused\/trim-slim-naohoolitsusega\/#breadcrumb"},"inLanguage":"lv-LV","potentialAction":[{"@type":"ReadAction","target":["https:\/\/vana.vspa.ee\/hoolitsused\/trim-slim-naohoolitsusega\/"]}]},{"@type":"BreadcrumbList","@id":"https:\/\/vana.vspa.ee\/hoolitsused\/trim-slim-naohoolitsusega\/#breadcrumb","itemListElement":[{"@type":"ListItem","position":1,"name":"Home","item":"https:\/\/vana.vspa.ee\/lv\/"},{"@type":"ListItem","position":2,"name":"Ritu\u0101li","item":"https:\/\/vana.vspa.ee\/hoolitsused\/"},{"@type":"ListItem","position":3,"name":"Trim &#038; Slim ar sejas kop\u0161anas proced\u016bru"}]},{"@type":"WebSite","@id":"https:\/\/vana.vspa.ee\/#website","url":"https:\/\/vana.vspa.ee\/","name":"V Spa","description":"V\u00f5ta veest viimast!","potentialAction":[{"@type":"SearchAction","target":{"@type":"EntryPoint","urlTemplate":"https:\/\/vana.vspa.ee\/?s={search_term_string}"},"query-input":{"@type":"PropertyValueSpecification","valueRequired":true,"valueName":"search_term_string"}}],"inLanguage":"lv-LV"}]}},"_links":{"self":[{"href":"https:\/\/vana.vspa.ee\/lv\/wp-json\/wp\/v2\/pages\/44211","targetHints":{"allow":["GET"]}}],"collection":[{"href":"https:\/\/vana.vspa.ee\/lv\/wp-json\/wp\/v2\/pages"}],"about":[{"href":"https:\/\/vana.vspa.ee\/lv\/wp-json\/wp\/v2\/types\/page"}],"author":[{"embeddable":true,"href":"https:\/\/vana.vspa.ee\/lv\/wp-json\/wp\/v2\/users\/1"}],"replies":[{"embeddable":true,"href":"https:\/\/vana.vspa.ee\/lv\/wp-json\/wp\/v2\/comments?post=44211"}],"version-history":[{"count":2,"href":"https:\/\/vana.vspa.ee\/lv\/wp-json\/wp\/v2\/pages\/44211\/revisions"}],"predecessor-version":[{"id":47189,"href":"https:\/\/vana.vspa.ee\/lv\/wp-json\/wp\/v2\/pages\/44211\/revisions\/47189"}],"up":[{"embeddable":true,"href":"https:\/\/vana.vspa.ee\/lv\/wp-json\/wp\/v2\/pages\/1094"}],"wp:attachment":[{"href":"https:\/\/vana.vspa.ee\/lv\/wp-json\/wp\/v2\/media?parent=44211"}],"curies":[{"name":"wp","href":"https:\/\/api.w.org\/{rel}","templated":true}]}}