{"id":44213,"date":"2022-06-22T13:31:25","date_gmt":"2022-06-22T10:31:25","guid":{"rendered":"https:\/\/vspa.ee\/rituali\/voilille-kehahoolitsus\/"},"modified":"2025-03-10T09:17:11","modified_gmt":"2025-03-10T07:17:11","slug":"voilille-kehahoolitsus","status":"publish","type":"page","link":"https:\/\/vana.vspa.ee\/lv\/rituali\/voilille-kehahoolitsus\/","title":{"rendered":"Piene\u0146u \u0137erme\u0146a kop\u0161anas proced\u016bra"},"content":{"rendered":"<p>M\u0113s esam sav\u0101ku\u0161i visas saulain\u0101s, dzelten\u0101s pienenes un sagatavoju\u0161i jums pat\u012bkamu un vasar\u012bgu proced\u016bru. Pienen\u0113m ir daudz labv\u0113l\u012bgu \u012bpa\u0161\u012bbu \u2013 t\u0101s att\u012bra organismu, nov\u0113r\u0161 nogurumu un mazina t\u016bsku. \u0100da tiek att\u012br\u012bta ar piene\u0146u skrubi, to noskalo du\u0161\u0101 un turpin\u0101jum\u0101 tiek veikta mas\u0101\u017ea ar piene\u0146u mas\u0101\u017eas balz\u0101mu. \u0100da \u0137\u013c\u016bst atsvaidzin\u0101ta un pabarota.<\/p>\n","protected":false},"excerpt":{"rendered":"<p>M\u0113s esam sav\u0101ku\u0161i visas saulain\u0101s, dzelten\u0101s pienenes un sagatavoju\u0161i jums pat\u012bkamu un vasar\u012bgu proced\u016bru. Pienen\u0113m ir daudz labv\u0113l\u012bgu \u012bpa\u0161\u012bbu \u2013&#8230;<\/p>\n","protected":false},"author":1,"featured_media":0,"parent":1094,"menu_order":0,"comment_status":"closed","ping_status":"closed","template":"page-templates\/tpl-offer1.php","meta":{"_acf_changed":false,"_monsterinsights_skip_tracking":false,"_monsterinsights_sitenote_active":false,"_monsterinsights_sitenote_note":"","_monsterinsights_sitenote_category":0,"footnotes":"","_links_to":"","_links_to_target":""},"class_list":["post-44213","page","type-page","status-publish","hentry"],"acf":[],"yoast_head":"<!-- This site is optimized with the Yoast SEO plugin v24.7 - https:\/\/yoast.com\/wordpress\/plugins\/seo\/ -->\n<title>Piene\u0146u \u0137erme\u0146a kop\u0161anas proced\u016bra - V Spa<\/title>\n<meta name=\"robots\" content=\"noindex, follow, max-snippet:-1, max-image-preview:large, max-video-preview:-1\" \/>\n<meta property=\"og:locale\" content=\"lv_LV\" \/>\n<meta property=\"og:type\" content=\"article\" \/>\n<meta property=\"og:title\" content=\"Piene\u0146u \u0137erme\u0146a kop\u0161anas proced\u016bra - V Spa\" \/>\n<meta property=\"og:description\" content=\"M\u0113s esam sav\u0101ku\u0161i visas saulain\u0101s, dzelten\u0101s pienenes un sagatavoju\u0161i jums pat\u012bkamu un vasar\u012bgu proced\u016bru. Pienen\u0113m ir daudz labv\u0113l\u012bgu \u012bpa\u0161\u012bbu \u2013...\" \/>\n<meta property=\"og:url\" content=\"https:\/\/vana.vspa.ee\/hoolitsused\/voilille-kehahoolitsus\/\" \/>\n<meta property=\"og:site_name\" content=\"V Spa\" \/>\n<meta property=\"article:modified_time\" content=\"2025-03-10T07:17:11+00:00\" \/>\n<meta name=\"twitter:card\" content=\"summary_large_image\" \/>\n<meta name=\"twitter:label1\" content=\"Est. reading time\" \/>\n\t<meta name=\"twitter:data1\" content=\"1 min\u016b\u0161u\" \/>\n<script type=\"application\/ld+json\" class=\"yoast-schema-graph\">{\"@context\":\"https:\/\/schema.org\",\"@graph\":[{\"@type\":\"WebPage\",\"@id\":\"https:\/\/vana.vspa.ee\/hoolitsused\/voilille-kehahoolitsus\/\",\"url\":\"https:\/\/vana.vspa.ee\/hoolitsused\/voilille-kehahoolitsus\/\",\"name\":\"Piene\u0146u \u0137erme\u0146a kop\u0161anas proced\u016bra - V Spa\",\"isPartOf\":{\"@id\":\"https:\/\/vana.vspa.ee\/#website\"},\"datePublished\":\"2022-06-22T10:31:25+00:00\",\"dateModified\":\"2025-03-10T07:17:11+00:00\",\"breadcrumb\":{\"@id\":\"https:\/\/vana.vspa.ee\/hoolitsused\/voilille-kehahoolitsus\/#breadcrumb\"},\"inLanguage\":\"lv-LV\",\"potentialAction\":[{\"@type\":\"ReadAction\",\"target\":[\"https:\/\/vana.vspa.ee\/hoolitsused\/voilille-kehahoolitsus\/\"]}]},{\"@type\":\"BreadcrumbList\",\"@id\":\"https:\/\/vana.vspa.ee\/hoolitsused\/voilille-kehahoolitsus\/#breadcrumb\",\"itemListElement\":[{\"@type\":\"ListItem\",\"position\":1,\"name\":\"Home\",\"item\":\"https:\/\/vana.vspa.ee\/lv\/\"},{\"@type\":\"ListItem\",\"position\":2,\"name\":\"Ritu\u0101li\",\"item\":\"https:\/\/vana.vspa.ee\/hoolitsused\/\"},{\"@type\":\"ListItem\",\"position\":3,\"name\":\"Piene\u0146u \u0137erme\u0146a kop\u0161anas proced\u016bra\"}]},{\"@type\":\"WebSite\",\"@id\":\"https:\/\/vana.vspa.ee\/#website\",\"url\":\"https:\/\/vana.vspa.ee\/\",\"name\":\"V Spa\",\"description\":\"V\u00f5ta veest viimast!\",\"potentialAction\":[{\"@type\":\"SearchAction\",\"target\":{\"@type\":\"EntryPoint\",\"urlTemplate\":\"https:\/\/vana.vspa.ee\/?s={search_term_string}\"},\"query-input\":{\"@type\":\"PropertyValueSpecification\",\"valueRequired\":true,\"valueName\":\"search_term_string\"}}],\"inLanguage\":\"lv-LV\"}]}<\/script>\n<!-- \/ Yoast SEO plugin. -->","yoast_head_json":{"title":"Piene\u0146u \u0137erme\u0146a kop\u0161anas proced\u016bra - V Spa","robots":{"index":"noindex","follow":"follow","max-snippet":"max-snippet:-1","max-image-preview":"max-image-preview:large","max-video-preview":"max-video-preview:-1"},"og_locale":"lv_LV","og_type":"article","og_title":"Piene\u0146u \u0137erme\u0146a kop\u0161anas proced\u016bra - V Spa","og_description":"M\u0113s esam sav\u0101ku\u0161i visas saulain\u0101s, dzelten\u0101s pienenes un sagatavoju\u0161i jums pat\u012bkamu un vasar\u012bgu proced\u016bru. Pienen\u0113m ir daudz labv\u0113l\u012bgu \u012bpa\u0161\u012bbu \u2013...","og_url":"https:\/\/vana.vspa.ee\/hoolitsused\/voilille-kehahoolitsus\/","og_site_name":"V Spa","article_modified_time":"2025-03-10T07:17:11+00:00","twitter_card":"summary_large_image","twitter_misc":{"Est. reading time":"1 min\u016b\u0161u"},"schema":{"@context":"https:\/\/schema.org","@graph":[{"@type":"WebPage","@id":"https:\/\/vana.vspa.ee\/hoolitsused\/voilille-kehahoolitsus\/","url":"https:\/\/vana.vspa.ee\/hoolitsused\/voilille-kehahoolitsus\/","name":"Piene\u0146u \u0137erme\u0146a kop\u0161anas proced\u016bra - V Spa","isPartOf":{"@id":"https:\/\/vana.vspa.ee\/#website"},"datePublished":"2022-06-22T10:31:25+00:00","dateModified":"2025-03-10T07:17:11+00:00","breadcrumb":{"@id":"https:\/\/vana.vspa.ee\/hoolitsused\/voilille-kehahoolitsus\/#breadcrumb"},"inLanguage":"lv-LV","potentialAction":[{"@type":"ReadAction","target":["https:\/\/vana.vspa.ee\/hoolitsused\/voilille-kehahoolitsus\/"]}]},{"@type":"BreadcrumbList","@id":"https:\/\/vana.vspa.ee\/hoolitsused\/voilille-kehahoolitsus\/#breadcrumb","itemListElement":[{"@type":"ListItem","position":1,"name":"Home","item":"https:\/\/vana.vspa.ee\/lv\/"},{"@type":"ListItem","position":2,"name":"Ritu\u0101li","item":"https:\/\/vana.vspa.ee\/hoolitsused\/"},{"@type":"ListItem","position":3,"name":"Piene\u0146u \u0137erme\u0146a kop\u0161anas proced\u016bra"}]},{"@type":"WebSite","@id":"https:\/\/vana.vspa.ee\/#website","url":"https:\/\/vana.vspa.ee\/","name":"V Spa","description":"V\u00f5ta veest viimast!","potentialAction":[{"@type":"SearchAction","target":{"@type":"EntryPoint","urlTemplate":"https:\/\/vana.vspa.ee\/?s={search_term_string}"},"query-input":{"@type":"PropertyValueSpecification","valueRequired":true,"valueName":"search_term_string"}}],"inLanguage":"lv-LV"}]}},"_links":{"self":[{"href":"https:\/\/vana.vspa.ee\/lv\/wp-json\/wp\/v2\/pages\/44213","targetHints":{"allow":["GET"]}}],"collection":[{"href":"https:\/\/vana.vspa.ee\/lv\/wp-json\/wp\/v2\/pages"}],"about":[{"href":"https:\/\/vana.vspa.ee\/lv\/wp-json\/wp\/v2\/types\/page"}],"author":[{"embeddable":true,"href":"https:\/\/vana.vspa.ee\/lv\/wp-json\/wp\/v2\/users\/1"}],"replies":[{"embeddable":true,"href":"https:\/\/vana.vspa.ee\/lv\/wp-json\/wp\/v2\/comments?post=44213"}],"version-history":[{"count":3,"href":"https:\/\/vana.vspa.ee\/lv\/wp-json\/wp\/v2\/pages\/44213\/revisions"}],"predecessor-version":[{"id":49384,"href":"https:\/\/vana.vspa.ee\/lv\/wp-json\/wp\/v2\/pages\/44213\/revisions\/49384"}],"up":[{"embeddable":true,"href":"https:\/\/vana.vspa.ee\/lv\/wp-json\/wp\/v2\/pages\/1094"}],"wp:attachment":[{"href":"https:\/\/vana.vspa.ee\/lv\/wp-json\/wp\/v2\/media?parent=44213"}],"curies":[{"name":"wp","href":"https:\/\/api.w.org\/{rel}","templated":true}]}}