{"id":44216,"date":"2022-02-04T20:44:18","date_gmt":"2022-02-04T18:44:18","guid":{"rendered":"https:\/\/vspa.ee\/rituali\/loogastav-kehahoolitsus-koorimise-ja-massaaziga\/"},"modified":"2024-11-28T15:07:07","modified_gmt":"2024-11-28T13:07:07","slug":"loogastav-kehahoolitsus-koorimise-ja-massaaziga","status":"publish","type":"page","link":"https:\/\/vana.vspa.ee\/lv\/rituali\/loogastav-kehahoolitsus-koorimise-ja-massaaziga\/","title":{"rendered":"Relaks\u0113jo\u0161a \u0137erme\u0146a kop\u0161anas proced\u016bra ar p\u012blingu un mas\u0101\u017eu"},"content":{"rendered":"<p>\u0160\u012bz dzi\u013ci relaks\u0113jo\u0161\u0101s \u0137erme\u0146a proced\u016bras laik\u0101 sa\u0146emsiet p\u012blingu, kas sagatavo \u0101du un \u0137ermeni perfektai relaks\u0113jo\u0161ai mas\u0101\u017eai ar arom\u0101tisko e\u013c\u013cu mais\u012bjumu. E\u013c\u013cu mais\u012bjums satur argana, kam\u0113lijas, niedru un pasifloras ziedu e\u013c\u013cas.<\/p>\n<p><strong>Proced\u016br\u0101 tiek izmantoti GUINOT l\u012bnijas produkti<\/strong><\/p>\n","protected":false},"excerpt":{"rendered":"<p>\u0160\u012bz dzi\u013ci relaks\u0113jo\u0161\u0101s \u0137erme\u0146a proced\u016bras laik\u0101 sa\u0146emsiet p\u012blingu, kas sagatavo \u0101du un \u0137ermeni perfektai relaks\u0113jo\u0161ai mas\u0101\u017eai ar arom\u0101tisko e\u013c\u013cu mais\u012bjumu&#8230;.<\/p>\n","protected":false},"author":1,"featured_media":0,"parent":1094,"menu_order":0,"comment_status":"closed","ping_status":"closed","template":"page-templates\/tpl-offer1.php","meta":{"_acf_changed":false,"_monsterinsights_skip_tracking":false,"_monsterinsights_sitenote_active":false,"_monsterinsights_sitenote_note":"","_monsterinsights_sitenote_category":0,"footnotes":"","_links_to":"","_links_to_target":""},"class_list":["post-44216","page","type-page","status-publish","hentry"],"acf":[],"yoast_head":"<!-- This site is optimized with the Yoast SEO plugin v24.7 - https:\/\/yoast.com\/wordpress\/plugins\/seo\/ -->\n<title>Relaks\u0113jo\u0161a \u0137erme\u0146a kop\u0161anas proced\u016bra ar p\u012blingu un mas\u0101\u017eu - V Spa<\/title>\n<meta name=\"robots\" content=\"noindex, follow, max-snippet:-1, max-image-preview:large, max-video-preview:-1\" \/>\n<meta property=\"og:locale\" content=\"lv_LV\" \/>\n<meta property=\"og:type\" content=\"article\" \/>\n<meta property=\"og:title\" content=\"Relaks\u0113jo\u0161a \u0137erme\u0146a kop\u0161anas proced\u016bra ar p\u012blingu un mas\u0101\u017eu - V Spa\" \/>\n<meta property=\"og:description\" content=\"\u0160\u012bz dzi\u013ci relaks\u0113jo\u0161\u0101s \u0137erme\u0146a proced\u016bras laik\u0101 sa\u0146emsiet p\u012blingu, kas sagatavo \u0101du un \u0137ermeni perfektai relaks\u0113jo\u0161ai mas\u0101\u017eai ar arom\u0101tisko e\u013c\u013cu mais\u012bjumu....\" \/>\n<meta property=\"og:url\" content=\"https:\/\/vana.vspa.ee\/hoolitsused\/loogastav-kehahoolitsus-koorimise-ja-massaaziga\/\" \/>\n<meta property=\"og:site_name\" content=\"V Spa\" \/>\n<meta property=\"article:modified_time\" content=\"2024-11-28T13:07:07+00:00\" \/>\n<meta name=\"twitter:card\" content=\"summary_large_image\" \/>\n<meta name=\"twitter:label1\" content=\"Est. reading time\" \/>\n\t<meta name=\"twitter:data1\" content=\"1 min\u016b\u0161u\" \/>\n<script type=\"application\/ld+json\" class=\"yoast-schema-graph\">{\"@context\":\"https:\/\/schema.org\",\"@graph\":[{\"@type\":\"WebPage\",\"@id\":\"https:\/\/vana.vspa.ee\/hoolitsused\/loogastav-kehahoolitsus-koorimise-ja-massaaziga\/\",\"url\":\"https:\/\/vana.vspa.ee\/hoolitsused\/loogastav-kehahoolitsus-koorimise-ja-massaaziga\/\",\"name\":\"Relaks\u0113jo\u0161a \u0137erme\u0146a kop\u0161anas proced\u016bra ar p\u012blingu un mas\u0101\u017eu - V Spa\",\"isPartOf\":{\"@id\":\"https:\/\/vana.vspa.ee\/#website\"},\"datePublished\":\"2022-02-04T18:44:18+00:00\",\"dateModified\":\"2024-11-28T13:07:07+00:00\",\"breadcrumb\":{\"@id\":\"https:\/\/vana.vspa.ee\/hoolitsused\/loogastav-kehahoolitsus-koorimise-ja-massaaziga\/#breadcrumb\"},\"inLanguage\":\"lv-LV\",\"potentialAction\":[{\"@type\":\"ReadAction\",\"target\":[\"https:\/\/vana.vspa.ee\/hoolitsused\/loogastav-kehahoolitsus-koorimise-ja-massaaziga\/\"]}]},{\"@type\":\"BreadcrumbList\",\"@id\":\"https:\/\/vana.vspa.ee\/hoolitsused\/loogastav-kehahoolitsus-koorimise-ja-massaaziga\/#breadcrumb\",\"itemListElement\":[{\"@type\":\"ListItem\",\"position\":1,\"name\":\"Home\",\"item\":\"https:\/\/vana.vspa.ee\/lv\/\"},{\"@type\":\"ListItem\",\"position\":2,\"name\":\"Ritu\u0101li\",\"item\":\"https:\/\/vana.vspa.ee\/hoolitsused\/\"},{\"@type\":\"ListItem\",\"position\":3,\"name\":\"Relaks\u0113jo\u0161a \u0137erme\u0146a kop\u0161anas proced\u016bra ar p\u012blingu un mas\u0101\u017eu\"}]},{\"@type\":\"WebSite\",\"@id\":\"https:\/\/vana.vspa.ee\/#website\",\"url\":\"https:\/\/vana.vspa.ee\/\",\"name\":\"V Spa\",\"description\":\"V\u00f5ta veest viimast!\",\"potentialAction\":[{\"@type\":\"SearchAction\",\"target\":{\"@type\":\"EntryPoint\",\"urlTemplate\":\"https:\/\/vana.vspa.ee\/?s={search_term_string}\"},\"query-input\":{\"@type\":\"PropertyValueSpecification\",\"valueRequired\":true,\"valueName\":\"search_term_string\"}}],\"inLanguage\":\"lv-LV\"}]}<\/script>\n<!-- \/ Yoast SEO plugin. -->","yoast_head_json":{"title":"Relaks\u0113jo\u0161a \u0137erme\u0146a kop\u0161anas proced\u016bra ar p\u012blingu un mas\u0101\u017eu - V Spa","robots":{"index":"noindex","follow":"follow","max-snippet":"max-snippet:-1","max-image-preview":"max-image-preview:large","max-video-preview":"max-video-preview:-1"},"og_locale":"lv_LV","og_type":"article","og_title":"Relaks\u0113jo\u0161a \u0137erme\u0146a kop\u0161anas proced\u016bra ar p\u012blingu un mas\u0101\u017eu - V Spa","og_description":"\u0160\u012bz dzi\u013ci relaks\u0113jo\u0161\u0101s \u0137erme\u0146a proced\u016bras laik\u0101 sa\u0146emsiet p\u012blingu, kas sagatavo \u0101du un \u0137ermeni perfektai relaks\u0113jo\u0161ai mas\u0101\u017eai ar arom\u0101tisko e\u013c\u013cu mais\u012bjumu....","og_url":"https:\/\/vana.vspa.ee\/hoolitsused\/loogastav-kehahoolitsus-koorimise-ja-massaaziga\/","og_site_name":"V Spa","article_modified_time":"2024-11-28T13:07:07+00:00","twitter_card":"summary_large_image","twitter_misc":{"Est. reading time":"1 min\u016b\u0161u"},"schema":{"@context":"https:\/\/schema.org","@graph":[{"@type":"WebPage","@id":"https:\/\/vana.vspa.ee\/hoolitsused\/loogastav-kehahoolitsus-koorimise-ja-massaaziga\/","url":"https:\/\/vana.vspa.ee\/hoolitsused\/loogastav-kehahoolitsus-koorimise-ja-massaaziga\/","name":"Relaks\u0113jo\u0161a \u0137erme\u0146a kop\u0161anas proced\u016bra ar p\u012blingu un mas\u0101\u017eu - V Spa","isPartOf":{"@id":"https:\/\/vana.vspa.ee\/#website"},"datePublished":"2022-02-04T18:44:18+00:00","dateModified":"2024-11-28T13:07:07+00:00","breadcrumb":{"@id":"https:\/\/vana.vspa.ee\/hoolitsused\/loogastav-kehahoolitsus-koorimise-ja-massaaziga\/#breadcrumb"},"inLanguage":"lv-LV","potentialAction":[{"@type":"ReadAction","target":["https:\/\/vana.vspa.ee\/hoolitsused\/loogastav-kehahoolitsus-koorimise-ja-massaaziga\/"]}]},{"@type":"BreadcrumbList","@id":"https:\/\/vana.vspa.ee\/hoolitsused\/loogastav-kehahoolitsus-koorimise-ja-massaaziga\/#breadcrumb","itemListElement":[{"@type":"ListItem","position":1,"name":"Home","item":"https:\/\/vana.vspa.ee\/lv\/"},{"@type":"ListItem","position":2,"name":"Ritu\u0101li","item":"https:\/\/vana.vspa.ee\/hoolitsused\/"},{"@type":"ListItem","position":3,"name":"Relaks\u0113jo\u0161a \u0137erme\u0146a kop\u0161anas proced\u016bra ar p\u012blingu un mas\u0101\u017eu"}]},{"@type":"WebSite","@id":"https:\/\/vana.vspa.ee\/#website","url":"https:\/\/vana.vspa.ee\/","name":"V Spa","description":"V\u00f5ta veest viimast!","potentialAction":[{"@type":"SearchAction","target":{"@type":"EntryPoint","urlTemplate":"https:\/\/vana.vspa.ee\/?s={search_term_string}"},"query-input":{"@type":"PropertyValueSpecification","valueRequired":true,"valueName":"search_term_string"}}],"inLanguage":"lv-LV"}]}},"_links":{"self":[{"href":"https:\/\/vana.vspa.ee\/lv\/wp-json\/wp\/v2\/pages\/44216","targetHints":{"allow":["GET"]}}],"collection":[{"href":"https:\/\/vana.vspa.ee\/lv\/wp-json\/wp\/v2\/pages"}],"about":[{"href":"https:\/\/vana.vspa.ee\/lv\/wp-json\/wp\/v2\/types\/page"}],"author":[{"embeddable":true,"href":"https:\/\/vana.vspa.ee\/lv\/wp-json\/wp\/v2\/users\/1"}],"replies":[{"embeddable":true,"href":"https:\/\/vana.vspa.ee\/lv\/wp-json\/wp\/v2\/comments?post=44216"}],"version-history":[{"count":4,"href":"https:\/\/vana.vspa.ee\/lv\/wp-json\/wp\/v2\/pages\/44216\/revisions"}],"predecessor-version":[{"id":47174,"href":"https:\/\/vana.vspa.ee\/lv\/wp-json\/wp\/v2\/pages\/44216\/revisions\/47174"}],"up":[{"embeddable":true,"href":"https:\/\/vana.vspa.ee\/lv\/wp-json\/wp\/v2\/pages\/1094"}],"wp:attachment":[{"href":"https:\/\/vana.vspa.ee\/lv\/wp-json\/wp\/v2\/media?parent=44216"}],"curies":[{"name":"wp","href":"https:\/\/api.w.org\/{rel}","templated":true}]}}