{"id":44324,"date":"2021-05-17T11:52:23","date_gmt":"2021-05-17T08:52:23","guid":{"rendered":"https:\/\/vspa.ee\/rituali\/saraandev-happehoolitsus-biolight\/"},"modified":"2024-03-01T15:33:47","modified_gmt":"2024-03-01T13:33:47","slug":"saraandev-happehoolitsus-biolight","status":"publish","type":"page","link":"https:\/\/vana.vspa.ee\/lv\/rituali\/saraandev-happehoolitsus-biolight\/","title":{"rendered":"Mirdzumu atjaunojo\u0161a sejas proced\u016bra ar sk\u0101bi (biolight)"},"content":{"rendered":"<p>Biolight mirdzumu pie\u0161\u0137iro\u0161a sejas kop\u0161anas proced\u016bra ar sk\u0101bi un LED gaismas terapiju<\/p>\n<p>\u0160\u012b proced\u016bra pie\u0161\u0137ir \u0101dai mirdzumu, izl\u012bdzina \u0101das strukt\u016bru un stimul\u0113 kolag\u0113na ra\u017eo\u0161anu k\u0101 ar\u012b nodro\u0161ina dzi\u013cu mitrin\u0101\u0161anu.<\/p>\n<p>Proced\u016bras gait\u0101 seju att\u012bra, tiek veikts maigs, bet efekt\u012bvs sk\u0101bju p\u012blings (PH 3,5), sejas mas\u0101\u017ea ar mirdzumu pie\u0161\u0137iro\u0161u serumu. Tam seko \u0101das toni izl\u012bdzino\u0161a auduma maska un LED gaismas terapija. Papildus tiek veikta kakla un dekolt\u0113 zonas mas\u0101\u017ea un uzkl\u0101ts mirdzumu pie\u0161\u0137iro\u0161s aizsargkr\u0113ms. Proced\u016bru var veikt visu gadu, vasar\u0101 ieteicams p\u0113c proced\u016bras lietot Repechage Face Shield vai saules aizsargkr\u0113mu p\u0113c izv\u0113les (SPF 30\/50)<\/p>\n<p>Proced\u016br\u0101 tiek izmantoti Repechage z\u012bmola produkti<\/p>\n<p><img decoding=\"async\" src=\"https:\/\/www.eugesta.ee\/assets\/Uploads\/News\/606\/_resampled\/SetRatioSize350240-AS-ilulemmik.pdf.png\" alt=\"Uudised \u00bb Eugesta Eesti O\u00dc: edasim\u00fc\u00fck, distributsioon, tootepaigutus, turundus\" \/><\/p>\n","protected":false},"excerpt":{"rendered":"<p>Biolight mirdzumu pie\u0161\u0137iro\u0161a sejas kop\u0161anas proced\u016bra ar sk\u0101bi un LED gaismas terapiju \u0160\u012b proced\u016bra pie\u0161\u0137ir \u0101dai mirdzumu, izl\u012bdzina \u0101das strukt\u016bru&#8230;<\/p>\n","protected":false},"author":1,"featured_media":0,"parent":1094,"menu_order":0,"comment_status":"closed","ping_status":"closed","template":"page-templates\/tpl-offer1.php","meta":{"_acf_changed":false,"_monsterinsights_skip_tracking":false,"_monsterinsights_sitenote_active":false,"_monsterinsights_sitenote_note":"","_monsterinsights_sitenote_category":0,"footnotes":"","_links_to":"","_links_to_target":""},"class_list":["post-44324","page","type-page","status-publish","hentry"],"acf":[],"yoast_head":"<!-- This site is optimized with the Yoast SEO plugin v24.7 - https:\/\/yoast.com\/wordpress\/plugins\/seo\/ -->\n<title>Mirdzumu atjaunojo\u0161a sejas proced\u016bra ar sk\u0101bi (biolight) - V Spa<\/title>\n<meta name=\"robots\" content=\"noindex, follow, max-snippet:-1, max-image-preview:large, max-video-preview:-1\" \/>\n<meta property=\"og:locale\" content=\"lv_LV\" \/>\n<meta property=\"og:type\" content=\"article\" \/>\n<meta property=\"og:title\" content=\"Mirdzumu atjaunojo\u0161a sejas proced\u016bra ar sk\u0101bi (biolight) - V Spa\" \/>\n<meta property=\"og:description\" content=\"Biolight mirdzumu pie\u0161\u0137iro\u0161a sejas kop\u0161anas proced\u016bra ar sk\u0101bi un LED gaismas terapiju \u0160\u012b proced\u016bra pie\u0161\u0137ir \u0101dai mirdzumu, izl\u012bdzina \u0101das strukt\u016bru...\" \/>\n<meta property=\"og:url\" content=\"https:\/\/vana.vspa.ee\/hoolitsused\/saraandev-happehoolitsus-biolight\/\" \/>\n<meta property=\"og:site_name\" content=\"V Spa\" \/>\n<meta property=\"article:modified_time\" content=\"2024-03-01T13:33:47+00:00\" \/>\n<meta property=\"og:image\" content=\"https:\/\/www.eugesta.ee\/assets\/Uploads\/News\/606\/_resampled\/SetRatioSize350240-AS-ilulemmik.pdf.png\" \/>\n<meta name=\"twitter:card\" content=\"summary_large_image\" \/>\n<meta name=\"twitter:label1\" content=\"Est. reading time\" \/>\n\t<meta name=\"twitter:data1\" content=\"1 min\u016b\u0161u\" \/>\n<script type=\"application\/ld+json\" class=\"yoast-schema-graph\">{\"@context\":\"https:\/\/schema.org\",\"@graph\":[{\"@type\":\"WebPage\",\"@id\":\"https:\/\/vana.vspa.ee\/hoolitsused\/saraandev-happehoolitsus-biolight\/\",\"url\":\"https:\/\/vana.vspa.ee\/hoolitsused\/saraandev-happehoolitsus-biolight\/\",\"name\":\"Mirdzumu atjaunojo\u0161a sejas proced\u016bra ar sk\u0101bi (biolight) - V Spa\",\"isPartOf\":{\"@id\":\"https:\/\/vana.vspa.ee\/#website\"},\"primaryImageOfPage\":{\"@id\":\"https:\/\/vana.vspa.ee\/hoolitsused\/saraandev-happehoolitsus-biolight\/#primaryimage\"},\"image\":{\"@id\":\"https:\/\/vana.vspa.ee\/hoolitsused\/saraandev-happehoolitsus-biolight\/#primaryimage\"},\"thumbnailUrl\":\"https:\/\/www.eugesta.ee\/assets\/Uploads\/News\/606\/_resampled\/SetRatioSize350240-AS-ilulemmik.pdf.png\",\"datePublished\":\"2021-05-17T08:52:23+00:00\",\"dateModified\":\"2024-03-01T13:33:47+00:00\",\"breadcrumb\":{\"@id\":\"https:\/\/vana.vspa.ee\/hoolitsused\/saraandev-happehoolitsus-biolight\/#breadcrumb\"},\"inLanguage\":\"lv-LV\",\"potentialAction\":[{\"@type\":\"ReadAction\",\"target\":[\"https:\/\/vana.vspa.ee\/hoolitsused\/saraandev-happehoolitsus-biolight\/\"]}]},{\"@type\":\"ImageObject\",\"inLanguage\":\"lv-LV\",\"@id\":\"https:\/\/vana.vspa.ee\/hoolitsused\/saraandev-happehoolitsus-biolight\/#primaryimage\",\"url\":\"https:\/\/www.eugesta.ee\/assets\/Uploads\/News\/606\/_resampled\/SetRatioSize350240-AS-ilulemmik.pdf.png\",\"contentUrl\":\"https:\/\/www.eugesta.ee\/assets\/Uploads\/News\/606\/_resampled\/SetRatioSize350240-AS-ilulemmik.pdf.png\"},{\"@type\":\"BreadcrumbList\",\"@id\":\"https:\/\/vana.vspa.ee\/hoolitsused\/saraandev-happehoolitsus-biolight\/#breadcrumb\",\"itemListElement\":[{\"@type\":\"ListItem\",\"position\":1,\"name\":\"Home\",\"item\":\"https:\/\/vana.vspa.ee\/lv\/\"},{\"@type\":\"ListItem\",\"position\":2,\"name\":\"Ritu\u0101li\",\"item\":\"https:\/\/vana.vspa.ee\/hoolitsused\/\"},{\"@type\":\"ListItem\",\"position\":3,\"name\":\"Mirdzumu atjaunojo\u0161a sejas proced\u016bra ar sk\u0101bi (biolight)\"}]},{\"@type\":\"WebSite\",\"@id\":\"https:\/\/vana.vspa.ee\/#website\",\"url\":\"https:\/\/vana.vspa.ee\/\",\"name\":\"V Spa\",\"description\":\"V\u00f5ta veest viimast!\",\"potentialAction\":[{\"@type\":\"SearchAction\",\"target\":{\"@type\":\"EntryPoint\",\"urlTemplate\":\"https:\/\/vana.vspa.ee\/?s={search_term_string}\"},\"query-input\":{\"@type\":\"PropertyValueSpecification\",\"valueRequired\":true,\"valueName\":\"search_term_string\"}}],\"inLanguage\":\"lv-LV\"}]}<\/script>\n<!-- \/ Yoast SEO plugin. -->","yoast_head_json":{"title":"Mirdzumu atjaunojo\u0161a sejas proced\u016bra ar sk\u0101bi (biolight) - V Spa","robots":{"index":"noindex","follow":"follow","max-snippet":"max-snippet:-1","max-image-preview":"max-image-preview:large","max-video-preview":"max-video-preview:-1"},"og_locale":"lv_LV","og_type":"article","og_title":"Mirdzumu atjaunojo\u0161a sejas proced\u016bra ar sk\u0101bi (biolight) - V Spa","og_description":"Biolight mirdzumu pie\u0161\u0137iro\u0161a sejas kop\u0161anas proced\u016bra ar sk\u0101bi un LED gaismas terapiju \u0160\u012b proced\u016bra pie\u0161\u0137ir \u0101dai mirdzumu, izl\u012bdzina \u0101das strukt\u016bru...","og_url":"https:\/\/vana.vspa.ee\/hoolitsused\/saraandev-happehoolitsus-biolight\/","og_site_name":"V Spa","article_modified_time":"2024-03-01T13:33:47+00:00","og_image":[{"url":"https:\/\/www.eugesta.ee\/assets\/Uploads\/News\/606\/_resampled\/SetRatioSize350240-AS-ilulemmik.pdf.png","type":"","width":"","height":""}],"twitter_card":"summary_large_image","twitter_misc":{"Est. reading time":"1 min\u016b\u0161u"},"schema":{"@context":"https:\/\/schema.org","@graph":[{"@type":"WebPage","@id":"https:\/\/vana.vspa.ee\/hoolitsused\/saraandev-happehoolitsus-biolight\/","url":"https:\/\/vana.vspa.ee\/hoolitsused\/saraandev-happehoolitsus-biolight\/","name":"Mirdzumu atjaunojo\u0161a sejas proced\u016bra ar sk\u0101bi (biolight) - V Spa","isPartOf":{"@id":"https:\/\/vana.vspa.ee\/#website"},"primaryImageOfPage":{"@id":"https:\/\/vana.vspa.ee\/hoolitsused\/saraandev-happehoolitsus-biolight\/#primaryimage"},"image":{"@id":"https:\/\/vana.vspa.ee\/hoolitsused\/saraandev-happehoolitsus-biolight\/#primaryimage"},"thumbnailUrl":"https:\/\/www.eugesta.ee\/assets\/Uploads\/News\/606\/_resampled\/SetRatioSize350240-AS-ilulemmik.pdf.png","datePublished":"2021-05-17T08:52:23+00:00","dateModified":"2024-03-01T13:33:47+00:00","breadcrumb":{"@id":"https:\/\/vana.vspa.ee\/hoolitsused\/saraandev-happehoolitsus-biolight\/#breadcrumb"},"inLanguage":"lv-LV","potentialAction":[{"@type":"ReadAction","target":["https:\/\/vana.vspa.ee\/hoolitsused\/saraandev-happehoolitsus-biolight\/"]}]},{"@type":"ImageObject","inLanguage":"lv-LV","@id":"https:\/\/vana.vspa.ee\/hoolitsused\/saraandev-happehoolitsus-biolight\/#primaryimage","url":"https:\/\/www.eugesta.ee\/assets\/Uploads\/News\/606\/_resampled\/SetRatioSize350240-AS-ilulemmik.pdf.png","contentUrl":"https:\/\/www.eugesta.ee\/assets\/Uploads\/News\/606\/_resampled\/SetRatioSize350240-AS-ilulemmik.pdf.png"},{"@type":"BreadcrumbList","@id":"https:\/\/vana.vspa.ee\/hoolitsused\/saraandev-happehoolitsus-biolight\/#breadcrumb","itemListElement":[{"@type":"ListItem","position":1,"name":"Home","item":"https:\/\/vana.vspa.ee\/lv\/"},{"@type":"ListItem","position":2,"name":"Ritu\u0101li","item":"https:\/\/vana.vspa.ee\/hoolitsused\/"},{"@type":"ListItem","position":3,"name":"Mirdzumu atjaunojo\u0161a sejas proced\u016bra ar sk\u0101bi (biolight)"}]},{"@type":"WebSite","@id":"https:\/\/vana.vspa.ee\/#website","url":"https:\/\/vana.vspa.ee\/","name":"V Spa","description":"V\u00f5ta veest viimast!","potentialAction":[{"@type":"SearchAction","target":{"@type":"EntryPoint","urlTemplate":"https:\/\/vana.vspa.ee\/?s={search_term_string}"},"query-input":{"@type":"PropertyValueSpecification","valueRequired":true,"valueName":"search_term_string"}}],"inLanguage":"lv-LV"}]}},"_links":{"self":[{"href":"https:\/\/vana.vspa.ee\/lv\/wp-json\/wp\/v2\/pages\/44324","targetHints":{"allow":["GET"]}}],"collection":[{"href":"https:\/\/vana.vspa.ee\/lv\/wp-json\/wp\/v2\/pages"}],"about":[{"href":"https:\/\/vana.vspa.ee\/lv\/wp-json\/wp\/v2\/types\/page"}],"author":[{"embeddable":true,"href":"https:\/\/vana.vspa.ee\/lv\/wp-json\/wp\/v2\/users\/1"}],"replies":[{"embeddable":true,"href":"https:\/\/vana.vspa.ee\/lv\/wp-json\/wp\/v2\/comments?post=44324"}],"version-history":[{"count":1,"href":"https:\/\/vana.vspa.ee\/lv\/wp-json\/wp\/v2\/pages\/44324\/revisions"}],"predecessor-version":[{"id":44325,"href":"https:\/\/vana.vspa.ee\/lv\/wp-json\/wp\/v2\/pages\/44324\/revisions\/44325"}],"up":[{"embeddable":true,"href":"https:\/\/vana.vspa.ee\/lv\/wp-json\/wp\/v2\/pages\/1094"}],"wp:attachment":[{"href":"https:\/\/vana.vspa.ee\/lv\/wp-json\/wp\/v2\/media?parent=44324"}],"curies":[{"name":"wp","href":"https:\/\/api.w.org\/{rel}","templated":true}]}}