{"id":46432,"date":"2024-07-31T12:10:39","date_gmt":"2024-07-31T09:10:39","guid":{"rendered":"https:\/\/vspa.ee\/rituali\/lifting-massaaz-naole\/"},"modified":"2024-11-11T16:30:02","modified_gmt":"2024-11-11T14:30:02","slug":"lifting-massaaz-naole","status":"publish","type":"page","link":"https:\/\/vana.vspa.ee\/lv\/rituali\/lifting-massaaz-naole\/","title":{"rendered":"Liftinga mas\u0101\u017ea sejai"},"content":{"rendered":"<p>Mas\u0101\u017ea ar liftinga efektu uzlabo \u0101das st\u0101vokli un pal\u012bdz saglab\u0101t jaunekl\u012bgu izskatu. Sejas mas\u0101\u017ea ar liftinga efektu ir dro\u0161a un efekt\u012bva kosm\u0113tisk\u0101 proced\u016bra un lieliski aizkav\u0113 \u0101das noveco\u0161anas paz\u012bmes.<\/p>\n<p>Mas\u0101\u017eas pirmaj\u0101 da\u013c\u0101 tiek stimul\u0113ti t\u016bsku mazino\u0161i punkti, nervu un iek\u0161\u0113jo org\u0101nu reflekspunkti. Turpin\u0101jum\u0101 ar dzi\u013c\u0101m gl\u0101sto\u0161\u0101m kust\u012bb\u0101m tiek veicin\u0101ta starp\u0161\u016bnu \u0161\u0137idruma aizpl\u016b\u0161ana, t\u0101d\u0113j\u0101di uzlabojot \u0101das st\u0101vokli un mazinot musku\u013cu sasprindzin\u0101jumu.<\/p>\n<p>Nosl\u0113gum\u0101 tiek pielietotas \u012bpa\u0161as, \u0101du pace\u013co\u0161as un musku\u013cus stimul\u0113jo\u0161as mas\u0101\u017eas tehnikas.<\/p>\n<p>Mas\u0101\u017eas s\u0101kum\u0101 sejas \u0101da tiek att\u012br\u012bta un nosl\u0113gum\u0101 \u0101dai tiek uzkl\u0101ts dienas kr\u0113ms.<\/p>\n","protected":false},"excerpt":{"rendered":"<p>Mas\u0101\u017ea ar liftinga efektu uzlabo \u0101das st\u0101vokli un pal\u012bdz saglab\u0101t jaunekl\u012bgu izskatu. Sejas mas\u0101\u017ea ar liftinga efektu ir dro\u0161a un&#8230;<\/p>\n","protected":false},"author":1,"featured_media":0,"parent":1094,"menu_order":0,"comment_status":"closed","ping_status":"closed","template":"page-templates\/tpl-offer1.php","meta":{"_acf_changed":false,"_monsterinsights_skip_tracking":false,"_monsterinsights_sitenote_active":false,"_monsterinsights_sitenote_note":"","_monsterinsights_sitenote_category":0,"footnotes":"","_links_to":"","_links_to_target":""},"class_list":["post-46432","page","type-page","status-publish","hentry"],"acf":[],"yoast_head":"<!-- This site is optimized with the Yoast SEO plugin v24.7 - https:\/\/yoast.com\/wordpress\/plugins\/seo\/ -->\n<title>Liftinga mas\u0101\u017ea sejai - V Spa<\/title>\n<meta name=\"robots\" content=\"noindex, follow, max-snippet:-1, max-image-preview:large, max-video-preview:-1\" \/>\n<meta property=\"og:locale\" content=\"lv_LV\" \/>\n<meta property=\"og:type\" content=\"article\" \/>\n<meta property=\"og:title\" content=\"Liftinga mas\u0101\u017ea sejai - V Spa\" \/>\n<meta property=\"og:description\" content=\"Mas\u0101\u017ea ar liftinga efektu uzlabo \u0101das st\u0101vokli un pal\u012bdz saglab\u0101t jaunekl\u012bgu izskatu. Sejas mas\u0101\u017ea ar liftinga efektu ir dro\u0161a un...\" \/>\n<meta property=\"og:url\" content=\"https:\/\/vana.vspa.ee\/hoolitsused\/lifting-massaaz-naole\/\" \/>\n<meta property=\"og:site_name\" content=\"V Spa\" \/>\n<meta property=\"article:modified_time\" content=\"2024-11-11T14:30:02+00:00\" \/>\n<meta name=\"twitter:card\" content=\"summary_large_image\" \/>\n<meta name=\"twitter:label1\" content=\"Est. reading time\" \/>\n\t<meta name=\"twitter:data1\" content=\"1 min\u016b\u0161u\" \/>\n<script type=\"application\/ld+json\" class=\"yoast-schema-graph\">{\"@context\":\"https:\/\/schema.org\",\"@graph\":[{\"@type\":\"WebPage\",\"@id\":\"https:\/\/vana.vspa.ee\/hoolitsused\/lifting-massaaz-naole\/\",\"url\":\"https:\/\/vana.vspa.ee\/hoolitsused\/lifting-massaaz-naole\/\",\"name\":\"Liftinga mas\u0101\u017ea sejai - V Spa\",\"isPartOf\":{\"@id\":\"https:\/\/vana.vspa.ee\/#website\"},\"datePublished\":\"2024-07-31T09:10:39+00:00\",\"dateModified\":\"2024-11-11T14:30:02+00:00\",\"breadcrumb\":{\"@id\":\"https:\/\/vana.vspa.ee\/hoolitsused\/lifting-massaaz-naole\/#breadcrumb\"},\"inLanguage\":\"lv-LV\",\"potentialAction\":[{\"@type\":\"ReadAction\",\"target\":[\"https:\/\/vana.vspa.ee\/hoolitsused\/lifting-massaaz-naole\/\"]}]},{\"@type\":\"BreadcrumbList\",\"@id\":\"https:\/\/vana.vspa.ee\/hoolitsused\/lifting-massaaz-naole\/#breadcrumb\",\"itemListElement\":[{\"@type\":\"ListItem\",\"position\":1,\"name\":\"Home\",\"item\":\"https:\/\/vana.vspa.ee\/lv\/\"},{\"@type\":\"ListItem\",\"position\":2,\"name\":\"Ritu\u0101li\",\"item\":\"https:\/\/vana.vspa.ee\/hoolitsused\/\"},{\"@type\":\"ListItem\",\"position\":3,\"name\":\"Liftinga mas\u0101\u017ea sejai\"}]},{\"@type\":\"WebSite\",\"@id\":\"https:\/\/vana.vspa.ee\/#website\",\"url\":\"https:\/\/vana.vspa.ee\/\",\"name\":\"V Spa\",\"description\":\"V\u00f5ta veest viimast!\",\"potentialAction\":[{\"@type\":\"SearchAction\",\"target\":{\"@type\":\"EntryPoint\",\"urlTemplate\":\"https:\/\/vana.vspa.ee\/?s={search_term_string}\"},\"query-input\":{\"@type\":\"PropertyValueSpecification\",\"valueRequired\":true,\"valueName\":\"search_term_string\"}}],\"inLanguage\":\"lv-LV\"}]}<\/script>\n<!-- \/ Yoast SEO plugin. -->","yoast_head_json":{"title":"Liftinga mas\u0101\u017ea sejai - V Spa","robots":{"index":"noindex","follow":"follow","max-snippet":"max-snippet:-1","max-image-preview":"max-image-preview:large","max-video-preview":"max-video-preview:-1"},"og_locale":"lv_LV","og_type":"article","og_title":"Liftinga mas\u0101\u017ea sejai - V Spa","og_description":"Mas\u0101\u017ea ar liftinga efektu uzlabo \u0101das st\u0101vokli un pal\u012bdz saglab\u0101t jaunekl\u012bgu izskatu. Sejas mas\u0101\u017ea ar liftinga efektu ir dro\u0161a un...","og_url":"https:\/\/vana.vspa.ee\/hoolitsused\/lifting-massaaz-naole\/","og_site_name":"V Spa","article_modified_time":"2024-11-11T14:30:02+00:00","twitter_card":"summary_large_image","twitter_misc":{"Est. reading time":"1 min\u016b\u0161u"},"schema":{"@context":"https:\/\/schema.org","@graph":[{"@type":"WebPage","@id":"https:\/\/vana.vspa.ee\/hoolitsused\/lifting-massaaz-naole\/","url":"https:\/\/vana.vspa.ee\/hoolitsused\/lifting-massaaz-naole\/","name":"Liftinga mas\u0101\u017ea sejai - V Spa","isPartOf":{"@id":"https:\/\/vana.vspa.ee\/#website"},"datePublished":"2024-07-31T09:10:39+00:00","dateModified":"2024-11-11T14:30:02+00:00","breadcrumb":{"@id":"https:\/\/vana.vspa.ee\/hoolitsused\/lifting-massaaz-naole\/#breadcrumb"},"inLanguage":"lv-LV","potentialAction":[{"@type":"ReadAction","target":["https:\/\/vana.vspa.ee\/hoolitsused\/lifting-massaaz-naole\/"]}]},{"@type":"BreadcrumbList","@id":"https:\/\/vana.vspa.ee\/hoolitsused\/lifting-massaaz-naole\/#breadcrumb","itemListElement":[{"@type":"ListItem","position":1,"name":"Home","item":"https:\/\/vana.vspa.ee\/lv\/"},{"@type":"ListItem","position":2,"name":"Ritu\u0101li","item":"https:\/\/vana.vspa.ee\/hoolitsused\/"},{"@type":"ListItem","position":3,"name":"Liftinga mas\u0101\u017ea sejai"}]},{"@type":"WebSite","@id":"https:\/\/vana.vspa.ee\/#website","url":"https:\/\/vana.vspa.ee\/","name":"V Spa","description":"V\u00f5ta veest viimast!","potentialAction":[{"@type":"SearchAction","target":{"@type":"EntryPoint","urlTemplate":"https:\/\/vana.vspa.ee\/?s={search_term_string}"},"query-input":{"@type":"PropertyValueSpecification","valueRequired":true,"valueName":"search_term_string"}}],"inLanguage":"lv-LV"}]}},"_links":{"self":[{"href":"https:\/\/vana.vspa.ee\/lv\/wp-json\/wp\/v2\/pages\/46432","targetHints":{"allow":["GET"]}}],"collection":[{"href":"https:\/\/vana.vspa.ee\/lv\/wp-json\/wp\/v2\/pages"}],"about":[{"href":"https:\/\/vana.vspa.ee\/lv\/wp-json\/wp\/v2\/types\/page"}],"author":[{"embeddable":true,"href":"https:\/\/vana.vspa.ee\/lv\/wp-json\/wp\/v2\/users\/1"}],"replies":[{"embeddable":true,"href":"https:\/\/vana.vspa.ee\/lv\/wp-json\/wp\/v2\/comments?post=46432"}],"version-history":[{"count":3,"href":"https:\/\/vana.vspa.ee\/lv\/wp-json\/wp\/v2\/pages\/46432\/revisions"}],"predecessor-version":[{"id":46890,"href":"https:\/\/vana.vspa.ee\/lv\/wp-json\/wp\/v2\/pages\/46432\/revisions\/46890"}],"up":[{"embeddable":true,"href":"https:\/\/vana.vspa.ee\/lv\/wp-json\/wp\/v2\/pages\/1094"}],"wp:attachment":[{"href":"https:\/\/vana.vspa.ee\/lv\/wp-json\/wp\/v2\/media?parent=46432"}],"curies":[{"name":"wp","href":"https:\/\/api.w.org\/{rel}","templated":true}]}}